{"id":8159,"date":"2025-02-18T09:38:16","date_gmt":"2025-02-18T09:38:16","guid":{"rendered":"https:\/\/loving-ardinghelli.77-247-67-170.plesk.page\/?page_id=8159"},"modified":"2025-09-26T07:28:51","modified_gmt":"2025-09-26T07:28:51","slug":"cookie-och-sekretesspolicy","status":"publish","type":"page","link":"https:\/\/natureimpact.com\/sv\/cookie-och-sekretesspolicy\/","title":{"rendered":"Cookie- och sekretesspolicy"},"content":{"rendered":"<div>\n<h1>Cookiepolicy<\/h1>\n<p>Denna webbplats \u00e4gs av<\/p>\n<p><b>Nature Impact<\/b><br \/>Sdr. H\u00f8jrupvejen 130<br \/>5750 Ringe &#8211; Danmark<br \/>Telefon: +45 65 98 22 23<br \/>E-post: mail@natureimpact.com<\/p>\n<p><b>Vad \u00e4r cookies?<br \/><\/b>\u201c<span lang=\"sv-SE\">En cookie \u00e4r en liten textfil som m\u00f6jligg\u00f6r lagring av information eller \u00e5tkomst till redan lagrad information p\u00e5 anv\u00e4ndarens PC, smartphone, surfplatta eller liknande enhet i syfte att samla in data om anv\u00e4ndaren.\u201d<br \/>K\u00e4lla och mer information: <\/span><span style=\"color: #467886;\"><u><a href=\"https:\/\/erhvervsstyrelsen.dk\/cookieregler\" target=\"_new\"><span lang=\"sv-SE\">https:\/\/erhvervsstyrelsen.dk\/cookieregler<\/span><\/a><\/u><\/span><\/p>\n<p><span lang=\"sv-SE\">En cookie \u00e4r en passiv fil och kan inte sprida datorvirus eller andra skadliga program.<\/span><\/p>\n<p><span lang=\"sv-SE\"><b>S\u00e5 h\u00e4r raderar eller blockerar du cookies<br \/><\/b><\/span><span lang=\"sv-SE\">Se instruktioner h\u00e4r: <\/span><span style=\"color: #467886;\"><u><a href=\"https:\/\/minecookies.org\/cookiehandtering\/\" target=\"_new\"><span lang=\"sv-SE\">https:\/\/minecookies.org\/cookiehandtering\/<\/span><\/a><\/u><\/span><\/p>\n<p><span lang=\"sv-SE\"><b>Syftet med cookies p\u00e5 v\u00e5r webbplats<br \/><\/b><\/span><span lang=\"sv-SE\">P\u00e5 Nature Impact v\u00e4rnar vi om din integritet och vill informera dig om vad som h\u00e4nder med dina uppgifter.<\/span><\/p>\n<p><span lang=\"sv-SE\">Nature Impact anv\u00e4nder cookies f\u00f6r att registrera bes\u00f6kares beteende p\u00e5 webbplatsen, t.ex. hur m\u00e5nga sidor som bes\u00f6ks, hur l\u00e4nge olika sidor bes\u00f6ks och hur s\u00f6kfunktionen anv\u00e4nds. Syftet \u00e4r att f\u00f6rb\u00e4ttra anv\u00e4ndarv\u00e4nligheten, funktionaliteten och sammanst\u00e4lla statistik.<\/span><\/p>\n<p><span lang=\"sv-SE\">Vid registrering f\u00f6r nyhetsbrev och kontaktformul\u00e4r samlar vi in personuppgifter (se avsnittet \u2018Anv\u00e4ndning av personuppgifter\u2019).<\/span><\/p>\n<p><span lang=\"sv-SE\"><b>Google Analytics<br \/><\/b><\/span><span lang=\"sv-SE\">Webbplatsen anv\u00e4nder cookies fr\u00e5n Google Analytics f\u00f6r att m\u00e4ta trafiken. Du kan v\u00e4lja bort cookies fr\u00e5n Google Analytics h\u00e4r: <\/span><span style=\"color: #467886;\"><u><a href=\"https:\/\/tools.google.com\/dlpage\/gaoptout\" target=\"_new\"><span lang=\"sv-SE\">https:\/\/tools.google.com\/dlpage\/gaoptout<\/span><\/a><\/u><\/span><\/p>\n<p><span lang=\"sv-SE\"><b>Anv\u00e4ndning av personuppgifter<br \/><\/b><\/span><span lang=\"sv-SE\">Personuppgifter l\u00e4mnas inte ut till tredje part utan ditt uttryckliga samtycke.<\/span><\/p>\n<p><span lang=\"sv-SE\">Vi samlar endast in personuppgifter som du sj\u00e4lv tillhandah\u00e5ller vid registrering via v\u00e5ra kontaktformul\u00e4r, annonser eller anm\u00e4lan till nyhetsbrev.<\/span><\/p>\n<p><span lang=\"sv-SE\">Uppgifterna kan inkludera namn, adress, e-post och intressen, men endast om du aktivt l\u00e4mnar dem. Om du skickar en ans\u00f6kan via e-post kommer dina dokument att lagras internt och hanteras av personal som omfattas av sekretess. Alla dokument raderas efter sex m\u00e5nader.<\/span><\/p>\n<p><span lang=\"sv-SE\">Personuppgifter anv\u00e4nds f\u00f6r att genomf\u00f6ra den tj\u00e4nst som uppgifterna samlades in i samband med. De anv\u00e4nds ocks\u00e5 f\u00f6r analyser som f\u00f6rb\u00e4ttrar v\u00e5ra produkter, tj\u00e4nster och teknologier.<\/span><\/p>\n<p><span lang=\"sv-SE\"><b>Kontakt ang\u00e5ende personuppgifter<br \/><\/b><\/span><span lang=\"sv-SE\">Om du vill f\u00e5 insyn i vilka uppgifter vi har registrerat om dig hos Nature Impact, v\u00e4nligen kontakta oss p\u00e5 +45 65 98 22 23 eller mail@natureimpact.com.<\/span><\/p>\n<p><span lang=\"sv-SE\">Om felaktiga uppgifter har registrerats, eller om du har andra inv\u00e4ndningar, kan du kontakta oss p\u00e5 samma adress. Du har r\u00e4tt att f\u00e5 insyn i de uppgifter som registrerats om dig och att inv\u00e4nda mot en registrering i enlighet med Dataskyddslagen.<\/span><\/p>\n<p><span lang=\"sv-SE\"><b>Skydd av personuppgifter<br \/><\/b><\/span><span lang=\"sv-SE\">Enligt Dataskyddslagen ska dina personuppgifter lagras s\u00e4kert och konfidentiellt. Vi lagrar dina uppgifter p\u00e5 datorer med begr\u00e4nsad \u00e5tkomst, placerade i s\u00e4kra anl\u00e4ggningar. V\u00e5ra s\u00e4kerhets\u00e5tg\u00e4rder uppdateras kontinuerligt f\u00f6r att skydda dina uppgifter.<\/span><\/p>\n<p><span lang=\"sv-SE\">Vi kan dock inte garantera 100 % s\u00e4kerhet vid data\u00f6verf\u00f6ringar via internet, och det kan d\u00e4rf\u00f6r finnas en risk f\u00f6r obeh\u00f6rig \u00e5tkomst till information.<\/span><\/p>\n<p><span lang=\"sv-SE\">Om du avregistrerar dig fr\u00e5n nyhetsbrevet kommer dina uppgifter att raderas fr\u00e5n v\u00e5r e-postlista. Om du har kontaktat Nature Impact via ett kontaktformul\u00e4r skickas din f\u00f6rfr\u00e5gan till relevant avdelning, och du m\u00e5ste aktivt kontakta oss f\u00f6r att f\u00e5 dina uppgifter raderade.<\/span><\/p>\n<p><span lang=\"sv-SE\">Vi f\u00f6rbeh\u00e5ller oss r\u00e4tten att uppdatera denna policy vid behov. Vid v\u00e4sentliga \u00e4ndringar kommer vi att informera via ett synligt meddelande p\u00e5 webbplatsen.<\/span><\/p>\n<p><span lang=\"sv-SE\">Om du vill klaga p\u00e5 behandlingen av dina uppgifter kan du kontakta Datainspektionen:<br \/><\/span><span lang=\"sv-SE\"><b>Borgergade 28<br \/>5:e v\u00e5ningen<br \/>1300 K\u00f6penhamn K<br \/>Danmark<br \/><\/b><\/span><span lang=\"sv-SE\"><\/span><strong><span lang=\"sv-SE\">Telefon: +45 33193200<\/span><\/strong><\/p>\n<p><em><b>Senast uppdaterad: 18\/02-2025<\/b><\/em><\/p>\n<\/p>\n<\/div>\n<p><!--more--><br \/>\n<!-- {\"type\":\"layout\",\"children\":[{\"type\":\"section\",\"props\":{\"image_position\":\"center-center\",\"padding\":\"large\",\"style\":\"default\",\"title_breakpoint\":\"xl\",\"title_position\":\"top-left\",\"title_rotation\":\"left\",\"vertical_align\":\"middle\",\"width\":\"small\"},\"children\":[{\"type\":\"row\",\"children\":[{\"type\":\"column\",\"props\":{\"image_position\":\"center-center\",\"position_sticky_breakpoint\":\"m\"},\"children\":[{\"type\":\"text\",\"props\":{\"column_breakpoint\":\"m\",\"content\":\"\n\n<h1>Cookiepolicy<\\\/h1>\\n\n\n<p>Denna webbplats \\u00e4gs av<\\\/p>\\n\n\n<p><b>Nature Impact<\\\/b><br \\\/>Sdr. H\\u00f8jrupvejen 130<br \\\/>5750 Ringe - Danmark<br \\\/>Telefon: +45 65 98 22 23<br \\\/>E-post: mail@natureimpact.com<\\\/p>\\n\n\n<p><b>Vad \\u00e4r cookies?<br \\\/><\\\/b>\\u201c<span lang=\\\"sv-SE\\\">En cookie \\u00e4r en liten textfil som m\\u00f6jligg\\u00f6r lagring av information eller \\u00e5tkomst till redan lagrad information p\\u00e5 anv\\u00e4ndarens PC, smartphone, surfplatta eller liknande enhet i syfte att samla in data om anv\\u00e4ndaren.\\u201d<br \\\/>K\\u00e4lla och mer information: <\\\/span><span style=\\\"color: #467886;\\\"><u><a href=\\\"https:\\\/\\\/erhvervsstyrelsen.dk\\\/cookieregler\\\" target=\\\"_new\\\"><span lang=\\\"sv-SE\\\">https:\\\/\\\/erhvervsstyrelsen.dk\\\/cookieregler<\\\/span><\\\/a><\\\/u><\\\/span><\\\/p>\\n\n\n<p><span lang=\\\"sv-SE\\\">En cookie \\u00e4r en passiv fil och kan inte sprida datorvirus eller andra skadliga program.<\\\/span><\\\/p>\\n\n\n<p><span lang=\\\"sv-SE\\\"><b>S\\u00e5 h\\u00e4r raderar eller blockerar du cookies<br \\\/><\\\/b><\\\/span><span lang=\\\"sv-SE\\\">Se instruktioner h\\u00e4r: <\\\/span><span style=\\\"color: #467886;\\\"><u><a href=\\\"https:\\\/\\\/minecookies.org\\\/cookiehandtering\\\/\\\" target=\\\"_new\\\"><span lang=\\\"sv-SE\\\">https:\\\/\\\/minecookies.org\\\/cookiehandtering\\\/<\\\/span><\\\/a><\\\/u><\\\/span><\\\/p>\\n\n\n<p><span lang=\\\"sv-SE\\\"><b>Syftet med cookies p\\u00e5 v\\u00e5r webbplats<br \\\/><\\\/b><\\\/span><span lang=\\\"sv-SE\\\">P\\u00e5 Nature Impact v\\u00e4rnar vi om din integritet och vill informera dig om vad som h\\u00e4nder med dina uppgifter.<\\\/span><\\\/p>\\n\n\n<p><span lang=\\\"sv-SE\\\">Nature Impact anv\\u00e4nder cookies f\\u00f6r att registrera bes\\u00f6kares beteende p\\u00e5 webbplatsen, t.ex. hur m\\u00e5nga sidor som bes\\u00f6ks, hur l\\u00e4nge olika sidor bes\\u00f6ks och hur s\\u00f6kfunktionen anv\\u00e4nds. Syftet \\u00e4r att f\\u00f6rb\\u00e4ttra anv\\u00e4ndarv\\u00e4nligheten, funktionaliteten och sammanst\\u00e4lla statistik.<\\\/span><\\\/p>\\n\n\n<p><span lang=\\\"sv-SE\\\">Vid registrering f\\u00f6r nyhetsbrev och kontaktformul\\u00e4r samlar vi in personuppgifter (se avsnittet \\u2018Anv\\u00e4ndning av personuppgifter\\u2019).<\\\/span><\\\/p>\\n\n\n<p><span lang=\\\"sv-SE\\\"><b>Google Analytics<br \\\/><\\\/b><\\\/span><span lang=\\\"sv-SE\\\">Webbplatsen anv\\u00e4nder cookies fr\\u00e5n Google Analytics f\\u00f6r att m\\u00e4ta trafiken. Du kan v\\u00e4lja bort cookies fr\\u00e5n Google Analytics h\\u00e4r: <\\\/span><span style=\\\"color: #467886;\\\"><u><a href=\\\"https:\\\/\\\/tools.google.com\\\/dlpage\\\/gaoptout\\\" target=\\\"_new\\\"><span lang=\\\"sv-SE\\\">https:\\\/\\\/tools.google.com\\\/dlpage\\\/gaoptout<\\\/span><\\\/a><\\\/u><\\\/span><\\\/p>\\n\n\n<p><span lang=\\\"sv-SE\\\"><b>Anv\\u00e4ndning av personuppgifter<br \\\/><\\\/b><\\\/span><span lang=\\\"sv-SE\\\">Personuppgifter l\\u00e4mnas inte ut till tredje part utan ditt uttryckliga samtycke.<\\\/span><\\\/p>\\n\n\n<p><span lang=\\\"sv-SE\\\">Vi samlar endast in personuppgifter som du sj\\u00e4lv tillhandah\\u00e5ller vid registrering via v\\u00e5ra kontaktformul\\u00e4r, annonser eller anm\\u00e4lan till nyhetsbrev.<\\\/span><\\\/p>\\n\n\n<p><span lang=\\\"sv-SE\\\">Uppgifterna kan inkludera namn, adress, e-post och intressen, men endast om du aktivt l\\u00e4mnar dem. Om du skickar en ans\\u00f6kan via e-post kommer dina dokument att lagras internt och hanteras av personal som omfattas av sekretess. Alla dokument raderas efter sex m\\u00e5nader.<\\\/span><\\\/p>\\n\n\n<p><span lang=\\\"sv-SE\\\">Personuppgifter anv\\u00e4nds f\\u00f6r att genomf\\u00f6ra den tj\\u00e4nst som uppgifterna samlades in i samband med. De anv\\u00e4nds ocks\\u00e5 f\\u00f6r analyser som f\\u00f6rb\\u00e4ttrar v\\u00e5ra produkter, tj\\u00e4nster och teknologier.<\\\/span><\\\/p>\\n\n\n<p><span lang=\\\"sv-SE\\\"><b>Kontakt ang\\u00e5ende personuppgifter<br \\\/><\\\/b><\\\/span><span lang=\\\"sv-SE\\\">Om du vill f\\u00e5 insyn i vilka uppgifter vi har registrerat om dig hos Nature Impact, v\\u00e4nligen kontakta oss p\\u00e5 +45 65 98 22 23 eller mail@natureimpact.com.<\\\/span><\\\/p>\\n\n\n<p><span lang=\\\"sv-SE\\\">Om felaktiga uppgifter har registrerats, eller om du har andra inv\\u00e4ndningar, kan du kontakta oss p\\u00e5 samma adress. Du har r\\u00e4tt att f\\u00e5 insyn i de uppgifter som registrerats om dig och att inv\\u00e4nda mot en registrering i enlighet med Dataskyddslagen.<\\\/span><\\\/p>\\n\n\n<p><span lang=\\\"sv-SE\\\"><b>Skydd av personuppgifter<br \\\/><\\\/b><\\\/span><span lang=\\\"sv-SE\\\">Enligt Dataskyddslagen ska dina personuppgifter lagras s\\u00e4kert och konfidentiellt. Vi lagrar dina uppgifter p\\u00e5 datorer med begr\\u00e4nsad \\u00e5tkomst, placerade i s\\u00e4kra anl\\u00e4ggningar. V\\u00e5ra s\\u00e4kerhets\\u00e5tg\\u00e4rder uppdateras kontinuerligt f\\u00f6r att skydda dina uppgifter.<\\\/span><\\\/p>\\n\n\n<p><span lang=\\\"sv-SE\\\">Vi kan dock inte garantera 100 % s\\u00e4kerhet vid data\\u00f6verf\\u00f6ringar via internet, och det kan d\\u00e4rf\\u00f6r finnas en risk f\\u00f6r obeh\\u00f6rig \\u00e5tkomst till information.<\\\/span><\\\/p>\\n\n\n<p><span lang=\\\"sv-SE\\\">Om du avregistrerar dig fr\\u00e5n nyhetsbrevet kommer dina uppgifter att raderas fr\\u00e5n v\\u00e5r e-postlista. Om du har kontaktat Nature Impact via ett kontaktformul\\u00e4r skickas din f\\u00f6rfr\\u00e5gan till relevant avdelning, och du m\\u00e5ste aktivt kontakta oss f\\u00f6r att f\\u00e5 dina uppgifter raderade.<\\\/span><\\\/p>\\n\n\n<p><span lang=\\\"sv-SE\\\">Vi f\\u00f6rbeh\\u00e5ller oss r\\u00e4tten att uppdatera denna policy vid behov. Vid v\\u00e4sentliga \\u00e4ndringar kommer vi att informera via ett synligt meddelande p\\u00e5 webbplatsen.<\\\/span><\\\/p>\\n\n\n<p><span lang=\\\"sv-SE\\\">Om du vill klaga p\\u00e5 behandlingen av dina uppgifter kan du kontakta Datainspektionen:<br \\\/><\\\/span><span lang=\\\"sv-SE\\\"><b>Borgergade 28<br \\\/>5:e v\\u00e5ningen<br \\\/>1300 K\\u00f6penhamn K<br \\\/>Danmark<br \\\/><\\\/b><\\\/span><span lang=\\\"sv-SE\\\"><\\\/span><strong><span lang=\\\"sv-SE\\\">Telefon: +45 33193200<\\\/span><\\\/strong><\\\/p>\\n\n\n<p><em><b>Senast uppdaterad: 18\\\/02-2025<\\\/b><\\\/em><\\\/p>\\n\n\n<p><br \\\/><br \\\/><\\\/p>\",\"margin\":\"default\"}}]}]}]}],\"version\":\"4.5.5\"} --><\/p>\n","protected":false},"excerpt":{"rendered":"<p>Cookiepolicy Denna webbplats \u00e4gs av Nature ImpactSdr. H\u00f8jrupvejen 1305750 Ringe &#8211; DanmarkTelefon: +45 65 98 22 23E-post: mail@natureimpact.com Vad \u00e4r cookies?\u201cEn cookie \u00e4r en liten textfil som m\u00f6jligg\u00f6r lagring av information eller \u00e5tkomst till redan lagrad information p\u00e5 anv\u00e4ndarens PC, smartphone, surfplatta eller liknande enhet i syfte att samla in data om anv\u00e4ndaren.\u201dK\u00e4lla och mer [&hellip;]<\/p>\n","protected":false},"author":1,"featured_media":0,"parent":0,"menu_order":0,"comment_status":"closed","ping_status":"closed","template":"","meta":{"_acf_changed":false,"footnotes":""},"class_list":["post-8159","page","type-page","status-publish","hentry"],"acf":[],"yoast_head":"<!-- This site is optimized with the Yoast SEO plugin v26.6 - https:\/\/yoast.com\/wordpress\/plugins\/seo\/ -->\n<title>Sekretesspolicy &amp; Cookies - Nature Impacts Integritetspolicy<\/title>\n<meta name=\"description\" content=\"L\u00e4s Nature Impacts policy om cookies och hur vi hanterar dina personuppgifter. Vi v\u00e4rnar om din integritet och erbjuder transparens kring dataskydd.\" \/>\n<meta name=\"robots\" content=\"index, follow, max-snippet:-1, max-image-preview:large, max-video-preview:-1\" \/>\n<link rel=\"canonical\" href=\"https:\/\/natureimpact.com\/sv\/cookie-och-sekretesspolicy\/\" \/>\n<meta property=\"og:locale\" content=\"sv_SE\" \/>\n<meta property=\"og:type\" content=\"article\" \/>\n<meta property=\"og:title\" content=\"Sekretesspolicy &amp; Cookies - Nature Impacts Integritetspolicy\" \/>\n<meta property=\"og:description\" content=\"L\u00e4s Nature Impacts policy om cookies och hur vi hanterar dina personuppgifter. Vi v\u00e4rnar om din integritet och erbjuder transparens kring dataskydd.\" \/>\n<meta property=\"og:url\" content=\"https:\/\/natureimpact.com\/sv\/cookie-och-sekretesspolicy\/\" \/>\n<meta property=\"og:site_name\" content=\"Nature Impact\" \/>\n<meta property=\"article:modified_time\" content=\"2025-09-26T07:28:51+00:00\" \/>\n<meta property=\"og:image\" content=\"https:\/\/natureimpact.com\/wp-content\/uploads\/2023\/12\/NI_900px.png\" \/>\n\t<meta property=\"og:image:width\" content=\"929\" \/>\n\t<meta property=\"og:image:height\" content=\"841\" \/>\n\t<meta property=\"og:image:type\" content=\"image\/png\" \/>\n<meta name=\"twitter:card\" content=\"summary_large_image\" \/>\n<meta name=\"twitter:label1\" content=\"Ber\u00e4knad l\u00e4stid\" \/>\n\t<meta name=\"twitter:data1\" content=\"3 minuter\" \/>\n<script type=\"application\/ld+json\" class=\"yoast-schema-graph\">{\"@context\":\"https:\/\/schema.org\",\"@graph\":[{\"@type\":\"WebPage\",\"@id\":\"https:\/\/natureimpact.com\/sv\/cookie-och-sekretesspolicy\/\",\"url\":\"https:\/\/natureimpact.com\/sv\/cookie-och-sekretesspolicy\/\",\"name\":\"Sekretesspolicy & Cookies - Nature Impacts Integritetspolicy\",\"isPartOf\":{\"@id\":\"https:\/\/natureimpact.com\/sv\/#website\"},\"datePublished\":\"2025-02-18T09:38:16+00:00\",\"dateModified\":\"2025-09-26T07:28:51+00:00\",\"description\":\"L\u00e4s Nature Impacts policy om cookies och hur vi hanterar dina personuppgifter. Vi v\u00e4rnar om din integritet och erbjuder transparens kring dataskydd.\",\"breadcrumb\":{\"@id\":\"https:\/\/natureimpact.com\/sv\/cookie-och-sekretesspolicy\/#breadcrumb\"},\"inLanguage\":\"sv-SE\",\"potentialAction\":[{\"@type\":\"ReadAction\",\"target\":[\"https:\/\/natureimpact.com\/sv\/cookie-och-sekretesspolicy\/\"]}]},{\"@type\":\"BreadcrumbList\",\"@id\":\"https:\/\/natureimpact.com\/sv\/cookie-och-sekretesspolicy\/#breadcrumb\",\"itemListElement\":[{\"@type\":\"ListItem\",\"position\":1,\"name\":\"Hem\",\"item\":\"https:\/\/natureimpact.com\/sv\/\"},{\"@type\":\"ListItem\",\"position\":2,\"name\":\"Cookie- och sekretesspolicy\"}]},{\"@type\":\"WebSite\",\"@id\":\"https:\/\/natureimpact.com\/sv\/#website\",\"url\":\"https:\/\/natureimpact.com\/sv\/\",\"name\":\"Nature Impact\",\"description\":\"\",\"publisher\":{\"@id\":\"https:\/\/natureimpact.com\/sv\/#organization\"},\"potentialAction\":[{\"@type\":\"SearchAction\",\"target\":{\"@type\":\"EntryPoint\",\"urlTemplate\":\"https:\/\/natureimpact.com\/sv\/?s={search_term_string}\"},\"query-input\":{\"@type\":\"PropertyValueSpecification\",\"valueRequired\":true,\"valueName\":\"search_term_string\"}}],\"inLanguage\":\"sv-SE\"},{\"@type\":\"Organization\",\"@id\":\"https:\/\/natureimpact.com\/sv\/#organization\",\"name\":\"Nature Impact\",\"url\":\"https:\/\/natureimpact.com\/sv\/\",\"logo\":{\"@type\":\"ImageObject\",\"inLanguage\":\"sv-SE\",\"@id\":\"https:\/\/natureimpact.com\/sv\/#\/schema\/logo\/image\/\",\"url\":\"https:\/\/natureimpact.com\/wp-content\/uploads\/2025\/05\/NI_900px.png\",\"contentUrl\":\"https:\/\/natureimpact.com\/wp-content\/uploads\/2025\/05\/NI_900px.png\",\"width\":929,\"height\":841,\"caption\":\"Nature Impact\"},\"image\":{\"@id\":\"https:\/\/natureimpact.com\/sv\/#\/schema\/logo\/image\/\"}}]}<\/script>\n<!-- \/ Yoast SEO plugin. -->","yoast_head_json":{"title":"Sekretesspolicy & Cookies - Nature Impacts Integritetspolicy","description":"L\u00e4s Nature Impacts policy om cookies och hur vi hanterar dina personuppgifter. Vi v\u00e4rnar om din integritet och erbjuder transparens kring dataskydd.","robots":{"index":"index","follow":"follow","max-snippet":"max-snippet:-1","max-image-preview":"max-image-preview:large","max-video-preview":"max-video-preview:-1"},"canonical":"https:\/\/natureimpact.com\/sv\/cookie-och-sekretesspolicy\/","og_locale":"sv_SE","og_type":"article","og_title":"Sekretesspolicy & Cookies - Nature Impacts Integritetspolicy","og_description":"L\u00e4s Nature Impacts policy om cookies och hur vi hanterar dina personuppgifter. Vi v\u00e4rnar om din integritet och erbjuder transparens kring dataskydd.","og_url":"https:\/\/natureimpact.com\/sv\/cookie-och-sekretesspolicy\/","og_site_name":"Nature Impact","article_modified_time":"2025-09-26T07:28:51+00:00","og_image":[{"width":929,"height":841,"url":"https:\/\/natureimpact.com\/wp-content\/uploads\/2023\/12\/NI_900px.png","type":"image\/png"}],"twitter_card":"summary_large_image","twitter_misc":{"Ber\u00e4knad l\u00e4stid":"3 minuter"},"schema":{"@context":"https:\/\/schema.org","@graph":[{"@type":"WebPage","@id":"https:\/\/natureimpact.com\/sv\/cookie-och-sekretesspolicy\/","url":"https:\/\/natureimpact.com\/sv\/cookie-och-sekretesspolicy\/","name":"Sekretesspolicy & Cookies - Nature Impacts Integritetspolicy","isPartOf":{"@id":"https:\/\/natureimpact.com\/sv\/#website"},"datePublished":"2025-02-18T09:38:16+00:00","dateModified":"2025-09-26T07:28:51+00:00","description":"L\u00e4s Nature Impacts policy om cookies och hur vi hanterar dina personuppgifter. Vi v\u00e4rnar om din integritet och erbjuder transparens kring dataskydd.","breadcrumb":{"@id":"https:\/\/natureimpact.com\/sv\/cookie-och-sekretesspolicy\/#breadcrumb"},"inLanguage":"sv-SE","potentialAction":[{"@type":"ReadAction","target":["https:\/\/natureimpact.com\/sv\/cookie-och-sekretesspolicy\/"]}]},{"@type":"BreadcrumbList","@id":"https:\/\/natureimpact.com\/sv\/cookie-och-sekretesspolicy\/#breadcrumb","itemListElement":[{"@type":"ListItem","position":1,"name":"Hem","item":"https:\/\/natureimpact.com\/sv\/"},{"@type":"ListItem","position":2,"name":"Cookie- och sekretesspolicy"}]},{"@type":"WebSite","@id":"https:\/\/natureimpact.com\/sv\/#website","url":"https:\/\/natureimpact.com\/sv\/","name":"Nature Impact","description":"","publisher":{"@id":"https:\/\/natureimpact.com\/sv\/#organization"},"potentialAction":[{"@type":"SearchAction","target":{"@type":"EntryPoint","urlTemplate":"https:\/\/natureimpact.com\/sv\/?s={search_term_string}"},"query-input":{"@type":"PropertyValueSpecification","valueRequired":true,"valueName":"search_term_string"}}],"inLanguage":"sv-SE"},{"@type":"Organization","@id":"https:\/\/natureimpact.com\/sv\/#organization","name":"Nature Impact","url":"https:\/\/natureimpact.com\/sv\/","logo":{"@type":"ImageObject","inLanguage":"sv-SE","@id":"https:\/\/natureimpact.com\/sv\/#\/schema\/logo\/image\/","url":"https:\/\/natureimpact.com\/wp-content\/uploads\/2025\/05\/NI_900px.png","contentUrl":"https:\/\/natureimpact.com\/wp-content\/uploads\/2025\/05\/NI_900px.png","width":929,"height":841,"caption":"Nature Impact"},"image":{"@id":"https:\/\/natureimpact.com\/sv\/#\/schema\/logo\/image\/"}}]}},"_links":{"self":[{"href":"https:\/\/natureimpact.com\/sv\/wp-json\/wp\/v2\/pages\/8159","targetHints":{"allow":["GET"]}}],"collection":[{"href":"https:\/\/natureimpact.com\/sv\/wp-json\/wp\/v2\/pages"}],"about":[{"href":"https:\/\/natureimpact.com\/sv\/wp-json\/wp\/v2\/types\/page"}],"author":[{"embeddable":true,"href":"https:\/\/natureimpact.com\/sv\/wp-json\/wp\/v2\/users\/1"}],"replies":[{"embeddable":true,"href":"https:\/\/natureimpact.com\/sv\/wp-json\/wp\/v2\/comments?post=8159"}],"version-history":[{"count":3,"href":"https:\/\/natureimpact.com\/sv\/wp-json\/wp\/v2\/pages\/8159\/revisions"}],"predecessor-version":[{"id":8168,"href":"https:\/\/natureimpact.com\/sv\/wp-json\/wp\/v2\/pages\/8159\/revisions\/8168"}],"wp:attachment":[{"href":"https:\/\/natureimpact.com\/sv\/wp-json\/wp\/v2\/media?parent=8159"}],"curies":[{"name":"wp","href":"https:\/\/api.w.org\/{rel}","templated":true}]}}