{"id":6261,"date":"2024-10-29T08:53:53","date_gmt":"2024-10-29T08:53:53","guid":{"rendered":"https:\/\/loving-ardinghelli.77-247-67-170.plesk.page\/?page_id=6261"},"modified":"2025-09-26T07:27:06","modified_gmt":"2025-09-26T07:27:06","slug":"cases","status":"publish","type":"page","link":"https:\/\/natureimpact.com\/sv\/cases\/","title":{"rendered":"Cases"},"content":{"rendered":"<h1>Se alla v\u00e5ra cases<\/h1>\n<ul>\n<li>\n        <a href=\"https:\/\/natureimpact.com\/sv\/cases\/sedumtak\/\">Sedumtak cases<\/a>\n    <\/li>\n<li>\n        <a href=\"https:\/\/natureimpact.com\/sv\/cases\/vaxtvaggar\/\">V\u00e4xtv\u00e4ggar cases<\/a>\n    <\/li>\n<\/ul>\n<hr>\n<p><!--more--><br \/>\n<!-- {\"type\":\"layout\",\"children\":[{\"type\":\"section\",\"props\":{\"height\":\"viewport\",\"height_offset_top\":true,\"image\":\"wp-content\\\/uploads\\\/2024\\\/02\\\/Evergreen-roof2.jpg\",\"image_loading\":true,\"image_position\":\"center-center\",\"image_size\":\"cover\",\"image_width\":\"2560\",\"style\":\"default\",\"text_color\":\"light\",\"title_breakpoint\":\"xl\",\"title_position\":\"top-left\",\"title_rotation\":\"left\",\"vertical_align\":\"middle\",\"width\":\"default\"},\"children\":[{\"type\":\"row\",\"children\":[{\"type\":\"column\",\"props\":{\"image_position\":\"center-center\",\"position_sticky_breakpoint\":\"m\"},\"children\":[{\"type\":\"headline\",\"props\":{\"content\":\"Se alla v\\u00e5ra cases\",\"margin_remove_bottom\":true,\"text_align\":\"center\",\"title_element\":\"h1\",\"title_style\":\"heading-2xlarge\"}},{\"type\":\"button\",\"props\":{\"button_size\":\"large\",\"grid_column_gap\":\"small\",\"grid_row_gap\":\"small\",\"margin\":\"large\",\"text_align\":\"center\"},\"children\":[{\"type\":\"button_item\",\"props\":{\"button_style\":\"primary\",\"content\":\"Sedumtak cases\",\"icon_align\":\"left\",\"link\":\"sv\\\/cases\\\/sedumtak\\\/\"}},{\"type\":\"button_item\",\"props\":{\"button_style\":\"primary\",\"content\":\"V\\u00e4xtv\\u00e4ggar cases\",\"icon_align\":\"left\",\"link\":\"sv\\\/cases\\\/vaxtvaggar\\\/\"}}]}]}]}],\"name\":\"404\"},{\"type\":\"section\",\"props\":{\"image_position\":\"center-center\",\"padding\":\"xsmall\",\"style\":\"primary\",\"title_breakpoint\":\"xl\",\"title_position\":\"top-left\",\"title_rotation\":\"left\",\"vertical_align\":\"middle\",\"width\":\"default\"},\"children\":[{\"type\":\"row\",\"children\":[{\"type\":\"column\",\"props\":{\"image_position\":\"center-center\",\"position_sticky_breakpoint\":\"m\"},\"children\":[{\"type\":\"breadcrumbs\",\"props\":{\"show_current\":true,\"show_home\":true,\"text_align\":\"right\"}},{\"type\":\"divider\",\"props\":{\"divider_element\":\"hr\"}}]}]}],\"name\":\"Br\\u00f8dkrumme over footer\"}],\"version\":\"4.4.12\"} --><\/p>\n","protected":false},"excerpt":{"rendered":"<p>Se alla v\u00e5ra cases Sedumtak cases V\u00e4xtv\u00e4ggar cases<\/p>\n","protected":false},"author":1,"featured_media":0,"parent":0,"menu_order":0,"comment_status":"closed","ping_status":"closed","template":"","meta":{"_acf_changed":false,"footnotes":""},"class_list":["post-6261","page","type-page","status-publish","hentry"],"acf":[],"yoast_head":"<!-- This site is optimized with the Yoast SEO plugin v27.4 - https:\/\/yoast.com\/product\/yoast-seo-wordpress\/ -->\n<title>Referensprojekt - Sedumtak &amp; V\u00e4xtv\u00e4ggar fr\u00e5n Nature Impact<\/title>\n<meta name=\"description\" content=\"Se inspirerande referensprojekt med sedumtak och v\u00e4xtv\u00e4ggar fr\u00e5n Nature Impact. F\u00e5 id\u00e9er till ditt eget gr\u00f6na byggprojekt.\" \/>\n<meta name=\"robots\" content=\"index, follow, max-snippet:-1, max-image-preview:large, max-video-preview:-1\" \/>\n<link rel=\"canonical\" href=\"https:\/\/natureimpact.com\/sv\/cases\/\" \/>\n<meta property=\"og:locale\" content=\"sv_SE\" \/>\n<meta property=\"og:type\" content=\"article\" \/>\n<meta property=\"og:title\" content=\"Referensprojekt - Sedumtak &amp; V\u00e4xtv\u00e4ggar fr\u00e5n Nature Impact\" \/>\n<meta property=\"og:description\" content=\"Se inspirerande referensprojekt med sedumtak och v\u00e4xtv\u00e4ggar fr\u00e5n Nature Impact. F\u00e5 id\u00e9er till ditt eget gr\u00f6na byggprojekt.\" \/>\n<meta property=\"og:url\" content=\"https:\/\/natureimpact.com\/sv\/cases\/\" \/>\n<meta property=\"og:site_name\" content=\"Nature Impact\" \/>\n<meta property=\"article:modified_time\" content=\"2025-09-26T07:27:06+00:00\" \/>\n<meta property=\"og:image\" content=\"https:\/\/natureimpact.com\/wp-content\/uploads\/2023\/12\/NI_900px.png\" \/>\n\t<meta property=\"og:image:width\" content=\"929\" \/>\n\t<meta property=\"og:image:height\" content=\"841\" \/>\n\t<meta property=\"og:image:type\" content=\"image\/png\" \/>\n<meta name=\"twitter:card\" content=\"summary_large_image\" \/>\n<meta name=\"twitter:label1\" content=\"Ber\u00e4knad l\u00e4stid\" \/>\n\t<meta name=\"twitter:data1\" content=\"1 minut\" \/>\n<script type=\"application\/ld+json\" class=\"yoast-schema-graph\">{\"@context\":\"https:\\\/\\\/schema.org\",\"@graph\":[{\"@type\":\"WebPage\",\"@id\":\"https:\\\/\\\/natureimpact.com\\\/sv\\\/cases\\\/\",\"url\":\"https:\\\/\\\/natureimpact.com\\\/sv\\\/cases\\\/\",\"name\":\"Referensprojekt - Sedumtak & V\u00e4xtv\u00e4ggar fr\u00e5n Nature Impact\",\"isPartOf\":{\"@id\":\"https:\\\/\\\/natureimpact.com\\\/sv\\\/#website\"},\"datePublished\":\"2024-10-29T08:53:53+00:00\",\"dateModified\":\"2025-09-26T07:27:06+00:00\",\"description\":\"Se inspirerande referensprojekt med sedumtak och v\u00e4xtv\u00e4ggar fr\u00e5n Nature Impact. F\u00e5 id\u00e9er till ditt eget gr\u00f6na byggprojekt.\",\"breadcrumb\":{\"@id\":\"https:\\\/\\\/natureimpact.com\\\/sv\\\/cases\\\/#breadcrumb\"},\"inLanguage\":\"sv-SE\",\"potentialAction\":[{\"@type\":\"ReadAction\",\"target\":[\"https:\\\/\\\/natureimpact.com\\\/sv\\\/cases\\\/\"]}]},{\"@type\":\"BreadcrumbList\",\"@id\":\"https:\\\/\\\/natureimpact.com\\\/sv\\\/cases\\\/#breadcrumb\",\"itemListElement\":[{\"@type\":\"ListItem\",\"position\":1,\"name\":\"Hem\",\"item\":\"https:\\\/\\\/natureimpact.com\\\/sv\\\/\"},{\"@type\":\"ListItem\",\"position\":2,\"name\":\"Cases\"}]},{\"@type\":\"WebSite\",\"@id\":\"https:\\\/\\\/natureimpact.com\\\/sv\\\/#website\",\"url\":\"https:\\\/\\\/natureimpact.com\\\/sv\\\/\",\"name\":\"Nature Impact\",\"description\":\"\",\"publisher\":{\"@id\":\"https:\\\/\\\/natureimpact.com\\\/sv\\\/#organization\"},\"potentialAction\":[{\"@type\":\"SearchAction\",\"target\":{\"@type\":\"EntryPoint\",\"urlTemplate\":\"https:\\\/\\\/natureimpact.com\\\/sv\\\/?s={search_term_string}\"},\"query-input\":{\"@type\":\"PropertyValueSpecification\",\"valueRequired\":true,\"valueName\":\"search_term_string\"}}],\"inLanguage\":\"sv-SE\"},{\"@type\":\"Organization\",\"@id\":\"https:\\\/\\\/natureimpact.com\\\/sv\\\/#organization\",\"name\":\"Nature Impact\",\"url\":\"https:\\\/\\\/natureimpact.com\\\/sv\\\/\",\"logo\":{\"@type\":\"ImageObject\",\"inLanguage\":\"sv-SE\",\"@id\":\"https:\\\/\\\/natureimpact.com\\\/sv\\\/#\\\/schema\\\/logo\\\/image\\\/\",\"url\":\"https:\\\/\\\/natureimpact.com\\\/wp-content\\\/uploads\\\/2025\\\/05\\\/NI_900px.png\",\"contentUrl\":\"https:\\\/\\\/natureimpact.com\\\/wp-content\\\/uploads\\\/2025\\\/05\\\/NI_900px.png\",\"width\":929,\"height\":841,\"caption\":\"Nature Impact\"},\"image\":{\"@id\":\"https:\\\/\\\/natureimpact.com\\\/sv\\\/#\\\/schema\\\/logo\\\/image\\\/\"}}]}<\/script>\n<!-- \/ Yoast SEO plugin. -->","yoast_head_json":{"title":"Referensprojekt - Sedumtak & V\u00e4xtv\u00e4ggar fr\u00e5n Nature Impact","description":"Se inspirerande referensprojekt med sedumtak och v\u00e4xtv\u00e4ggar fr\u00e5n Nature Impact. F\u00e5 id\u00e9er till ditt eget gr\u00f6na byggprojekt.","robots":{"index":"index","follow":"follow","max-snippet":"max-snippet:-1","max-image-preview":"max-image-preview:large","max-video-preview":"max-video-preview:-1"},"canonical":"https:\/\/natureimpact.com\/sv\/cases\/","og_locale":"sv_SE","og_type":"article","og_title":"Referensprojekt - Sedumtak & V\u00e4xtv\u00e4ggar fr\u00e5n Nature Impact","og_description":"Se inspirerande referensprojekt med sedumtak och v\u00e4xtv\u00e4ggar fr\u00e5n Nature Impact. F\u00e5 id\u00e9er till ditt eget gr\u00f6na byggprojekt.","og_url":"https:\/\/natureimpact.com\/sv\/cases\/","og_site_name":"Nature Impact","article_modified_time":"2025-09-26T07:27:06+00:00","og_image":[{"width":929,"height":841,"url":"https:\/\/natureimpact.com\/wp-content\/uploads\/2023\/12\/NI_900px.png","type":"image\/png"}],"twitter_card":"summary_large_image","twitter_misc":{"Ber\u00e4knad l\u00e4stid":"1 minut"},"schema":{"@context":"https:\/\/schema.org","@graph":[{"@type":"WebPage","@id":"https:\/\/natureimpact.com\/sv\/cases\/","url":"https:\/\/natureimpact.com\/sv\/cases\/","name":"Referensprojekt - Sedumtak & V\u00e4xtv\u00e4ggar fr\u00e5n Nature Impact","isPartOf":{"@id":"https:\/\/natureimpact.com\/sv\/#website"},"datePublished":"2024-10-29T08:53:53+00:00","dateModified":"2025-09-26T07:27:06+00:00","description":"Se inspirerande referensprojekt med sedumtak och v\u00e4xtv\u00e4ggar fr\u00e5n Nature Impact. F\u00e5 id\u00e9er till ditt eget gr\u00f6na byggprojekt.","breadcrumb":{"@id":"https:\/\/natureimpact.com\/sv\/cases\/#breadcrumb"},"inLanguage":"sv-SE","potentialAction":[{"@type":"ReadAction","target":["https:\/\/natureimpact.com\/sv\/cases\/"]}]},{"@type":"BreadcrumbList","@id":"https:\/\/natureimpact.com\/sv\/cases\/#breadcrumb","itemListElement":[{"@type":"ListItem","position":1,"name":"Hem","item":"https:\/\/natureimpact.com\/sv\/"},{"@type":"ListItem","position":2,"name":"Cases"}]},{"@type":"WebSite","@id":"https:\/\/natureimpact.com\/sv\/#website","url":"https:\/\/natureimpact.com\/sv\/","name":"Nature Impact","description":"","publisher":{"@id":"https:\/\/natureimpact.com\/sv\/#organization"},"potentialAction":[{"@type":"SearchAction","target":{"@type":"EntryPoint","urlTemplate":"https:\/\/natureimpact.com\/sv\/?s={search_term_string}"},"query-input":{"@type":"PropertyValueSpecification","valueRequired":true,"valueName":"search_term_string"}}],"inLanguage":"sv-SE"},{"@type":"Organization","@id":"https:\/\/natureimpact.com\/sv\/#organization","name":"Nature Impact","url":"https:\/\/natureimpact.com\/sv\/","logo":{"@type":"ImageObject","inLanguage":"sv-SE","@id":"https:\/\/natureimpact.com\/sv\/#\/schema\/logo\/image\/","url":"https:\/\/natureimpact.com\/wp-content\/uploads\/2025\/05\/NI_900px.png","contentUrl":"https:\/\/natureimpact.com\/wp-content\/uploads\/2025\/05\/NI_900px.png","width":929,"height":841,"caption":"Nature Impact"},"image":{"@id":"https:\/\/natureimpact.com\/sv\/#\/schema\/logo\/image\/"}}]}},"_links":{"self":[{"href":"https:\/\/natureimpact.com\/sv\/wp-json\/wp\/v2\/pages\/6261","targetHints":{"allow":["GET"]}}],"collection":[{"href":"https:\/\/natureimpact.com\/sv\/wp-json\/wp\/v2\/pages"}],"about":[{"href":"https:\/\/natureimpact.com\/sv\/wp-json\/wp\/v2\/types\/page"}],"author":[{"embeddable":true,"href":"https:\/\/natureimpact.com\/sv\/wp-json\/wp\/v2\/users\/1"}],"replies":[{"embeddable":true,"href":"https:\/\/natureimpact.com\/sv\/wp-json\/wp\/v2\/comments?post=6261"}],"version-history":[{"count":4,"href":"https:\/\/natureimpact.com\/sv\/wp-json\/wp\/v2\/pages\/6261\/revisions"}],"predecessor-version":[{"id":7033,"href":"https:\/\/natureimpact.com\/sv\/wp-json\/wp\/v2\/pages\/6261\/revisions\/7033"}],"wp:attachment":[{"href":"https:\/\/natureimpact.com\/sv\/wp-json\/wp\/v2\/media?parent=6261"}],"curies":[{"name":"wp","href":"https:\/\/api.w.org\/{rel}","templated":true}]}}