{"id":4901,"date":"2024-02-07T06:44:53","date_gmt":"2024-02-07T06:44:53","guid":{"rendered":"https:\/\/loving-ardinghelli.77-247-67-170.plesk.page\/?page_id=4901"},"modified":"2025-09-26T07:36:14","modified_gmt":"2025-09-26T07:36:14","slug":"nature-roof","status":"publish","type":"page","link":"https:\/\/natureimpact.com\/sv\/sedumtak\/nature-roof\/","title":{"rendered":"Nature roof"},"content":{"rendered":"<h1>Nature roof<\/h1>\n<p><img decoding=\"async\" src=\"\/wp-content\/uploads\/ni-arrow-down.gif\" alt=\"\"><br \/>\n<img decoding=\"async\" src=\"\/wp-content\/uploads\/ikon-animeret.gif\" alt=\"\"><\/p>\n<ul>\n<li>\n        <a href=\"https:\/\/natureimpact.com\/sv\/om-nature-impact\/download-material\/\">G\u00e5 till downloads<\/a>\n    <\/li>\n<li>\n        <a href=\"https:\/\/natureimpact.com\/sv\/cases\/sedumtak\/\">Se sedumtak cases<\/a>\n    <\/li>\n<\/ul>\n<h3>I samspel med naturen<br \/>\n<\/h3>\n<div>\n<p>Nature Roof har en varierande yta, d\u00e4r f\u00e4rgerna samspelar och skiftar efter \u00e5rstid. P\u00e5 v\u00e5r plantskola sk\u00f6rdar vi fr\u00e5n v\u00e5ra egna moderplantor. Efter sk\u00f6rden blandas 15 olika sedumarter f\u00f6rsiktigt. Denna v\u00e4xtkomposition utg\u00f6r v\u00e5rt Nature Roof.<\/p>\n<p>Under de f\u00f6rsta \u00e5ren av ett naturtaks liv kommer du att se alla 15 sorter blomma. Efter ca 2 \u00e5r \u00e4r de 6\u20139 starkaste arterna kvar, och taket har nu anpassat sig till omgivningens levnadsf\u00f6rh\u00e5llanden.<\/p>\n<p><a href=\"https:\/\/natureimpact.com\/sv\/sedumtak\/\">Du kan l\u00e4sa mycket mer om v\u00e5ra sedumtak, installation och tillbeh\u00f6r via l\u00e4nken h\u00e4r<\/a>.<\/p>\n<\/div>\n<h3>Info om Nature Roof<\/h3>\n<div>\n<p><strong>Blomstring<\/strong><br \/>Best\u00e5r av utvalda sedumarter som blommar v\u00e4xelvis fr\u00e5n maj till september\n<\/p>\n<p><strong>Utseende<\/strong><br \/>Frodig och varierad yta som f\u00f6ljer \u00e5rstidernas v\u00e4xlingar\n<\/p>\n<p><strong>H\u00f6jd<\/strong><br \/>Finns i uppbyggnings h\u00f6jd 60 och 80 mm\n<\/p>\n<\/div>\n<ul>\n<li>\n<p>        <img decoding=\"async\" src=\"\/wp-content\/uploads\/2024\/02\/nature-roof2.jpg\" alt=\"\"><\/p>\n<\/li>\n<li>\n<p>        <img decoding=\"async\" src=\"\/wp-content\/uploads\/2024\/02\/nature-roof4.jpg\" alt=\"\"><\/p>\n<\/li>\n<li>\n<p>        <img decoding=\"async\" src=\"\/wp-content\/uploads\/2024\/02\/nature-roof3.jpg\" alt=\"\"><\/p>\n<\/li>\n<\/ul>\n<div>\n<p>        <img decoding=\"async\" src=\"\/wp-content\/uploads\/Download-ikoner_Datablad.svg\" alt=\"\"><\/p>\n<div>Datablad<\/div>\n<p><a href=\"\/pdf\/se\/Datablad_Nature Roof_60 mm_2024_SE.pdf\"><\/a><\/p>\n<\/div>\n<div>\n<p>        <img decoding=\"async\" src=\"\/wp-content\/uploads\/Download-ikoner_EPD.svg\" alt=\"\"><\/p>\n<div>EPD<\/div>\n<p><a href=\"\/pdf\/se\/EPD_Nature Impact_Green roofs.pdf\"><\/a><\/p>\n<\/div>\n<div>\n<p>        <img decoding=\"async\" src=\"\/wp-content\/uploads\/Download-ikoner_Brand.svg\" alt=\"\"><\/p>\n<div>brandcertifikat<\/div>\n<p><a href=\"\/pdf\/se\/60 mm Brandgodkendelse Broof(t2).pdf\"><\/a><\/p>\n<\/div>\n<div>\n<p>        <img decoding=\"async\" src=\"\/wp-content\/uploads\/2024\/11\/Torgny-Henriksson-1024x1024-1.jpg\" alt=\"\"><\/p>\n<h2>Har du fr\u00e5gor om Sedumtak?<\/h2>\n<div>\n<p><strong>Torgny Henriksson<\/strong><\/br>F\u00f6rs\u00e4ljningsansvarig, Sverige<br \/>\n<br \/><a href=\"mailto:th@natureimpact.com\">th@natureimpact.com<\/a><br \/><a href=\"tel:++46709859937\">+46 (0) 709 859 937<\/a><\/p>\n<\/div>\n<\/div>\n<hr>\n<p><!--more--><br \/>\n<!-- {\"type\":\"layout\",\"children\":[{\"type\":\"section\",\"props\":{\"image_position\":\"center-center\",\"padding\":\"xlarge\",\"padding_remove_horizontal\":false,\"style\":\"default\",\"title_breakpoint\":\"xl\",\"title_position\":\"top-left\",\"title_rotation\":\"left\",\"vertical_align\":\"\",\"width\":\"default\"},\"children\":[{\"type\":\"row\",\"children\":[{\"type\":\"column\",\"props\":{\"image_position\":\"center-center\",\"position_sticky_breakpoint\":\"m\"},\"children\":[{\"type\":\"headline\",\"props\":{\"content\":\"Nature roof\",\"text_align\":\"center\",\"title_color\":\"warning\",\"title_element\":\"h1\",\"title_style\":\"heading-large\"}},{\"type\":\"image\",\"props\":{\"animation\":\"parallax\",\"image\":\"wp-content\\\/uploads\\\/ni-arrow-down.gif\",\"image_loading\":true,\"image_svg_animate\":false,\"image_svg_color\":\"emphasis\",\"image_svg_inline\":true,\"margin\":\"default\",\"parallax_y\":\"40,40\",\"text_align\":\"center\"}}]}]}]},{\"type\":\"section\",\"props\":{\"image\":\"wp-content\\\/uploads\\\/2024\\\/02\\\/nature-roof.jpg\",\"image_loading\":false,\"image_position\":\"center-center\",\"image_size\":\"cover\",\"padding\":\"large\",\"padding_remove_horizontal\":true,\"style\":\"default\",\"title_breakpoint\":\"xl\",\"title_position\":\"top-left\",\"title_rotation\":\"left\",\"vertical_align\":\"\",\"width\":\"default\"},\"children\":[{\"type\":\"row\",\"children\":[{\"type\":\"column\",\"props\":{\"image_position\":\"center-center\",\"position_sticky_breakpoint\":\"m\",\"vertical_align\":\"bottom\",\"width_medium\":\"1-2\"}},{\"type\":\"column\",\"props\":{\"image_position\":\"center-center\",\"position_sticky_breakpoint\":\"m\",\"width_medium\":\"1-2\"},\"children\":[{\"type\":\"image\",\"props\":{\"animation\":\"parallax\",\"class\":\"uk-visible@s\",\"image\":\"wp-content\\\/uploads\\\/ikon-animeret.gif\",\"image_loading\":false,\"image_svg_color\":\"emphasis\",\"image_width\":\"300\",\"margin\":\"default\",\"parallax_y\":\"600,600\",\"position\":\"relative\",\"position_bottom\":\"-480\",\"position_left\":\"50\",\"position_z_index\":\"1\",\"text_align\":\"right\"}}]}],\"props\":{\"layout\":\"1-2,1-2\"}}]},{\"type\":\"section\",\"props\":{\"image_position\":\"center-center\",\"padding\":\"large\",\"padding_remove_top\":true,\"style\":\"default\",\"title_breakpoint\":\"xl\",\"title_position\":\"top-left\",\"title_rotation\":\"left\",\"vertical_align\":\"\",\"width\":\"default\"},\"children\":[{\"type\":\"row\",\"props\":{\"column_gap\":\"large\",\"layout\":\"3-5,2-5\"},\"children\":[{\"type\":\"column\",\"props\":{\"image_position\":\"center-center\",\"padding\":\"large\",\"position_sticky_breakpoint\":\"m\",\"style\":\"tile-default\",\"width_medium\":\"3-5\"},\"children\":[{\"type\":\"subnav\",\"props\":{\"subnav_style\":\"pill\"},\"children\":[{\"type\":\"subnav_item\",\"props\":{\"content\":\"G\\u00e5 till downloads\",\"link\":\"sv\\\/om-nature-impact\\\/download-material\\\/\"}},{\"type\":\"subnav_item\",\"props\":{\"content\":\"Se sedumtak cases\",\"link\":\"\\\/sv\\\/cases\\\/sedumtak\\\/\"}}]},{\"type\":\"headline\",\"props\":{\"content\":\"I samspel med naturen\\n\",\"title_element\":\"h3\",\"title_style\":\"h1\"}},{\"type\":\"text\",\"props\":{\"column_breakpoint\":\"m\",\"content\":\"\n\n<p>Nature Roof har en varierande yta, d\\u00e4r f\\u00e4rgerna samspelar och skiftar efter \\u00e5rstid. P\\u00e5 v\\u00e5r plantskola sk\\u00f6rdar vi fr\\u00e5n v\\u00e5ra egna moderplantor. Efter sk\\u00f6rden blandas 15 olika sedumarter f\\u00f6rsiktigt. Denna v\\u00e4xtkomposition utg\\u00f6r v\\u00e5rt Nature Roof.<\\\/p>\\n\n\n<p>Under de f\\u00f6rsta \\u00e5ren av ett naturtaks liv kommer du att se alla 15 sorter blomma. Efter ca 2 \\u00e5r \\u00e4r de 6\\u20139 starkaste arterna kvar, och taket har nu anpassat sig till omgivningens levnadsf\\u00f6rh\\u00e5llanden.<\\\/p>\\n\n\n<p><a href=\\\"https:\\\/\\\/natureimpact.com\\\/sv\\\/sedumtak\\\/\\\">Du kan l\\u00e4sa mycket mer om v\\u00e5ra sedumtak, installation och tillbeh\\u00f6r via l\\u00e4nken h\\u00e4r<\\\/a>.<\\\/p>\",\"margin\":\"default\",\"text_color\":\"emphasis\",\"text_style\":\"large\"}}]},{\"type\":\"column\",\"props\":{\"image_position\":\"center-center\",\"padding\":\"large\",\"position_sticky_breakpoint\":\"m\",\"style\":\"tile-secondary\",\"width_medium\":\"2-5\"},\"children\":[{\"type\":\"fragment\",\"props\":{\"margin\":\"default\"},\"children\":[{\"type\":\"row\",\"props\":{\"layout\":\"5-6,1-6|4-5,1-5\"},\"children\":[{\"type\":\"column\",\"props\":{\"image_position\":\"center-center\",\"position_sticky_breakpoint\":\"m\",\"width_medium\":\"5-6\",\"width_small\":\"4-5\"},\"children\":[{\"type\":\"headline\",\"props\":{\"content\":\"Info om Nature Roof\",\"margin\":\"remove-vertical\",\"title_element\":\"h3\",\"title_style\":\"h3\"}},{\"type\":\"text\",\"props\":{\"column_breakpoint\":\"m\",\"content\":\"\n\n<p><strong>Blomstring<\\\/strong><br \\\/>Best\\u00e5r av utvalda sedumarter som blommar v\\u00e4xelvis fr\\u00e5n maj till september\\n<\\\/p>\\n\n\n<p><strong>Utseende<\\\/strong><br \\\/>Frodig och varierad yta som f\\u00f6ljer \\u00e5rstidernas v\\u00e4xlingar\\n<\\\/p>\\n\n\n<p><strong>H\\u00f6jd<\\\/strong><br \\\/>Finns i uppbyggnings h\\u00f6jd 60 och 80 mm\\n<\\\/p>\",\"margin\":\"default\",\"text_color\":\"emphasis\",\"text_style\":\"large\"}}]},{\"type\":\"column\",\"props\":{\"image_position\":\"center-center\",\"position_sticky_breakpoint\":\"m\",\"width_medium\":\"1-6\",\"width_small\":\"1-5\"}}]}]}]}]}]},{\"type\":\"section\",\"props\":{\"image_position\":\"center-center\",\"padding\":\"large\",\"style\":\"default\",\"title_breakpoint\":\"xl\",\"title_position\":\"top-left\",\"title_rotation\":\"left\",\"vertical_align\":\"\",\"width\":\"default\"},\"children\":[{\"type\":\"row\",\"children\":[{\"type\":\"column\",\"props\":{\"image_position\":\"center-center\",\"position_sticky_breakpoint\":\"m\"},\"children\":[{\"type\":\"gallery\",\"props\":{\"content_display\":\"lightbox\",\"filter_align\":\"left\",\"filter_all\":true,\"filter_grid_breakpoint\":\"m\",\"filter_grid_width\":\"auto\",\"filter_position\":\"top\",\"filter_style\":\"tab\",\"grid_default\":\"1\",\"grid_medium\":\"3\",\"image_height\":\"400\",\"image_loading\":false,\"image_transition\":\"scale-up\",\"image_width\":\"400\",\"item_animation\":true,\"lightbox\":true,\"lightbox_bg_close\":true,\"lightbox_image_width\":\"1000\",\"link_style\":\"default\",\"link_text\":\"\",\"margin\":\"default\",\"meta_align\":\"below-title\",\"meta_element\":\"div\",\"meta_style\":\"text-meta\",\"overlay_hover\":true,\"overlay_link\":true,\"overlay_mode\":\"cover\",\"overlay_position\":\"center\",\"overlay_style\":\"\",\"overlay_transition\":\"fade\",\"show_content\":true,\"show_hover_image\":true,\"show_hover_video\":true,\"show_link\":true,\"show_meta\":true,\"show_title\":true,\"text_align\":\"center\",\"text_color\":\"light\",\"title_display\":\"lightbox\",\"title_element\":\"h3\",\"title_hover_style\":\"reset\"},\"children\":[{\"type\":\"gallery_item\",\"props\":{\"image\":\"wp-content\\\/uploads\\\/2024\\\/02\\\/nature-roof2.jpg\"}},{\"type\":\"gallery_item\",\"props\":{\"image\":\"wp-content\\\/uploads\\\/2024\\\/02\\\/nature-roof4.jpg\"}},{\"type\":\"gallery_item\",\"props\":{\"image\":\"wp-content\\\/uploads\\\/2024\\\/02\\\/nature-roof3.jpg\"}}]}]}]}]},{\"type\":\"section\",\"props\":{\"id\":\"downloads\",\"image_position\":\"center-center\",\"padding\":\"small\",\"preserve_color\":false,\"style\":\"muted\",\"title_breakpoint\":\"xl\",\"title_position\":\"top-left\",\"title_rotation\":\"left\",\"vertical_align\":\"\",\"width\":\"default\"},\"children\":[{\"type\":\"row\",\"props\":{\"column_gap\":\"large\",\"divider\":true,\"layout\":\"1-2,1-2\"},\"children\":[{\"type\":\"column\",\"props\":{\"image_position\":\"center-center\",\"position_sticky_breakpoint\":\"m\",\"vertical_align\":\"middle\",\"width_medium\":\"1-2\"},\"children\":[{\"type\":\"fragment\",\"props\":{\"margin\":\"default\"},\"children\":[{\"type\":\"row\",\"props\":{\"layout\":\"1-3,1-3,1-3\"},\"children\":[{\"type\":\"column\",\"props\":{\"image_position\":\"center-center\",\"position_sticky_breakpoint\":\"m\",\"width_medium\":\"1-3\"},\"children\":[{\"type\":\"panel\",\"props\":{\"content_column_breakpoint\":\"m\",\"icon_width\":80,\"image\":\"wp-content\\\/uploads\\\/Download-ikoner_Datablad.svg\",\"image_align\":\"top\",\"image_grid_breakpoint\":\"m\",\"image_grid_width\":\"1-2\",\"image_height\":\"50\",\"image_svg_animate\":false,\"image_svg_color\":\"\",\"image_svg_inline\":true,\"image_transition\":\"scale-up\",\"link\":\"\\\/pdf\\\/se\\\/Datablad_Nature Roof_60 mm_2024_SE.pdf\",\"link_style\":\"default\",\"link_text\":\"\",\"margin\":\"default\",\"meta_align\":\"below-title\",\"meta_element\":\"div\",\"meta_style\":\"text-meta\",\"panel_link\":true,\"text_align\":\"center\",\"title\":\"Datablad\",\"title_align\":\"top\",\"title_element\":\"div\",\"title_grid_breakpoint\":\"m\",\"title_grid_width\":\"1-2\",\"title_hover_style\":\"reset\",\"title_style\":\"h5\"},\"name\":\"Datablad\"}]},{\"type\":\"column\",\"props\":{\"image_position\":\"center-center\",\"position_sticky_breakpoint\":\"m\",\"width_medium\":\"1-3\"},\"children\":[{\"type\":\"panel\",\"props\":{\"content_column_breakpoint\":\"m\",\"icon_width\":80,\"image\":\"wp-content\\\/uploads\\\/Download-ikoner_EPD.svg\",\"image_align\":\"top\",\"image_grid_breakpoint\":\"m\",\"image_grid_width\":\"1-2\",\"image_height\":\"50\",\"image_svg_animate\":false,\"image_svg_color\":\"\",\"image_svg_inline\":true,\"image_transition\":\"scale-up\",\"link\":\"\\\/pdf\\\/se\\\/EPD_Nature Impact_Green roofs.pdf\",\"link_style\":\"default\",\"link_text\":\"\",\"margin\":\"default\",\"meta_align\":\"below-title\",\"meta_element\":\"div\",\"meta_style\":\"text-meta\",\"panel_link\":true,\"text_align\":\"center\",\"title\":\"EPD\",\"title_align\":\"top\",\"title_element\":\"div\",\"title_grid_breakpoint\":\"m\",\"title_grid_width\":\"1-2\",\"title_hover_style\":\"reset\",\"title_style\":\"h5\"},\"name\":\"EPD\"}]},{\"type\":\"column\",\"props\":{\"image_position\":\"center-center\",\"position_sticky_breakpoint\":\"m\",\"width_medium\":\"1-3\"},\"children\":[{\"type\":\"panel\",\"props\":{\"content_column_breakpoint\":\"m\",\"icon_width\":80,\"image\":\"wp-content\\\/uploads\\\/Download-ikoner_Brand.svg\",\"image_align\":\"top\",\"image_grid_breakpoint\":\"m\",\"image_grid_width\":\"1-2\",\"image_height\":\"50\",\"image_svg_animate\":false,\"image_svg_color\":\"\",\"image_svg_inline\":true,\"image_transition\":\"scale-up\",\"link\":\"\\\/pdf\\\/se\\\/60 mm Brandgodkendelse Broof(t2).pdf\",\"link_style\":\"default\",\"link_text\":\"\",\"margin\":\"default\",\"meta_align\":\"below-title\",\"meta_element\":\"div\",\"meta_style\":\"text-meta\",\"panel_link\":true,\"text_align\":\"center\",\"title\":\"brandcertifikat\",\"title_align\":\"top\",\"title_element\":\"div\",\"title_grid_breakpoint\":\"m\",\"title_grid_width\":\"1-2\",\"title_hover_style\":\"reset\",\"title_style\":\"h5\"},\"name\":\"Brand\"}]}]}]}]},{\"type\":\"column\",\"props\":{\"image_position\":\"center-center\",\"position_sticky_breakpoint\":\"m\",\"vertical_align\":\"middle\",\"width_medium\":\"1-2\"},\"children\":[{\"type\":\"panel\",\"props\":{\"content\":\"\n\n<p><strong>Torgny Henriksson<\\\/strong><\\\/br>F\\u00f6rs\\u00e4ljningsansvarig, Sverige\\n<br \\\/><a href=\\\"mailto:th@natureimpact.com\\\">th@natureimpact.com<\\\/a><br \\\/><a href=\\\"tel:++46709859937\\\">+46 (0) 709 859 937<\\\/a><\\\/p>\",\"content_column_breakpoint\":\"m\",\"content_margin\":\"small\",\"icon_width\":80,\"image\":\"wp-content\\\/uploads\\\/2024\\\/11\\\/Torgny-Henriksson-1024x1024-1.jpg\",\"image_align\":\"left\",\"image_box_decoration\":\"shadow\",\"image_box_shadow\":\"xlarge\",\"image_grid_breakpoint\":\"m\",\"image_grid_width\":\"1-3\",\"image_loading\":false,\"image_svg_color\":\"emphasis\",\"image_vertical_align\":true,\"link_style\":\"default\",\"link_text\":\"Read more\",\"margin\":\"default\",\"meta_align\":\"below-title\",\"meta_element\":\"div\",\"meta_style\":\"text-meta\",\"panel_image_no_padding\":false,\"title\":\"Har du fr\\u00e5gor om Sedumtak?\",\"title_align\":\"top\",\"title_element\":\"h2\",\"title_grid_breakpoint\":\"m\",\"title_grid_width\":\"1-2\",\"title_hover_style\":\"reset\",\"title_style\":\"h5\"},\"name\":\"SP - bund Torgny Henriksson\"}]}]}],\"name\":\"Download bj\\u00e6lke i bund\"},{\"type\":\"section\",\"props\":{\"image_position\":\"center-center\",\"padding\":\"xsmall\",\"style\":\"primary\",\"title_breakpoint\":\"xl\",\"title_position\":\"top-left\",\"title_rotation\":\"left\",\"vertical_align\":\"middle\",\"width\":\"default\"},\"children\":[{\"type\":\"row\",\"children\":[{\"type\":\"column\",\"props\":{\"image_position\":\"center-center\",\"position_sticky_breakpoint\":\"m\"},\"children\":[{\"type\":\"breadcrumbs\",\"props\":{\"show_current\":true,\"show_home\":true,\"text_align\":\"right\"}},{\"type\":\"divider\",\"props\":{\"divider_element\":\"hr\"}}]}]}],\"name\":\"Br\\u00f8dkrumme over footer\"}],\"version\":\"4.5.5\"} --><\/p>\n","protected":false},"excerpt":{"rendered":"<p>Nature roof G\u00e5 till downloads Se sedumtak cases I samspel med naturen Nature Roof har en varierande yta, d\u00e4r f\u00e4rgerna samspelar och skiftar efter \u00e5rstid. P\u00e5 v\u00e5r plantskola sk\u00f6rdar vi fr\u00e5n v\u00e5ra egna moderplantor. Efter sk\u00f6rden blandas 15 olika sedumarter f\u00f6rsiktigt. Denna v\u00e4xtkomposition utg\u00f6r v\u00e5rt Nature Roof. Under de f\u00f6rsta \u00e5ren av ett naturtaks liv [&hellip;]<\/p>\n","protected":false},"author":1,"featured_media":0,"parent":4631,"menu_order":0,"comment_status":"closed","ping_status":"closed","template":"","meta":{"_acf_changed":false,"footnotes":""},"class_list":["post-4901","page","type-page","status-publish","hentry"],"acf":[],"yoast_head":"<!-- This site is optimized with the Yoast SEO plugin v26.6 - https:\/\/yoast.com\/wordpress\/plugins\/seo\/ -->\n<title>Nature Roof - Frodigt Sedumtak med \u00c5rstidsv\u00e4xlingar<\/title>\n<meta name=\"description\" content=\"Nature Roof \u00e4r v\u00e5rt t\u00e4ta och naturliga sedumtak med h\u00f6g v\u00e4xtdiversitet. Uppt\u00e4ck l\u00f6sningen f\u00f6r ditt h\u00e5llbara byggprojekt.\" \/>\n<meta name=\"robots\" content=\"index, follow, max-snippet:-1, max-image-preview:large, max-video-preview:-1\" \/>\n<link rel=\"canonical\" href=\"https:\/\/natureimpact.com\/sv\/sedumtak\/nature-roof\/\" \/>\n<meta property=\"og:locale\" content=\"sv_SE\" \/>\n<meta property=\"og:type\" content=\"article\" \/>\n<meta property=\"og:title\" content=\"Nature Roof - Frodigt Sedumtak med \u00c5rstidsv\u00e4xlingar\" \/>\n<meta property=\"og:description\" content=\"Nature Roof \u00e4r v\u00e5rt t\u00e4ta och naturliga sedumtak med h\u00f6g v\u00e4xtdiversitet. Uppt\u00e4ck l\u00f6sningen f\u00f6r ditt h\u00e5llbara byggprojekt.\" \/>\n<meta property=\"og:url\" content=\"https:\/\/natureimpact.com\/sv\/sedumtak\/nature-roof\/\" \/>\n<meta property=\"og:site_name\" content=\"Nature Impact\" \/>\n<meta property=\"article:modified_time\" content=\"2025-09-26T07:36:14+00:00\" \/>\n<meta property=\"og:image\" content=\"https:\/\/natureimpact.com\/wp-content\/uploads\/2023\/12\/NI_900px.png\" \/>\n\t<meta property=\"og:image:width\" content=\"929\" \/>\n\t<meta property=\"og:image:height\" content=\"841\" \/>\n\t<meta property=\"og:image:type\" content=\"image\/png\" \/>\n<meta name=\"twitter:card\" content=\"summary_large_image\" \/>\n<meta name=\"twitter:label1\" content=\"Ber\u00e4knad l\u00e4stid\" \/>\n\t<meta name=\"twitter:data1\" content=\"3 minuter\" \/>\n<script type=\"application\/ld+json\" class=\"yoast-schema-graph\">{\"@context\":\"https:\/\/schema.org\",\"@graph\":[{\"@type\":\"WebPage\",\"@id\":\"https:\/\/natureimpact.com\/sv\/sedumtak\/nature-roof\/\",\"url\":\"https:\/\/natureimpact.com\/sv\/sedumtak\/nature-roof\/\",\"name\":\"Nature Roof - Frodigt Sedumtak med \u00c5rstidsv\u00e4xlingar\",\"isPartOf\":{\"@id\":\"https:\/\/natureimpact.com\/sv\/#website\"},\"datePublished\":\"2024-02-07T06:44:53+00:00\",\"dateModified\":\"2025-09-26T07:36:14+00:00\",\"description\":\"Nature Roof \u00e4r v\u00e5rt t\u00e4ta och naturliga sedumtak med h\u00f6g v\u00e4xtdiversitet. Uppt\u00e4ck l\u00f6sningen f\u00f6r ditt h\u00e5llbara byggprojekt.\",\"breadcrumb\":{\"@id\":\"https:\/\/natureimpact.com\/sv\/sedumtak\/nature-roof\/#breadcrumb\"},\"inLanguage\":\"sv-SE\",\"potentialAction\":[{\"@type\":\"ReadAction\",\"target\":[\"https:\/\/natureimpact.com\/sv\/sedumtak\/nature-roof\/\"]}]},{\"@type\":\"BreadcrumbList\",\"@id\":\"https:\/\/natureimpact.com\/sv\/sedumtak\/nature-roof\/#breadcrumb\",\"itemListElement\":[{\"@type\":\"ListItem\",\"position\":1,\"name\":\"Hem\",\"item\":\"https:\/\/natureimpact.com\/sv\/\"},{\"@type\":\"ListItem\",\"position\":2,\"name\":\"Sedumtak\",\"item\":\"https:\/\/natureimpact.com\/sv\/sedumtak\/\"},{\"@type\":\"ListItem\",\"position\":3,\"name\":\"Nature roof\"}]},{\"@type\":\"WebSite\",\"@id\":\"https:\/\/natureimpact.com\/sv\/#website\",\"url\":\"https:\/\/natureimpact.com\/sv\/\",\"name\":\"Nature Impact\",\"description\":\"\",\"publisher\":{\"@id\":\"https:\/\/natureimpact.com\/sv\/#organization\"},\"potentialAction\":[{\"@type\":\"SearchAction\",\"target\":{\"@type\":\"EntryPoint\",\"urlTemplate\":\"https:\/\/natureimpact.com\/sv\/?s={search_term_string}\"},\"query-input\":{\"@type\":\"PropertyValueSpecification\",\"valueRequired\":true,\"valueName\":\"search_term_string\"}}],\"inLanguage\":\"sv-SE\"},{\"@type\":\"Organization\",\"@id\":\"https:\/\/natureimpact.com\/sv\/#organization\",\"name\":\"Nature Impact\",\"url\":\"https:\/\/natureimpact.com\/sv\/\",\"logo\":{\"@type\":\"ImageObject\",\"inLanguage\":\"sv-SE\",\"@id\":\"https:\/\/natureimpact.com\/sv\/#\/schema\/logo\/image\/\",\"url\":\"https:\/\/natureimpact.com\/wp-content\/uploads\/2025\/05\/NI_900px.png\",\"contentUrl\":\"https:\/\/natureimpact.com\/wp-content\/uploads\/2025\/05\/NI_900px.png\",\"width\":929,\"height\":841,\"caption\":\"Nature Impact\"},\"image\":{\"@id\":\"https:\/\/natureimpact.com\/sv\/#\/schema\/logo\/image\/\"}}]}<\/script>\n<!-- \/ Yoast SEO plugin. -->","yoast_head_json":{"title":"Nature Roof - Frodigt Sedumtak med \u00c5rstidsv\u00e4xlingar","description":"Nature Roof \u00e4r v\u00e5rt t\u00e4ta och naturliga sedumtak med h\u00f6g v\u00e4xtdiversitet. Uppt\u00e4ck l\u00f6sningen f\u00f6r ditt h\u00e5llbara byggprojekt.","robots":{"index":"index","follow":"follow","max-snippet":"max-snippet:-1","max-image-preview":"max-image-preview:large","max-video-preview":"max-video-preview:-1"},"canonical":"https:\/\/natureimpact.com\/sv\/sedumtak\/nature-roof\/","og_locale":"sv_SE","og_type":"article","og_title":"Nature Roof - Frodigt Sedumtak med \u00c5rstidsv\u00e4xlingar","og_description":"Nature Roof \u00e4r v\u00e5rt t\u00e4ta och naturliga sedumtak med h\u00f6g v\u00e4xtdiversitet. Uppt\u00e4ck l\u00f6sningen f\u00f6r ditt h\u00e5llbara byggprojekt.","og_url":"https:\/\/natureimpact.com\/sv\/sedumtak\/nature-roof\/","og_site_name":"Nature Impact","article_modified_time":"2025-09-26T07:36:14+00:00","og_image":[{"width":929,"height":841,"url":"https:\/\/natureimpact.com\/wp-content\/uploads\/2023\/12\/NI_900px.png","type":"image\/png"}],"twitter_card":"summary_large_image","twitter_misc":{"Ber\u00e4knad l\u00e4stid":"3 minuter"},"schema":{"@context":"https:\/\/schema.org","@graph":[{"@type":"WebPage","@id":"https:\/\/natureimpact.com\/sv\/sedumtak\/nature-roof\/","url":"https:\/\/natureimpact.com\/sv\/sedumtak\/nature-roof\/","name":"Nature Roof - Frodigt Sedumtak med \u00c5rstidsv\u00e4xlingar","isPartOf":{"@id":"https:\/\/natureimpact.com\/sv\/#website"},"datePublished":"2024-02-07T06:44:53+00:00","dateModified":"2025-09-26T07:36:14+00:00","description":"Nature Roof \u00e4r v\u00e5rt t\u00e4ta och naturliga sedumtak med h\u00f6g v\u00e4xtdiversitet. Uppt\u00e4ck l\u00f6sningen f\u00f6r ditt h\u00e5llbara byggprojekt.","breadcrumb":{"@id":"https:\/\/natureimpact.com\/sv\/sedumtak\/nature-roof\/#breadcrumb"},"inLanguage":"sv-SE","potentialAction":[{"@type":"ReadAction","target":["https:\/\/natureimpact.com\/sv\/sedumtak\/nature-roof\/"]}]},{"@type":"BreadcrumbList","@id":"https:\/\/natureimpact.com\/sv\/sedumtak\/nature-roof\/#breadcrumb","itemListElement":[{"@type":"ListItem","position":1,"name":"Hem","item":"https:\/\/natureimpact.com\/sv\/"},{"@type":"ListItem","position":2,"name":"Sedumtak","item":"https:\/\/natureimpact.com\/sv\/sedumtak\/"},{"@type":"ListItem","position":3,"name":"Nature roof"}]},{"@type":"WebSite","@id":"https:\/\/natureimpact.com\/sv\/#website","url":"https:\/\/natureimpact.com\/sv\/","name":"Nature Impact","description":"","publisher":{"@id":"https:\/\/natureimpact.com\/sv\/#organization"},"potentialAction":[{"@type":"SearchAction","target":{"@type":"EntryPoint","urlTemplate":"https:\/\/natureimpact.com\/sv\/?s={search_term_string}"},"query-input":{"@type":"PropertyValueSpecification","valueRequired":true,"valueName":"search_term_string"}}],"inLanguage":"sv-SE"},{"@type":"Organization","@id":"https:\/\/natureimpact.com\/sv\/#organization","name":"Nature Impact","url":"https:\/\/natureimpact.com\/sv\/","logo":{"@type":"ImageObject","inLanguage":"sv-SE","@id":"https:\/\/natureimpact.com\/sv\/#\/schema\/logo\/image\/","url":"https:\/\/natureimpact.com\/wp-content\/uploads\/2025\/05\/NI_900px.png","contentUrl":"https:\/\/natureimpact.com\/wp-content\/uploads\/2025\/05\/NI_900px.png","width":929,"height":841,"caption":"Nature Impact"},"image":{"@id":"https:\/\/natureimpact.com\/sv\/#\/schema\/logo\/image\/"}}]}},"_links":{"self":[{"href":"https:\/\/natureimpact.com\/sv\/wp-json\/wp\/v2\/pages\/4901","targetHints":{"allow":["GET"]}}],"collection":[{"href":"https:\/\/natureimpact.com\/sv\/wp-json\/wp\/v2\/pages"}],"about":[{"href":"https:\/\/natureimpact.com\/sv\/wp-json\/wp\/v2\/types\/page"}],"author":[{"embeddable":true,"href":"https:\/\/natureimpact.com\/sv\/wp-json\/wp\/v2\/users\/1"}],"replies":[{"embeddable":true,"href":"https:\/\/natureimpact.com\/sv\/wp-json\/wp\/v2\/comments?post=4901"}],"version-history":[{"count":19,"href":"https:\/\/natureimpact.com\/sv\/wp-json\/wp\/v2\/pages\/4901\/revisions"}],"predecessor-version":[{"id":8504,"href":"https:\/\/natureimpact.com\/sv\/wp-json\/wp\/v2\/pages\/4901\/revisions\/8504"}],"up":[{"embeddable":true,"href":"https:\/\/natureimpact.com\/sv\/wp-json\/wp\/v2\/pages\/4631"}],"wp:attachment":[{"href":"https:\/\/natureimpact.com\/sv\/wp-json\/wp\/v2\/media?parent=4901"}],"curies":[{"name":"wp","href":"https:\/\/api.w.org\/{rel}","templated":true}]}}