{"id":4844,"date":"2024-05-20T06:22:20","date_gmt":"2024-05-20T06:22:20","guid":{"rendered":"https:\/\/loving-ardinghelli.77-247-67-170.plesk.page\/?page_id=4844"},"modified":"2025-05-20T15:58:07","modified_gmt":"2025-05-20T15:58:07","slug":"grona-tak-och-brandkrav","status":"publish","type":"page","link":"https:\/\/natureimpact.com\/sv\/sedumtak\/grona-tak-och-brandkrav\/","title":{"rendered":"Gr\u00f6na tak och brandkrav"},"content":{"rendered":"<h1>Gr\u00f6na tak och brandkrav<br \/>\n<\/h1>\n<h2>GR\u00d8NNE TAGE OG BRANDKRAV<\/h2>\n<div>\n<p>Gr\u00f6na tak m\u00e5ste uppfylla samma brands\u00e4kerhetskrav som traditionella tak. Dessutom m\u00e5ste gr\u00f6na tak ocks\u00e5 uppfylla dr\u00e4neringskraven f\u00f6r att s\u00e4kerst\u00e4lla att vatten kan ledas bort fr\u00e5n byggnaden.<\/p>\n<p><a href=\"https:\/\/natureimpact.com\/sv\/sedumtak\/\">Sedumtak fr\u00e5n Nature Impact<\/a> har erh\u00e5llit ett Broof (t2) brandgodk\u00e4nnande, vilket inneb\u00e4r att taket kan anv\u00e4ndas i byggnader som omfattas av byggreglerna BR18.<\/p>\n<\/div>\n<p><p>\n        <a href=\"\/sv\/om-nature-impact\/kontakt\/\">Kontakta oss s\u00e5 ber\u00e4ttar vi mer om sedumtak och brandkrav<\/a>\n    <\/p>\n<\/p>\n<p><img decoding=\"async\" src=\"\/wp-content\/uploads\/2023\/12\/NI_Footer.svg\" alt=\"\"><br \/>\n<img decoding=\"async\" src=\"\/wp-content\/uploads\/2024\/03\/07082017-204.jpg\" alt=\"\"><\/p>\n<h2>Brandkrav f\u00f6r sedumtak<\/h2>\n<div>Taket och alla andra delar av en byggnad omfattas av byggreglernas krav p\u00e5 brands\u00e4kerhet, bland annat f\u00f6r att det ska vara minimal risk f\u00f6r brandspridning fr\u00e5n byggnader till intilliggande byggnader. Den st\u00f6rsta utmaningen f\u00f6r gr\u00f6na tak kan vara att v\u00e4xterna v\u00e4xer sig st\u00f6rre med tiden och d\u00e4rmed kan komma n\u00e4rmare t\u00e4tbebyggelse. Detta kan vara en utmaning f\u00f6r gr\u00f6na tak med vissa gr\u00e4sarter, men inte f\u00f6r de sedumv\u00e4xter som anv\u00e4nds i gr\u00f6na tak fr\u00e5n Nature Impact. De blir l\u00e5ga och brinner mycket d\u00e5ligt.\n<\/div>\n<p><img decoding=\"async\" src=\"\/wp-content\/uploads\/2024\/03\/RW-200813-Hetag-DLG_3-TRYK.jpg\" alt=\"\"><\/p>\n<h2>Sedumtak med brandh\u00e4mmande material<br \/>\n<\/h2>\n<div>\n<p><a href=\"https:\/\/natureimpact.com\/sv\/sedumtak\/\">Nature Impacts gr\u00f6na tak<\/a> har f\u00e5tt ett brandgodk\u00e4nnande eftersom jord- och sedumv\u00e4xter med l\u00e5g brandrisk anv\u00e4nds, samt brandh\u00e4mmande plastbrickor som \u00e4r godk\u00e4nda f\u00f6r \u00e4ndam\u00e5let.<\/p>\n<p>I samband med installation av sedumtak \u00e4r det ocks\u00e5 viktigt att ha brandkraven i \u00e5tanke. Det valda underlaget m\u00e5ste naturligtvis uppfylla brandkraven i byggreglerna, s\u00e5 den \u00f6vergripande konstruktionen \u00e4r BROOF(t2)-godk\u00e4nd. Om du \u00e4r os\u00e4ker \u00e4r det d\u00e4rf\u00f6r viktigt att du s\u00f6ker relevant dokumentation fr\u00e5n till exempel takpapptillverkaren, om det \u00e4r detta som anv\u00e4nds som vattent\u00e4tt membran under sedumbackarna.<\/p>\n<\/div>\n<p><img decoding=\"async\" src=\"\/wp-content\/uploads\/2024\/03\/07082017-204.jpg\" alt=\"\"><\/p>\n<h2>V\u00e4lj alltid ett gr\u00f6nt tak med brandgodk\u00e4nnande<\/h2>\n<div>Det \u00e4r viktigt att se till att det gr\u00f6na tak du v\u00e4ljer har ett brandgodk\u00e4nnande liknande BROOF(t2), vilket alla sedumtak fr\u00e5n Nature Impact har. Dessutom \u00e4r det viktigt att samarbeta med en arkitekt, en brandkonsult och\/eller en professionell installat\u00f6r av gr\u00f6na tak f\u00f6r att s\u00e4kerst\u00e4lla att installationen uppfyller brandkraven i BR18-byggreglerna. Detta s\u00e4kerst\u00e4ller ett vackert och brandh\u00e4mmande gr\u00f6nt tak som uppfyller alla brandkrav i byggreglerna.\n<\/div>\n<ul>\n<li>\n<p>\n        <a href=\"\/pdf\/se\/60%20mm%20Brandgodkendelse%20Broof(t2).pdf\">Ladda ner v\u00e5rt brandgodk\u00e4nnande f\u00f6r 60 mm sedumtak h\u00e4r<\/a>\n    <\/p>\n<\/li>\n<li>\n<p>\n        <a href=\"\/pdf\/se\/80-mm-Brandgodkendelse-Brooft2.pdf\">Ladda ner v\u00e5rt brandgodk\u00e4nnande f\u00f6r 80 mm sedumtak h\u00e4r<\/a>\n    <\/p>\n<\/li>\n<\/ul>\n<hr>\n<p><!--more--><br \/>\n<!-- {\"type\":\"layout\",\"children\":[{\"type\":\"section\",\"props\":{\"animation\":\"fade\",\"animation_delay\":false,\"header_transparent\":true,\"header_transparent_text_color\":\"dark\",\"image_effect\":\"parallax\",\"image_parallax_bgy\":\"0,-600\",\"image_parallax_easing\":\"1\",\"image_position\":\"top-right\",\"padding\":\"large\",\"padding_remove_bottom\":true,\"style\":\"muted\",\"title_breakpoint\":\"xl\",\"title_position\":\"top-left\",\"title_rotation\":\"left\",\"vertical_align\":\"\",\"width\":\"xlarge\"},\"children\":[{\"type\":\"row\",\"props\":{\"layout\":\"3-4,1-4\",\"margin\":\"xlarge\"},\"children\":[{\"type\":\"column\",\"props\":{\"image_position\":\"center-center\",\"position_sticky_breakpoint\":\"m\",\"width_small\":\"3-4\"},\"children\":[{\"type\":\"headline\",\"props\":{\"content\":\"Gr\\u00f6na tak och brandkrav\\n\",\"position\":\"relative\",\"position_z_index\":\"3\",\"title_element\":\"h1\",\"title_style\":\"heading-medium\",\"visibility\":\"s\"}},{\"type\":\"headline\",\"props\":{\"content\":\"GR\\u00d8NNE TAGE OG BRANDKRAV\",\"position\":\"relative\",\"position_z_index\":\"3\",\"title_element\":\"h2\",\"title_style\":\"heading-small\",\"visibility\":\"hidden-s\"}},{\"type\":\"text\",\"props\":{\"column\":\"1-2\",\"column_breakpoint\":\"m\",\"content\":\"\n\n<p>Gr\\u00f6na tak m\\u00e5ste uppfylla samma brands\\u00e4kerhetskrav som traditionella tak. Dessutom m\\u00e5ste gr\\u00f6na tak ocks\\u00e5 uppfylla dr\\u00e4neringskraven f\\u00f6r att s\\u00e4kerst\\u00e4lla att vatten kan ledas bort fr\\u00e5n byggnaden.<\\\/p>\\n\n\n<p><a href=\\\"https:\\\/\\\/natureimpact.com\\\/sv\\\/sedumtak\\\/\\\">Sedumtak fr\\u00e5n Nature Impact<\\\/a> har erh\\u00e5llit ett Broof (t2) brandgodk\\u00e4nnande, vilket inneb\\u00e4r att taket kan anv\\u00e4ndas i byggnader som omfattas av byggreglerna BR18.<\\\/p>\",\"margin\":\"default\",\"position\":\"relative\",\"text_color\":\"emphasis\",\"text_style\":\"large\"}},{\"type\":\"button\",\"props\":{\"grid_column_gap\":\"small\",\"grid_row_gap\":\"small\",\"margin\":\"medium\"},\"children\":[{\"type\":\"button_item\",\"props\":{\"button_style\":\"default\",\"content\":\"Kontakta oss s\\u00e5 ber\\u00e4ttar vi mer om sedumtak och brandkrav\",\"dialog_layout\":\"modal\",\"dialog_offcanvas_flip\":true,\"icon_align\":\"left\",\"link\":\"sv\\\/om-nature-impact\\\/kontakt\\\/\"}}]}]},{\"type\":\"column\",\"props\":{\"image_position\":\"center-center\",\"position_sticky_breakpoint\":\"m\",\"width_small\":\"1-4\"},\"children\":[{\"type\":\"image\",\"props\":{\"animation\":\"parallax\",\"css\":\".el-image { max-width: 45vw; }\",\"height_expand\":false,\"image\":\"wp-content\\\/uploads\\\/2023\\\/12\\\/NI_Footer.svg\",\"image_loading\":true,\"image_svg_color\":\"emphasis\",\"image_viewport_height\":false,\"image_width\":1200,\"margin\":\"default\",\"parallax_easing\":\"0.5\",\"parallax_y\":\"5vh,-7vh\",\"position\":\"absolute\",\"position_right\":\"60\",\"position_top\":\"-10vh\",\"position_z_index\":\"0\",\"text_align\":\"right\",\"visibility\":\"s\"}}]}]},{\"type\":\"row\",\"props\":{\"column_gap\":\"large\",\"layout\":\"1-2,1-2\",\"margin\":\"xlarge\"},\"children\":[{\"type\":\"column\",\"props\":{\"image_position\":\"center-center\",\"position_sticky_breakpoint\":\"m\",\"width_medium\":\"1-2\"},\"children\":[{\"type\":\"image\",\"props\":{\"animation\":\"parallax\",\"image\":\"wp-content\\\/uploads\\\/2024\\\/03\\\/07082017-204.jpg\",\"image_box_decoration\":\"secondary\",\"image_loading\":true,\"image_svg_color\":\"emphasis\",\"image_width\":\"765\",\"margin\":\"large\",\"parallax_easing\":\"1\",\"parallax_y\":\"-5vh,3vh\",\"position\":\"relative\",\"position_right\":\"90\",\"position_top\":\"2vh\",\"text_align\":\"center\",\"text_align_breakpoint\":\"m\",\"text_align_fallback\":\"right\"}}]},{\"type\":\"column\",\"props\":{\"image_position\":\"center-center\",\"position_sticky_breakpoint\":\"m\",\"vertical_align\":\"middle\",\"width_medium\":\"1-2\"},\"children\":[{\"type\":\"headline\",\"props\":{\"content\":\"Brandkrav f\\u00f6r sedumtak\",\"maxwidth\":\"xlarge\",\"title_element\":\"h2\",\"title_style\":\"h2\"}},{\"type\":\"text\",\"props\":{\"animation\":\"parallax\",\"column_breakpoint\":\"m\",\"content\":\"Taket och alla andra delar av en byggnad omfattas av byggreglernas krav p\\u00e5 brands\\u00e4kerhet, bland annat f\\u00f6r att det ska vara minimal risk f\\u00f6r brandspridning fr\\u00e5n byggnader till intilliggande byggnader. Den st\\u00f6rsta utmaningen f\\u00f6r gr\\u00f6na tak kan vara att v\\u00e4xterna v\\u00e4xer sig st\\u00f6rre med tiden och d\\u00e4rmed kan komma n\\u00e4rmare t\\u00e4tbebyggelse. Detta kan vara en utmaning f\\u00f6r gr\\u00f6na tak med vissa gr\\u00e4sarter, men inte f\\u00f6r de sedumv\\u00e4xter som anv\\u00e4nds i gr\\u00f6na tak fr\\u00e5n Nature Impact. De blir l\\u00e5ga och brinner mycket d\\u00e5ligt.\\n\",\"margin\":\"medium\",\"maxwidth\":\"2xlarge\",\"parallax_y\":\"0,-50\"}}]}]}],\"name\":\"About\"},{\"type\":\"section\",\"props\":{\"animation\":\"slide-bottom-small\",\"id\":\"cta\",\"image_position\":\"center-center\",\"padding\":\"large\",\"style\":\"muted\",\"title_breakpoint\":\"xl\",\"title_position\":\"top-left\",\"title_rotation\":\"left\",\"vertical_align\":\"\",\"width\":\"xlarge\"},\"children\":[{\"type\":\"row\",\"props\":{\"column_gap\":\"large\",\"layout\":\"1-2,1-2\"},\"children\":[{\"type\":\"column\",\"props\":{\"image_position\":\"center-center\",\"position_sticky_breakpoint\":\"m\",\"vertical_align\":\"middle\",\"width_medium\":\"1-2\"},\"children\":[{\"type\":\"image\",\"props\":{\"animation\":\"parallax\",\"css\":\".el-image { max-width: 70vw; }\",\"image\":\"wp-content\\\/uploads\\\/2024\\\/03\\\/RW-200813-Hetag-DLG_3-TRYK.jpg\",\"image_box_decoration\":\"secondary\",\"image_svg_color\":\"emphasis\",\"margin\":\"default\",\"parallax_easing\":\"1\",\"parallax_y\":\"-3vh,3vh\",\"position\":\"relative\",\"position_right\":\"-60\",\"position_z_index\":\"0\",\"text_align\":\"center\",\"text_align_breakpoint\":\"m\"}}]},{\"type\":\"column\",\"props\":{\"image_position\":\"center-center\",\"order_first\":\"m\",\"position_sticky_breakpoint\":\"m\",\"vertical_align\":\"middle\",\"width_medium\":\"1-2\"},\"children\":[{\"type\":\"headline\",\"props\":{\"content\":\"Sedumtak med brandh\\u00e4mmande material\\n\",\"maxwidth\":\"xlarge\",\"title_element\":\"h2\",\"title_style\":\"h2\"}},{\"type\":\"text\",\"props\":{\"animation\":\"parallax\",\"column_breakpoint\":\"m\",\"content\":\"\n\n<p><a href=\\\"https:\\\/\\\/natureimpact.com\\\/sv\\\/sedumtak\\\/\\\">Nature Impacts gr\\u00f6na tak<\\\/a> har f\\u00e5tt ett brandgodk\\u00e4nnande eftersom jord- och sedumv\\u00e4xter med l\\u00e5g brandrisk anv\\u00e4nds, samt brandh\\u00e4mmande plastbrickor som \\u00e4r godk\\u00e4nda f\\u00f6r \\u00e4ndam\\u00e5let.<\\\/p>\\n\n\n<p>I samband med installation av sedumtak \\u00e4r det ocks\\u00e5 viktigt att ha brandkraven i \\u00e5tanke. Det valda underlaget m\\u00e5ste naturligtvis uppfylla brandkraven i byggreglerna, s\\u00e5 den \\u00f6vergripande konstruktionen \\u00e4r BROOF(t2)-godk\\u00e4nd. Om du \\u00e4r os\\u00e4ker \\u00e4r det d\\u00e4rf\\u00f6r viktigt att du s\\u00f6ker relevant dokumentation fr\\u00e5n till exempel takpapptillverkaren, om det \\u00e4r detta som anv\\u00e4nds som vattent\\u00e4tt membran under sedumbackarna.<\\\/p>\",\"margin\":\"medium\",\"maxwidth\":\"2xlarge\",\"parallax_y\":\",-50\"}}]}]}],\"name\":\"Call to Action\"},{\"type\":\"section\",\"props\":{\"image_position\":\"center-center\",\"padding\":\"large\",\"padding_remove_top\":true,\"style\":\"muted\",\"title_breakpoint\":\"xl\",\"title_position\":\"top-left\",\"title_rotation\":\"left\",\"vertical_align\":\"\",\"width\":\"xlarge\"},\"children\":[{\"type\":\"row\",\"props\":{\"column_gap\":\"large\",\"layout\":\"1-2,1-2\",\"margin\":\"xlarge\"},\"children\":[{\"type\":\"column\",\"props\":{\"image_position\":\"center-center\",\"position_sticky_breakpoint\":\"m\",\"width_medium\":\"1-2\"},\"children\":[{\"type\":\"image\",\"props\":{\"animation\":\"parallax\",\"image\":\"wp-content\\\/uploads\\\/2024\\\/03\\\/07082017-204.jpg\",\"image_box_decoration\":\"secondary\",\"image_loading\":true,\"image_svg_color\":\"emphasis\",\"image_width\":\"765\",\"margin\":\"large\",\"parallax_easing\":\"1\",\"parallax_y\":\"-5vh,3vh\",\"position\":\"relative\",\"position_right\":\"90\",\"position_top\":\"2vh\",\"text_align\":\"center\",\"text_align_breakpoint\":\"m\",\"text_align_fallback\":\"right\"}}]},{\"type\":\"column\",\"props\":{\"image_position\":\"center-center\",\"position_sticky_breakpoint\":\"m\",\"vertical_align\":\"middle\",\"width_medium\":\"1-2\"},\"children\":[{\"type\":\"headline\",\"props\":{\"content\":\"V\\u00e4lj alltid ett gr\\u00f6nt tak med brandgodk\\u00e4nnande\",\"maxwidth\":\"xlarge\",\"title_element\":\"h2\",\"title_style\":\"h2\"}},{\"type\":\"text\",\"props\":{\"animation\":\"parallax\",\"column_breakpoint\":\"m\",\"content\":\"Det \\u00e4r viktigt att se till att det gr\\u00f6na tak du v\\u00e4ljer har ett brandgodk\\u00e4nnande liknande BROOF(t2), vilket alla sedumtak fr\\u00e5n Nature Impact har. Dessutom \\u00e4r det viktigt att samarbeta med en arkitekt, en brandkonsult och\\\/eller en professionell installat\\u00f6r av gr\\u00f6na tak f\\u00f6r att s\\u00e4kerst\\u00e4lla att installationen uppfyller brandkraven i BR18-byggreglerna. Detta s\\u00e4kerst\\u00e4ller ett vackert och brandh\\u00e4mmande gr\\u00f6nt tak som uppfyller alla brandkrav i byggreglerna.\\n\",\"margin\":\"medium\",\"maxwidth\":\"2xlarge\",\"parallax_y\":\",-50\"}},{\"type\":\"button\",\"props\":{\"grid_column_gap\":\"small\",\"grid_row_gap\":\"small\",\"margin\":\"default\"},\"children\":[{\"type\":\"button_item\",\"props\":{\"button_style\":\"default\",\"content\":\"Ladda ner v\\u00e5rt brandgodk\\u00e4nnande f\\u00f6r 60 mm sedumtak h\\u00e4r\",\"dialog_layout\":\"modal\",\"dialog_offcanvas_flip\":true,\"icon_align\":\"left\",\"link\":\"\\\/pdf\\\/se\\\/60%20mm%20Brandgodkendelse%20Broof(t2).pdf\"}},{\"type\":\"button_item\",\"props\":{\"button_style\":\"default\",\"content\":\"Ladda ner v\\u00e5rt brandgodk\\u00e4nnande f\\u00f6r 80 mm sedumtak h\\u00e4r\",\"dialog_layout\":\"modal\",\"dialog_offcanvas_flip\":true,\"icon_align\":\"left\",\"link\":\"\\\/pdf\\\/se\\\/80-mm-Brandgodkendelse-Brooft2.pdf\"}}]}]}]}]},{\"type\":\"section\",\"props\":{\"image_position\":\"center-center\",\"padding\":\"xsmall\",\"style\":\"primary\",\"title_breakpoint\":\"xl\",\"title_position\":\"top-left\",\"title_rotation\":\"left\",\"vertical_align\":\"middle\",\"width\":\"default\"},\"children\":[{\"type\":\"row\",\"children\":[{\"type\":\"column\",\"props\":{\"image_position\":\"center-center\",\"position_sticky_breakpoint\":\"m\"},\"children\":[{\"type\":\"breadcrumbs\",\"props\":{\"show_current\":true,\"show_home\":true,\"text_align\":\"right\"}},{\"type\":\"divider\",\"props\":{\"divider_element\":\"hr\"}}]}]}],\"name\":\"Br\\u00f8dkrumme over footer\"}],\"version\":\"4.5.5\"} --><\/p>\n","protected":false},"excerpt":{"rendered":"<p>Gr\u00f6na tak och brandkrav GR\u00d8NNE TAGE OG BRANDKRAV Gr\u00f6na tak m\u00e5ste uppfylla samma brands\u00e4kerhetskrav som traditionella tak. Dessutom m\u00e5ste gr\u00f6na tak ocks\u00e5 uppfylla dr\u00e4neringskraven f\u00f6r att s\u00e4kerst\u00e4lla att vatten kan ledas bort fr\u00e5n byggnaden. Sedumtak fr\u00e5n Nature Impact har erh\u00e5llit ett Broof (t2) brandgodk\u00e4nnande, vilket inneb\u00e4r att taket kan anv\u00e4ndas i byggnader som omfattas av [&hellip;]<\/p>\n","protected":false},"author":1,"featured_media":0,"parent":4631,"menu_order":0,"comment_status":"closed","ping_status":"closed","template":"","meta":{"_acf_changed":false,"footnotes":""},"class_list":["post-4844","page","type-page","status-publish","hentry"],"acf":[],"yoast_head":"<!-- This site is optimized with the Yoast SEO plugin v26.6 - https:\/\/yoast.com\/wordpress\/plugins\/seo\/ -->\n<title>Brandkrav f\u00f6r gr\u00f6na tak \u00bb Sedumtak med Broof(t2) Brandgodk\u00e4nnande<\/title>\n<meta name=\"description\" content=\"Gr\u00f6na tak, liksom alla andra tak, m\u00e5ste uppfylla brandkraven i byggreglerna. V\u00e5rt sedumtak \u00e4r Broof (t2) brandgodk\u00e4nt \u00bb L\u00e4s mer h\u00e4r!\" \/>\n<meta name=\"robots\" content=\"index, follow, max-snippet:-1, max-image-preview:large, max-video-preview:-1\" \/>\n<link rel=\"canonical\" href=\"https:\/\/natureimpact.com\/sv\/sedumtak\/grona-tak-och-brandkrav\/\" \/>\n<meta property=\"og:locale\" content=\"sv_SE\" \/>\n<meta property=\"og:type\" content=\"article\" \/>\n<meta property=\"og:title\" content=\"Brandkrav f\u00f6r gr\u00f6na tak \u00bb Sedumtak med Broof(t2) Brandgodk\u00e4nnande\" \/>\n<meta property=\"og:description\" content=\"Gr\u00f6na tak, liksom alla andra tak, m\u00e5ste uppfylla brandkraven i byggreglerna. V\u00e5rt sedumtak \u00e4r Broof (t2) brandgodk\u00e4nt \u00bb L\u00e4s mer h\u00e4r!\" \/>\n<meta property=\"og:url\" content=\"https:\/\/natureimpact.com\/sv\/sedumtak\/grona-tak-och-brandkrav\/\" \/>\n<meta property=\"og:site_name\" content=\"Nature Impact\" \/>\n<meta property=\"article:modified_time\" content=\"2025-05-20T15:58:07+00:00\" \/>\n<meta property=\"og:image\" content=\"https:\/\/natureimpact.com\/wp-content\/uploads\/2023\/12\/NI_900px.png\" \/>\n\t<meta property=\"og:image:width\" content=\"929\" \/>\n\t<meta property=\"og:image:height\" content=\"841\" \/>\n\t<meta property=\"og:image:type\" content=\"image\/png\" \/>\n<meta name=\"twitter:card\" content=\"summary_large_image\" \/>\n<meta name=\"twitter:label1\" content=\"Ber\u00e4knad l\u00e4stid\" \/>\n\t<meta name=\"twitter:data1\" content=\"3 minuter\" \/>\n<script type=\"application\/ld+json\" class=\"yoast-schema-graph\">{\"@context\":\"https:\/\/schema.org\",\"@graph\":[{\"@type\":\"WebPage\",\"@id\":\"https:\/\/natureimpact.com\/sv\/sedumtak\/grona-tak-och-brandkrav\/\",\"url\":\"https:\/\/natureimpact.com\/sv\/sedumtak\/grona-tak-och-brandkrav\/\",\"name\":\"Brandkrav f\u00f6r gr\u00f6na tak \u00bb Sedumtak med Broof(t2) Brandgodk\u00e4nnande\",\"isPartOf\":{\"@id\":\"https:\/\/natureimpact.com\/sv\/#website\"},\"datePublished\":\"2024-05-20T06:22:20+00:00\",\"dateModified\":\"2025-05-20T15:58:07+00:00\",\"description\":\"Gr\u00f6na tak, liksom alla andra tak, m\u00e5ste uppfylla brandkraven i byggreglerna. V\u00e5rt sedumtak \u00e4r Broof (t2) brandgodk\u00e4nt \u00bb L\u00e4s mer h\u00e4r!\",\"breadcrumb\":{\"@id\":\"https:\/\/natureimpact.com\/sv\/sedumtak\/grona-tak-och-brandkrav\/#breadcrumb\"},\"inLanguage\":\"sv-SE\",\"potentialAction\":[{\"@type\":\"ReadAction\",\"target\":[\"https:\/\/natureimpact.com\/sv\/sedumtak\/grona-tak-och-brandkrav\/\"]}]},{\"@type\":\"BreadcrumbList\",\"@id\":\"https:\/\/natureimpact.com\/sv\/sedumtak\/grona-tak-och-brandkrav\/#breadcrumb\",\"itemListElement\":[{\"@type\":\"ListItem\",\"position\":1,\"name\":\"Hem\",\"item\":\"https:\/\/natureimpact.com\/sv\/\"},{\"@type\":\"ListItem\",\"position\":2,\"name\":\"Sedumtak\",\"item\":\"https:\/\/natureimpact.com\/sv\/sedumtak\/\"},{\"@type\":\"ListItem\",\"position\":3,\"name\":\"Gr\u00f6na tak och brandkrav\"}]},{\"@type\":\"WebSite\",\"@id\":\"https:\/\/natureimpact.com\/sv\/#website\",\"url\":\"https:\/\/natureimpact.com\/sv\/\",\"name\":\"Nature Impact\",\"description\":\"\",\"publisher\":{\"@id\":\"https:\/\/natureimpact.com\/sv\/#organization\"},\"potentialAction\":[{\"@type\":\"SearchAction\",\"target\":{\"@type\":\"EntryPoint\",\"urlTemplate\":\"https:\/\/natureimpact.com\/sv\/?s={search_term_string}\"},\"query-input\":{\"@type\":\"PropertyValueSpecification\",\"valueRequired\":true,\"valueName\":\"search_term_string\"}}],\"inLanguage\":\"sv-SE\"},{\"@type\":\"Organization\",\"@id\":\"https:\/\/natureimpact.com\/sv\/#organization\",\"name\":\"Nature Impact\",\"url\":\"https:\/\/natureimpact.com\/sv\/\",\"logo\":{\"@type\":\"ImageObject\",\"inLanguage\":\"sv-SE\",\"@id\":\"https:\/\/natureimpact.com\/sv\/#\/schema\/logo\/image\/\",\"url\":\"https:\/\/natureimpact.com\/wp-content\/uploads\/2025\/05\/NI_900px.png\",\"contentUrl\":\"https:\/\/natureimpact.com\/wp-content\/uploads\/2025\/05\/NI_900px.png\",\"width\":929,\"height\":841,\"caption\":\"Nature Impact\"},\"image\":{\"@id\":\"https:\/\/natureimpact.com\/sv\/#\/schema\/logo\/image\/\"}}]}<\/script>\n<!-- \/ Yoast SEO plugin. -->","yoast_head_json":{"title":"Brandkrav f\u00f6r gr\u00f6na tak \u00bb Sedumtak med Broof(t2) Brandgodk\u00e4nnande","description":"Gr\u00f6na tak, liksom alla andra tak, m\u00e5ste uppfylla brandkraven i byggreglerna. V\u00e5rt sedumtak \u00e4r Broof (t2) brandgodk\u00e4nt \u00bb L\u00e4s mer h\u00e4r!","robots":{"index":"index","follow":"follow","max-snippet":"max-snippet:-1","max-image-preview":"max-image-preview:large","max-video-preview":"max-video-preview:-1"},"canonical":"https:\/\/natureimpact.com\/sv\/sedumtak\/grona-tak-och-brandkrav\/","og_locale":"sv_SE","og_type":"article","og_title":"Brandkrav f\u00f6r gr\u00f6na tak \u00bb Sedumtak med Broof(t2) Brandgodk\u00e4nnande","og_description":"Gr\u00f6na tak, liksom alla andra tak, m\u00e5ste uppfylla brandkraven i byggreglerna. V\u00e5rt sedumtak \u00e4r Broof (t2) brandgodk\u00e4nt \u00bb L\u00e4s mer h\u00e4r!","og_url":"https:\/\/natureimpact.com\/sv\/sedumtak\/grona-tak-och-brandkrav\/","og_site_name":"Nature Impact","article_modified_time":"2025-05-20T15:58:07+00:00","og_image":[{"width":929,"height":841,"url":"https:\/\/natureimpact.com\/wp-content\/uploads\/2023\/12\/NI_900px.png","type":"image\/png"}],"twitter_card":"summary_large_image","twitter_misc":{"Ber\u00e4knad l\u00e4stid":"3 minuter"},"schema":{"@context":"https:\/\/schema.org","@graph":[{"@type":"WebPage","@id":"https:\/\/natureimpact.com\/sv\/sedumtak\/grona-tak-och-brandkrav\/","url":"https:\/\/natureimpact.com\/sv\/sedumtak\/grona-tak-och-brandkrav\/","name":"Brandkrav f\u00f6r gr\u00f6na tak \u00bb Sedumtak med Broof(t2) Brandgodk\u00e4nnande","isPartOf":{"@id":"https:\/\/natureimpact.com\/sv\/#website"},"datePublished":"2024-05-20T06:22:20+00:00","dateModified":"2025-05-20T15:58:07+00:00","description":"Gr\u00f6na tak, liksom alla andra tak, m\u00e5ste uppfylla brandkraven i byggreglerna. V\u00e5rt sedumtak \u00e4r Broof (t2) brandgodk\u00e4nt \u00bb L\u00e4s mer h\u00e4r!","breadcrumb":{"@id":"https:\/\/natureimpact.com\/sv\/sedumtak\/grona-tak-och-brandkrav\/#breadcrumb"},"inLanguage":"sv-SE","potentialAction":[{"@type":"ReadAction","target":["https:\/\/natureimpact.com\/sv\/sedumtak\/grona-tak-och-brandkrav\/"]}]},{"@type":"BreadcrumbList","@id":"https:\/\/natureimpact.com\/sv\/sedumtak\/grona-tak-och-brandkrav\/#breadcrumb","itemListElement":[{"@type":"ListItem","position":1,"name":"Hem","item":"https:\/\/natureimpact.com\/sv\/"},{"@type":"ListItem","position":2,"name":"Sedumtak","item":"https:\/\/natureimpact.com\/sv\/sedumtak\/"},{"@type":"ListItem","position":3,"name":"Gr\u00f6na tak och brandkrav"}]},{"@type":"WebSite","@id":"https:\/\/natureimpact.com\/sv\/#website","url":"https:\/\/natureimpact.com\/sv\/","name":"Nature Impact","description":"","publisher":{"@id":"https:\/\/natureimpact.com\/sv\/#organization"},"potentialAction":[{"@type":"SearchAction","target":{"@type":"EntryPoint","urlTemplate":"https:\/\/natureimpact.com\/sv\/?s={search_term_string}"},"query-input":{"@type":"PropertyValueSpecification","valueRequired":true,"valueName":"search_term_string"}}],"inLanguage":"sv-SE"},{"@type":"Organization","@id":"https:\/\/natureimpact.com\/sv\/#organization","name":"Nature Impact","url":"https:\/\/natureimpact.com\/sv\/","logo":{"@type":"ImageObject","inLanguage":"sv-SE","@id":"https:\/\/natureimpact.com\/sv\/#\/schema\/logo\/image\/","url":"https:\/\/natureimpact.com\/wp-content\/uploads\/2025\/05\/NI_900px.png","contentUrl":"https:\/\/natureimpact.com\/wp-content\/uploads\/2025\/05\/NI_900px.png","width":929,"height":841,"caption":"Nature Impact"},"image":{"@id":"https:\/\/natureimpact.com\/sv\/#\/schema\/logo\/image\/"}}]}},"_links":{"self":[{"href":"https:\/\/natureimpact.com\/sv\/wp-json\/wp\/v2\/pages\/4844","targetHints":{"allow":["GET"]}}],"collection":[{"href":"https:\/\/natureimpact.com\/sv\/wp-json\/wp\/v2\/pages"}],"about":[{"href":"https:\/\/natureimpact.com\/sv\/wp-json\/wp\/v2\/types\/page"}],"author":[{"embeddable":true,"href":"https:\/\/natureimpact.com\/sv\/wp-json\/wp\/v2\/users\/1"}],"replies":[{"embeddable":true,"href":"https:\/\/natureimpact.com\/sv\/wp-json\/wp\/v2\/comments?post=4844"}],"version-history":[{"count":13,"href":"https:\/\/natureimpact.com\/sv\/wp-json\/wp\/v2\/pages\/4844\/revisions"}],"predecessor-version":[{"id":8501,"href":"https:\/\/natureimpact.com\/sv\/wp-json\/wp\/v2\/pages\/4844\/revisions\/8501"}],"up":[{"embeddable":true,"href":"https:\/\/natureimpact.com\/sv\/wp-json\/wp\/v2\/pages\/4631"}],"wp:attachment":[{"href":"https:\/\/natureimpact.com\/sv\/wp-json\/wp\/v2\/media?parent=4844"}],"curies":[{"name":"wp","href":"https:\/\/api.w.org\/{rel}","templated":true}]}}