{"id":4818,"date":"2024-05-26T12:44:17","date_gmt":"2024-05-26T12:44:17","guid":{"rendered":"https:\/\/loving-ardinghelli.77-247-67-170.plesk.page\/?page_id=4818"},"modified":"2025-05-20T15:40:12","modified_gmt":"2025-05-20T15:40:12","slug":"for-och-nackdelar-med-grona-sedumtak","status":"publish","type":"page","link":"https:\/\/natureimpact.com\/sv\/sedumtak\/for-och-nackdelar-med-grona-sedumtak\/","title":{"rendered":"F\u00f6r- och nackdelar med gr\u00f6na sedumtak"},"content":{"rendered":"<h1>F\u00f6r- och nackdelar <br \/>med gr\u00f6na sedumtak<\/h1>\n<div>\n<p>Det finns b\u00e5de f\u00f6r- och nackdelar med sedumtak. Vi anser dock att f\u00f6rdelarna \u00f6verv\u00e4ger nackdelarna. Vattenretention, \u00f6kad biologisk m\u00e5ngfald och l\u00e4ngre livsl\u00e4ngd p\u00e5 din underliggande takpapp \u00e4r bara n\u00e5gra av de m\u00e5nga f\u00f6rdelar vid <a href=\"https:\/\/natureimpact.com\/sv\/sedumtak\/\">sedumtak<\/a> som du kan l\u00e4sa mer om nedan.<\/p>\n<\/div>\n<p><img decoding=\"async\" src=\"\/wp-content\/uploads\/2024\/04\/Gront-tag-Kobenhavn.jpg\" alt=\"\"><\/p>\n<div>\n<h2>F\u00f6rdelar med gr\u00f6na tak<br \/>\n<\/h2>\n<p>F\u00f6rdelarna \u00e4r m\u00e5nga, men det kan \u00e4nd\u00e5 vara en bra id\u00e9 att g\u00f6ra n\u00e5gra \u00f6verv\u00e4ganden innan du kastar dig in i att anv\u00e4nda sedumtak f\u00f6r ditt projekt. H\u00e4r har vi valt ut de viktigaste punkterna som f\u00f6rhoppningsvis kan hj\u00e4lpa dig p\u00e5 v\u00e4gen.\n<\/p>\n<h3>B\u00e4ttre trivsel med utsikt \u00f6ver gr\u00f6na tak<br \/>\n<\/h3>\n<p>V\u00e5ra sedumtak \u00e4r en klimat- och milj\u00f6v\u00e4nlig systeml\u00f6sning som ocks\u00e5 har en positiv effekt p\u00e5 v\u00e5rt v\u00e4lbefinnande. Under de senaste \u00e5ren har begreppet biofil design blivit mer och mer utbrett. Biofil design kan \u00f6ka m\u00e4nniskors v\u00e4lbefinnande genom att bland annat integrera naturen i kontorsmilj\u00f6er. De flesta tycker till exempel att det \u00e4r bekv\u00e4mare att ha utsikt \u00f6ver gr\u00f6na tak \u00e4n svarta takytor. Det minskar stressniv\u00e5erna och \u00f6kar livskvaliteten och arbetslivskvaliteten.\n<\/p>\n<h3>L\u00e4ngre livsl\u00e4ngd p\u00e5 din takpapp<br \/>\n<\/h3>\n<p>Gr\u00f6na tak har en l\u00e5ng livsl\u00e4ngd. Ett sedumtak ser bra ut \u00e5r efter \u00e5r och har en livsl\u00e4ngd p\u00e5 mer \u00e4n 50 \u00e5r med korrekt drift och underh\u00e5ll. Slutligen har ett gr\u00f6nt tak f\u00f6rdelen att det skyddar den underliggande takpappren fr\u00e5n solens nedbrytande UV-str\u00e5lar, vilket f\u00f6rl\u00e4nger kartongens livsl\u00e4ngd.\n<\/p>\n<h3>Vattenretention<\/h3>\n<p>Sedumtak kan absorbera stora m\u00e4ngder regnvatten och en av de st\u00f6rsta klimatutmaningarna vi st\u00e5r inf\u00f6r \u00e4r en \u00f6kande m\u00e4ngd nederb\u00f6rd. D\u00e4rf\u00f6r kan sedumtak vara en bra investering f\u00f6r framtiden, eftersom de \u00e4r s\u00e4rskilt bra p\u00e5 att h\u00e5lla kvar vatten och ett nytt s\u00e4tt att inf\u00f6rliva LOD (Local Drainage of Rainwater) i nya byggprojekt.\n<\/p>\n<p>Tester visar att v\u00e5rt 60 mm tak kan h\u00e5lla kvar 50 % av regnvattnet. P\u00e5 sommaren \u00e4r siffran mycket h\u00f6gre. D\u00e4rf\u00f6r \u00e4r ett gr\u00f6nt tak fr\u00e5n Nature Impact det f\u00f6rnuftiga och milj\u00f6v\u00e4nliga valet f\u00f6r framtidens klimat, s\u00e4rskilt f\u00f6r LAR-l\u00f6sningar.<\/p>\n<h3>Biodiversitet<\/h3>\n<p>\u00d6kad urbanisering f\u00f6rst\u00f6r insekternas livsmilj\u00f6er och s\u00e4tter press p\u00e5 den biologiska m\u00e5ngfalden. Insekter beh\u00f6ver gr\u00f6nomr\u00e5den, och med ett sedumtak etablerar du ett skafferi f\u00f6r insekterna. Flera studier visar ocks\u00e5 att sedumtak har en gynnsam effekt p\u00e5 den biologiska m\u00e5ngfalden i urbana milj\u00f6er.\n<\/p>\n<\/div>\n<p><img decoding=\"async\" src=\"\/wp-content\/uploads\/2024\/03\/Ridehal-beskaret.jpg\" alt=\"\"><\/p>\n<div>\n<h2>M\u00f6jliga nackdelar<br \/>\n<\/h2>\n<p>Trots de m\u00e5nga f\u00f6rdelarna med sedumtak finns det ocks\u00e5 n\u00e5gra m\u00f6jliga nackdelar. Vi har listat fyra faktorer som \u00e4r v\u00e4rda att ta h\u00e4nsyn till.\n<\/p>\n<h3>Installationen m\u00e5ste g\u00f6ras av fackm\u00e4n<br \/>\n<\/h3>\n<p>Som regel kan du inte installera ett sedumtak sj\u00e4lv. Det \u00e4r b\u00e4st att kontakta antingen din lokala takl\u00e4ggare eller snickare. De vet b\u00e4st \u2013 s\u00e5 vi rekommenderar att du inte sj\u00e4lv ger dig ut p\u00e5 att installera sedumtak.\n<\/p>\n<h3>Ett sedumtak \u00e4r inte alltid gr\u00f6nt \u2013 och \u00e4nd\u00e5<br \/>\n<\/h3>\n<p>Termen sedumtak och gr\u00f6na tak anv\u00e4nds omv\u00e4xlande f\u00f6r levande tak. Ett sedumtak \u00e4r dock i allm\u00e4nhet inte gr\u00f6nt \u00e5ret runt, utan f\u00f6r\u00e4ndras med \u00e5rstiden. Sedumen blommar och \u00e4r gr\u00f6n och frodig p\u00e5 v\u00e5ren och sommaren. P\u00e5 h\u00f6sten och vintern \u00e4ndrar v\u00e5rt vanliga sedumtak, Nature Roof, f\u00e4rg och blir r\u00f6daktigt som tr\u00e4den i skogen. Om du vill ha ett gr\u00f6nt sedumtak \u00e5ret runt ska du v\u00e4lja v\u00e5rt Evergreen Roof, som \u00e4r tillverkat av sedumsorter som alltid \u00e4r gr\u00f6na.\n<\/p>\n<h3>Priser p\u00e5 sedumtak<br \/>\n<\/h3>\n<p>Priset p\u00e5 ett sedumtak kan variera mycket och beror naturligtvis fr\u00e4mst p\u00e5 projektets storlek och installationskostnaden. Vi f\u00f6rs\u00f6ker alltid hitta den b\u00e4sta l\u00f6sningen i samarbete med v\u00e5ra kunder och samarbetar \u00e4ven med duktiga takl\u00e4ggare som kan hantera installationsarbetet.\n<\/p>\n<p>Om du redan har lagt ett takpapptak och lagt ett sedumtak ovanp\u00e5, kommer det att f\u00f6rl\u00e4nga livsl\u00e4ngden p\u00e5 din takpapp avsev\u00e4rt. D\u00e4rf\u00f6r kan ett sedumtak vara en riktigt bra investering och l\u00f6na sig i l\u00e4ngden, trots installationskostnaden.\n<\/p>\n<h3>Mindre plats f\u00f6r solceller<br \/>\n<\/h3>\n<p>M\u00e5nga tror att om man v\u00e4ljer sedumtak s\u00e5 kommer man inte ha tillr\u00e4ckligt med takyta kvar f\u00f6r solceller. Men du kan f\u00e5 b\u00e5da. Sj\u00e4lvklart kommer solcellerna att ta en del plats fr\u00e5n sedumtaket, men i sj\u00e4lva verket \u00e4r de tv\u00e5 goda v\u00e4nner. Med ett sedumtak beh\u00f6ver dina solceller inte anv\u00e4nda lika mycket energi p\u00e5 kylning, och du f\u00e5r d\u00e4rmed effektivare solceller.\n<\/p>\n<\/div>\n<p><p>\n        <a href=\"\/sv\/sedumtak\/\">L\u00e4s mer om v\u00e5ra sedumtak<\/a>\n    <\/p>\n<\/p>\n<hr>\n<p><!--more--><br \/>\n<!-- {\"type\":\"layout\",\"children\":[{\"name\":\"About\",\"type\":\"section\",\"props\":{\"header_transparent\":false,\"height\":\"viewport\",\"image\":\"wp-content\\\/uploads\\\/2024\\\/03\\\/Vejle_psyk_2.jpg\",\"image_position\":\"center-center\",\"image_size\":\"cover\",\"padding\":\"large\",\"padding_remove_top\":false,\"preserve_color\":false,\"sticky\":\"cover\",\"style\":\"default\",\"title_breakpoint\":\"xl\",\"title_position\":\"top-left\",\"title_rotation\":\"left\",\"vertical_align\":\"middle\",\"width\":\"large\"},\"children\":[{\"type\":\"row\",\"children\":[{\"type\":\"column\",\"props\":{\"image_position\":\"center-center\",\"position_sticky_breakpoint\":\"m\",\"width_medium\":\"1-1\"},\"children\":[{\"type\":\"headline\",\"props\":{\"content\":\"F\\u00f6r- och nackdelar <br \\\/>med gr\\u00f6na sedumtak\",\"text_align\":\"left\",\"title_color\":\"secondary\",\"title_element\":\"h1\",\"title_style\":\"heading-small\"}}]}]}]},{\"type\":\"section\",\"props\":{\"image_position\":\"center-center\",\"padding\":\"large\",\"padding_remove_bottom\":true,\"style\":\"default\",\"title_breakpoint\":\"xl\",\"title_position\":\"top-left\",\"title_rotation\":\"left\",\"vertical_align\":\"\",\"width\":\"default\"},\"children\":[{\"type\":\"row\",\"children\":[{\"type\":\"column\",\"props\":{\"image_position\":\"center-center\",\"position_sticky_breakpoint\":\"m\"},\"children\":[{\"type\":\"text\",\"props\":{\"column_breakpoint\":\"m\",\"content\":\"\n\n<p>Det finns b\\u00e5de f\\u00f6r- och nackdelar med sedumtak. Vi anser dock att f\\u00f6rdelarna \\u00f6verv\\u00e4ger nackdelarna. Vattenretention, \\u00f6kad biologisk m\\u00e5ngfald och l\\u00e4ngre livsl\\u00e4ngd p\\u00e5 din underliggande takpapp \\u00e4r bara n\\u00e5gra av de m\\u00e5nga f\\u00f6rdelar vid <a href=\\\"https:\\\/\\\/natureimpact.com\\\/sv\\\/sedumtak\\\/\\\">sedumtak<\\\/a> som du kan l\\u00e4sa mer om nedan.<\\\/p>\",\"margin\":\"medium\",\"maxwidth\":\"xlarge\",\"text_color\":\"emphasis\",\"text_style\":\"large\"}}]}]}]},{\"name\":\"Team\",\"type\":\"section\",\"props\":{\"animation\":\"fade\",\"animation_delay\":\"200\",\"image_position\":\"center-center\",\"image_size\":\"cover\",\"padding_remove_top\":false,\"style\":\"default\",\"title_breakpoint\":\"xl\",\"title_position\":\"top-left\",\"title_rotation\":\"left\",\"vertical_align\":\"\",\"width\":\"default\"},\"children\":[{\"type\":\"row\",\"children\":[{\"type\":\"column\",\"props\":{\"image_position\":\"center-center\",\"position_sticky_breakpoint\":\"m\",\"width_medium\":\"1-1\"},\"children\":[{\"type\":\"image\",\"props\":{\"animation\":\"parallax\",\"image\":\"wp-content\\\/uploads\\\/2024\\\/04\\\/Gront-tag-Kobenhavn.jpg\",\"image_box_decoration\":\"default\",\"image_box_shadow\":\"large\",\"image_svg_color\":\"emphasis\",\"margin\":\"default\",\"parallax_scale\":\"0.7 0%,1 31%\",\"text_align\":\"center\"}},{\"type\":\"text\",\"props\":{\"animation\":\"scale-up\",\"column\":\"1-2\",\"column_breakpoint\":\"m\",\"column_divider\":true,\"content\":\"\n\n<h2>F\\u00f6rdelar med gr\\u00f6na tak\\n<\\\/h2>\\n\n\n<p>F\\u00f6rdelarna \\u00e4r m\\u00e5nga, men det kan \\u00e4nd\\u00e5 vara en bra id\\u00e9 att g\\u00f6ra n\\u00e5gra \\u00f6verv\\u00e4ganden innan du kastar dig in i att anv\\u00e4nda sedumtak f\\u00f6r ditt projekt. H\\u00e4r har vi valt ut de viktigaste punkterna som f\\u00f6rhoppningsvis kan hj\\u00e4lpa dig p\\u00e5 v\\u00e4gen.\\n<\\\/p>\\n\n\n<h3>B\\u00e4ttre trivsel med utsikt \\u00f6ver gr\\u00f6na tak\\n<\\\/h3>\\n\n\n<p>V\\u00e5ra sedumtak \\u00e4r en klimat- och milj\\u00f6v\\u00e4nlig systeml\\u00f6sning som ocks\\u00e5 har en positiv effekt p\\u00e5 v\\u00e5rt v\\u00e4lbefinnande. Under de senaste \\u00e5ren har begreppet biofil design blivit mer och mer utbrett. Biofil design kan \\u00f6ka m\\u00e4nniskors v\\u00e4lbefinnande genom att bland annat integrera naturen i kontorsmilj\\u00f6er. De flesta tycker till exempel att det \\u00e4r bekv\\u00e4mare att ha utsikt \\u00f6ver gr\\u00f6na tak \\u00e4n svarta takytor. Det minskar stressniv\\u00e5erna och \\u00f6kar livskvaliteten och arbetslivskvaliteten.\\n<\\\/p>\\n\n\n<h3>L\\u00e4ngre livsl\\u00e4ngd p\\u00e5 din takpapp\\n<\\\/h3>\\n\n\n<p>Gr\\u00f6na tak har en l\\u00e5ng livsl\\u00e4ngd. Ett sedumtak ser bra ut \\u00e5r efter \\u00e5r och har en livsl\\u00e4ngd p\\u00e5 mer \\u00e4n 50 \\u00e5r med korrekt drift och underh\\u00e5ll. Slutligen har ett gr\\u00f6nt tak f\\u00f6rdelen att det skyddar den underliggande takpappren fr\\u00e5n solens nedbrytande UV-str\\u00e5lar, vilket f\\u00f6rl\\u00e4nger kartongens livsl\\u00e4ngd.\\n<\\\/p>\\n\n\n<h3>Vattenretention<\\\/h3>\\n\n\n<p>Sedumtak kan absorbera stora m\\u00e4ngder regnvatten och en av de st\\u00f6rsta klimatutmaningarna vi st\\u00e5r inf\\u00f6r \\u00e4r en \\u00f6kande m\\u00e4ngd nederb\\u00f6rd. D\\u00e4rf\\u00f6r kan sedumtak vara en bra investering f\\u00f6r framtiden, eftersom de \\u00e4r s\\u00e4rskilt bra p\\u00e5 att h\\u00e5lla kvar vatten och ett nytt s\\u00e4tt att inf\\u00f6rliva LOD (Local Drainage of Rainwater) i nya byggprojekt.\\n<\\\/p>\\n\n\n<p>Tester visar att v\\u00e5rt 60 mm tak kan h\\u00e5lla kvar 50 % av regnvattnet. P\\u00e5 sommaren \\u00e4r siffran mycket h\\u00f6gre. D\\u00e4rf\\u00f6r \\u00e4r ett gr\\u00f6nt tak fr\\u00e5n Nature Impact det f\\u00f6rnuftiga och milj\\u00f6v\\u00e4nliga valet f\\u00f6r framtidens klimat, s\\u00e4rskilt f\\u00f6r LAR-l\\u00f6sningar.<\\\/p>\\n\n\n<h3>Biodiversitet<\\\/h3>\\n\n\n<p>\\u00d6kad urbanisering f\\u00f6rst\\u00f6r insekternas livsmilj\\u00f6er och s\\u00e4tter press p\\u00e5 den biologiska m\\u00e5ngfalden. Insekter beh\\u00f6ver gr\\u00f6nomr\\u00e5den, och med ett sedumtak etablerar du ett skafferi f\\u00f6r insekterna. Flera studier visar ocks\\u00e5 att sedumtak har en gynnsam effekt p\\u00e5 den biologiska m\\u00e5ngfalden i urbana milj\\u00f6er.\\n<\\\/p>\",\"margin\":\"large\"}}]}]}]},{\"name\":\"Team\",\"type\":\"section\",\"props\":{\"animation\":\"fade\",\"animation_delay\":\"200\",\"image_position\":\"center-center\",\"image_size\":\"cover\",\"padding_remove_top\":false,\"style\":\"default\",\"title_breakpoint\":\"xl\",\"title_position\":\"top-left\",\"title_rotation\":\"left\",\"vertical_align\":\"\",\"width\":\"default\"},\"children\":[{\"type\":\"row\",\"children\":[{\"type\":\"column\",\"props\":{\"image_position\":\"center-center\",\"position_sticky_breakpoint\":\"m\",\"width_medium\":\"1-1\"},\"children\":[{\"type\":\"image\",\"props\":{\"animation\":\"parallax\",\"image\":\"wp-content\\\/uploads\\\/2024\\\/03\\\/Ridehal-beskaret.jpg\",\"image_box_decoration\":\"secondary\",\"image_box_shadow\":\"large\",\"image_svg_color\":\"emphasis\",\"margin\":\"default\",\"parallax_scale\":\"0.7 0%,1 31%\",\"text_align\":\"center\"}},{\"type\":\"text\",\"props\":{\"animation\":\"scale-up\",\"column\":\"1-2\",\"column_breakpoint\":\"m\",\"column_divider\":true,\"content\":\"\n\n<h2>M\\u00f6jliga nackdelar\\n<\\\/h2>\\n\n\n<p>Trots de m\\u00e5nga f\\u00f6rdelarna med sedumtak finns det ocks\\u00e5 n\\u00e5gra m\\u00f6jliga nackdelar. Vi har listat fyra faktorer som \\u00e4r v\\u00e4rda att ta h\\u00e4nsyn till.\\n<\\\/p>\\n\n\n<h3>Installationen m\\u00e5ste g\\u00f6ras av fackm\\u00e4n\\n<\\\/h3>\\n\n\n<p>Som regel kan du inte installera ett sedumtak sj\\u00e4lv. Det \\u00e4r b\\u00e4st att kontakta antingen din lokala takl\\u00e4ggare eller snickare. De vet b\\u00e4st \\u2013 s\\u00e5 vi rekommenderar att du inte sj\\u00e4lv ger dig ut p\\u00e5 att installera sedumtak.\\n<\\\/p>\\n\n\n<h3>Ett sedumtak \\u00e4r inte alltid gr\\u00f6nt \\u2013 och \\u00e4nd\\u00e5\\n<\\\/h3>\\n\n\n<p>Termen sedumtak och gr\\u00f6na tak anv\\u00e4nds omv\\u00e4xlande f\\u00f6r levande tak. Ett sedumtak \\u00e4r dock i allm\\u00e4nhet inte gr\\u00f6nt \\u00e5ret runt, utan f\\u00f6r\\u00e4ndras med \\u00e5rstiden. Sedumen blommar och \\u00e4r gr\\u00f6n och frodig p\\u00e5 v\\u00e5ren och sommaren. P\\u00e5 h\\u00f6sten och vintern \\u00e4ndrar v\\u00e5rt vanliga sedumtak, Nature Roof, f\\u00e4rg och blir r\\u00f6daktigt som tr\\u00e4den i skogen. Om du vill ha ett gr\\u00f6nt sedumtak \\u00e5ret runt ska du v\\u00e4lja v\\u00e5rt Evergreen Roof, som \\u00e4r tillverkat av sedumsorter som alltid \\u00e4r gr\\u00f6na.\\n<\\\/p>\\n\n\n<h3>Priser p\\u00e5 sedumtak\\n<\\\/h3>\\n\n\n<p>Priset p\\u00e5 ett sedumtak kan variera mycket och beror naturligtvis fr\\u00e4mst p\\u00e5 projektets storlek och installationskostnaden. Vi f\\u00f6rs\\u00f6ker alltid hitta den b\\u00e4sta l\\u00f6sningen i samarbete med v\\u00e5ra kunder och samarbetar \\u00e4ven med duktiga takl\\u00e4ggare som kan hantera installationsarbetet.\\n<\\\/p>\\n\n\n<p>Om du redan har lagt ett takpapptak och lagt ett sedumtak ovanp\\u00e5, kommer det att f\\u00f6rl\\u00e4nga livsl\\u00e4ngden p\\u00e5 din takpapp avsev\\u00e4rt. D\\u00e4rf\\u00f6r kan ett sedumtak vara en riktigt bra investering och l\\u00f6na sig i l\\u00e4ngden, trots installationskostnaden.\\n<\\\/p>\\n\n\n<h3>Mindre plats f\\u00f6r solceller\\n<\\\/h3>\\n\n\n<p>M\\u00e5nga tror att om man v\\u00e4ljer sedumtak s\\u00e5 kommer man inte ha tillr\\u00e4ckligt med takyta kvar f\\u00f6r solceller. Men du kan f\\u00e5 b\\u00e5da. Sj\\u00e4lvklart kommer solcellerna att ta en del plats fr\\u00e5n sedumtaket, men i sj\\u00e4lva verket \\u00e4r de tv\\u00e5 goda v\\u00e4nner. Med ett sedumtak beh\\u00f6ver dina solceller inte anv\\u00e4nda lika mycket energi p\\u00e5 kylning, och du f\\u00e5r d\\u00e4rmed effektivare solceller.\\n<\\\/p>\",\"margin\":\"large\"}},{\"type\":\"button\",\"props\":{\"grid_column_gap\":\"small\",\"grid_row_gap\":\"small\",\"margin\":\"default\"},\"children\":[{\"type\":\"button_item\",\"props\":{\"button_style\":\"default\",\"content\":\"L\\u00e4s mer om v\\u00e5ra sedumtak\",\"dialog_layout\":\"modal\",\"dialog_offcanvas_flip\":true,\"icon_align\":\"left\",\"link\":\"sv\\\/sedumtak\\\/\",\"link_title\":\"L\\u00e4s mer om v\\u00e5ra sedumtak\"}}]}]}]}]},{\"type\":\"section\",\"props\":{\"image_position\":\"center-center\",\"padding\":\"xsmall\",\"style\":\"primary\",\"title_breakpoint\":\"xl\",\"title_position\":\"top-left\",\"title_rotation\":\"left\",\"vertical_align\":\"middle\",\"width\":\"default\"},\"children\":[{\"type\":\"row\",\"children\":[{\"type\":\"column\",\"props\":{\"image_position\":\"center-center\",\"position_sticky_breakpoint\":\"m\"},\"children\":[{\"type\":\"breadcrumbs\",\"props\":{\"show_current\":true,\"show_home\":true,\"text_align\":\"right\"}},{\"type\":\"divider\",\"props\":{\"divider_element\":\"hr\"}}]}]}],\"name\":\"Br\\u00f8dkrumme over footer\"}],\"version\":\"4.5.5\"} --><\/p>\n","protected":false},"excerpt":{"rendered":"<p>F\u00f6r- och nackdelar med gr\u00f6na sedumtak Det finns b\u00e5de f\u00f6r- och nackdelar med sedumtak. Vi anser dock att f\u00f6rdelarna \u00f6verv\u00e4ger nackdelarna. Vattenretention, \u00f6kad biologisk m\u00e5ngfald och l\u00e4ngre livsl\u00e4ngd p\u00e5 din underliggande takpapp \u00e4r bara n\u00e5gra av de m\u00e5nga f\u00f6rdelar vid sedumtak som du kan l\u00e4sa mer om nedan. F\u00f6rdelar med gr\u00f6na tak F\u00f6rdelarna \u00e4r m\u00e5nga, [&hellip;]<\/p>\n","protected":false},"author":1,"featured_media":0,"parent":4631,"menu_order":0,"comment_status":"closed","ping_status":"closed","template":"","meta":{"_acf_changed":false,"footnotes":""},"class_list":["post-4818","page","type-page","status-publish","hentry"],"acf":[],"yoast_head":"<!-- This site is optimized with the Yoast SEO plugin v26.6 - https:\/\/yoast.com\/wordpress\/plugins\/seo\/ -->\n<title>4 f\u00f6rdelar och 4 nackdelar med gr\u00f6na sedumtak \u00bb L\u00e4s dem h\u00e4r!<\/title>\n<meta name=\"description\" content=\"Det finns m\u00e5nga f\u00f6rdelar med gr\u00f6na tak - och \u00e4ven n\u00e5gra nackdelar \u00bb \u00c4r ett sedumtak r\u00e4tt l\u00f6sning f\u00f6r dig? L\u00e4s om f\u00f6r- och nackdelar h\u00e4r!\" \/>\n<meta name=\"robots\" content=\"index, follow, max-snippet:-1, max-image-preview:large, max-video-preview:-1\" \/>\n<link rel=\"canonical\" href=\"https:\/\/natureimpact.com\/sv\/sedumtak\/for-och-nackdelar-med-grona-sedumtak\/\" \/>\n<meta property=\"og:locale\" content=\"sv_SE\" \/>\n<meta property=\"og:type\" content=\"article\" \/>\n<meta property=\"og:title\" content=\"4 f\u00f6rdelar och 4 nackdelar med gr\u00f6na sedumtak \u00bb L\u00e4s dem h\u00e4r!\" \/>\n<meta property=\"og:description\" content=\"Det finns m\u00e5nga f\u00f6rdelar med gr\u00f6na tak - och \u00e4ven n\u00e5gra nackdelar \u00bb \u00c4r ett sedumtak r\u00e4tt l\u00f6sning f\u00f6r dig? L\u00e4s om f\u00f6r- och nackdelar h\u00e4r!\" \/>\n<meta property=\"og:url\" content=\"https:\/\/natureimpact.com\/sv\/sedumtak\/for-och-nackdelar-med-grona-sedumtak\/\" \/>\n<meta property=\"og:site_name\" content=\"Nature Impact\" \/>\n<meta property=\"article:modified_time\" content=\"2025-05-20T15:40:12+00:00\" \/>\n<meta property=\"og:image\" content=\"https:\/\/natureimpact.com\/wp-content\/uploads\/2023\/12\/NI_900px.png\" \/>\n\t<meta property=\"og:image:width\" content=\"929\" \/>\n\t<meta property=\"og:image:height\" content=\"841\" \/>\n\t<meta property=\"og:image:type\" content=\"image\/png\" \/>\n<meta name=\"twitter:card\" content=\"summary_large_image\" \/>\n<meta name=\"twitter:label1\" content=\"Ber\u00e4knad l\u00e4stid\" \/>\n\t<meta name=\"twitter:data1\" content=\"5 minuter\" \/>\n<script type=\"application\/ld+json\" class=\"yoast-schema-graph\">{\"@context\":\"https:\/\/schema.org\",\"@graph\":[{\"@type\":\"WebPage\",\"@id\":\"https:\/\/natureimpact.com\/sv\/sedumtak\/for-och-nackdelar-med-grona-sedumtak\/\",\"url\":\"https:\/\/natureimpact.com\/sv\/sedumtak\/for-och-nackdelar-med-grona-sedumtak\/\",\"name\":\"4 f\u00f6rdelar och 4 nackdelar med gr\u00f6na sedumtak \u00bb L\u00e4s dem h\u00e4r!\",\"isPartOf\":{\"@id\":\"https:\/\/natureimpact.com\/sv\/#website\"},\"datePublished\":\"2024-05-26T12:44:17+00:00\",\"dateModified\":\"2025-05-20T15:40:12+00:00\",\"description\":\"Det finns m\u00e5nga f\u00f6rdelar med gr\u00f6na tak - och \u00e4ven n\u00e5gra nackdelar \u00bb \u00c4r ett sedumtak r\u00e4tt l\u00f6sning f\u00f6r dig? L\u00e4s om f\u00f6r- och nackdelar h\u00e4r!\",\"breadcrumb\":{\"@id\":\"https:\/\/natureimpact.com\/sv\/sedumtak\/for-och-nackdelar-med-grona-sedumtak\/#breadcrumb\"},\"inLanguage\":\"sv-SE\",\"potentialAction\":[{\"@type\":\"ReadAction\",\"target\":[\"https:\/\/natureimpact.com\/sv\/sedumtak\/for-och-nackdelar-med-grona-sedumtak\/\"]}]},{\"@type\":\"BreadcrumbList\",\"@id\":\"https:\/\/natureimpact.com\/sv\/sedumtak\/for-och-nackdelar-med-grona-sedumtak\/#breadcrumb\",\"itemListElement\":[{\"@type\":\"ListItem\",\"position\":1,\"name\":\"Hem\",\"item\":\"https:\/\/natureimpact.com\/sv\/\"},{\"@type\":\"ListItem\",\"position\":2,\"name\":\"Sedumtak\",\"item\":\"https:\/\/natureimpact.com\/sv\/sedumtak\/\"},{\"@type\":\"ListItem\",\"position\":3,\"name\":\"F\u00f6r- och nackdelar med gr\u00f6na sedumtak\"}]},{\"@type\":\"WebSite\",\"@id\":\"https:\/\/natureimpact.com\/sv\/#website\",\"url\":\"https:\/\/natureimpact.com\/sv\/\",\"name\":\"Nature Impact\",\"description\":\"\",\"publisher\":{\"@id\":\"https:\/\/natureimpact.com\/sv\/#organization\"},\"potentialAction\":[{\"@type\":\"SearchAction\",\"target\":{\"@type\":\"EntryPoint\",\"urlTemplate\":\"https:\/\/natureimpact.com\/sv\/?s={search_term_string}\"},\"query-input\":{\"@type\":\"PropertyValueSpecification\",\"valueRequired\":true,\"valueName\":\"search_term_string\"}}],\"inLanguage\":\"sv-SE\"},{\"@type\":\"Organization\",\"@id\":\"https:\/\/natureimpact.com\/sv\/#organization\",\"name\":\"Nature Impact\",\"url\":\"https:\/\/natureimpact.com\/sv\/\",\"logo\":{\"@type\":\"ImageObject\",\"inLanguage\":\"sv-SE\",\"@id\":\"https:\/\/natureimpact.com\/sv\/#\/schema\/logo\/image\/\",\"url\":\"https:\/\/natureimpact.com\/wp-content\/uploads\/2025\/05\/NI_900px.png\",\"contentUrl\":\"https:\/\/natureimpact.com\/wp-content\/uploads\/2025\/05\/NI_900px.png\",\"width\":929,\"height\":841,\"caption\":\"Nature Impact\"},\"image\":{\"@id\":\"https:\/\/natureimpact.com\/sv\/#\/schema\/logo\/image\/\"}}]}<\/script>\n<!-- \/ Yoast SEO plugin. -->","yoast_head_json":{"title":"4 f\u00f6rdelar och 4 nackdelar med gr\u00f6na sedumtak \u00bb L\u00e4s dem h\u00e4r!","description":"Det finns m\u00e5nga f\u00f6rdelar med gr\u00f6na tak - och \u00e4ven n\u00e5gra nackdelar \u00bb \u00c4r ett sedumtak r\u00e4tt l\u00f6sning f\u00f6r dig? L\u00e4s om f\u00f6r- och nackdelar h\u00e4r!","robots":{"index":"index","follow":"follow","max-snippet":"max-snippet:-1","max-image-preview":"max-image-preview:large","max-video-preview":"max-video-preview:-1"},"canonical":"https:\/\/natureimpact.com\/sv\/sedumtak\/for-och-nackdelar-med-grona-sedumtak\/","og_locale":"sv_SE","og_type":"article","og_title":"4 f\u00f6rdelar och 4 nackdelar med gr\u00f6na sedumtak \u00bb L\u00e4s dem h\u00e4r!","og_description":"Det finns m\u00e5nga f\u00f6rdelar med gr\u00f6na tak - och \u00e4ven n\u00e5gra nackdelar \u00bb \u00c4r ett sedumtak r\u00e4tt l\u00f6sning f\u00f6r dig? L\u00e4s om f\u00f6r- och nackdelar h\u00e4r!","og_url":"https:\/\/natureimpact.com\/sv\/sedumtak\/for-och-nackdelar-med-grona-sedumtak\/","og_site_name":"Nature Impact","article_modified_time":"2025-05-20T15:40:12+00:00","og_image":[{"width":929,"height":841,"url":"https:\/\/natureimpact.com\/wp-content\/uploads\/2023\/12\/NI_900px.png","type":"image\/png"}],"twitter_card":"summary_large_image","twitter_misc":{"Ber\u00e4knad l\u00e4stid":"5 minuter"},"schema":{"@context":"https:\/\/schema.org","@graph":[{"@type":"WebPage","@id":"https:\/\/natureimpact.com\/sv\/sedumtak\/for-och-nackdelar-med-grona-sedumtak\/","url":"https:\/\/natureimpact.com\/sv\/sedumtak\/for-och-nackdelar-med-grona-sedumtak\/","name":"4 f\u00f6rdelar och 4 nackdelar med gr\u00f6na sedumtak \u00bb L\u00e4s dem h\u00e4r!","isPartOf":{"@id":"https:\/\/natureimpact.com\/sv\/#website"},"datePublished":"2024-05-26T12:44:17+00:00","dateModified":"2025-05-20T15:40:12+00:00","description":"Det finns m\u00e5nga f\u00f6rdelar med gr\u00f6na tak - och \u00e4ven n\u00e5gra nackdelar \u00bb \u00c4r ett sedumtak r\u00e4tt l\u00f6sning f\u00f6r dig? L\u00e4s om f\u00f6r- och nackdelar h\u00e4r!","breadcrumb":{"@id":"https:\/\/natureimpact.com\/sv\/sedumtak\/for-och-nackdelar-med-grona-sedumtak\/#breadcrumb"},"inLanguage":"sv-SE","potentialAction":[{"@type":"ReadAction","target":["https:\/\/natureimpact.com\/sv\/sedumtak\/for-och-nackdelar-med-grona-sedumtak\/"]}]},{"@type":"BreadcrumbList","@id":"https:\/\/natureimpact.com\/sv\/sedumtak\/for-och-nackdelar-med-grona-sedumtak\/#breadcrumb","itemListElement":[{"@type":"ListItem","position":1,"name":"Hem","item":"https:\/\/natureimpact.com\/sv\/"},{"@type":"ListItem","position":2,"name":"Sedumtak","item":"https:\/\/natureimpact.com\/sv\/sedumtak\/"},{"@type":"ListItem","position":3,"name":"F\u00f6r- och nackdelar med gr\u00f6na sedumtak"}]},{"@type":"WebSite","@id":"https:\/\/natureimpact.com\/sv\/#website","url":"https:\/\/natureimpact.com\/sv\/","name":"Nature Impact","description":"","publisher":{"@id":"https:\/\/natureimpact.com\/sv\/#organization"},"potentialAction":[{"@type":"SearchAction","target":{"@type":"EntryPoint","urlTemplate":"https:\/\/natureimpact.com\/sv\/?s={search_term_string}"},"query-input":{"@type":"PropertyValueSpecification","valueRequired":true,"valueName":"search_term_string"}}],"inLanguage":"sv-SE"},{"@type":"Organization","@id":"https:\/\/natureimpact.com\/sv\/#organization","name":"Nature Impact","url":"https:\/\/natureimpact.com\/sv\/","logo":{"@type":"ImageObject","inLanguage":"sv-SE","@id":"https:\/\/natureimpact.com\/sv\/#\/schema\/logo\/image\/","url":"https:\/\/natureimpact.com\/wp-content\/uploads\/2025\/05\/NI_900px.png","contentUrl":"https:\/\/natureimpact.com\/wp-content\/uploads\/2025\/05\/NI_900px.png","width":929,"height":841,"caption":"Nature Impact"},"image":{"@id":"https:\/\/natureimpact.com\/sv\/#\/schema\/logo\/image\/"}}]}},"_links":{"self":[{"href":"https:\/\/natureimpact.com\/sv\/wp-json\/wp\/v2\/pages\/4818","targetHints":{"allow":["GET"]}}],"collection":[{"href":"https:\/\/natureimpact.com\/sv\/wp-json\/wp\/v2\/pages"}],"about":[{"href":"https:\/\/natureimpact.com\/sv\/wp-json\/wp\/v2\/types\/page"}],"author":[{"embeddable":true,"href":"https:\/\/natureimpact.com\/sv\/wp-json\/wp\/v2\/users\/1"}],"replies":[{"embeddable":true,"href":"https:\/\/natureimpact.com\/sv\/wp-json\/wp\/v2\/comments?post=4818"}],"version-history":[{"count":9,"href":"https:\/\/natureimpact.com\/sv\/wp-json\/wp\/v2\/pages\/4818\/revisions"}],"predecessor-version":[{"id":8487,"href":"https:\/\/natureimpact.com\/sv\/wp-json\/wp\/v2\/pages\/4818\/revisions\/8487"}],"up":[{"embeddable":true,"href":"https:\/\/natureimpact.com\/sv\/wp-json\/wp\/v2\/pages\/4631"}],"wp:attachment":[{"href":"https:\/\/natureimpact.com\/sv\/wp-json\/wp\/v2\/media?parent=4818"}],"curies":[{"name":"wp","href":"https:\/\/api.w.org\/{rel}","templated":true}]}}