{"id":4678,"date":"2024-03-21T08:12:58","date_gmt":"2024-03-21T08:12:58","guid":{"rendered":"https:\/\/loving-ardinghelli.77-247-67-170.plesk.page\/?page_id=4678"},"modified":"2025-05-20T15:30:27","modified_gmt":"2025-05-20T15:30:27","slug":"drift-och-underhaall","status":"publish","type":"page","link":"https:\/\/natureimpact.com\/sv\/sedumtak\/drift-och-underhaall\/","title":{"rendered":"Drift och underh\u00e5ll"},"content":{"rendered":"<h1>DRIFT OCH UNDERH\u00c5LL AV DITT SEDUMTAK<\/h1>\n<div>\n<p>F\u00f6r att beh\u00e5lla garantin p\u00e5 ditt <a href=\"https:\/\/natureimpact.com\/sv\/sedumtak\/\">sedumtak fr\u00e5n Nature Impact<\/a> m\u00e5ste du slutf\u00f6ra och dokumentera drift och underh\u00e5ll. Det kan du g\u00f6ra nedan. Underh\u00e5llsplanen fylls i tv\u00e5 g\u00e5nger om \u00e5ret f\u00f6r att uppr\u00e4tth\u00e5lla den 5-\u00e5riga garantin.<\/p>\n<p>Vill du veta mer om drift och underh\u00e5ll av ditt sedumtak kan du <a href=\"\/pdf\/se\/D&amp;U_2024_SE.pdf\">ladda ner v\u00e5r drift- och underh\u00e5llsplan h\u00e4r.<\/a><\/p>\n<\/div>\n<div>\n<p>    <script src=\"https:\/\/www.cognitoforms.com\/f\/seamless.js\" data-key=\"Rit41ugChUecoVYKMoXKcQ\" data-form=\"16\"><\/script>\n<\/div>\n<hr>\n<p><!--more--><br \/>\n<!-- {\"type\":\"layout\",\"children\":[{\"type\":\"section\",\"props\":{\"height\":\"pixels\",\"height_viewport\":600,\"image\":\"wp-content\\\/uploads\\\/2024\\\/04\\\/Gront-tag-Kobenhavn.jpg\",\"image_effect\":\"fixed\",\"image_position\":\"center-center\",\"image_size\":\"cover\",\"padding\":\"large\",\"padding_remove_horizontal\":true,\"style\":\"default\",\"title_breakpoint\":\"xl\",\"title_position\":\"top-left\",\"title_rotation\":\"left\",\"vertical_align\":\"middle\",\"width\":\"default\"},\"children\":[{\"type\":\"row\",\"children\":[{\"type\":\"column\",\"props\":{\"image_position\":\"center-center\",\"position_sticky_breakpoint\":\"m\"}}]}]},{\"type\":\"section\",\"props\":{\"image\":\"wp-content\\\/uploads\\\/2023\\\/12\\\/NI_White.svg\",\"image_position\":\"center-center\",\"image_size\":\"cover\",\"style\":\"default\",\"title_breakpoint\":\"xl\",\"title_position\":\"top-left\",\"title_rotation\":\"left\",\"vertical_align\":\"\",\"width\":\"small\"},\"children\":[{\"type\":\"row\",\"children\":[{\"type\":\"column\",\"props\":{\"image_position\":\"center-center\",\"position_sticky_breakpoint\":\"m\"},\"children\":[{\"type\":\"fragment\",\"props\":{\"animation\":\"parallax\",\"margin\":\"default\",\"parallax_y\":\"-290,-290\"},\"children\":[{\"type\":\"row\",\"props\":{\"column_gap\":\"large\",\"parallax\":false,\"parallax_end\":\"1000px\",\"parallax_start\":\"1000px\",\"row_gap\":\"large\",\"width\":\"small\"},\"children\":[{\"type\":\"column\",\"props\":{\"image_position\":\"center-center\",\"position_sticky_breakpoint\":\"m\",\"preserve_color\":false,\"style\":\"tile-muted\"},\"children\":[{\"type\":\"headline\",\"props\":{\"block_align\":\"center\",\"content\":\"DRIFT OCH UNDERH\\u00c5LL AV DITT SEDUMTAK\",\"maxwidth\":\"2xlarge\",\"title_color\":\"danger\",\"title_element\":\"h1\"}},{\"type\":\"text\",\"props\":{\"block_align\":\"center\",\"column_breakpoint\":\"m\",\"content\":\"\n\n<p>F\\u00f6r att beh\\u00e5lla garantin p\\u00e5 ditt <a href=\\\"https:\\\/\\\/natureimpact.com\\\/sv\\\/sedumtak\\\/\\\">sedumtak fr\\u00e5n Nature Impact<\\\/a> m\\u00e5ste du slutf\\u00f6ra och dokumentera drift och underh\\u00e5ll. Det kan du g\\u00f6ra nedan. Underh\\u00e5llsplanen fylls i tv\\u00e5 g\\u00e5nger om \\u00e5ret f\\u00f6r att uppr\\u00e4tth\\u00e5lla den 5-\\u00e5riga garantin.<\\\/p>\\n\n\n<p>Vill du veta mer om drift och underh\\u00e5ll av ditt sedumtak kan du <a href=\\\"\\\/pdf\\\/se\\\/D&amp;U_2024_SE.pdf\\\">ladda ner v\\u00e5r drift- och underh\\u00e5llsplan h\\u00e4r.<\\\/a><\\\/p>\",\"margin\":\"default\",\"maxwidth\":\"2xlarge\",\"text_color\":\"emphasis\",\"text_style\":\"large\"}},{\"type\":\"html\",\"props\":{\"content\":\"<script src=\\\"https:\\\/\\\/www.cognitoforms.com\\\/f\\\/seamless.js\\\" data-key=\\\"Rit41ugChUecoVYKMoXKcQ\\\" data-form=\\\"16\\\"><\\\/script>\"}}]}]}]}]}]}]},{\"type\":\"section\",\"props\":{\"image_position\":\"center-center\",\"padding\":\"xsmall\",\"style\":\"primary\",\"title_breakpoint\":\"xl\",\"title_position\":\"top-left\",\"title_rotation\":\"left\",\"vertical_align\":\"middle\",\"width\":\"default\"},\"children\":[{\"type\":\"row\",\"children\":[{\"type\":\"column\",\"props\":{\"image_position\":\"center-center\",\"position_sticky_breakpoint\":\"m\"},\"children\":[{\"type\":\"breadcrumbs\",\"props\":{\"show_current\":true,\"show_home\":true,\"text_align\":\"right\"}},{\"type\":\"divider\",\"props\":{\"divider_element\":\"hr\"}}]}]}],\"name\":\"Br\\u00f8dkrumme over footer\"}],\"version\":\"4.5.5\"} --><\/p>\n","protected":false},"excerpt":{"rendered":"<p>DRIFT OCH UNDERH\u00c5LL AV DITT SEDUMTAK F\u00f6r att beh\u00e5lla garantin p\u00e5 ditt sedumtak fr\u00e5n Nature Impact m\u00e5ste du slutf\u00f6ra och dokumentera drift och underh\u00e5ll. Det kan du g\u00f6ra nedan. Underh\u00e5llsplanen fylls i tv\u00e5 g\u00e5nger om \u00e5ret f\u00f6r att uppr\u00e4tth\u00e5lla den 5-\u00e5riga garantin. Vill du veta mer om drift och underh\u00e5ll av ditt sedumtak kan du [&hellip;]<\/p>\n","protected":false},"author":1,"featured_media":0,"parent":4631,"menu_order":0,"comment_status":"closed","ping_status":"closed","template":"","meta":{"_acf_changed":false,"footnotes":""},"class_list":["post-4678","page","type-page","status-publish","hentry"],"acf":[],"yoast_head":"<!-- This site is optimized with the Yoast SEO plugin v27.4 - https:\/\/yoast.com\/product\/yoast-seo-wordpress\/ -->\n<title>Drift och underh\u00e5ll av sedumtak | Naturens p\u00e5verkan<\/title>\n<meta name=\"description\" content=\"Drift och underh\u00e5ll av gr\u00f6na tak kr\u00e4vs - ett underh\u00e5llet sedumtak har l\u00e5ng livsl\u00e4ngd och 5 \u00e5rs garanti. Se v\u00e5ra rekommendationer h\u00e4r.\" \/>\n<meta name=\"robots\" content=\"index, follow, max-snippet:-1, max-image-preview:large, max-video-preview:-1\" \/>\n<link rel=\"canonical\" href=\"https:\/\/natureimpact.com\/sv\/sedumtak\/drift-och-underhaall\/\" \/>\n<meta property=\"og:locale\" content=\"sv_SE\" \/>\n<meta property=\"og:type\" content=\"article\" \/>\n<meta property=\"og:title\" content=\"Drift och underh\u00e5ll av sedumtak | Naturens p\u00e5verkan\" \/>\n<meta property=\"og:description\" content=\"Drift och underh\u00e5ll av gr\u00f6na tak kr\u00e4vs - ett underh\u00e5llet sedumtak har l\u00e5ng livsl\u00e4ngd och 5 \u00e5rs garanti. Se v\u00e5ra rekommendationer h\u00e4r.\" \/>\n<meta property=\"og:url\" content=\"https:\/\/natureimpact.com\/sv\/sedumtak\/drift-och-underhaall\/\" \/>\n<meta property=\"og:site_name\" content=\"Nature Impact\" \/>\n<meta property=\"article:modified_time\" content=\"2025-05-20T15:30:27+00:00\" \/>\n<meta property=\"og:image\" content=\"https:\/\/natureimpact.com\/wp-content\/uploads\/2023\/12\/NI_900px.png\" \/>\n\t<meta property=\"og:image:width\" content=\"929\" \/>\n\t<meta property=\"og:image:height\" content=\"841\" \/>\n\t<meta property=\"og:image:type\" content=\"image\/png\" \/>\n<meta name=\"twitter:card\" content=\"summary_large_image\" \/>\n<meta name=\"twitter:label1\" content=\"Ber\u00e4knad l\u00e4stid\" \/>\n\t<meta name=\"twitter:data1\" content=\"1 minut\" \/>\n<script type=\"application\/ld+json\" class=\"yoast-schema-graph\">{\"@context\":\"https:\\\/\\\/schema.org\",\"@graph\":[{\"@type\":\"WebPage\",\"@id\":\"https:\\\/\\\/natureimpact.com\\\/sv\\\/sedumtak\\\/drift-och-underhaall\\\/\",\"url\":\"https:\\\/\\\/natureimpact.com\\\/sv\\\/sedumtak\\\/drift-och-underhaall\\\/\",\"name\":\"Drift och underh\u00e5ll av sedumtak | Naturens p\u00e5verkan\",\"isPartOf\":{\"@id\":\"https:\\\/\\\/natureimpact.com\\\/sv\\\/#website\"},\"datePublished\":\"2024-03-21T08:12:58+00:00\",\"dateModified\":\"2025-05-20T15:30:27+00:00\",\"description\":\"Drift och underh\u00e5ll av gr\u00f6na tak kr\u00e4vs - ett underh\u00e5llet sedumtak har l\u00e5ng livsl\u00e4ngd och 5 \u00e5rs garanti. Se v\u00e5ra rekommendationer h\u00e4r.\",\"breadcrumb\":{\"@id\":\"https:\\\/\\\/natureimpact.com\\\/sv\\\/sedumtak\\\/drift-och-underhaall\\\/#breadcrumb\"},\"inLanguage\":\"sv-SE\",\"potentialAction\":[{\"@type\":\"ReadAction\",\"target\":[\"https:\\\/\\\/natureimpact.com\\\/sv\\\/sedumtak\\\/drift-och-underhaall\\\/\"]}]},{\"@type\":\"BreadcrumbList\",\"@id\":\"https:\\\/\\\/natureimpact.com\\\/sv\\\/sedumtak\\\/drift-och-underhaall\\\/#breadcrumb\",\"itemListElement\":[{\"@type\":\"ListItem\",\"position\":1,\"name\":\"Hem\",\"item\":\"https:\\\/\\\/natureimpact.com\\\/sv\\\/\"},{\"@type\":\"ListItem\",\"position\":2,\"name\":\"Sedumtak\",\"item\":\"https:\\\/\\\/natureimpact.com\\\/sv\\\/sedumtak\\\/\"},{\"@type\":\"ListItem\",\"position\":3,\"name\":\"Drift och underh\u00e5ll\"}]},{\"@type\":\"WebSite\",\"@id\":\"https:\\\/\\\/natureimpact.com\\\/sv\\\/#website\",\"url\":\"https:\\\/\\\/natureimpact.com\\\/sv\\\/\",\"name\":\"Nature Impact\",\"description\":\"\",\"publisher\":{\"@id\":\"https:\\\/\\\/natureimpact.com\\\/sv\\\/#organization\"},\"potentialAction\":[{\"@type\":\"SearchAction\",\"target\":{\"@type\":\"EntryPoint\",\"urlTemplate\":\"https:\\\/\\\/natureimpact.com\\\/sv\\\/?s={search_term_string}\"},\"query-input\":{\"@type\":\"PropertyValueSpecification\",\"valueRequired\":true,\"valueName\":\"search_term_string\"}}],\"inLanguage\":\"sv-SE\"},{\"@type\":\"Organization\",\"@id\":\"https:\\\/\\\/natureimpact.com\\\/sv\\\/#organization\",\"name\":\"Nature Impact\",\"url\":\"https:\\\/\\\/natureimpact.com\\\/sv\\\/\",\"logo\":{\"@type\":\"ImageObject\",\"inLanguage\":\"sv-SE\",\"@id\":\"https:\\\/\\\/natureimpact.com\\\/sv\\\/#\\\/schema\\\/logo\\\/image\\\/\",\"url\":\"https:\\\/\\\/natureimpact.com\\\/wp-content\\\/uploads\\\/2025\\\/05\\\/NI_900px.png\",\"contentUrl\":\"https:\\\/\\\/natureimpact.com\\\/wp-content\\\/uploads\\\/2025\\\/05\\\/NI_900px.png\",\"width\":929,\"height\":841,\"caption\":\"Nature Impact\"},\"image\":{\"@id\":\"https:\\\/\\\/natureimpact.com\\\/sv\\\/#\\\/schema\\\/logo\\\/image\\\/\"}}]}<\/script>\n<!-- \/ Yoast SEO plugin. -->","yoast_head_json":{"title":"Drift och underh\u00e5ll av sedumtak | Naturens p\u00e5verkan","description":"Drift och underh\u00e5ll av gr\u00f6na tak kr\u00e4vs - ett underh\u00e5llet sedumtak har l\u00e5ng livsl\u00e4ngd och 5 \u00e5rs garanti. Se v\u00e5ra rekommendationer h\u00e4r.","robots":{"index":"index","follow":"follow","max-snippet":"max-snippet:-1","max-image-preview":"max-image-preview:large","max-video-preview":"max-video-preview:-1"},"canonical":"https:\/\/natureimpact.com\/sv\/sedumtak\/drift-och-underhaall\/","og_locale":"sv_SE","og_type":"article","og_title":"Drift och underh\u00e5ll av sedumtak | Naturens p\u00e5verkan","og_description":"Drift och underh\u00e5ll av gr\u00f6na tak kr\u00e4vs - ett underh\u00e5llet sedumtak har l\u00e5ng livsl\u00e4ngd och 5 \u00e5rs garanti. Se v\u00e5ra rekommendationer h\u00e4r.","og_url":"https:\/\/natureimpact.com\/sv\/sedumtak\/drift-och-underhaall\/","og_site_name":"Nature Impact","article_modified_time":"2025-05-20T15:30:27+00:00","og_image":[{"width":929,"height":841,"url":"https:\/\/natureimpact.com\/wp-content\/uploads\/2023\/12\/NI_900px.png","type":"image\/png"}],"twitter_card":"summary_large_image","twitter_misc":{"Ber\u00e4knad l\u00e4stid":"1 minut"},"schema":{"@context":"https:\/\/schema.org","@graph":[{"@type":"WebPage","@id":"https:\/\/natureimpact.com\/sv\/sedumtak\/drift-och-underhaall\/","url":"https:\/\/natureimpact.com\/sv\/sedumtak\/drift-och-underhaall\/","name":"Drift och underh\u00e5ll av sedumtak | Naturens p\u00e5verkan","isPartOf":{"@id":"https:\/\/natureimpact.com\/sv\/#website"},"datePublished":"2024-03-21T08:12:58+00:00","dateModified":"2025-05-20T15:30:27+00:00","description":"Drift och underh\u00e5ll av gr\u00f6na tak kr\u00e4vs - ett underh\u00e5llet sedumtak har l\u00e5ng livsl\u00e4ngd och 5 \u00e5rs garanti. Se v\u00e5ra rekommendationer h\u00e4r.","breadcrumb":{"@id":"https:\/\/natureimpact.com\/sv\/sedumtak\/drift-och-underhaall\/#breadcrumb"},"inLanguage":"sv-SE","potentialAction":[{"@type":"ReadAction","target":["https:\/\/natureimpact.com\/sv\/sedumtak\/drift-och-underhaall\/"]}]},{"@type":"BreadcrumbList","@id":"https:\/\/natureimpact.com\/sv\/sedumtak\/drift-och-underhaall\/#breadcrumb","itemListElement":[{"@type":"ListItem","position":1,"name":"Hem","item":"https:\/\/natureimpact.com\/sv\/"},{"@type":"ListItem","position":2,"name":"Sedumtak","item":"https:\/\/natureimpact.com\/sv\/sedumtak\/"},{"@type":"ListItem","position":3,"name":"Drift och underh\u00e5ll"}]},{"@type":"WebSite","@id":"https:\/\/natureimpact.com\/sv\/#website","url":"https:\/\/natureimpact.com\/sv\/","name":"Nature Impact","description":"","publisher":{"@id":"https:\/\/natureimpact.com\/sv\/#organization"},"potentialAction":[{"@type":"SearchAction","target":{"@type":"EntryPoint","urlTemplate":"https:\/\/natureimpact.com\/sv\/?s={search_term_string}"},"query-input":{"@type":"PropertyValueSpecification","valueRequired":true,"valueName":"search_term_string"}}],"inLanguage":"sv-SE"},{"@type":"Organization","@id":"https:\/\/natureimpact.com\/sv\/#organization","name":"Nature Impact","url":"https:\/\/natureimpact.com\/sv\/","logo":{"@type":"ImageObject","inLanguage":"sv-SE","@id":"https:\/\/natureimpact.com\/sv\/#\/schema\/logo\/image\/","url":"https:\/\/natureimpact.com\/wp-content\/uploads\/2025\/05\/NI_900px.png","contentUrl":"https:\/\/natureimpact.com\/wp-content\/uploads\/2025\/05\/NI_900px.png","width":929,"height":841,"caption":"Nature Impact"},"image":{"@id":"https:\/\/natureimpact.com\/sv\/#\/schema\/logo\/image\/"}}]}},"_links":{"self":[{"href":"https:\/\/natureimpact.com\/sv\/wp-json\/wp\/v2\/pages\/4678","targetHints":{"allow":["GET"]}}],"collection":[{"href":"https:\/\/natureimpact.com\/sv\/wp-json\/wp\/v2\/pages"}],"about":[{"href":"https:\/\/natureimpact.com\/sv\/wp-json\/wp\/v2\/types\/page"}],"author":[{"embeddable":true,"href":"https:\/\/natureimpact.com\/sv\/wp-json\/wp\/v2\/users\/1"}],"replies":[{"embeddable":true,"href":"https:\/\/natureimpact.com\/sv\/wp-json\/wp\/v2\/comments?post=4678"}],"version-history":[{"count":9,"href":"https:\/\/natureimpact.com\/sv\/wp-json\/wp\/v2\/pages\/4678\/revisions"}],"predecessor-version":[{"id":8484,"href":"https:\/\/natureimpact.com\/sv\/wp-json\/wp\/v2\/pages\/4678\/revisions\/8484"}],"up":[{"embeddable":true,"href":"https:\/\/natureimpact.com\/sv\/wp-json\/wp\/v2\/pages\/4631"}],"wp:attachment":[{"href":"https:\/\/natureimpact.com\/sv\/wp-json\/wp\/v2\/media?parent=4678"}],"curies":[{"name":"wp","href":"https:\/\/api.w.org\/{rel}","templated":true}]}}