{"id":5955,"date":"2024-04-18T09:22:39","date_gmt":"2024-04-18T09:22:39","guid":{"rendered":"https:\/\/loving-ardinghelli.77-247-67-170.plesk.page\/?page_id=5955"},"modified":"2025-05-21T11:55:15","modified_gmt":"2025-05-21T11:55:15","slug":"pytania-i-odpowiedzi-dotyczace-roslinnych-scian","status":"publish","type":"page","link":"https:\/\/natureimpact.com\/pl\/zielona-sciana\/pytania-i-odpowiedzi-dotyczace-roslinnych-scian\/","title":{"rendered":"Pytania i odpowiedzi dotycz\u0105ce ro\u015blinnych \u015bcian"},"content":{"rendered":"<h1>Pytania i odpowiedzi dotycz\u0105ce ro\u015blinnych \u015bcian<\/p>\n<\/h1>\n<div>\n<p>Ro\u015blinne \u015bciany lub zielone \u015bciany, oba terminy s\u0105 poprawne. Tutaj znajdziesz nasz\u0105 stron\u0119 z odpowiedziami na pytania dotycz\u0105ce zielonych \u015bcian Je\u015bli nie znajdziesz odpowiedzi na swoje pytanie <a href=\"https:\/\/natureimpact.com\/pl\/informacje-o-nature-impact\/kontakt\/\">skontaktuj si\u0119 z nami tutaj<\/a>.<\/p>\n<\/div>\n<ul>\n<li>\n<h3>Jakie wymagania musi spe\u0142nia\u0107 \u015bciana, na kt\u00f3rej ma zosta\u0107 zainstalowana ro\u015blinno\u015b\u0107?<\/h3>\n<div>\n<p>Niezale\u017cnie od tego, czy zielona \u015bciana ma by\u0107 zamontowana na \u015bcianie wewn\u0119trznej czy zewn\u0119trznej, \u015bciana tylna musi mie\u0107 no\u015bno\u015b\u0107 60 kg na metr2.<\/p>\n<\/div>\n<\/li>\n<li>\n<h3>Kto instaluje zielone \u015bciany?<\/h3>\n<div>Instalacja zielonej \u015bciany wymaga udzia\u0142u profesjonalist\u00f3w. Firma Nature Impact dostarcza i instaluje nasze zielone \u015bciany samodzielnie, aby zapewni\u0107 pi\u0119kny i trwa\u0142y efekt.\n<\/div>\n<\/li>\n<li>\n<h3>Czy \u015bciany ro\u015blinne mog\u0105 by\u0107 instalowane zar\u00f3wno wewn\u0105trz, jak i na zewn\u0105trz budynk\u00f3w?<\/h3>\n<div>Tak, u\u017cywamy tego samego systemu zar\u00f3wno do wewn\u0119trznych, jak i zewn\u0119trznych ro\u015blinnych \u015bcian. Dostosowujemy kompozycj\u0119 ro\u015blin do warunk\u00f3w, w kt\u00f3rych \u015bciana ma zosta\u0107 zainstalowana.\n<\/div>\n<\/li>\n<li>\n<h3>Czy mo\u017cemy sami zdecydowa\u0107 o uk\u0142adzie naszej \u015bciany ro\u015blinnej?<\/h3>\n<div>Zach\u0119camy do samodzielnego zaprojektowania wygl\u0105du \u015bciany. Nasz ogrodnik wsp\u00f3lnie z Tob\u0105 dobierze ro\u015bliny, kt\u00f3re spe\u0142ni\u0105 Twoje oczekiwania.\n<\/div>\n<\/li>\n<li>\n<h3>Czy mo\u017cesz wykorzysta\u0107 wod\u0119 deszczow\u0105 do podlewania?<\/h3>\n<div>\n<p>Tak, mo\u017cna \u0142atwo stworzy\u0107 projekt SuDS zielonej \u015bciany. Obecnie realizujemy 2 projekty: <a href=\"https:\/\/natureimpact.com\/pl\/przyklady-zastosowan\/sciany-roslinne\/klarahus\/\">Klarahus<\/a> w Kopenhadze u SDU w Esbjergu. W obu lokalizacjach zbierana jest woda deszczowa, kt\u00f3ra jest nast\u0119pnie wykorzystywana do nawadniania.<\/p>\n<\/div>\n<\/li>\n<li>\n<h3>Ile wa\u017cy ro\u015blinna \u015bciana?<\/h3>\n<div>Ro\u015blinna \u015bciana przy pe\u0142nym nawodnieniu wa\u017cy oko\u0142o 60 kg na m2.\n<\/div>\n<\/li>\n<li>\n<h3>Nie chcemy wzoru, czy mo\u017cna wybra\u0107 \u015bcian\u0119 o bardziej dzikim wygl\u0105dzie?<\/h3>\n<div>Komponujemy i wybieramy ro\u015bliny w oparciu o Twoje \u017cyczenia i \u015brodowisko, w kt\u00f3rym ro\u015bliny b\u0119d\u0105 ros\u0142y. To, czy chcesz uzyska\u0107 dziki wygl\u0105d, konkretny wz\u00f3r czy jednolity kolor \u015bciany, zale\u017cy wy\u0142\u0105cznie od Ciebie.\n<\/div>\n<\/li>\n<li>\n<h3>Czy mo\u017cemy sami podlewa\u0107 \u015bcian\u0119, czy wy si\u0119 tym zajmiecie?<\/h3>\n<div>\n<p>Ro\u015blinne \u015bciany podlewa si\u0119 za pomoc\u0105 automatycznego systemu nawadniania, kt\u00f3ry \u0142\u0105czy si\u0119 z sieci\u0105 Wi-Fi budynku. Wszystko jest sterowane za pomoc\u0105 aplikacji, wi\u0119c mo\u017cesz kontrolowa\u0107 nawadnianie bezpo\u015brednio przez sw\u00f3j telefon.<\/p>\n<p>Je\u015bli zawar\u0142e\u015b z nami umow\u0119 na utrzymanie i serwis, nasz zesp\u00f3\u0142 ds. utrzymania i konserwacji b\u0119dzie kontrolowa\u0142 ro\u015blinn\u0105 \u015bcian\u0119 i w\u0142\u0105cza\u0142 nawadnianie. W przypadku tej umowy wymiana w cen\u0119 wliczona jest te\u017c wymiana ro\u015blin \u2013 kr\u00f3tko m\u00f3wi\u0105c, zajmujemy si\u0119 wszystkim.<\/p>\n<\/div>\n<\/li>\n<li>\n<h3>Ile kosztuje ro\u015blinna \u015bciana?<\/h3>\n<div>\n<p>Cena zielonej \u015bciany zale\u017cy od wielu czynnik\u00f3w. Liczba metr\u00f3w kwadratowych, czy wymagane jest wiele przyci\u0119\u0107 naszych standardowych modu\u0142\u00f3w, jak wysoko \u015bciana powinna by\u0107 zainstalowana itp.<\/p>\n<p>W przypadku \u015bcian o powierzchni od 15 m2 do 25 m2 \u00a0cena za m2 wynosi ok. 3200 &#8211; 4600 z\u0142. W przypadku \u015bcian o powierzchni powy\u017cej 25 m2 cena zale\u017cy od projektu.\u00a0<\/p>\n<\/div>\n<\/li>\n<li>\n<h3>Czy nale\u017cy doda\u0107 dodatkowe o\u015bwietlenie, w przypadku gdy \u015bciana znajduje si\u0119 w podziemiu?<\/h3>\n<div>\n<p>W przypadku \u015bcian wewn\u0119trznych cz\u0119sto konieczne jest zainstalowanie dodatkowego o\u015bwietlenia w postaci lamp do ro\u015blin. Ma to na celu zapewnienie, \u017ce ro\u015bliny wytwarzaj\u0105 zielone nasiona i pozostaj\u0105 zielone i bujne.<\/p>\n<\/div>\n<\/li>\n<li>\n<h3>Kto b\u0119dzie odpowiedzialny za utrzymanie \u015bciany?<\/h3>\n<div>\n<p>W pierwszym roku Nature Impact zajmuje si\u0119 piel\u0119gnacj\u0105 i utrzymaniem zielonej \u015bciany. Ma to na celu zapewnienie, \u017ce \u015bciana \u201ezadomowi si\u0119\u201d i osi\u0105gnie najlepsze warunki wzrostu. Wszystkie prace wykonuj\u0105 nasi profesjonalni ogrodnicy.<\/p>\n<p>Nast\u0119pnie mo\u017cesz przej\u0105\u0107 utrzymanie \u015bciany lub podpisa\u0107 z nami now\u0105 umow\u0119.<\/p>\n<\/div>\n<\/li>\n<\/ul>\n<hr>\n<p><!--more--><br \/>\n<!-- {\"type\":\"layout\",\"children\":[{\"type\":\"section\",\"props\":{\"height\":\"pixels\",\"height_viewport\":600,\"image\":\"wp-content\\\/uploads\\\/2024\\\/03\\\/Nature-Impact12.jpg\",\"image_effect\":\"fixed\",\"image_position\":\"center-center\",\"image_size\":\"cover\",\"overlap\":false,\"padding\":\"large\",\"padding_remove_horizontal\":true,\"style\":\"default\",\"title_breakpoint\":\"xl\",\"title_position\":\"top-left\",\"title_rotation\":\"left\",\"vertical_align\":\"middle\",\"width\":\"default\"},\"children\":[{\"type\":\"row\",\"children\":[{\"type\":\"column\",\"props\":{\"image_position\":\"center-center\",\"position_sticky_breakpoint\":\"m\"}}]}]},{\"type\":\"section\",\"props\":{\"image\":\"wp-content\\\/uploads\\\/2024\\\/03\\\/Plantevaeg_Fritlagt.png\",\"image_effect\":\"parallax\",\"image_parallax_bgx\":\"50,50\",\"image_position\":\"center-right\",\"image_width\":500,\"media_visibility\":\"s\",\"padding\":\"large\",\"padding_remove_bottom\":false,\"style\":\"default\",\"title_breakpoint\":\"xl\",\"title_position\":\"top-left\",\"title_rotation\":\"left\",\"vertical_align\":\"\",\"width\":\"small\"},\"children\":[{\"type\":\"row\",\"props\":{\"layout\":\"2-3,1-3\"},\"children\":[{\"type\":\"column\",\"props\":{\"image_position\":\"center-center\",\"position_sticky_breakpoint\":\"m\",\"width_medium\":\"2-3\"},\"children\":[{\"type\":\"headline\",\"props\":{\"content\":\"Pytania i odpowiedzi dotycz\\u0105ce ro\\u015blinnych \\u015bcian\\n\\n\\n\",\"title_color\":\"background\",\"title_element\":\"h1\",\"title_style\":\"heading-small\"}},{\"type\":\"text\",\"props\":{\"column_breakpoint\":\"m\",\"content\":\"\n\n<p>Ro\\u015blinne \\u015bciany lub zielone \\u015bciany, oba terminy s\\u0105 poprawne. Tutaj znajdziesz nasz\\u0105 stron\\u0119 z odpowiedziami na pytania dotycz\\u0105ce zielonych \\u015bcian Je\\u015bli nie znajdziesz odpowiedzi na swoje pytanie <a href=\\\"https:\\\/\\\/natureimpact.com\\\/pl\\\/informacje-o-nature-impact\\\/kontakt\\\/\\\">skontaktuj si\\u0119 z nami tutaj<\\\/a>.<\\\/p>\",\"margin\":\"default\",\"text_color\":\"emphasis\"}}]},{\"type\":\"column\",\"props\":{\"image_position\":\"center-center\",\"position_sticky_breakpoint\":\"m\",\"width_medium\":\"1-3\"}}]}]},{\"type\":\"section\",\"props\":{\"image_position\":\"center-center\",\"padding\":\"large\",\"padding_remove_top\":false,\"style\":\"default\",\"title_breakpoint\":\"xl\",\"title_position\":\"top-left\",\"title_rotation\":\"left\",\"vertical_align\":\"\",\"width\":\"small\"},\"children\":[{\"type\":\"row\",\"children\":[{\"type\":\"column\",\"props\":{\"image_position\":\"center-center\",\"position_sticky_breakpoint\":\"m\"},\"children\":[{\"type\":\"accordion\",\"props\":{\"collapsible\":true,\"content_column_breakpoint\":\"m\",\"image_align\":\"top\",\"image_grid_breakpoint\":\"m\",\"image_grid_width\":\"1-2\",\"image_svg_color\":\"emphasis\",\"link_style\":\"default\",\"link_text\":\"Read more\",\"multiple\":true,\"show_image\":true,\"show_link\":true},\"children\":[{\"type\":\"accordion_item\",\"props\":{\"content\":\"\n\n<p>Niezale\\u017cnie od tego, czy zielona \\u015bciana ma by\\u0107 zamontowana na \\u015bcianie wewn\\u0119trznej czy zewn\\u0119trznej, \\u015bciana tylna musi mie\\u0107 no\\u015bno\\u015b\\u0107 60 kg na metr2.<\\\/p>\",\"title\":\"Jakie wymagania musi spe\\u0142nia\\u0107 \\u015bciana, na kt\\u00f3rej ma zosta\\u0107 zainstalowana ro\\u015blinno\\u015b\\u0107?\"}},{\"type\":\"accordion_item\",\"props\":{\"content\":\"Instalacja zielonej \\u015bciany wymaga udzia\\u0142u profesjonalist\\u00f3w. Firma Nature Impact dostarcza i instaluje nasze zielone \\u015bciany samodzielnie, aby zapewni\\u0107 pi\\u0119kny i trwa\\u0142y efekt. \\n\",\"title\":\"Kto instaluje zielone \\u015bciany?\"}},{\"type\":\"accordion_item\",\"props\":{\"content\":\"Tak, u\\u017cywamy tego samego systemu zar\\u00f3wno do wewn\\u0119trznych, jak i zewn\\u0119trznych ro\\u015blinnych \\u015bcian. Dostosowujemy kompozycj\\u0119 ro\\u015blin do warunk\\u00f3w, w kt\\u00f3rych \\u015bciana ma zosta\\u0107 zainstalowana. \\n\",\"title\":\"Czy \\u015bciany ro\\u015blinne mog\\u0105 by\\u0107 instalowane zar\\u00f3wno wewn\\u0105trz, jak i na zewn\\u0105trz budynk\\u00f3w?\"}},{\"type\":\"accordion_item\",\"props\":{\"content\":\"Zach\\u0119camy do samodzielnego zaprojektowania wygl\\u0105du \\u015bciany. Nasz ogrodnik wsp\\u00f3lnie z Tob\\u0105 dobierze ro\\u015bliny, kt\\u00f3re spe\\u0142ni\\u0105 Twoje oczekiwania. \\n\",\"title\":\"Czy mo\\u017cemy sami zdecydowa\\u0107 o uk\\u0142adzie naszej \\u015bciany ro\\u015blinnej?\"}},{\"type\":\"accordion_item\",\"props\":{\"content\":\"\n\n<p>Tak, mo\\u017cna \\u0142atwo stworzy\\u0107 projekt SuDS zielonej \\u015bciany. Obecnie realizujemy 2 projekty: <a href=\\\"https:\\\/\\\/natureimpact.com\\\/pl\\\/przyklady-zastosowan\\\/sciany-roslinne\\\/klarahus\\\/\\\">Klarahus<\\\/a> w Kopenhadze u SDU w Esbjergu. W obu lokalizacjach zbierana jest woda deszczowa, kt\\u00f3ra jest nast\\u0119pnie wykorzystywana do nawadniania.<\\\/p>\",\"title\":\"Czy mo\\u017cesz wykorzysta\\u0107 wod\\u0119 deszczow\\u0105 do podlewania?\"}},{\"type\":\"accordion_item\",\"props\":{\"content\":\"Ro\\u015blinna \\u015bciana przy pe\\u0142nym nawodnieniu wa\\u017cy oko\\u0142o 60 kg na m2. \\n\",\"title\":\"Ile wa\\u017cy ro\\u015blinna \\u015bciana?\"}},{\"type\":\"accordion_item\",\"props\":{\"content\":\"Komponujemy i wybieramy ro\\u015bliny w oparciu o Twoje \\u017cyczenia i \\u015brodowisko, w kt\\u00f3rym ro\\u015bliny b\\u0119d\\u0105 ros\\u0142y. To, czy chcesz uzyska\\u0107 dziki wygl\\u0105d, konkretny wz\\u00f3r czy jednolity kolor \\u015bciany, zale\\u017cy wy\\u0142\\u0105cznie od Ciebie.\\n\",\"title\":\"Nie chcemy wzoru, czy mo\\u017cna wybra\\u0107 \\u015bcian\\u0119 o bardziej dzikim wygl\\u0105dzie?\"}},{\"type\":\"accordion_item\",\"props\":{\"content\":\"\n\n<p>Ro\\u015blinne \\u015bciany podlewa si\\u0119 za pomoc\\u0105 automatycznego systemu nawadniania, kt\\u00f3ry \\u0142\\u0105czy si\\u0119 z sieci\\u0105 Wi-Fi budynku. Wszystko jest sterowane za pomoc\\u0105 aplikacji, wi\\u0119c mo\\u017cesz kontrolowa\\u0107 nawadnianie bezpo\\u015brednio przez sw\\u00f3j telefon.<\\\/p>\\n\n\n<p>Je\\u015bli zawar\\u0142e\\u015b z nami umow\\u0119 na utrzymanie i serwis, nasz zesp\\u00f3\\u0142 ds. utrzymania i konserwacji b\\u0119dzie kontrolowa\\u0142 ro\\u015blinn\\u0105 \\u015bcian\\u0119 i w\\u0142\\u0105cza\\u0142 nawadnianie. W przypadku tej umowy wymiana w cen\\u0119 wliczona jest te\\u017c wymiana ro\\u015blin \\u2013 kr\\u00f3tko m\\u00f3wi\\u0105c, zajmujemy si\\u0119 wszystkim.<\\\/p>\",\"title\":\"Czy mo\\u017cemy sami podlewa\\u0107 \\u015bcian\\u0119, czy wy si\\u0119 tym zajmiecie?\"}},{\"type\":\"accordion_item\",\"props\":{\"content\":\"\n\n<p>Cena zielonej \\u015bciany zale\\u017cy od wielu czynnik\\u00f3w. Liczba metr\\u00f3w kwadratowych, czy wymagane jest wiele przyci\\u0119\\u0107 naszych standardowych modu\\u0142\\u00f3w, jak wysoko \\u015bciana powinna by\\u0107 zainstalowana itp.<\\\/p>\\n\n\n<p>W przypadku \\u015bcian o powierzchni od 15 m2 do 25 m2 \\u00a0cena za m2 wynosi ok. 3200 - 4600 z\\u0142. W przypadku \\u015bcian o powierzchni powy\\u017cej 25 m2 cena zale\\u017cy od projektu.\\u00a0<\\\/p>\",\"title\":\"Ile kosztuje ro\\u015blinna \\u015bciana?\"}},{\"type\":\"accordion_item\",\"props\":{\"content\":\"\n\n<p>W przypadku \\u015bcian wewn\\u0119trznych cz\\u0119sto konieczne jest zainstalowanie dodatkowego o\\u015bwietlenia w postaci lamp do ro\\u015blin. Ma to na celu zapewnienie, \\u017ce ro\\u015bliny wytwarzaj\\u0105 zielone nasiona i pozostaj\\u0105 zielone i bujne.<\\\/p>\",\"title\":\"Czy nale\\u017cy doda\\u0107 dodatkowe o\\u015bwietlenie, w przypadku gdy \\u015bciana znajduje si\\u0119 w podziemiu?\"}},{\"type\":\"accordion_item\",\"props\":{\"content\":\"\n\n<p>W pierwszym roku Nature Impact zajmuje si\\u0119 piel\\u0119gnacj\\u0105 i utrzymaniem zielonej \\u015bciany. Ma to na celu zapewnienie, \\u017ce \\u015bciana \\u201ezadomowi si\\u0119\\u201d i osi\\u0105gnie najlepsze warunki wzrostu. Wszystkie prace wykonuj\\u0105 nasi profesjonalni ogrodnicy.<\\\/p>\\n\n\n<p>Nast\\u0119pnie mo\\u017cesz przej\\u0105\\u0107 utrzymanie \\u015bciany lub podpisa\\u0107 z nami now\\u0105 umow\\u0119.<\\\/p>\",\"title\":\"Kto b\\u0119dzie odpowiedzialny za utrzymanie \\u015bciany?\"}}]}]}]}]},{\"type\":\"section\",\"props\":{\"image_position\":\"center-center\",\"padding\":\"xsmall\",\"style\":\"primary\",\"title_breakpoint\":\"xl\",\"title_position\":\"top-left\",\"title_rotation\":\"left\",\"vertical_align\":\"middle\",\"width\":\"default\"},\"children\":[{\"type\":\"row\",\"children\":[{\"type\":\"column\",\"props\":{\"image_position\":\"center-center\",\"position_sticky_breakpoint\":\"m\"},\"children\":[{\"type\":\"breadcrumbs\",\"props\":{\"show_current\":true,\"show_home\":true,\"text_align\":\"right\"}},{\"type\":\"divider\",\"props\":{\"divider_element\":\"hr\"}}]}]}],\"name\":\"Br\\u00f8dkrumme over footer\"}],\"version\":\"4.5.5\"} --><\/p>\n","protected":false},"excerpt":{"rendered":"<p>Pytania i odpowiedzi dotycz\u0105ce ro\u015blinnych \u015bcian Ro\u015blinne \u015bciany lub zielone \u015bciany, oba terminy s\u0105 poprawne. Tutaj znajdziesz nasz\u0105 stron\u0119 z odpowiedziami na pytania dotycz\u0105ce zielonych \u015bcian Je\u015bli nie znajdziesz odpowiedzi na swoje pytanie skontaktuj si\u0119 z nami tutaj. Jakie wymagania musi spe\u0142nia\u0107 \u015bciana, na kt\u00f3rej ma zosta\u0107 zainstalowana ro\u015blinno\u015b\u0107? Niezale\u017cnie od tego, czy zielona \u015bciana [&hellip;]<\/p>\n","protected":false},"author":1,"featured_media":0,"parent":5685,"menu_order":0,"comment_status":"closed","ping_status":"closed","template":"","meta":{"_acf_changed":false,"footnotes":""},"class_list":["post-5955","page","type-page","status-publish","hentry"],"acf":[],"yoast_head":"<!-- This site is optimized with the Yoast SEO plugin v26.6 - https:\/\/yoast.com\/wordpress\/plugins\/seo\/ -->\n<title>Pytania i odpowiedzi dotycz\u0105ce zielonych \u015bcian \u2013 Zobacz najcz\u0119\u015bciej zadawane pytania dotycz\u0105ce zielonych \u015bcian tutaj<\/title>\n<meta name=\"description\" content=\"Tutaj znajdziesz odpowiedzi na wszelkie pytania dotycz\u0105ce zielonych \u015bcian firmy Nature Impact. Przeczytaj o cenach, opcjach i piel\u0119gnacji zielonych \u015bcian tutaj.\" \/>\n<meta name=\"robots\" content=\"index, follow, max-snippet:-1, max-image-preview:large, max-video-preview:-1\" \/>\n<link rel=\"canonical\" href=\"https:\/\/natureimpact.com\/pl\/zielona-sciana\/pytania-i-odpowiedzi-dotyczace-roslinnych-scian\/\" \/>\n<meta property=\"og:locale\" content=\"pl_PL\" \/>\n<meta property=\"og:type\" content=\"article\" \/>\n<meta property=\"og:title\" content=\"Pytania i odpowiedzi dotycz\u0105ce zielonych \u015bcian \u2013 Zobacz najcz\u0119\u015bciej zadawane pytania dotycz\u0105ce zielonych \u015bcian tutaj\" \/>\n<meta property=\"og:description\" content=\"Tutaj znajdziesz odpowiedzi na wszelkie pytania dotycz\u0105ce zielonych \u015bcian firmy Nature Impact. Przeczytaj o cenach, opcjach i piel\u0119gnacji zielonych \u015bcian tutaj.\" \/>\n<meta property=\"og:url\" content=\"https:\/\/natureimpact.com\/pl\/zielona-sciana\/pytania-i-odpowiedzi-dotyczace-roslinnych-scian\/\" \/>\n<meta property=\"og:site_name\" content=\"Nature Impact\" \/>\n<meta property=\"article:modified_time\" content=\"2025-05-21T11:55:15+00:00\" \/>\n<meta property=\"og:image\" content=\"https:\/\/natureimpact.com\/wp-content\/uploads\/2023\/12\/NI_900px.png\" \/>\n\t<meta property=\"og:image:width\" content=\"929\" \/>\n\t<meta property=\"og:image:height\" content=\"841\" \/>\n\t<meta property=\"og:image:type\" content=\"image\/png\" \/>\n<meta name=\"twitter:card\" content=\"summary_large_image\" \/>\n<script type=\"application\/ld+json\" class=\"yoast-schema-graph\">{\"@context\":\"https:\/\/schema.org\",\"@graph\":[{\"@type\":\"WebPage\",\"@id\":\"https:\/\/natureimpact.com\/pl\/zielona-sciana\/pytania-i-odpowiedzi-dotyczace-roslinnych-scian\/\",\"url\":\"https:\/\/natureimpact.com\/pl\/zielona-sciana\/pytania-i-odpowiedzi-dotyczace-roslinnych-scian\/\",\"name\":\"Pytania i odpowiedzi dotycz\u0105ce zielonych \u015bcian \u2013 Zobacz najcz\u0119\u015bciej zadawane pytania dotycz\u0105ce zielonych \u015bcian tutaj\",\"isPartOf\":{\"@id\":\"https:\/\/natureimpact.com\/pl\/#website\"},\"datePublished\":\"2024-04-18T09:22:39+00:00\",\"dateModified\":\"2025-05-21T11:55:15+00:00\",\"description\":\"Tutaj znajdziesz odpowiedzi na wszelkie pytania dotycz\u0105ce zielonych \u015bcian firmy Nature Impact. Przeczytaj o cenach, opcjach i piel\u0119gnacji zielonych \u015bcian tutaj.\",\"breadcrumb\":{\"@id\":\"https:\/\/natureimpact.com\/pl\/zielona-sciana\/pytania-i-odpowiedzi-dotyczace-roslinnych-scian\/#breadcrumb\"},\"inLanguage\":\"pl-PL\",\"potentialAction\":[{\"@type\":\"ReadAction\",\"target\":[\"https:\/\/natureimpact.com\/pl\/zielona-sciana\/pytania-i-odpowiedzi-dotyczace-roslinnych-scian\/\"]}]},{\"@type\":\"BreadcrumbList\",\"@id\":\"https:\/\/natureimpact.com\/pl\/zielona-sciana\/pytania-i-odpowiedzi-dotyczace-roslinnych-scian\/#breadcrumb\",\"itemListElement\":[{\"@type\":\"ListItem\",\"position\":1,\"name\":\"Strona g\u0142\u00f3wna\",\"item\":\"https:\/\/natureimpact.com\/pl\/\"},{\"@type\":\"ListItem\",\"position\":2,\"name\":\"Zielona \u015bciana\",\"item\":\"https:\/\/natureimpact.com\/pl\/zielona-sciana\/\"},{\"@type\":\"ListItem\",\"position\":3,\"name\":\"Pytania i odpowiedzi dotycz\u0105ce ro\u015blinnych \u015bcian\"}]},{\"@type\":\"WebSite\",\"@id\":\"https:\/\/natureimpact.com\/pl\/#website\",\"url\":\"https:\/\/natureimpact.com\/pl\/\",\"name\":\"Nature Impact\",\"description\":\"\",\"publisher\":{\"@id\":\"https:\/\/natureimpact.com\/pl\/#organization\"},\"potentialAction\":[{\"@type\":\"SearchAction\",\"target\":{\"@type\":\"EntryPoint\",\"urlTemplate\":\"https:\/\/natureimpact.com\/pl\/?s={search_term_string}\"},\"query-input\":{\"@type\":\"PropertyValueSpecification\",\"valueRequired\":true,\"valueName\":\"search_term_string\"}}],\"inLanguage\":\"pl-PL\"},{\"@type\":\"Organization\",\"@id\":\"https:\/\/natureimpact.com\/pl\/#organization\",\"name\":\"Nature Impact\",\"url\":\"https:\/\/natureimpact.com\/pl\/\",\"logo\":{\"@type\":\"ImageObject\",\"inLanguage\":\"pl-PL\",\"@id\":\"https:\/\/natureimpact.com\/pl\/#\/schema\/logo\/image\/\",\"url\":\"https:\/\/natureimpact.com\/wp-content\/uploads\/2025\/05\/NI_900px.png\",\"contentUrl\":\"https:\/\/natureimpact.com\/wp-content\/uploads\/2025\/05\/NI_900px.png\",\"width\":929,\"height\":841,\"caption\":\"Nature Impact\"},\"image\":{\"@id\":\"https:\/\/natureimpact.com\/pl\/#\/schema\/logo\/image\/\"}}]}<\/script>\n<!-- \/ Yoast SEO plugin. -->","yoast_head_json":{"title":"Pytania i odpowiedzi dotycz\u0105ce zielonych \u015bcian \u2013 Zobacz najcz\u0119\u015bciej zadawane pytania dotycz\u0105ce zielonych \u015bcian tutaj","description":"Tutaj znajdziesz odpowiedzi na wszelkie pytania dotycz\u0105ce zielonych \u015bcian firmy Nature Impact. Przeczytaj o cenach, opcjach i piel\u0119gnacji zielonych \u015bcian tutaj.","robots":{"index":"index","follow":"follow","max-snippet":"max-snippet:-1","max-image-preview":"max-image-preview:large","max-video-preview":"max-video-preview:-1"},"canonical":"https:\/\/natureimpact.com\/pl\/zielona-sciana\/pytania-i-odpowiedzi-dotyczace-roslinnych-scian\/","og_locale":"pl_PL","og_type":"article","og_title":"Pytania i odpowiedzi dotycz\u0105ce zielonych \u015bcian \u2013 Zobacz najcz\u0119\u015bciej zadawane pytania dotycz\u0105ce zielonych \u015bcian tutaj","og_description":"Tutaj znajdziesz odpowiedzi na wszelkie pytania dotycz\u0105ce zielonych \u015bcian firmy Nature Impact. Przeczytaj o cenach, opcjach i piel\u0119gnacji zielonych \u015bcian tutaj.","og_url":"https:\/\/natureimpact.com\/pl\/zielona-sciana\/pytania-i-odpowiedzi-dotyczace-roslinnych-scian\/","og_site_name":"Nature Impact","article_modified_time":"2025-05-21T11:55:15+00:00","og_image":[{"width":929,"height":841,"url":"https:\/\/natureimpact.com\/wp-content\/uploads\/2023\/12\/NI_900px.png","type":"image\/png"}],"twitter_card":"summary_large_image","schema":{"@context":"https:\/\/schema.org","@graph":[{"@type":"WebPage","@id":"https:\/\/natureimpact.com\/pl\/zielona-sciana\/pytania-i-odpowiedzi-dotyczace-roslinnych-scian\/","url":"https:\/\/natureimpact.com\/pl\/zielona-sciana\/pytania-i-odpowiedzi-dotyczace-roslinnych-scian\/","name":"Pytania i odpowiedzi dotycz\u0105ce zielonych \u015bcian \u2013 Zobacz najcz\u0119\u015bciej zadawane pytania dotycz\u0105ce zielonych \u015bcian tutaj","isPartOf":{"@id":"https:\/\/natureimpact.com\/pl\/#website"},"datePublished":"2024-04-18T09:22:39+00:00","dateModified":"2025-05-21T11:55:15+00:00","description":"Tutaj znajdziesz odpowiedzi na wszelkie pytania dotycz\u0105ce zielonych \u015bcian firmy Nature Impact. Przeczytaj o cenach, opcjach i piel\u0119gnacji zielonych \u015bcian tutaj.","breadcrumb":{"@id":"https:\/\/natureimpact.com\/pl\/zielona-sciana\/pytania-i-odpowiedzi-dotyczace-roslinnych-scian\/#breadcrumb"},"inLanguage":"pl-PL","potentialAction":[{"@type":"ReadAction","target":["https:\/\/natureimpact.com\/pl\/zielona-sciana\/pytania-i-odpowiedzi-dotyczace-roslinnych-scian\/"]}]},{"@type":"BreadcrumbList","@id":"https:\/\/natureimpact.com\/pl\/zielona-sciana\/pytania-i-odpowiedzi-dotyczace-roslinnych-scian\/#breadcrumb","itemListElement":[{"@type":"ListItem","position":1,"name":"Strona g\u0142\u00f3wna","item":"https:\/\/natureimpact.com\/pl\/"},{"@type":"ListItem","position":2,"name":"Zielona \u015bciana","item":"https:\/\/natureimpact.com\/pl\/zielona-sciana\/"},{"@type":"ListItem","position":3,"name":"Pytania i odpowiedzi dotycz\u0105ce ro\u015blinnych \u015bcian"}]},{"@type":"WebSite","@id":"https:\/\/natureimpact.com\/pl\/#website","url":"https:\/\/natureimpact.com\/pl\/","name":"Nature Impact","description":"","publisher":{"@id":"https:\/\/natureimpact.com\/pl\/#organization"},"potentialAction":[{"@type":"SearchAction","target":{"@type":"EntryPoint","urlTemplate":"https:\/\/natureimpact.com\/pl\/?s={search_term_string}"},"query-input":{"@type":"PropertyValueSpecification","valueRequired":true,"valueName":"search_term_string"}}],"inLanguage":"pl-PL"},{"@type":"Organization","@id":"https:\/\/natureimpact.com\/pl\/#organization","name":"Nature Impact","url":"https:\/\/natureimpact.com\/pl\/","logo":{"@type":"ImageObject","inLanguage":"pl-PL","@id":"https:\/\/natureimpact.com\/pl\/#\/schema\/logo\/image\/","url":"https:\/\/natureimpact.com\/wp-content\/uploads\/2025\/05\/NI_900px.png","contentUrl":"https:\/\/natureimpact.com\/wp-content\/uploads\/2025\/05\/NI_900px.png","width":929,"height":841,"caption":"Nature Impact"},"image":{"@id":"https:\/\/natureimpact.com\/pl\/#\/schema\/logo\/image\/"}}]}},"_links":{"self":[{"href":"https:\/\/natureimpact.com\/pl\/wp-json\/wp\/v2\/pages\/5955","targetHints":{"allow":["GET"]}}],"collection":[{"href":"https:\/\/natureimpact.com\/pl\/wp-json\/wp\/v2\/pages"}],"about":[{"href":"https:\/\/natureimpact.com\/pl\/wp-json\/wp\/v2\/types\/page"}],"author":[{"embeddable":true,"href":"https:\/\/natureimpact.com\/pl\/wp-json\/wp\/v2\/users\/1"}],"replies":[{"embeddable":true,"href":"https:\/\/natureimpact.com\/pl\/wp-json\/wp\/v2\/comments?post=5955"}],"version-history":[{"count":13,"href":"https:\/\/natureimpact.com\/pl\/wp-json\/wp\/v2\/pages\/5955\/revisions"}],"predecessor-version":[{"id":8587,"href":"https:\/\/natureimpact.com\/pl\/wp-json\/wp\/v2\/pages\/5955\/revisions\/8587"}],"up":[{"embeddable":true,"href":"https:\/\/natureimpact.com\/pl\/wp-json\/wp\/v2\/pages\/5685"}],"wp:attachment":[{"href":"https:\/\/natureimpact.com\/pl\/wp-json\/wp\/v2\/media?parent=5955"}],"curies":[{"name":"wp","href":"https:\/\/api.w.org\/{rel}","templated":true}]}}