{"id":5897,"date":"2024-05-20T06:22:20","date_gmt":"2024-05-20T06:22:20","guid":{"rendered":"https:\/\/loving-ardinghelli.77-247-67-170.plesk.page\/?page_id=5897"},"modified":"2025-02-16T11:56:27","modified_gmt":"2025-02-16T11:56:27","slug":"zielone-dachy-i-wymagania-przeciwpozarowe","status":"publish","type":"page","link":"https:\/\/natureimpact.com\/pl\/zielony-dach\/zielone-dachy-i-wymagania-przeciwpozarowe\/","title":{"rendered":"Zielone dachy i wymagania przeciwpo\u017carowe"},"content":{"rendered":"<h1>Zielone dachy i wymagania przeciwpo\u017carowe<\/h1>\n<h2>GR\u00d8NNE TAGE OG BRANDKRAV<\/h2>\n<div>\n<p>Zielone dachy musz\u0105 spe\u0142nia\u0107 te same wymogi bezpiecze\u0144stwa przeciwpo\u017carowego, co dachy tradycyjne. Ponadto zielone dachy musz\u0105 r\u00f3wnie\u017c spe\u0142nia\u0107 wymagania dotycz\u0105ce drena\u017cu, aby zapewni\u0107 odprowadzanie wody z budynku.<\/p>\n<p>Dachy rozchodnikowe od Nature Impact uzyska\u0142y atest ogniowy Broof (t2), co oznacza, \u017ce mog\u0105 by\u0107 stosowane w budynkach podlegaj\u0105cych przepisom budowlanym BR18.<\/p>\n<\/div>\n<p><p>\n        <a href=\"\/pl\/informacje-o-nature-impact\/kontakt\/\">Kontakt<\/a>\n    <\/p>\n<\/p>\n<p><img decoding=\"async\" src=\"\/wp-content\/uploads\/2023\/12\/NI_Footer.svg\" alt=\"\"><br \/>\n<img decoding=\"async\" src=\"\/wp-content\/uploads\/2024\/03\/07082017-204.jpg\" alt=\"\"><\/p>\n<h2>Wymagania przeciwpo\u017carowe dotycz\u0105ce dach\u00f3w rozchodnikowych<\/h2>\n<div>Dachy i wszystkie inne cz\u0119\u015bci budynku podlegaj\u0105 wymogom bezpiecze\u0144stwa przeciwpo\u017carowego okre\u015blonym w przepisach budowlanych, aby zminimalizowa\u0107 ryzyko rozprzestrzeniania si\u0119 ognia z budynk\u00f3w na s\u0105siednie budynki.  Najwi\u0119kszym wyzwaniem w przypadku zielonych dach\u00f3w mo\u017ce by\u0107 fakt, \u017ce ro\u015bliny z czasem staj\u0105 si\u0119 rozrastaj\u0105 i mog\u0105 znale\u017a\u0107 si\u0119 bli\u017cej s\u0105siednich budynk\u00f3w. Mo\u017ce to stanowi\u0107 wyzwanie w przypadku zielonych dach\u00f3w poro\u015bni\u0119tych niekt\u00f3rymi odmianami traw, ale nie dotyczy to rozchodnik\u00f3w stosowanych w zielonych dachach Nature Impact. Ro\u015bliny pozostaj\u0105 niskie i nie s\u0105 \u0142atwopalne.\n<\/div>\n<p><img decoding=\"async\" src=\"\/wp-content\/uploads\/2024\/03\/RW-200813-Hetag-DLG_3-TRYK.jpg\" alt=\"\"><\/p>\n<h2>Dach rozchodnikowy z materia\u0142ami przeciwpo\u017carowymi<br \/>\n<\/h2>\n<div>\n<p>Zielone dachy Nature Impact uzyska\u0142y atest przeciwpo\u017carowy dzi\u0119ki zastosowaniu gleby i rozchodnik\u00f3w o niskim zagro\u017ceniu po\u017carowym, a tak\u017ce ognioodpornych plastikowych zasobnik\u00f3w zatwierdzonych pod k\u0105tem ich zastosowania.<\/p>\n<p>Przy instalacji dach\u00f3w rozchodnikowych nale\u017cy r\u00f3wnie\u017c pami\u0119ta\u0107 o wymaganiach przeciwpo\u017carowych. Dane pod\u0142o\u017ce musi oczywi\u015bcie spe\u0142nia\u0107 wymagania przeciwpo\u017carowe przewidziane przepisami budowlanymi, aby ca\u0142a konstrukcja spe\u0142nia\u0142a wymogi atestu BROOF(t2). W razie w\u0105tpliwo\u015bci wa\u017cne jest, aby uzyska\u0107 odpowiedni\u0105 dokumentacj\u0119 np. od producenta papy dachowej, je\u015bli stanowi wodoodporne pod\u0142o\u017ce pod zasobnikami z rozchodnikami.<\/p>\n<\/div>\n<p><img decoding=\"async\" src=\"\/wp-content\/uploads\/2024\/03\/07082017-204.jpg\" alt=\"\"><\/p>\n<h2>Pami\u0119taj, \u017ce wybrany zielony dach musi mie\u0107 atest przeciwpo\u017carowy<\/h2>\n<div>Wa\u017cne jest, aby upewni\u0107 si\u0119, \u017ce wybrany przez Ciebie zielony dach posiada atest przeciwpo\u017carowy r\u00f3wnowa\u017cny BROOF(t2), kt\u00f3ry posiadaj\u0105 wszystkie dachy rozchodnikowe firmy Nature Impact. Ponadto wa\u017cne jest, aby wsp\u00f3\u0142pracowa\u0107 z architektem, inspektorem ds. ochrony przeciwpo\u017carowej i\/lub profesjonalnym instalatorem zielonych dach\u00f3w, aby upewni\u0107 si\u0119, \u017ce instalacja spe\u0142nia wymagania przeciwpo\u017carowe zgodnie z przepisami budowlanymi BR18. Dzi\u0119ki temu uzyskasz pi\u0119kny i ognioodporny zielony dach, kt\u00f3ry spe\u0142nia wszystkie przepisy przeciwpo\u017carowe.\n<\/div>\n<hr>\n<p><!--more--><br \/>\n<!-- {\"type\":\"layout\",\"children\":[{\"type\":\"section\",\"props\":{\"animation\":\"fade\",\"animation_delay\":false,\"header_transparent\":true,\"header_transparent_text_color\":\"dark\",\"image_effect\":\"parallax\",\"image_parallax_bgy\":\"0,-600\",\"image_parallax_easing\":\"1\",\"image_position\":\"top-right\",\"padding\":\"large\",\"padding_remove_bottom\":true,\"style\":\"muted\",\"title_breakpoint\":\"xl\",\"title_position\":\"top-left\",\"title_rotation\":\"left\",\"vertical_align\":\"\",\"width\":\"xlarge\"},\"children\":[{\"type\":\"row\",\"props\":{\"layout\":\"3-4,1-4\",\"margin\":\"xlarge\"},\"children\":[{\"type\":\"column\",\"props\":{\"image_position\":\"center-center\",\"position_sticky_breakpoint\":\"m\",\"width_small\":\"3-4\"},\"children\":[{\"type\":\"headline\",\"props\":{\"content\":\"Zielone dachy i wymagania przeciwpo\\u017carowe\",\"position\":\"relative\",\"position_z_index\":\"3\",\"title_element\":\"h1\",\"title_style\":\"heading-medium\",\"visibility\":\"s\"}},{\"type\":\"headline\",\"props\":{\"content\":\"GR\\u00d8NNE TAGE OG BRANDKRAV\",\"position\":\"relative\",\"position_z_index\":\"3\",\"title_element\":\"h2\",\"title_style\":\"heading-small\",\"visibility\":\"hidden-s\"}},{\"type\":\"text\",\"props\":{\"column\":\"1-2\",\"column_breakpoint\":\"m\",\"content\":\"\n\n<p>Zielone dachy musz\\u0105 spe\\u0142nia\\u0107 te same wymogi bezpiecze\\u0144stwa przeciwpo\\u017carowego, co dachy tradycyjne. Ponadto zielone dachy musz\\u0105 r\\u00f3wnie\\u017c spe\\u0142nia\\u0107 wymagania dotycz\\u0105ce drena\\u017cu, aby zapewni\\u0107 odprowadzanie wody z budynku.<\\\/p>\\n\n\n<p>Dachy rozchodnikowe od Nature Impact uzyska\\u0142y atest ogniowy Broof (t2), co oznacza, \\u017ce mog\\u0105 by\\u0107 stosowane w budynkach podlegaj\\u0105cych przepisom budowlanym BR18.<\\\/p>\",\"margin\":\"default\",\"position\":\"relative\",\"text_color\":\"emphasis\",\"text_style\":\"large\"}},{\"type\":\"button\",\"props\":{\"grid_column_gap\":\"small\",\"grid_row_gap\":\"small\",\"margin\":\"medium\"},\"children\":[{\"type\":\"button_item\",\"props\":{\"button_style\":\"default\",\"content\":\"Kontakt\",\"dialog_layout\":\"modal\",\"dialog_offcanvas_flip\":true,\"icon_align\":\"left\",\"link\":\"pl\\\/informacje-o-nature-impact\\\/kontakt\\\/\"}}]}]},{\"type\":\"column\",\"props\":{\"image_position\":\"center-center\",\"position_sticky_breakpoint\":\"m\",\"width_small\":\"1-4\"},\"children\":[{\"type\":\"image\",\"props\":{\"animation\":\"parallax\",\"css\":\".el-image { max-width: 45vw; }\",\"height_expand\":false,\"image\":\"wp-content\\\/uploads\\\/2023\\\/12\\\/NI_Footer.svg\",\"image_loading\":true,\"image_svg_color\":\"emphasis\",\"image_viewport_height\":false,\"image_width\":1200,\"margin\":\"default\",\"parallax_easing\":\"0.5\",\"parallax_y\":\"5vh,-7vh\",\"position\":\"absolute\",\"position_right\":\"60\",\"position_top\":\"-10vh\",\"position_z_index\":\"0\",\"text_align\":\"right\",\"visibility\":\"s\"}}]}]},{\"type\":\"row\",\"props\":{\"column_gap\":\"large\",\"layout\":\"1-2,1-2\",\"margin\":\"xlarge\"},\"children\":[{\"type\":\"column\",\"props\":{\"image_position\":\"center-center\",\"position_sticky_breakpoint\":\"m\",\"width_medium\":\"1-2\"},\"children\":[{\"type\":\"image\",\"props\":{\"animation\":\"parallax\",\"image\":\"wp-content\\\/uploads\\\/2024\\\/03\\\/07082017-204.jpg\",\"image_box_decoration\":\"secondary\",\"image_loading\":true,\"image_svg_color\":\"emphasis\",\"image_width\":\"765\",\"margin\":\"large\",\"parallax_easing\":\"1\",\"parallax_y\":\"-5vh,3vh\",\"position\":\"relative\",\"position_right\":\"90\",\"position_top\":\"2vh\",\"text_align\":\"center\",\"text_align_breakpoint\":\"m\",\"text_align_fallback\":\"right\"}}]},{\"type\":\"column\",\"props\":{\"image_position\":\"center-center\",\"position_sticky_breakpoint\":\"m\",\"vertical_align\":\"middle\",\"width_medium\":\"1-2\"},\"children\":[{\"type\":\"headline\",\"props\":{\"content\":\"Wymagania przeciwpo\\u017carowe dotycz\\u0105ce dach\\u00f3w rozchodnikowych\",\"maxwidth\":\"xlarge\",\"title_element\":\"h2\",\"title_style\":\"h2\"}},{\"type\":\"text\",\"props\":{\"animation\":\"parallax\",\"column_breakpoint\":\"m\",\"content\":\"Dachy i wszystkie inne cz\\u0119\\u015bci budynku podlegaj\\u0105 wymogom bezpiecze\\u0144stwa przeciwpo\\u017carowego okre\\u015blonym w przepisach budowlanych, aby zminimalizowa\\u0107 ryzyko rozprzestrzeniania si\\u0119 ognia z budynk\\u00f3w na s\\u0105siednie budynki.  Najwi\\u0119kszym wyzwaniem w przypadku zielonych dach\\u00f3w mo\\u017ce by\\u0107 fakt, \\u017ce ro\\u015bliny z czasem staj\\u0105 si\\u0119 rozrastaj\\u0105 i mog\\u0105 znale\\u017a\\u0107 si\\u0119 bli\\u017cej s\\u0105siednich budynk\\u00f3w. Mo\\u017ce to stanowi\\u0107 wyzwanie w przypadku zielonych dach\\u00f3w poro\\u015bni\\u0119tych niekt\\u00f3rymi odmianami traw, ale nie dotyczy to rozchodnik\\u00f3w stosowanych w zielonych dachach Nature Impact. Ro\\u015bliny pozostaj\\u0105 niskie i nie s\\u0105 \\u0142atwopalne. \\n\",\"margin\":\"medium\",\"maxwidth\":\"2xlarge\",\"parallax_y\":\"0,-50\"}}]}]}],\"name\":\"About\"},{\"type\":\"section\",\"props\":{\"animation\":\"slide-bottom-small\",\"id\":\"cta\",\"image_position\":\"center-center\",\"padding\":\"large\",\"style\":\"muted\",\"title_breakpoint\":\"xl\",\"title_position\":\"top-left\",\"title_rotation\":\"left\",\"vertical_align\":\"\",\"width\":\"xlarge\"},\"children\":[{\"type\":\"row\",\"props\":{\"column_gap\":\"large\",\"layout\":\"1-2,1-2\"},\"children\":[{\"type\":\"column\",\"props\":{\"image_position\":\"center-center\",\"position_sticky_breakpoint\":\"m\",\"vertical_align\":\"middle\",\"width_medium\":\"1-2\"},\"children\":[{\"type\":\"image\",\"props\":{\"animation\":\"parallax\",\"css\":\".el-image { max-width: 70vw; }\",\"image\":\"wp-content\\\/uploads\\\/2024\\\/03\\\/RW-200813-Hetag-DLG_3-TRYK.jpg\",\"image_box_decoration\":\"secondary\",\"image_svg_color\":\"emphasis\",\"margin\":\"default\",\"parallax_easing\":\"1\",\"parallax_y\":\"-3vh,3vh\",\"position\":\"relative\",\"position_right\":\"-60\",\"position_z_index\":\"0\",\"text_align\":\"center\",\"text_align_breakpoint\":\"m\"}}]},{\"type\":\"column\",\"props\":{\"image_position\":\"center-center\",\"order_first\":\"m\",\"position_sticky_breakpoint\":\"m\",\"vertical_align\":\"middle\",\"width_medium\":\"1-2\"},\"children\":[{\"type\":\"headline\",\"props\":{\"content\":\"Dach rozchodnikowy z materia\\u0142ami przeciwpo\\u017carowymi\\n\",\"maxwidth\":\"xlarge\",\"title_element\":\"h2\",\"title_style\":\"h2\"}},{\"type\":\"text\",\"props\":{\"animation\":\"parallax\",\"column_breakpoint\":\"m\",\"content\":\"\n\n<p>Zielone dachy Nature Impact uzyska\\u0142y atest przeciwpo\\u017carowy dzi\\u0119ki zastosowaniu gleby i rozchodnik\\u00f3w o niskim zagro\\u017ceniu po\\u017carowym, a tak\\u017ce ognioodpornych plastikowych zasobnik\\u00f3w zatwierdzonych pod k\\u0105tem ich zastosowania.<\\\/p>\\n\n\n<p>Przy instalacji dach\\u00f3w rozchodnikowych nale\\u017cy r\\u00f3wnie\\u017c pami\\u0119ta\\u0107 o wymaganiach przeciwpo\\u017carowych. Dane pod\\u0142o\\u017ce musi oczywi\\u015bcie spe\\u0142nia\\u0107 wymagania przeciwpo\\u017carowe przewidziane przepisami budowlanymi, aby ca\\u0142a konstrukcja spe\\u0142nia\\u0142a wymogi atestu BROOF(t2). W razie w\\u0105tpliwo\\u015bci wa\\u017cne jest, aby uzyska\\u0107 odpowiedni\\u0105 dokumentacj\\u0119 np. od producenta papy dachowej, je\\u015bli stanowi wodoodporne pod\\u0142o\\u017ce pod zasobnikami z rozchodnikami.<\\\/p>\",\"margin\":\"medium\",\"maxwidth\":\"2xlarge\",\"parallax_y\":\",-50\"}}]}]}],\"name\":\"Call to Action\"},{\"type\":\"section\",\"props\":{\"image_position\":\"center-center\",\"padding\":\"large\",\"padding_remove_top\":true,\"style\":\"muted\",\"title_breakpoint\":\"xl\",\"title_position\":\"top-left\",\"title_rotation\":\"left\",\"vertical_align\":\"\",\"width\":\"xlarge\"},\"children\":[{\"type\":\"row\",\"props\":{\"column_gap\":\"large\",\"layout\":\"1-2,1-2\",\"margin\":\"xlarge\"},\"children\":[{\"type\":\"column\",\"props\":{\"image_position\":\"center-center\",\"position_sticky_breakpoint\":\"m\",\"width_medium\":\"1-2\"},\"children\":[{\"type\":\"image\",\"props\":{\"animation\":\"parallax\",\"image\":\"wp-content\\\/uploads\\\/2024\\\/03\\\/07082017-204.jpg\",\"image_box_decoration\":\"secondary\",\"image_loading\":true,\"image_svg_color\":\"emphasis\",\"image_width\":\"765\",\"margin\":\"large\",\"parallax_easing\":\"1\",\"parallax_y\":\"-5vh,3vh\",\"position\":\"relative\",\"position_right\":\"90\",\"position_top\":\"2vh\",\"text_align\":\"center\",\"text_align_breakpoint\":\"m\",\"text_align_fallback\":\"right\"}}]},{\"type\":\"column\",\"props\":{\"image_position\":\"center-center\",\"position_sticky_breakpoint\":\"m\",\"vertical_align\":\"middle\",\"width_medium\":\"1-2\"},\"children\":[{\"type\":\"headline\",\"props\":{\"content\":\"Pami\\u0119taj, \\u017ce wybrany zielony dach musi mie\\u0107 atest przeciwpo\\u017carowy\",\"maxwidth\":\"xlarge\",\"title_element\":\"h2\",\"title_style\":\"h2\"}},{\"type\":\"text\",\"props\":{\"animation\":\"parallax\",\"column_breakpoint\":\"m\",\"content\":\"Wa\\u017cne jest, aby upewni\\u0107 si\\u0119, \\u017ce wybrany przez Ciebie zielony dach posiada atest przeciwpo\\u017carowy r\\u00f3wnowa\\u017cny BROOF(t2), kt\\u00f3ry posiadaj\\u0105 wszystkie dachy rozchodnikowe firmy Nature Impact. Ponadto wa\\u017cne jest, aby wsp\\u00f3\\u0142pracowa\\u0107 z architektem, inspektorem ds. ochrony przeciwpo\\u017carowej i\\\/lub profesjonalnym instalatorem zielonych dach\\u00f3w, aby upewni\\u0107 si\\u0119, \\u017ce instalacja spe\\u0142nia wymagania przeciwpo\\u017carowe zgodnie z przepisami budowlanymi BR18. Dzi\\u0119ki temu uzyskasz pi\\u0119kny i ognioodporny zielony dach, kt\\u00f3ry spe\\u0142nia wszystkie przepisy przeciwpo\\u017carowe.  \\n\",\"margin\":\"medium\",\"maxwidth\":\"2xlarge\",\"parallax_y\":\",-50\"}}]}]}]},{\"type\":\"section\",\"props\":{\"image_position\":\"center-center\",\"padding\":\"xsmall\",\"style\":\"primary\",\"title_breakpoint\":\"xl\",\"title_position\":\"top-left\",\"title_rotation\":\"left\",\"vertical_align\":\"middle\",\"width\":\"default\"},\"children\":[{\"type\":\"row\",\"children\":[{\"type\":\"column\",\"props\":{\"image_position\":\"center-center\",\"position_sticky_breakpoint\":\"m\"},\"children\":[{\"type\":\"breadcrumbs\",\"props\":{\"show_current\":true,\"show_home\":true,\"text_align\":\"right\"}},{\"type\":\"divider\",\"props\":{\"divider_element\":\"hr\"}}]}]}],\"name\":\"Br\\u00f8dkrumme over footer\"}],\"version\":\"4.5.4\"} --><\/p>\n","protected":false},"excerpt":{"rendered":"<p>Zielone dachy i wymagania przeciwpo\u017carowe GR\u00d8NNE TAGE OG BRANDKRAV Zielone dachy musz\u0105 spe\u0142nia\u0107 te same wymogi bezpiecze\u0144stwa przeciwpo\u017carowego, co dachy tradycyjne. Ponadto zielone dachy musz\u0105 r\u00f3wnie\u017c spe\u0142nia\u0107 wymagania dotycz\u0105ce drena\u017cu, aby zapewni\u0107 odprowadzanie wody z budynku. Dachy rozchodnikowe od Nature Impact uzyska\u0142y atest ogniowy Broof (t2), co oznacza, \u017ce mog\u0105 by\u0107 stosowane w budynkach podlegaj\u0105cych [&hellip;]<\/p>\n","protected":false},"author":1,"featured_media":0,"parent":5635,"menu_order":0,"comment_status":"closed","ping_status":"closed","template":"","meta":{"_acf_changed":false,"footnotes":""},"class_list":["post-5897","page","type-page","status-publish","hentry"],"acf":[],"yoast_head":"<!-- This site is optimized with the Yoast SEO plugin v26.6 - https:\/\/yoast.com\/wordpress\/plugins\/seo\/ -->\n<title>Wymagania dotycz\u0105ce ognioodporno\u015bci zielonych dach\u00f3w \u00bb Dach rozchodnikowy z atestem ognioodporno\u015bci Broof(t2)<\/title>\n<meta name=\"description\" content=\"Zielone dachy, podobnie jak wszystkie inne dachy, musz\u0105 spe\u0142nia\u0107 wymagania przeciwpo\u017carowe okre\u015blone w przepisach budowlanych. Nasz dach rozchodnikowy posiada atest przeciwpo\u017carowy Broof (t2) \u00bb Dowiedz si\u0119 wi\u0119cej tutaj!\" \/>\n<meta name=\"robots\" content=\"index, follow, max-snippet:-1, max-image-preview:large, max-video-preview:-1\" \/>\n<link rel=\"canonical\" href=\"https:\/\/natureimpact.com\/pl\/zielony-dach\/zielone-dachy-i-wymagania-przeciwpozarowe\/\" \/>\n<meta property=\"og:locale\" content=\"pl_PL\" \/>\n<meta property=\"og:type\" content=\"article\" \/>\n<meta property=\"og:title\" content=\"Wymagania dotycz\u0105ce ognioodporno\u015bci zielonych dach\u00f3w \u00bb Dach rozchodnikowy z atestem ognioodporno\u015bci Broof(t2)\" \/>\n<meta property=\"og:description\" content=\"Zielone dachy, podobnie jak wszystkie inne dachy, musz\u0105 spe\u0142nia\u0107 wymagania przeciwpo\u017carowe okre\u015blone w przepisach budowlanych. Nasz dach rozchodnikowy posiada atest przeciwpo\u017carowy Broof (t2) \u00bb Dowiedz si\u0119 wi\u0119cej tutaj!\" \/>\n<meta property=\"og:url\" content=\"https:\/\/natureimpact.com\/pl\/zielony-dach\/zielone-dachy-i-wymagania-przeciwpozarowe\/\" \/>\n<meta property=\"og:site_name\" content=\"Nature Impact\" \/>\n<meta property=\"article:modified_time\" content=\"2025-02-16T11:56:27+00:00\" \/>\n<meta property=\"og:image\" content=\"https:\/\/natureimpact.com\/wp-content\/uploads\/2023\/12\/NI_900px.png\" \/>\n\t<meta property=\"og:image:width\" content=\"929\" \/>\n\t<meta property=\"og:image:height\" content=\"841\" \/>\n\t<meta property=\"og:image:type\" content=\"image\/png\" \/>\n<meta name=\"twitter:card\" content=\"summary_large_image\" \/>\n<script type=\"application\/ld+json\" class=\"yoast-schema-graph\">{\"@context\":\"https:\/\/schema.org\",\"@graph\":[{\"@type\":\"WebPage\",\"@id\":\"https:\/\/natureimpact.com\/pl\/zielony-dach\/zielone-dachy-i-wymagania-przeciwpozarowe\/\",\"url\":\"https:\/\/natureimpact.com\/pl\/zielony-dach\/zielone-dachy-i-wymagania-przeciwpozarowe\/\",\"name\":\"Wymagania dotycz\u0105ce ognioodporno\u015bci zielonych dach\u00f3w \u00bb Dach rozchodnikowy z atestem ognioodporno\u015bci Broof(t2)\",\"isPartOf\":{\"@id\":\"https:\/\/natureimpact.com\/pl\/#website\"},\"datePublished\":\"2024-05-20T06:22:20+00:00\",\"dateModified\":\"2025-02-16T11:56:27+00:00\",\"description\":\"Zielone dachy, podobnie jak wszystkie inne dachy, musz\u0105 spe\u0142nia\u0107 wymagania przeciwpo\u017carowe okre\u015blone w przepisach budowlanych. Nasz dach rozchodnikowy posiada atest przeciwpo\u017carowy Broof (t2) \u00bb Dowiedz si\u0119 wi\u0119cej tutaj!\",\"breadcrumb\":{\"@id\":\"https:\/\/natureimpact.com\/pl\/zielony-dach\/zielone-dachy-i-wymagania-przeciwpozarowe\/#breadcrumb\"},\"inLanguage\":\"pl-PL\",\"potentialAction\":[{\"@type\":\"ReadAction\",\"target\":[\"https:\/\/natureimpact.com\/pl\/zielony-dach\/zielone-dachy-i-wymagania-przeciwpozarowe\/\"]}]},{\"@type\":\"BreadcrumbList\",\"@id\":\"https:\/\/natureimpact.com\/pl\/zielony-dach\/zielone-dachy-i-wymagania-przeciwpozarowe\/#breadcrumb\",\"itemListElement\":[{\"@type\":\"ListItem\",\"position\":1,\"name\":\"Strona g\u0142\u00f3wna\",\"item\":\"https:\/\/natureimpact.com\/pl\/\"},{\"@type\":\"ListItem\",\"position\":2,\"name\":\"Zielony dach\",\"item\":\"https:\/\/natureimpact.com\/pl\/zielony-dach\/\"},{\"@type\":\"ListItem\",\"position\":3,\"name\":\"Zielone dachy i wymagania przeciwpo\u017carowe\"}]},{\"@type\":\"WebSite\",\"@id\":\"https:\/\/natureimpact.com\/pl\/#website\",\"url\":\"https:\/\/natureimpact.com\/pl\/\",\"name\":\"Nature Impact\",\"description\":\"\",\"publisher\":{\"@id\":\"https:\/\/natureimpact.com\/pl\/#organization\"},\"potentialAction\":[{\"@type\":\"SearchAction\",\"target\":{\"@type\":\"EntryPoint\",\"urlTemplate\":\"https:\/\/natureimpact.com\/pl\/?s={search_term_string}\"},\"query-input\":{\"@type\":\"PropertyValueSpecification\",\"valueRequired\":true,\"valueName\":\"search_term_string\"}}],\"inLanguage\":\"pl-PL\"},{\"@type\":\"Organization\",\"@id\":\"https:\/\/natureimpact.com\/pl\/#organization\",\"name\":\"Nature Impact\",\"url\":\"https:\/\/natureimpact.com\/pl\/\",\"logo\":{\"@type\":\"ImageObject\",\"inLanguage\":\"pl-PL\",\"@id\":\"https:\/\/natureimpact.com\/pl\/#\/schema\/logo\/image\/\",\"url\":\"https:\/\/natureimpact.com\/wp-content\/uploads\/2025\/05\/NI_900px.png\",\"contentUrl\":\"https:\/\/natureimpact.com\/wp-content\/uploads\/2025\/05\/NI_900px.png\",\"width\":929,\"height\":841,\"caption\":\"Nature Impact\"},\"image\":{\"@id\":\"https:\/\/natureimpact.com\/pl\/#\/schema\/logo\/image\/\"}}]}<\/script>\n<!-- \/ Yoast SEO plugin. -->","yoast_head_json":{"title":"Wymagania dotycz\u0105ce ognioodporno\u015bci zielonych dach\u00f3w \u00bb Dach rozchodnikowy z atestem ognioodporno\u015bci Broof(t2)","description":"Zielone dachy, podobnie jak wszystkie inne dachy, musz\u0105 spe\u0142nia\u0107 wymagania przeciwpo\u017carowe okre\u015blone w przepisach budowlanych. Nasz dach rozchodnikowy posiada atest przeciwpo\u017carowy Broof (t2) \u00bb Dowiedz si\u0119 wi\u0119cej tutaj!","robots":{"index":"index","follow":"follow","max-snippet":"max-snippet:-1","max-image-preview":"max-image-preview:large","max-video-preview":"max-video-preview:-1"},"canonical":"https:\/\/natureimpact.com\/pl\/zielony-dach\/zielone-dachy-i-wymagania-przeciwpozarowe\/","og_locale":"pl_PL","og_type":"article","og_title":"Wymagania dotycz\u0105ce ognioodporno\u015bci zielonych dach\u00f3w \u00bb Dach rozchodnikowy z atestem ognioodporno\u015bci Broof(t2)","og_description":"Zielone dachy, podobnie jak wszystkie inne dachy, musz\u0105 spe\u0142nia\u0107 wymagania przeciwpo\u017carowe okre\u015blone w przepisach budowlanych. Nasz dach rozchodnikowy posiada atest przeciwpo\u017carowy Broof (t2) \u00bb Dowiedz si\u0119 wi\u0119cej tutaj!","og_url":"https:\/\/natureimpact.com\/pl\/zielony-dach\/zielone-dachy-i-wymagania-przeciwpozarowe\/","og_site_name":"Nature Impact","article_modified_time":"2025-02-16T11:56:27+00:00","og_image":[{"width":929,"height":841,"url":"https:\/\/natureimpact.com\/wp-content\/uploads\/2023\/12\/NI_900px.png","type":"image\/png"}],"twitter_card":"summary_large_image","schema":{"@context":"https:\/\/schema.org","@graph":[{"@type":"WebPage","@id":"https:\/\/natureimpact.com\/pl\/zielony-dach\/zielone-dachy-i-wymagania-przeciwpozarowe\/","url":"https:\/\/natureimpact.com\/pl\/zielony-dach\/zielone-dachy-i-wymagania-przeciwpozarowe\/","name":"Wymagania dotycz\u0105ce ognioodporno\u015bci zielonych dach\u00f3w \u00bb Dach rozchodnikowy z atestem ognioodporno\u015bci Broof(t2)","isPartOf":{"@id":"https:\/\/natureimpact.com\/pl\/#website"},"datePublished":"2024-05-20T06:22:20+00:00","dateModified":"2025-02-16T11:56:27+00:00","description":"Zielone dachy, podobnie jak wszystkie inne dachy, musz\u0105 spe\u0142nia\u0107 wymagania przeciwpo\u017carowe okre\u015blone w przepisach budowlanych. Nasz dach rozchodnikowy posiada atest przeciwpo\u017carowy Broof (t2) \u00bb Dowiedz si\u0119 wi\u0119cej tutaj!","breadcrumb":{"@id":"https:\/\/natureimpact.com\/pl\/zielony-dach\/zielone-dachy-i-wymagania-przeciwpozarowe\/#breadcrumb"},"inLanguage":"pl-PL","potentialAction":[{"@type":"ReadAction","target":["https:\/\/natureimpact.com\/pl\/zielony-dach\/zielone-dachy-i-wymagania-przeciwpozarowe\/"]}]},{"@type":"BreadcrumbList","@id":"https:\/\/natureimpact.com\/pl\/zielony-dach\/zielone-dachy-i-wymagania-przeciwpozarowe\/#breadcrumb","itemListElement":[{"@type":"ListItem","position":1,"name":"Strona g\u0142\u00f3wna","item":"https:\/\/natureimpact.com\/pl\/"},{"@type":"ListItem","position":2,"name":"Zielony dach","item":"https:\/\/natureimpact.com\/pl\/zielony-dach\/"},{"@type":"ListItem","position":3,"name":"Zielone dachy i wymagania przeciwpo\u017carowe"}]},{"@type":"WebSite","@id":"https:\/\/natureimpact.com\/pl\/#website","url":"https:\/\/natureimpact.com\/pl\/","name":"Nature Impact","description":"","publisher":{"@id":"https:\/\/natureimpact.com\/pl\/#organization"},"potentialAction":[{"@type":"SearchAction","target":{"@type":"EntryPoint","urlTemplate":"https:\/\/natureimpact.com\/pl\/?s={search_term_string}"},"query-input":{"@type":"PropertyValueSpecification","valueRequired":true,"valueName":"search_term_string"}}],"inLanguage":"pl-PL"},{"@type":"Organization","@id":"https:\/\/natureimpact.com\/pl\/#organization","name":"Nature Impact","url":"https:\/\/natureimpact.com\/pl\/","logo":{"@type":"ImageObject","inLanguage":"pl-PL","@id":"https:\/\/natureimpact.com\/pl\/#\/schema\/logo\/image\/","url":"https:\/\/natureimpact.com\/wp-content\/uploads\/2025\/05\/NI_900px.png","contentUrl":"https:\/\/natureimpact.com\/wp-content\/uploads\/2025\/05\/NI_900px.png","width":929,"height":841,"caption":"Nature Impact"},"image":{"@id":"https:\/\/natureimpact.com\/pl\/#\/schema\/logo\/image\/"}}]}},"_links":{"self":[{"href":"https:\/\/natureimpact.com\/pl\/wp-json\/wp\/v2\/pages\/5897","targetHints":{"allow":["GET"]}}],"collection":[{"href":"https:\/\/natureimpact.com\/pl\/wp-json\/wp\/v2\/pages"}],"about":[{"href":"https:\/\/natureimpact.com\/pl\/wp-json\/wp\/v2\/types\/page"}],"author":[{"embeddable":true,"href":"https:\/\/natureimpact.com\/pl\/wp-json\/wp\/v2\/users\/1"}],"replies":[{"embeddable":true,"href":"https:\/\/natureimpact.com\/pl\/wp-json\/wp\/v2\/comments?post=5897"}],"version-history":[{"count":10,"href":"https:\/\/natureimpact.com\/pl\/wp-json\/wp\/v2\/pages\/5897\/revisions"}],"predecessor-version":[{"id":8035,"href":"https:\/\/natureimpact.com\/pl\/wp-json\/wp\/v2\/pages\/5897\/revisions\/8035"}],"up":[{"embeddable":true,"href":"https:\/\/natureimpact.com\/pl\/wp-json\/wp\/v2\/pages\/5635"}],"wp:attachment":[{"href":"https:\/\/natureimpact.com\/pl\/wp-json\/wp\/v2\/media?parent=5897"}],"curies":[{"name":"wp","href":"https:\/\/api.w.org\/{rel}","templated":true}]}}