{"id":5866,"date":"2024-05-07T07:05:11","date_gmt":"2024-05-07T07:05:11","guid":{"rendered":"https:\/\/loving-ardinghelli.77-247-67-170.plesk.page\/?page_id=5866"},"modified":"2026-01-19T10:54:38","modified_gmt":"2026-01-19T10:54:38","slug":"pobierz-materialy","status":"publish","type":"page","link":"https:\/\/natureimpact.com\/pl\/informacje-o-nature-impact\/pobierz-materialy\/","title":{"rendered":"Pobierz materia\u0142y"},"content":{"rendered":"<h1>Pobierz materia\u0142y<\/h1>\n<div>\n<p>Tu mo\u017cesz pobra\u0107 materia\u0142y na temat dach\u00f3w rozchodnikowych i zielonych \u015bcian od Nature Impact. Je\u015bli potrzebujesz materia\u0142\u00f3w, kt\u00f3rych nie mo\u017cesz znale\u017a\u0107 poni\u017cej, lub je\u015bli masz jakie\u015b pytania, zawsze mo\u017cesz si\u0119 z nami skontaktowa\u0107: <a href=\"https:\/\/natureimpact.com\/pl\/informacje-o-nature-impact\/kontakt\/\">kontakt z nami<\/a>.<\/p>\n<\/div>\n<ul>\n<li>\n<p>\n        <a href=\"#brochure\">Broszury<\/a>\n    <\/p>\n<\/li>\n<li>\n<p>\n        <a href=\"#download\">Dokumenty<\/a>\n    <\/p>\n<\/li>\n<\/ul>\n<p><img decoding=\"async\" src=\"\/wp-content\/uploads\/2024\/05\/roof-brochure.jpg\" alt=\"\"><\/p>\n<div>\n<p><strong>ROOF | Brochure<\/strong><br \/>13MB<\/p>\n<\/div>\n<p><p>\n        <a href=\"\/pdf\/pl\/Brochure ROOF_POL.pdf\">DOWNLOAD<\/a>\n    <\/p>\n<\/p>\n<p><img decoding=\"async\" src=\"\/wp-content\/uploads\/2024\/05\/wall-brochure.jpg\" alt=\"\"><\/p>\n<div>\n<p><strong>WALL | Brochure<\/strong><br \/>13MB<\/p>\n<\/div>\n<p><p>\n        <a href=\"#\">DOWNLOAD<\/a>\n    <\/p>\n<\/p>\n<h2>Data sheets &#038; more<\/h2>\n<div>\n<h3>DACH<\/h3>\n<div>\n<p><a uk-icon=\"icon: download; ratio: 1.5\" class=\"uk-margin-small-right\"><\/a><a class=\"uk-text-large uk-text-bottom\" href=\"\/pdf\/pl\/Datasheet_Nature Roof_60 mm_POL_2025.pdf\">ROOF | Karta techniczna 60 mm<\/a><\/p>\n<p><a uk-icon=\"icon: download; ratio: 1.5\" class=\"uk-margin-small-right\"><\/a><a class=\"uk-text-large uk-text-bottom\" href=\"\/pdf\/pl\/Datasheet_Nature Roof_80 mm_POL_2024.pdf\">ROOF | <\/a><a class=\"uk-text-large uk-text-bottom\" href=\"\/pdf\/pl\/Datasheet_Nature Roof_60 mm_POL_2025.pdf\">Karta techniczna<\/a><a class=\"uk-text-large uk-text-bottom\" href=\"\/pdf\/pl\/Datasheet_Nature Roof_80 mm_POL_2025.pdf\"> 80 mm<\/a><\/p>\n<p><a uk-icon=\"icon: download; ratio: 1.5\" class=\"uk-margin-small-right\"><\/a><a class=\"uk-text-large uk-text-bottom\" href=\"\/pdf\/pl\/INSTALLATION GUIDE_2024_POL.pdf\">Instrukcja instalacji<\/a><\/p>\n<p><a uk-icon=\"icon: download; ratio: 1.5\" class=\"uk-margin-small-right\"><\/a><a class=\"uk-text-large uk-text-bottom\" href=\"\/pdf\/pl\/OPERATIONS_AND_MAINTENANCE PLAN_POL_2024.pdf\">PLAN OBS\u0141UGI I KONSERWACJI<\/a><\/p>\n<p><a uk-icon=\"icon: download; ratio: 1.5\" class=\"uk-margin-small-right\"><\/a><a class=\"uk-text-large uk-text-bottom\" href=\"\/pdf\/pl\/EPD_Nature Impact_sedum_tray_60mm_&amp;_80mm.pdf\">EPD\/LCA<\/a><\/p>\n<\/div>\n<\/div>\n<p><!--more--><br \/>\n<!-- {\"type\":\"layout\",\"children\":[{\"type\":\"section\",\"props\":{\"image_position\":\"center-center\",\"padding\":\"large\",\"padding_remove_bottom\":true,\"style\":\"muted\",\"title_breakpoint\":\"xl\",\"title_position\":\"top-left\",\"title_rotation\":\"left\",\"vertical_align\":\"\",\"width\":\"default\"},\"children\":[{\"type\":\"row\",\"children\":[{\"type\":\"column\",\"props\":{\"image_position\":\"center-center\",\"position_sticky_breakpoint\":\"m\"},\"children\":[{\"type\":\"headline\",\"props\":{\"content\":\"Pobierz materia\\u0142y\",\"title_color\":\"primary\",\"title_element\":\"h1\",\"title_style\":\"heading-small\"}},{\"type\":\"text\",\"props\":{\"column_breakpoint\":\"m\",\"content\":\"\n\n<p>Tu mo\\u017cesz pobra\\u0107 materia\\u0142y na temat dach\\u00f3w rozchodnikowych i zielonych \\u015bcian od Nature Impact. Je\\u015bli potrzebujesz materia\\u0142\\u00f3w, kt\\u00f3rych nie mo\\u017cesz znale\\u017a\\u0107 poni\\u017cej, lub je\\u015bli masz jakie\\u015b pytania, zawsze mo\\u017cesz si\\u0119 z nami skontaktowa\\u0107: <a href=\\\"https:\\\/\\\/natureimpact.com\\\/pl\\\/informacje-o-nature-impact\\\/kontakt\\\/\\\">kontakt z nami<\\\/a>.<\\\/p>\",\"margin\":\"default\",\"maxwidth\":\"2xlarge\",\"text_color\":\"emphasis\"}},{\"type\":\"button\",\"props\":{\"grid_column_gap\":\"small\",\"grid_row_gap\":\"small\",\"margin\":\"default\"},\"children\":[{\"type\":\"button_item\",\"props\":{\"button_style\":\"danger\",\"content\":\"Broszury\",\"dialog_layout\":\"modal\",\"dialog_offcanvas_flip\":true,\"icon_align\":\"left\",\"link\":\"#brochure\"}},{\"type\":\"button_item\",\"props\":{\"button_style\":\"danger\",\"content\":\"Dokumenty\",\"dialog_layout\":\"modal\",\"dialog_offcanvas_flip\":true,\"icon_align\":\"left\",\"link\":\"#download\"}}],\"name\":\"Download page buttons\"}]}]}]},{\"type\":\"section\",\"props\":{\"image_position\":\"center-center\",\"style\":\"muted\",\"title_breakpoint\":\"xl\",\"title_position\":\"top-left\",\"title_rotation\":\"left\",\"vertical_align\":\"middle\",\"width\":\"default\"},\"children\":[{\"type\":\"row\",\"props\":{\"column_gap\":\"large\",\"id\":\"brochure\",\"layout\":\"1-2,1-2\",\"margin\":\"large\"},\"children\":[{\"type\":\"column\",\"props\":{\"image_position\":\"center-center\",\"position_sticky_breakpoint\":\"m\",\"width_medium\":\"1-2\"},\"children\":[{\"type\":\"image\",\"props\":{\"image\":\"wp-content\\\/uploads\\\/2024\\\/05\\\/roof-brochure.jpg\",\"image_box_shadow\":\"large\",\"image_height\":1000,\"image_svg_color\":\"emphasis\",\"image_width\":1000,\"margin\":\"default\"}},{\"type\":\"fragment\",\"props\":{\"margin\":\"default\"},\"children\":[{\"type\":\"row\",\"props\":{\"layout\":\"1-2,1-2\"},\"children\":[{\"type\":\"column\",\"props\":{\"image_position\":\"center-center\",\"position_sticky_breakpoint\":\"m\",\"width_medium\":\"1-2\"},\"children\":[{\"type\":\"text\",\"props\":{\"column_breakpoint\":\"m\",\"content\":\"\n\n<p><strong>ROOF | Brochure<\\\/strong><br \\\/>13MB<\\\/p>\",\"margin\":\"default\",\"text_align\":\"left\",\"text_align_breakpoint\":\"s\",\"text_align_fallback\":\"center\"}}]},{\"type\":\"column\",\"props\":{\"image_position\":\"center-center\",\"position_sticky_breakpoint\":\"m\",\"width_medium\":\"1-2\"},\"children\":[{\"type\":\"button\",\"props\":{\"button_size\":\"small\",\"grid_column_gap\":\"small\",\"grid_row_gap\":\"small\",\"margin\":\"default\",\"text_align\":\"right\",\"text_align_breakpoint\":\"s\",\"text_align_fallback\":\"center\"},\"children\":[{\"type\":\"button_item\",\"props\":{\"button_style\":\"secondary\",\"content\":\"DOWNLOAD\",\"dialog_layout\":\"modal\",\"dialog_offcanvas_flip\":true,\"icon\":\"download\",\"icon_align\":\"left\",\"link\":\"\\\/pdf\\\/pl\\\/Brochure ROOF_POL.pdf\"}}]}]}]}]}]},{\"type\":\"column\",\"props\":{\"image_position\":\"center-center\",\"position_sticky_breakpoint\":\"m\",\"width_medium\":\"1-2\"},\"children\":[{\"type\":\"image\",\"props\":{\"image\":\"wp-content\\\/uploads\\\/2024\\\/05\\\/wall-brochure.jpg\",\"image_box_shadow\":\"large\",\"image_height\":1000,\"image_svg_color\":\"emphasis\",\"image_width\":1000,\"margin\":\"default\"}},{\"type\":\"fragment\",\"props\":{\"margin\":\"default\"},\"children\":[{\"type\":\"row\",\"props\":{\"layout\":\"1-2,1-2\"},\"children\":[{\"type\":\"column\",\"props\":{\"image_position\":\"center-center\",\"position_sticky_breakpoint\":\"m\",\"width_medium\":\"1-2\"},\"children\":[{\"type\":\"text\",\"props\":{\"column_breakpoint\":\"m\",\"content\":\"\n\n<p><strong>WALL | Brochure<\\\/strong><br \\\/>13MB<\\\/p>\",\"margin\":\"default\",\"text_align\":\"left\",\"text_align_breakpoint\":\"s\",\"text_align_fallback\":\"center\"}}]},{\"type\":\"column\",\"props\":{\"image_position\":\"center-center\",\"position_sticky_breakpoint\":\"m\",\"width_medium\":\"1-2\"},\"children\":[{\"type\":\"button\",\"props\":{\"button_size\":\"small\",\"grid_column_gap\":\"small\",\"grid_row_gap\":\"small\",\"margin\":\"default\",\"text_align\":\"right\",\"text_align_breakpoint\":\"s\",\"text_align_fallback\":\"center\"},\"children\":[{\"type\":\"button_item\",\"props\":{\"button_style\":\"secondary\",\"content\":\"DOWNLOAD\",\"dialog_layout\":\"modal\",\"dialog_offcanvas_flip\":true,\"icon\":\"download\",\"icon_align\":\"left\",\"link\":\"#\"}}]}]}]}]}]}]}]},{\"type\":\"section\",\"props\":{\"id\":\"download\",\"image_position\":\"center-center\",\"padding\":\"large\",\"style\":\"default\",\"title_breakpoint\":\"xl\",\"title_position\":\"top-left\",\"title_rotation\":\"left\",\"vertical_align\":\"\",\"width\":\"default\"},\"children\":[{\"type\":\"row\",\"children\":[{\"type\":\"column\",\"props\":{\"image_position\":\"center-center\",\"position_sticky_breakpoint\":\"m\"},\"children\":[{\"type\":\"headline\",\"props\":{\"content\":\"Data sheets & more\",\"title_color\":\"primary\",\"title_element\":\"h2\",\"title_style\":\"h1\"}},{\"type\":\"accordion\",\"props\":{\"collapsible\":true,\"content_column_breakpoint\":\"m\",\"image_align\":\"top\",\"image_grid_breakpoint\":\"m\",\"image_grid_width\":\"1-2\",\"image_svg_color\":\"emphasis\",\"link_style\":\"default\",\"link_text\":\"Read more\",\"show_image\":true,\"show_link\":true},\"children\":[{\"type\":\"accordion_item\",\"props\":{\"content\":\"\n\n<p><a uk-icon=\\\"icon: download; ratio: 1.5\\\" class=\\\"uk-margin-small-right\\\"><\\\/a><a class=\\\"uk-text-large uk-text-bottom\\\" href=\\\"\\\/pdf\\\/pl\\\/Datasheet_Nature Roof_60 mm_POL_2025.pdf\\\">ROOF | Karta techniczna 60 mm<\\\/a><\\\/p>\\n\n\n<p><a uk-icon=\\\"icon: download; ratio: 1.5\\\" class=\\\"uk-margin-small-right\\\"><\\\/a><a class=\\\"uk-text-large uk-text-bottom\\\" href=\\\"\\\/pdf\\\/pl\\\/Datasheet_Nature Roof_80 mm_POL_2024.pdf\\\">ROOF | <\\\/a><a class=\\\"uk-text-large uk-text-bottom\\\" href=\\\"\\\/pdf\\\/pl\\\/Datasheet_Nature Roof_60 mm_POL_2025.pdf\\\">Karta techniczna<\\\/a><a class=\\\"uk-text-large uk-text-bottom\\\" href=\\\"\\\/pdf\\\/pl\\\/Datasheet_Nature Roof_80 mm_POL_2025.pdf\\\"> 80 mm<\\\/a><\\\/p>\\n\n\n<p><a uk-icon=\\\"icon: download; ratio: 1.5\\\" class=\\\"uk-margin-small-right\\\"><\\\/a><a class=\\\"uk-text-large uk-text-bottom\\\" href=\\\"\\\/pdf\\\/pl\\\/INSTALLATION GUIDE_2024_POL.pdf\\\">Instrukcja instalacji<\\\/a><\\\/p>\\n\n\n<p><a uk-icon=\\\"icon: download; ratio: 1.5\\\" class=\\\"uk-margin-small-right\\\"><\\\/a><a class=\\\"uk-text-large uk-text-bottom\\\" href=\\\"\\\/pdf\\\/pl\\\/OPERATIONS_AND_MAINTENANCE PLAN_POL_2024.pdf\\\">PLAN OBS\\u0141UGI I KONSERWACJI<\\\/a><\\\/p>\\n\n\n<p><a uk-icon=\\\"icon: download; ratio: 1.5\\\" class=\\\"uk-margin-small-right\\\"><\\\/a><a class=\\\"uk-text-large uk-text-bottom\\\" href=\\\"\\\/pdf\\\/pl\\\/EPD_Nature Impact_sedum_tray_60mm_&amp;_80mm.pdf\\\">EPD\\\/LCA<\\\/a><\\\/p>\",\"title\":\"DACH\"}}]}]}]}],\"name\":\"EN - Downloads accordian\"}],\"version\":\"4.5.33\"} --><\/p>\n","protected":false},"excerpt":{"rendered":"<p>Pobierz materia\u0142y Tu mo\u017cesz pobra\u0107 materia\u0142y na temat dach\u00f3w rozchodnikowych i zielonych \u015bcian od Nature Impact. Je\u015bli potrzebujesz materia\u0142\u00f3w, kt\u00f3rych nie mo\u017cesz znale\u017a\u0107 poni\u017cej, lub je\u015bli masz jakie\u015b pytania, zawsze mo\u017cesz si\u0119 z nami skontaktowa\u0107: kontakt z nami. Broszury Dokumenty ROOF | Brochure13MB DOWNLOAD WALL | Brochure13MB DOWNLOAD Data sheets &#038; more DACH ROOF | [&hellip;]<\/p>\n","protected":false},"author":1,"featured_media":0,"parent":5838,"menu_order":0,"comment_status":"closed","ping_status":"closed","template":"","meta":{"_acf_changed":false,"footnotes":""},"class_list":["post-5866","page","type-page","status-publish","hentry"],"acf":[],"yoast_head":"<!-- This site is optimized with the Yoast SEO plugin v26.6 - https:\/\/yoast.com\/wordpress\/plugins\/seo\/ -->\n<title>Pobierz materia\u0142y | Nature Impact<\/title>\n<meta name=\"description\" content=\"Pobierz materia\u0142y na temat dach\u00f3w rozchodnikowych i zielonych \u015bcian od Nature Impact. Mo\u017cesz pobra\u0107 certyfikaty i karty charakterystyki ze specyfikacjami bezpo\u015brednio ze strony internetowej\" \/>\n<meta name=\"robots\" content=\"index, follow, max-snippet:-1, max-image-preview:large, max-video-preview:-1\" \/>\n<link rel=\"canonical\" href=\"https:\/\/natureimpact.com\/pl\/informacje-o-nature-impact\/pobierz-materialy\/\" \/>\n<meta property=\"og:locale\" content=\"pl_PL\" \/>\n<meta property=\"og:type\" content=\"article\" \/>\n<meta property=\"og:title\" content=\"Pobierz materia\u0142y | Nature Impact\" \/>\n<meta property=\"og:description\" content=\"Pobierz materia\u0142y na temat dach\u00f3w rozchodnikowych i zielonych \u015bcian od Nature Impact. Mo\u017cesz pobra\u0107 certyfikaty i karty charakterystyki ze specyfikacjami bezpo\u015brednio ze strony internetowej\" \/>\n<meta property=\"og:url\" content=\"https:\/\/natureimpact.com\/pl\/informacje-o-nature-impact\/pobierz-materialy\/\" \/>\n<meta property=\"og:site_name\" content=\"Nature Impact\" \/>\n<meta property=\"article:modified_time\" content=\"2026-01-19T10:54:38+00:00\" \/>\n<meta property=\"og:image\" content=\"https:\/\/natureimpact.com\/wp-content\/uploads\/2023\/12\/NI_900px.png\" \/>\n\t<meta property=\"og:image:width\" content=\"929\" \/>\n\t<meta property=\"og:image:height\" content=\"841\" \/>\n\t<meta property=\"og:image:type\" content=\"image\/png\" \/>\n<meta name=\"twitter:card\" content=\"summary_large_image\" \/>\n<script type=\"application\/ld+json\" class=\"yoast-schema-graph\">{\"@context\":\"https:\/\/schema.org\",\"@graph\":[{\"@type\":\"WebPage\",\"@id\":\"https:\/\/natureimpact.com\/pl\/informacje-o-nature-impact\/pobierz-materialy\/\",\"url\":\"https:\/\/natureimpact.com\/pl\/informacje-o-nature-impact\/pobierz-materialy\/\",\"name\":\"Pobierz materia\u0142y | Nature Impact\",\"isPartOf\":{\"@id\":\"https:\/\/natureimpact.com\/pl\/#website\"},\"datePublished\":\"2024-05-07T07:05:11+00:00\",\"dateModified\":\"2026-01-19T10:54:38+00:00\",\"description\":\"Pobierz materia\u0142y na temat dach\u00f3w rozchodnikowych i zielonych \u015bcian od Nature Impact. Mo\u017cesz pobra\u0107 certyfikaty i karty charakterystyki ze specyfikacjami bezpo\u015brednio ze strony internetowej\",\"breadcrumb\":{\"@id\":\"https:\/\/natureimpact.com\/pl\/informacje-o-nature-impact\/pobierz-materialy\/#breadcrumb\"},\"inLanguage\":\"pl-PL\",\"potentialAction\":[{\"@type\":\"ReadAction\",\"target\":[\"https:\/\/natureimpact.com\/pl\/informacje-o-nature-impact\/pobierz-materialy\/\"]}]},{\"@type\":\"BreadcrumbList\",\"@id\":\"https:\/\/natureimpact.com\/pl\/informacje-o-nature-impact\/pobierz-materialy\/#breadcrumb\",\"itemListElement\":[{\"@type\":\"ListItem\",\"position\":1,\"name\":\"Strona g\u0142\u00f3wna\",\"item\":\"https:\/\/natureimpact.com\/pl\/\"},{\"@type\":\"ListItem\",\"position\":2,\"name\":\"Informacje o Nature Impact\",\"item\":\"https:\/\/natureimpact.com\/pl\/informacje-o-nature-impact\/\"},{\"@type\":\"ListItem\",\"position\":3,\"name\":\"Pobierz materia\u0142y\"}]},{\"@type\":\"WebSite\",\"@id\":\"https:\/\/natureimpact.com\/pl\/#website\",\"url\":\"https:\/\/natureimpact.com\/pl\/\",\"name\":\"Nature Impact\",\"description\":\"\",\"publisher\":{\"@id\":\"https:\/\/natureimpact.com\/pl\/#organization\"},\"potentialAction\":[{\"@type\":\"SearchAction\",\"target\":{\"@type\":\"EntryPoint\",\"urlTemplate\":\"https:\/\/natureimpact.com\/pl\/?s={search_term_string}\"},\"query-input\":{\"@type\":\"PropertyValueSpecification\",\"valueRequired\":true,\"valueName\":\"search_term_string\"}}],\"inLanguage\":\"pl-PL\"},{\"@type\":\"Organization\",\"@id\":\"https:\/\/natureimpact.com\/pl\/#organization\",\"name\":\"Nature Impact\",\"url\":\"https:\/\/natureimpact.com\/pl\/\",\"logo\":{\"@type\":\"ImageObject\",\"inLanguage\":\"pl-PL\",\"@id\":\"https:\/\/natureimpact.com\/pl\/#\/schema\/logo\/image\/\",\"url\":\"https:\/\/natureimpact.com\/wp-content\/uploads\/2025\/05\/NI_900px.png\",\"contentUrl\":\"https:\/\/natureimpact.com\/wp-content\/uploads\/2025\/05\/NI_900px.png\",\"width\":929,\"height\":841,\"caption\":\"Nature Impact\"},\"image\":{\"@id\":\"https:\/\/natureimpact.com\/pl\/#\/schema\/logo\/image\/\"}}]}<\/script>\n<!-- \/ Yoast SEO plugin. -->","yoast_head_json":{"title":"Pobierz materia\u0142y | Nature Impact","description":"Pobierz materia\u0142y na temat dach\u00f3w rozchodnikowych i zielonych \u015bcian od Nature Impact. Mo\u017cesz pobra\u0107 certyfikaty i karty charakterystyki ze specyfikacjami bezpo\u015brednio ze strony internetowej","robots":{"index":"index","follow":"follow","max-snippet":"max-snippet:-1","max-image-preview":"max-image-preview:large","max-video-preview":"max-video-preview:-1"},"canonical":"https:\/\/natureimpact.com\/pl\/informacje-o-nature-impact\/pobierz-materialy\/","og_locale":"pl_PL","og_type":"article","og_title":"Pobierz materia\u0142y | Nature Impact","og_description":"Pobierz materia\u0142y na temat dach\u00f3w rozchodnikowych i zielonych \u015bcian od Nature Impact. Mo\u017cesz pobra\u0107 certyfikaty i karty charakterystyki ze specyfikacjami bezpo\u015brednio ze strony internetowej","og_url":"https:\/\/natureimpact.com\/pl\/informacje-o-nature-impact\/pobierz-materialy\/","og_site_name":"Nature Impact","article_modified_time":"2026-01-19T10:54:38+00:00","og_image":[{"width":929,"height":841,"url":"https:\/\/natureimpact.com\/wp-content\/uploads\/2023\/12\/NI_900px.png","type":"image\/png"}],"twitter_card":"summary_large_image","schema":{"@context":"https:\/\/schema.org","@graph":[{"@type":"WebPage","@id":"https:\/\/natureimpact.com\/pl\/informacje-o-nature-impact\/pobierz-materialy\/","url":"https:\/\/natureimpact.com\/pl\/informacje-o-nature-impact\/pobierz-materialy\/","name":"Pobierz materia\u0142y | Nature Impact","isPartOf":{"@id":"https:\/\/natureimpact.com\/pl\/#website"},"datePublished":"2024-05-07T07:05:11+00:00","dateModified":"2026-01-19T10:54:38+00:00","description":"Pobierz materia\u0142y na temat dach\u00f3w rozchodnikowych i zielonych \u015bcian od Nature Impact. Mo\u017cesz pobra\u0107 certyfikaty i karty charakterystyki ze specyfikacjami bezpo\u015brednio ze strony internetowej","breadcrumb":{"@id":"https:\/\/natureimpact.com\/pl\/informacje-o-nature-impact\/pobierz-materialy\/#breadcrumb"},"inLanguage":"pl-PL","potentialAction":[{"@type":"ReadAction","target":["https:\/\/natureimpact.com\/pl\/informacje-o-nature-impact\/pobierz-materialy\/"]}]},{"@type":"BreadcrumbList","@id":"https:\/\/natureimpact.com\/pl\/informacje-o-nature-impact\/pobierz-materialy\/#breadcrumb","itemListElement":[{"@type":"ListItem","position":1,"name":"Strona g\u0142\u00f3wna","item":"https:\/\/natureimpact.com\/pl\/"},{"@type":"ListItem","position":2,"name":"Informacje o Nature Impact","item":"https:\/\/natureimpact.com\/pl\/informacje-o-nature-impact\/"},{"@type":"ListItem","position":3,"name":"Pobierz materia\u0142y"}]},{"@type":"WebSite","@id":"https:\/\/natureimpact.com\/pl\/#website","url":"https:\/\/natureimpact.com\/pl\/","name":"Nature Impact","description":"","publisher":{"@id":"https:\/\/natureimpact.com\/pl\/#organization"},"potentialAction":[{"@type":"SearchAction","target":{"@type":"EntryPoint","urlTemplate":"https:\/\/natureimpact.com\/pl\/?s={search_term_string}"},"query-input":{"@type":"PropertyValueSpecification","valueRequired":true,"valueName":"search_term_string"}}],"inLanguage":"pl-PL"},{"@type":"Organization","@id":"https:\/\/natureimpact.com\/pl\/#organization","name":"Nature Impact","url":"https:\/\/natureimpact.com\/pl\/","logo":{"@type":"ImageObject","inLanguage":"pl-PL","@id":"https:\/\/natureimpact.com\/pl\/#\/schema\/logo\/image\/","url":"https:\/\/natureimpact.com\/wp-content\/uploads\/2025\/05\/NI_900px.png","contentUrl":"https:\/\/natureimpact.com\/wp-content\/uploads\/2025\/05\/NI_900px.png","width":929,"height":841,"caption":"Nature Impact"},"image":{"@id":"https:\/\/natureimpact.com\/pl\/#\/schema\/logo\/image\/"}}]}},"_links":{"self":[{"href":"https:\/\/natureimpact.com\/pl\/wp-json\/wp\/v2\/pages\/5866","targetHints":{"allow":["GET"]}}],"collection":[{"href":"https:\/\/natureimpact.com\/pl\/wp-json\/wp\/v2\/pages"}],"about":[{"href":"https:\/\/natureimpact.com\/pl\/wp-json\/wp\/v2\/types\/page"}],"author":[{"embeddable":true,"href":"https:\/\/natureimpact.com\/pl\/wp-json\/wp\/v2\/users\/1"}],"replies":[{"embeddable":true,"href":"https:\/\/natureimpact.com\/pl\/wp-json\/wp\/v2\/comments?post=5866"}],"version-history":[{"count":23,"href":"https:\/\/natureimpact.com\/pl\/wp-json\/wp\/v2\/pages\/5866\/revisions"}],"predecessor-version":[{"id":9057,"href":"https:\/\/natureimpact.com\/pl\/wp-json\/wp\/v2\/pages\/5866\/revisions\/9057"}],"up":[{"embeddable":true,"href":"https:\/\/natureimpact.com\/pl\/wp-json\/wp\/v2\/pages\/5838"}],"wp:attachment":[{"href":"https:\/\/natureimpact.com\/pl\/wp-json\/wp\/v2\/media?parent=5866"}],"curies":[{"name":"wp","href":"https:\/\/api.w.org\/{rel}","templated":true}]}}