{"id":5862,"date":"2024-03-21T08:12:58","date_gmt":"2024-03-21T08:12:58","guid":{"rendered":"https:\/\/loving-ardinghelli.77-247-67-170.plesk.page\/?page_id=5862"},"modified":"2025-02-13T07:12:42","modified_gmt":"2025-02-13T07:12:42","slug":"pielegnacja-i-utrzymanie","status":"publish","type":"page","link":"https:\/\/natureimpact.com\/pl\/zielony-dach\/pielegnacja-i-utrzymanie\/","title":{"rendered":"Piel\u0119gnacja i utrzymanie"},"content":{"rendered":"<h1>Piel\u0119gnacja i utrzymanie twojego dachu rozchodnikowego<\/h1>\n<div>\n<p>Aby utrzyma\u0107 gwarancj\u0119 na dach z rozchodnika Nature Impact, nale\u017cy wykona\u0107 i udokumentowa\u0107 czynno\u015bci zwi\u0105zane z jego piel\u0119gnacj\u0105 oraz utrzymaniem. Mo\u017cesz to zrobi\u0107 tutaj. Aby zachowa\u0107 5-letni\u0105 gwarancj\u0119, nale\u017cy dwa razy do roku wype\u0142ni\u0107 plan utrzymania.<\/p>\n<p>Aby dowiedzie\u0107 si\u0119 wi\u0119cej na temat piel\u0119gnacji i utrzymania dachu rozchodnikowego, mo\u017cesz <a href=\"\/pdf\/pl\/OPERATIONS_AND_MAINTENANCE PLAN_POL_2024.pdf\" target=\"_blank\" rel=\"noopener\">pobra\u0107 nasz plan piel\u0119gnacji i utrzymania tu<\/a>.<\/p>\n<\/div>\n<div>\n<p>    <script src=\"https:\/\/www.cognitoforms.com\/f\/seamless.js\" data-key=\"Rit41ugChUecoVYKMoXKcQ\" data-form=\"18\"><\/script>\n<\/div>\n<p><!--more--><br \/>\n<!-- {\"type\":\"layout\",\"children\":[{\"type\":\"section\",\"props\":{\"height\":\"pixels\",\"height_viewport\":600,\"image\":\"wp-content\\\/uploads\\\/2024\\\/04\\\/Gront-tag-Kobenhavn.jpg\",\"image_effect\":\"fixed\",\"image_position\":\"center-center\",\"image_size\":\"cover\",\"padding\":\"large\",\"padding_remove_horizontal\":true,\"style\":\"default\",\"title_breakpoint\":\"xl\",\"title_position\":\"top-left\",\"title_rotation\":\"left\",\"vertical_align\":\"middle\",\"width\":\"default\"},\"children\":[{\"type\":\"row\",\"children\":[{\"type\":\"column\",\"props\":{\"image_position\":\"center-center\",\"position_sticky_breakpoint\":\"m\"}}]}]},{\"type\":\"section\",\"props\":{\"image\":\"wp-content\\\/uploads\\\/2023\\\/12\\\/NI_White.svg\",\"image_position\":\"center-center\",\"image_size\":\"cover\",\"style\":\"default\",\"title_breakpoint\":\"xl\",\"title_position\":\"top-left\",\"title_rotation\":\"left\",\"vertical_align\":\"\",\"width\":\"small\"},\"children\":[{\"type\":\"row\",\"children\":[{\"type\":\"column\",\"props\":{\"image_position\":\"center-center\",\"position_sticky_breakpoint\":\"m\"},\"children\":[{\"type\":\"fragment\",\"props\":{\"animation\":\"parallax\",\"margin\":\"default\",\"parallax_y\":\"-290,-290\"},\"children\":[{\"type\":\"row\",\"props\":{\"column_gap\":\"large\",\"parallax\":false,\"parallax_end\":\"1000px\",\"parallax_start\":\"1000px\",\"row_gap\":\"large\",\"width\":\"small\"},\"children\":[{\"type\":\"column\",\"props\":{\"image_position\":\"center-center\",\"position_sticky_breakpoint\":\"m\",\"preserve_color\":false,\"style\":\"tile-muted\"},\"children\":[{\"type\":\"headline\",\"props\":{\"block_align\":\"center\",\"content\":\"Piel\\u0119gnacja i utrzymanie twojego dachu rozchodnikowego\",\"maxwidth\":\"2xlarge\",\"title_color\":\"danger\",\"title_element\":\"h1\"}},{\"type\":\"text\",\"props\":{\"block_align\":\"center\",\"column_breakpoint\":\"m\",\"content\":\"\n\n<p>Aby utrzyma\\u0107 gwarancj\\u0119 na dach z rozchodnika Nature Impact, nale\\u017cy wykona\\u0107 i udokumentowa\\u0107 czynno\\u015bci zwi\\u0105zane z jego piel\\u0119gnacj\\u0105 oraz utrzymaniem. Mo\\u017cesz to zrobi\\u0107 tutaj. Aby zachowa\\u0107 5-letni\\u0105 gwarancj\\u0119, nale\\u017cy dwa razy do roku wype\\u0142ni\\u0107 plan utrzymania.<\\\/p>\\n\n\n<p>Aby dowiedzie\\u0107 si\\u0119 wi\\u0119cej na temat piel\\u0119gnacji i utrzymania dachu rozchodnikowego, mo\\u017cesz <a href=\\\"\\\/pdf\\\/pl\\\/OPERATIONS_AND_MAINTENANCE PLAN_POL_2024.pdf\\\" target=\\\"_blank\\\" rel=\\\"noopener\\\">pobra\\u0107 nasz plan piel\\u0119gnacji i utrzymania tu<\\\/a>.<\\\/p>\",\"margin\":\"default\",\"maxwidth\":\"2xlarge\",\"text_color\":\"emphasis\",\"text_style\":\"large\"}},{\"type\":\"html\",\"props\":{\"content\":\"<script src=\\\"https:\\\/\\\/www.cognitoforms.com\\\/f\\\/seamless.js\\\" data-key=\\\"Rit41ugChUecoVYKMoXKcQ\\\" data-form=\\\"18\\\"><\\\/script>\"}}]}]}]}]}]}]}],\"version\":\"4.5.4\"} --><\/p>\n","protected":false},"excerpt":{"rendered":"<p>Piel\u0119gnacja i utrzymanie twojego dachu rozchodnikowego Aby utrzyma\u0107 gwarancj\u0119 na dach z rozchodnika Nature Impact, nale\u017cy wykona\u0107 i udokumentowa\u0107 czynno\u015bci zwi\u0105zane z jego piel\u0119gnacj\u0105 oraz utrzymaniem. Mo\u017cesz to zrobi\u0107 tutaj. Aby zachowa\u0107 5-letni\u0105 gwarancj\u0119, nale\u017cy dwa razy do roku wype\u0142ni\u0107 plan utrzymania. Aby dowiedzie\u0107 si\u0119 wi\u0119cej na temat piel\u0119gnacji i utrzymania dachu rozchodnikowego, mo\u017cesz pobra\u0107 [&hellip;]<\/p>\n","protected":false},"author":1,"featured_media":0,"parent":5635,"menu_order":0,"comment_status":"closed","ping_status":"closed","template":"","meta":{"_acf_changed":false,"footnotes":""},"class_list":["post-5862","page","type-page","status-publish","hentry"],"acf":[],"yoast_head":"<!-- This site is optimized with the Yoast SEO plugin v27.4 - https:\/\/yoast.com\/product\/yoast-seo-wordpress\/ -->\n<title>Piel\u0119gnacja i utrzymanie dach\u00f3w rozchodnikowych | Nature Impact<\/title>\n<meta name=\"description\" content=\"Wymagana jest piel\u0119gnacja i utrzymanie zielonego dachu \u2013 dobrze utrzymany dach rozchodnikowy ma d\u0142ug\u0105 \u017cywotno\u015b\u0107 i udzielamy 5-letniej gwarancji. Zobacz nasze zalecenia tutaj\" \/>\n<meta name=\"robots\" content=\"index, follow, max-snippet:-1, max-image-preview:large, max-video-preview:-1\" \/>\n<link rel=\"canonical\" href=\"https:\/\/natureimpact.com\/pl\/zielony-dach\/pielegnacja-i-utrzymanie\/\" \/>\n<meta property=\"og:locale\" content=\"pl_PL\" \/>\n<meta property=\"og:type\" content=\"article\" \/>\n<meta property=\"og:title\" content=\"Piel\u0119gnacja i utrzymanie dach\u00f3w rozchodnikowych | Nature Impact\" \/>\n<meta property=\"og:description\" content=\"Wymagana jest piel\u0119gnacja i utrzymanie zielonego dachu \u2013 dobrze utrzymany dach rozchodnikowy ma d\u0142ug\u0105 \u017cywotno\u015b\u0107 i udzielamy 5-letniej gwarancji. Zobacz nasze zalecenia tutaj\" \/>\n<meta property=\"og:url\" content=\"https:\/\/natureimpact.com\/pl\/zielony-dach\/pielegnacja-i-utrzymanie\/\" \/>\n<meta property=\"og:site_name\" content=\"Nature Impact\" \/>\n<meta property=\"article:modified_time\" content=\"2025-02-13T07:12:42+00:00\" \/>\n<meta property=\"og:image\" content=\"https:\/\/natureimpact.com\/wp-content\/uploads\/2023\/12\/NI_900px.png\" \/>\n\t<meta property=\"og:image:width\" content=\"929\" \/>\n\t<meta property=\"og:image:height\" content=\"841\" \/>\n\t<meta property=\"og:image:type\" content=\"image\/png\" \/>\n<meta name=\"twitter:card\" content=\"summary_large_image\" \/>\n<script type=\"application\/ld+json\" class=\"yoast-schema-graph\">{\"@context\":\"https:\\\/\\\/schema.org\",\"@graph\":[{\"@type\":\"WebPage\",\"@id\":\"https:\\\/\\\/natureimpact.com\\\/pl\\\/zielony-dach\\\/pielegnacja-i-utrzymanie\\\/\",\"url\":\"https:\\\/\\\/natureimpact.com\\\/pl\\\/zielony-dach\\\/pielegnacja-i-utrzymanie\\\/\",\"name\":\"Piel\u0119gnacja i utrzymanie dach\u00f3w rozchodnikowych | Nature Impact\",\"isPartOf\":{\"@id\":\"https:\\\/\\\/natureimpact.com\\\/pl\\\/#website\"},\"datePublished\":\"2024-03-21T08:12:58+00:00\",\"dateModified\":\"2025-02-13T07:12:42+00:00\",\"description\":\"Wymagana jest piel\u0119gnacja i utrzymanie zielonego dachu \u2013 dobrze utrzymany dach rozchodnikowy ma d\u0142ug\u0105 \u017cywotno\u015b\u0107 i udzielamy 5-letniej gwarancji. Zobacz nasze zalecenia tutaj\",\"breadcrumb\":{\"@id\":\"https:\\\/\\\/natureimpact.com\\\/pl\\\/zielony-dach\\\/pielegnacja-i-utrzymanie\\\/#breadcrumb\"},\"inLanguage\":\"pl-PL\",\"potentialAction\":[{\"@type\":\"ReadAction\",\"target\":[\"https:\\\/\\\/natureimpact.com\\\/pl\\\/zielony-dach\\\/pielegnacja-i-utrzymanie\\\/\"]}]},{\"@type\":\"BreadcrumbList\",\"@id\":\"https:\\\/\\\/natureimpact.com\\\/pl\\\/zielony-dach\\\/pielegnacja-i-utrzymanie\\\/#breadcrumb\",\"itemListElement\":[{\"@type\":\"ListItem\",\"position\":1,\"name\":\"Strona g\u0142\u00f3wna\",\"item\":\"https:\\\/\\\/natureimpact.com\\\/pl\\\/\"},{\"@type\":\"ListItem\",\"position\":2,\"name\":\"Zielony dach\",\"item\":\"https:\\\/\\\/natureimpact.com\\\/pl\\\/zielony-dach\\\/\"},{\"@type\":\"ListItem\",\"position\":3,\"name\":\"Piel\u0119gnacja i utrzymanie\"}]},{\"@type\":\"WebSite\",\"@id\":\"https:\\\/\\\/natureimpact.com\\\/pl\\\/#website\",\"url\":\"https:\\\/\\\/natureimpact.com\\\/pl\\\/\",\"name\":\"Nature Impact\",\"description\":\"\",\"publisher\":{\"@id\":\"https:\\\/\\\/natureimpact.com\\\/pl\\\/#organization\"},\"potentialAction\":[{\"@type\":\"SearchAction\",\"target\":{\"@type\":\"EntryPoint\",\"urlTemplate\":\"https:\\\/\\\/natureimpact.com\\\/pl\\\/?s={search_term_string}\"},\"query-input\":{\"@type\":\"PropertyValueSpecification\",\"valueRequired\":true,\"valueName\":\"search_term_string\"}}],\"inLanguage\":\"pl-PL\"},{\"@type\":\"Organization\",\"@id\":\"https:\\\/\\\/natureimpact.com\\\/pl\\\/#organization\",\"name\":\"Nature Impact\",\"url\":\"https:\\\/\\\/natureimpact.com\\\/pl\\\/\",\"logo\":{\"@type\":\"ImageObject\",\"inLanguage\":\"pl-PL\",\"@id\":\"https:\\\/\\\/natureimpact.com\\\/pl\\\/#\\\/schema\\\/logo\\\/image\\\/\",\"url\":\"https:\\\/\\\/natureimpact.com\\\/wp-content\\\/uploads\\\/2025\\\/05\\\/NI_900px.png\",\"contentUrl\":\"https:\\\/\\\/natureimpact.com\\\/wp-content\\\/uploads\\\/2025\\\/05\\\/NI_900px.png\",\"width\":929,\"height\":841,\"caption\":\"Nature Impact\"},\"image\":{\"@id\":\"https:\\\/\\\/natureimpact.com\\\/pl\\\/#\\\/schema\\\/logo\\\/image\\\/\"}}]}<\/script>\n<!-- \/ Yoast SEO plugin. -->","yoast_head_json":{"title":"Piel\u0119gnacja i utrzymanie dach\u00f3w rozchodnikowych | Nature Impact","description":"Wymagana jest piel\u0119gnacja i utrzymanie zielonego dachu \u2013 dobrze utrzymany dach rozchodnikowy ma d\u0142ug\u0105 \u017cywotno\u015b\u0107 i udzielamy 5-letniej gwarancji. Zobacz nasze zalecenia tutaj","robots":{"index":"index","follow":"follow","max-snippet":"max-snippet:-1","max-image-preview":"max-image-preview:large","max-video-preview":"max-video-preview:-1"},"canonical":"https:\/\/natureimpact.com\/pl\/zielony-dach\/pielegnacja-i-utrzymanie\/","og_locale":"pl_PL","og_type":"article","og_title":"Piel\u0119gnacja i utrzymanie dach\u00f3w rozchodnikowych | Nature Impact","og_description":"Wymagana jest piel\u0119gnacja i utrzymanie zielonego dachu \u2013 dobrze utrzymany dach rozchodnikowy ma d\u0142ug\u0105 \u017cywotno\u015b\u0107 i udzielamy 5-letniej gwarancji. Zobacz nasze zalecenia tutaj","og_url":"https:\/\/natureimpact.com\/pl\/zielony-dach\/pielegnacja-i-utrzymanie\/","og_site_name":"Nature Impact","article_modified_time":"2025-02-13T07:12:42+00:00","og_image":[{"width":929,"height":841,"url":"https:\/\/natureimpact.com\/wp-content\/uploads\/2023\/12\/NI_900px.png","type":"image\/png"}],"twitter_card":"summary_large_image","schema":{"@context":"https:\/\/schema.org","@graph":[{"@type":"WebPage","@id":"https:\/\/natureimpact.com\/pl\/zielony-dach\/pielegnacja-i-utrzymanie\/","url":"https:\/\/natureimpact.com\/pl\/zielony-dach\/pielegnacja-i-utrzymanie\/","name":"Piel\u0119gnacja i utrzymanie dach\u00f3w rozchodnikowych | Nature Impact","isPartOf":{"@id":"https:\/\/natureimpact.com\/pl\/#website"},"datePublished":"2024-03-21T08:12:58+00:00","dateModified":"2025-02-13T07:12:42+00:00","description":"Wymagana jest piel\u0119gnacja i utrzymanie zielonego dachu \u2013 dobrze utrzymany dach rozchodnikowy ma d\u0142ug\u0105 \u017cywotno\u015b\u0107 i udzielamy 5-letniej gwarancji. Zobacz nasze zalecenia tutaj","breadcrumb":{"@id":"https:\/\/natureimpact.com\/pl\/zielony-dach\/pielegnacja-i-utrzymanie\/#breadcrumb"},"inLanguage":"pl-PL","potentialAction":[{"@type":"ReadAction","target":["https:\/\/natureimpact.com\/pl\/zielony-dach\/pielegnacja-i-utrzymanie\/"]}]},{"@type":"BreadcrumbList","@id":"https:\/\/natureimpact.com\/pl\/zielony-dach\/pielegnacja-i-utrzymanie\/#breadcrumb","itemListElement":[{"@type":"ListItem","position":1,"name":"Strona g\u0142\u00f3wna","item":"https:\/\/natureimpact.com\/pl\/"},{"@type":"ListItem","position":2,"name":"Zielony dach","item":"https:\/\/natureimpact.com\/pl\/zielony-dach\/"},{"@type":"ListItem","position":3,"name":"Piel\u0119gnacja i utrzymanie"}]},{"@type":"WebSite","@id":"https:\/\/natureimpact.com\/pl\/#website","url":"https:\/\/natureimpact.com\/pl\/","name":"Nature Impact","description":"","publisher":{"@id":"https:\/\/natureimpact.com\/pl\/#organization"},"potentialAction":[{"@type":"SearchAction","target":{"@type":"EntryPoint","urlTemplate":"https:\/\/natureimpact.com\/pl\/?s={search_term_string}"},"query-input":{"@type":"PropertyValueSpecification","valueRequired":true,"valueName":"search_term_string"}}],"inLanguage":"pl-PL"},{"@type":"Organization","@id":"https:\/\/natureimpact.com\/pl\/#organization","name":"Nature Impact","url":"https:\/\/natureimpact.com\/pl\/","logo":{"@type":"ImageObject","inLanguage":"pl-PL","@id":"https:\/\/natureimpact.com\/pl\/#\/schema\/logo\/image\/","url":"https:\/\/natureimpact.com\/wp-content\/uploads\/2025\/05\/NI_900px.png","contentUrl":"https:\/\/natureimpact.com\/wp-content\/uploads\/2025\/05\/NI_900px.png","width":929,"height":841,"caption":"Nature Impact"},"image":{"@id":"https:\/\/natureimpact.com\/pl\/#\/schema\/logo\/image\/"}}]}},"_links":{"self":[{"href":"https:\/\/natureimpact.com\/pl\/wp-json\/wp\/v2\/pages\/5862","targetHints":{"allow":["GET"]}}],"collection":[{"href":"https:\/\/natureimpact.com\/pl\/wp-json\/wp\/v2\/pages"}],"about":[{"href":"https:\/\/natureimpact.com\/pl\/wp-json\/wp\/v2\/types\/page"}],"author":[{"embeddable":true,"href":"https:\/\/natureimpact.com\/pl\/wp-json\/wp\/v2\/users\/1"}],"replies":[{"embeddable":true,"href":"https:\/\/natureimpact.com\/pl\/wp-json\/wp\/v2\/comments?post=5862"}],"version-history":[{"count":4,"href":"https:\/\/natureimpact.com\/pl\/wp-json\/wp\/v2\/pages\/5862\/revisions"}],"predecessor-version":[{"id":7933,"href":"https:\/\/natureimpact.com\/pl\/wp-json\/wp\/v2\/pages\/5862\/revisions\/7933"}],"up":[{"embeddable":true,"href":"https:\/\/natureimpact.com\/pl\/wp-json\/wp\/v2\/pages\/5635"}],"wp:attachment":[{"href":"https:\/\/natureimpact.com\/pl\/wp-json\/wp\/v2\/media?parent=5862"}],"curies":[{"name":"wp","href":"https:\/\/api.w.org\/{rel}","templated":true}]}}