{"id":5852,"date":"2023-12-11T11:57:53","date_gmt":"2023-12-11T11:57:53","guid":{"rendered":"https:\/\/loving-ardinghelli.77-247-67-170.plesk.page\/?page_id=5852"},"modified":"2025-01-25T06:40:03","modified_gmt":"2025-01-25T06:40:03","slug":"kontakt","status":"publish","type":"page","link":"https:\/\/natureimpact.com\/pl\/informacje-o-nature-impact\/kontakt\/","title":{"rendered":"Kontakt"},"content":{"rendered":"<h1>Kontakt<\/h1>\n<h3>Obs\u0142uga klienta<\/h3>\n<div>\n<p><strong>Maciej Sokolik<\/strong> <br \/>Dystrybutor, Polska<\/p>\n<\/div>\n<div><a href=\"tel:+4565982223\">+48 730 008 534<\/a><\/div>\n<div><a href=\"mailto:ms@natureimpact.com\">ms@natureimpact.com<\/a><\/div>\n<h3>Godziny otwarcia<\/h3>\n<div>\n<p>Poniedzia\u0142ek &#8211; Czwartek <br \/>08.00 &#8211; 16.00<\/p>\n<p>Pi\u0105tek<br \/>08.00 &#8211; 15.30<\/p>\n<\/div>\n<ul>\n<li><a href=\"https:\/\/www.linkedin.com\/\">linkedin<\/a>\n<\/li>\n<li><a href=\"https:\/\/www.facebook.com\/\">facebook<\/a>\n<\/li>\n<li><a href=\"https:\/\/www.instagram.com\/\">instagram<\/a>\n<\/li>\n<\/ul>\n<h3>Adres<\/h3>\n<div>\n<p>Nature Impact A\/S<br \/>Sdr. H\u00f8jrupvejen 130<br \/>5750 Ringe<br \/>Denmark<br \/>CVR 35231722<\/p>\n<\/div>\n<h3>Faktura<\/h3>\n<div><a href=\"mailto:invoice@natureimpact.com\">invoice@natureimpact.com<\/a><\/div>\n<h2>Chcesz \u017ceby\u015bmy si\u0119 z Tob\u0105 skontaktowali?<br \/>\n<\/h2>\n<div>\n<p>    <script src=\"https:\/\/www.cognitoforms.com\/f\/seamless.js\" data-key=\"Rit41ugChUecoVYKMoXKcQ\" data-form=\"11\"><\/script>\n<\/div>\n<h2>Kontakt<\/h2>\n<h3>Obs\u0142uga klienta<\/h3>\n<div>\n<p><strong>Maciej Sokolik<\/strong> <br \/>Dystrybutor, Polska<\/p>\n<\/div>\n<div><a href=\"tel:+4565982223\">+48 730 008 534<\/a><\/div>\n<div><a href=\"mailto:ms@natureimpact.com\">ms@natureimpact.com<\/a><\/div>\n<h3>Godziny otwarcia<\/h3>\n<div>\n<p>Poniedzia\u0142ek &#8211; Czwartek <br \/>08.00 &#8211; 16.00<\/p>\n<p>Pi\u0105tek<br \/>08.00 &#8211; 15.30<\/p>\n<\/div>\n<ul>\n<li><a href=\"https:\/\/www.linkedin.com\/\">linkedin<\/a>\n<\/li>\n<li><a href=\"https:\/\/www.facebook.com\/\">facebook<\/a>\n<\/li>\n<li><a href=\"https:\/\/www.instagram.com\/\">instagram<\/a>\n<\/li>\n<\/ul>\n<h3>Adres<\/h3>\n<div>\n<p>Nature Impact A\/S<br \/>Sdr. H\u00f8jrupvejen 130<br \/>5750 Ringe<br \/>Denmark<br \/>CVR 35231722<\/p>\n<\/div>\n<h3>Faktura<\/h3>\n<div><a href=\"mailto:invoice@natureimpact.com\">invoice@natureimpact.com<\/a><\/div>\n<h2>Chcesz \u017ceby\u015bmy si\u0119 z Tob\u0105 skontaktowali?<br \/>\n<\/h2>\n<div>\n<p>    <script src=\"https:\/\/www.cognitoforms.com\/f\/seamless.js\" data-key=\"Rit41ugChUecoVYKMoXKcQ\" data-form=\"11\"><\/script>\n<\/div>\n<hr>\n<p><!--more--><br \/>\n<!-- {\"type\":\"layout\",\"children\":[{\"type\":\"section\",\"props\":{\"class\":\"uk-visible@s\",\"image_position\":\"center-center\",\"padding_remove_horizontal\":true,\"padding_remove_top\":false,\"style\":\"default\",\"title_breakpoint\":\"xl\",\"title_position\":\"top-left\",\"title_rotation\":\"left\",\"vertical_align\":\"\",\"width\":\"default\",\"width_expand\":\"right\"},\"children\":[{\"type\":\"row\",\"children\":[{\"type\":\"column\",\"props\":{\"image_position\":\"center-center\",\"position_sticky\":\"column\",\"position_sticky_breakpoint\":\"m\",\"position_sticky_offset\":\"180px\",\"width_medium\":\"1-2\"},\"children\":[{\"type\":\"headline\",\"props\":{\"content\":\"Kontakt\",\"margin_remove_bottom\":true,\"title_element\":\"h1\",\"title_style\":\"h1\"}},{\"type\":\"fragment\",\"props\":{\"margin\":\"default\"},\"children\":[{\"type\":\"row\",\"props\":{\"layout\":\"1-2,1-2\"},\"children\":[{\"type\":\"column\",\"props\":{\"image_position\":\"center-center\",\"position_sticky_breakpoint\":\"m\",\"width_medium\":\"1-2\"},\"children\":[{\"type\":\"headline\",\"props\":{\"content\":\"Obs\\u0142uga klienta\",\"margin_remove_bottom\":true,\"title_color\":\"muted\",\"title_element\":\"h3\",\"title_style\":\"h3\"}},{\"type\":\"text\",\"props\":{\"column_breakpoint\":\"m\",\"content\":\"\n\n<p><strong>Maciej Sokolik<\\\/strong> <br \\\/>Dystrybutor, Polska<\\\/p>\",\"margin\":\"default\"}},{\"type\":\"headline\",\"props\":{\"content\":\"+48 730 008 534\",\"link\":\"tel:+4565982223\",\"margin\":\"small\",\"margin_remove_bottom\":true,\"margin_remove_top\":false,\"title_color\":\"emphasis\",\"title_element\":\"div\"},\"name\":\"Telefon\"},{\"type\":\"headline\",\"props\":{\"content\":\"ms@natureimpact.com\",\"link\":\"mailto:ms@natureimpact.com\",\"margin\":\"small\",\"margin_remove_top\":true,\"title_color\":\"emphasis\",\"title_element\":\"div\"},\"name\":\"Telefon\"},{\"type\":\"headline\",\"props\":{\"content\":\"Godziny otwarcia\",\"margin_remove_bottom\":true,\"title_color\":\"muted\",\"title_element\":\"h3\",\"title_style\":\"h3\"}},{\"type\":\"text\",\"props\":{\"column_breakpoint\":\"m\",\"content\":\"\n\n<p>Poniedzia\\u0142ek - Czwartek <br \\\/>08.00 - 16.00<\\\/p>\\n\n\n<p>Pi\\u0105tek<br \\\/>08.00 - 15.30<\\\/p>\",\"margin\":\"small\",\"margin_remove_top\":false,\"text_color\":\"emphasis\"},\"name\":\"Mandag  - \"},{\"type\":\"social\",\"props\":{\"grid\":\"horizontal\",\"grid_column_gap\":\"small\",\"grid_row_gap\":\"small\",\"image_svg_inline\":true,\"link_style\":\"button\",\"margin\":\"medium\"},\"children\":[{\"type\":\"social_item\",\"props\":{\"link\":\"https:\\\/\\\/www.linkedin.com\\\/\"}},{\"type\":\"social_item\",\"props\":{\"link\":\"https:\\\/\\\/www.facebook.com\\\/\"}},{\"type\":\"social_item\",\"props\":{\"link\":\"https:\\\/\\\/www.instagram.com\\\/\"}}],\"name\":\"Social\"}]},{\"type\":\"column\",\"props\":{\"image_position\":\"center-center\",\"position_sticky_breakpoint\":\"m\",\"width_medium\":\"1-2\"},\"children\":[{\"type\":\"headline\",\"props\":{\"content\":\"Adres\",\"margin_remove_bottom\":true,\"title_color\":\"muted\",\"title_element\":\"h3\"}},{\"type\":\"text\",\"props\":{\"column_breakpoint\":\"m\",\"content\":\"\n\n<p>Nature Impact A\\\/S<br \\\/>Sdr. H\\u00f8jrupvejen 130<br \\\/>5750 Ringe<br \\\/>Denmark<br \\\/>CVR 35231722<\\\/p>\",\"margin\":\"small\",\"margin_remove_top\":false,\"text_color\":\"emphasis\"},\"name\":\"Adresse indhold\"},{\"type\":\"headline\",\"props\":{\"content\":\"Faktura\",\"margin_remove_bottom\":true,\"title_color\":\"muted\",\"title_element\":\"h3\"}},{\"type\":\"headline\",\"props\":{\"content\":\"invoice@natureimpact.com\",\"link\":\"mailto:invoice@natureimpact.com\",\"margin\":\"small\",\"margin_remove_bottom\":true,\"margin_remove_top\":false,\"title_color\":\"emphasis\",\"title_element\":\"div\"},\"name\":\"Telefon\"}]}]}]}]},{\"type\":\"column\",\"props\":{\"image_position\":\"center-center\",\"position_sticky_breakpoint\":\"m\",\"style\":\"tile-muted\",\"width_medium\":\"1-2\"},\"children\":[{\"type\":\"fragment\",\"props\":{\"margin\":\"default\"},\"children\":[{\"type\":\"row\",\"props\":{\"layout\":\"1-6,5-6|1-5,4-5\"},\"children\":[{\"type\":\"column\",\"props\":{\"image_position\":\"center-center\",\"position_sticky_breakpoint\":\"m\",\"width_medium\":\"1-6\",\"width_small\":\"1-5\"}},{\"type\":\"column\",\"props\":{\"image_position\":\"center-center\",\"position_sticky_breakpoint\":\"m\",\"width_medium\":\"5-6\",\"width_small\":\"4-5\"},\"children\":[{\"type\":\"headline\",\"props\":{\"content\":\"Chcesz \\u017ceby\\u015bmy si\\u0119 z Tob\\u0105 skontaktowali?\\n\",\"margin_remove_bottom\":false,\"maxwidth\":\"large\",\"title_element\":\"h2\",\"title_style\":\"h1\"},\"name\":\"Formular titel\"},{\"type\":\"html\",\"props\":{\"content\":\"<script src=\\\"https:\\\/\\\/www.cognitoforms.com\\\/f\\\/seamless.js\\\" data-key=\\\"Rit41ugChUecoVYKMoXKcQ\\\" data-form=\\\"11\\\"><\\\/script>\"},\"name\":\"Formular\"}]}]}]}]}],\"props\":{\"layout\":\"1-2,1-2\"}}]},{\"type\":\"section\",\"props\":{\"class\":\"uk-hidden@s\",\"image_position\":\"center-center\",\"padding_remove_horizontal\":false,\"padding_remove_top\":false,\"style\":\"default\",\"title_breakpoint\":\"xl\",\"title_position\":\"top-left\",\"title_rotation\":\"left\",\"vertical_align\":\"\",\"width\":\"default\",\"width_expand\":\"right\"},\"children\":[{\"type\":\"row\",\"children\":[{\"type\":\"column\",\"props\":{\"image_position\":\"center-center\",\"position_sticky\":\"column\",\"position_sticky_breakpoint\":\"m\",\"position_sticky_offset\":\"180px\",\"width_medium\":\"1-2\"},\"children\":[{\"type\":\"headline\",\"props\":{\"content\":\"Kontakt\",\"margin_remove_bottom\":true,\"title_element\":\"h2\",\"title_style\":\"h1\"}},{\"type\":\"fragment\",\"props\":{\"margin\":\"default\"},\"children\":[{\"type\":\"row\",\"props\":{\"layout\":\"1-2,1-2\"},\"children\":[{\"type\":\"column\",\"props\":{\"image_position\":\"center-center\",\"position_sticky_breakpoint\":\"m\",\"width_medium\":\"1-2\"},\"children\":[{\"type\":\"headline\",\"props\":{\"content\":\"Obs\\u0142uga klienta\",\"margin_remove_bottom\":true,\"title_color\":\"muted\",\"title_element\":\"h3\",\"title_style\":\"h3\"}},{\"type\":\"text\",\"props\":{\"column_breakpoint\":\"m\",\"content\":\"\n\n<p><strong>Maciej Sokolik<\\\/strong> <br \\\/>Dystrybutor, Polska<\\\/p>\",\"margin\":\"default\"}},{\"type\":\"headline\",\"props\":{\"content\":\"+48 730 008 534\",\"link\":\"tel:+4565982223\",\"margin\":\"small\",\"margin_remove_bottom\":true,\"margin_remove_top\":false,\"title_color\":\"emphasis\",\"title_element\":\"div\"},\"name\":\"Telefon\"},{\"type\":\"headline\",\"props\":{\"content\":\"ms@natureimpact.com\",\"link\":\"mailto:ms@natureimpact.com\",\"margin\":\"small\",\"margin_remove_top\":true,\"title_color\":\"emphasis\",\"title_element\":\"div\"},\"name\":\"Telefon\"},{\"type\":\"headline\",\"props\":{\"content\":\"Godziny otwarcia\",\"margin_remove_bottom\":true,\"title_color\":\"muted\",\"title_element\":\"h3\",\"title_style\":\"h3\"}},{\"type\":\"text\",\"props\":{\"column_breakpoint\":\"m\",\"content\":\"\n\n<p>Poniedzia\\u0142ek - Czwartek <br \\\/>08.00 - 16.00<\\\/p>\\n\n\n<p>Pi\\u0105tek<br \\\/>08.00 - 15.30<\\\/p>\",\"margin\":\"small\",\"margin_remove_top\":false,\"text_color\":\"emphasis\"},\"name\":\"Mandag  - \"},{\"type\":\"social\",\"props\":{\"grid\":\"horizontal\",\"grid_column_gap\":\"small\",\"grid_row_gap\":\"small\",\"image_svg_inline\":true,\"link_style\":\"button\",\"margin\":\"medium\"},\"children\":[{\"type\":\"social_item\",\"props\":{\"link\":\"https:\\\/\\\/www.linkedin.com\\\/\"}},{\"type\":\"social_item\",\"props\":{\"link\":\"https:\\\/\\\/www.facebook.com\\\/\"}},{\"type\":\"social_item\",\"props\":{\"link\":\"https:\\\/\\\/www.instagram.com\\\/\"}}],\"name\":\"Social\"}]},{\"type\":\"column\",\"props\":{\"image_position\":\"center-center\",\"position_sticky_breakpoint\":\"m\",\"width_medium\":\"1-2\"},\"children\":[{\"type\":\"headline\",\"props\":{\"content\":\"Adres\",\"margin_remove_bottom\":true,\"title_color\":\"muted\",\"title_element\":\"h3\"}},{\"type\":\"text\",\"props\":{\"column_breakpoint\":\"m\",\"content\":\"\n\n<p>Nature Impact A\\\/S<br \\\/>Sdr. H\\u00f8jrupvejen 130<br \\\/>5750 Ringe<br \\\/>Denmark<br \\\/>CVR 35231722<\\\/p>\",\"margin\":\"small\",\"margin_remove_top\":false,\"text_color\":\"emphasis\"},\"name\":\"Adresse indhold\"},{\"type\":\"headline\",\"props\":{\"content\":\"Faktura\",\"margin_remove_bottom\":true,\"title_color\":\"muted\",\"title_element\":\"h3\"}},{\"type\":\"headline\",\"props\":{\"content\":\"invoice@natureimpact.com\",\"link\":\"mailto:invoice@natureimpact.com\",\"margin\":\"small\",\"margin_remove_bottom\":true,\"margin_remove_top\":false,\"title_color\":\"emphasis\",\"title_element\":\"div\"},\"name\":\"Telefon\"}]}]}],\"name\":\"PL - Kontaktside\"}]},{\"type\":\"column\",\"props\":{\"image_position\":\"center-center\",\"position_sticky_breakpoint\":\"m\",\"style\":\"tile-muted\",\"width_medium\":\"1-2\"},\"children\":[{\"type\":\"fragment\",\"props\":{\"margin\":\"default\"},\"children\":[{\"type\":\"row\",\"props\":{\"layout\":\"1-6,5-6|1-5,4-5\"},\"children\":[{\"type\":\"column\",\"props\":{\"image_position\":\"center-center\",\"position_sticky_breakpoint\":\"m\",\"width_medium\":\"1-6\",\"width_small\":\"1-5\"}},{\"type\":\"column\",\"props\":{\"image_position\":\"center-center\",\"position_sticky_breakpoint\":\"m\",\"width_medium\":\"5-6\",\"width_small\":\"4-5\"},\"children\":[{\"type\":\"headline\",\"props\":{\"content\":\"Chcesz \\u017ceby\\u015bmy si\\u0119 z Tob\\u0105 skontaktowali?\\n\",\"margin_remove_bottom\":false,\"maxwidth\":\"large\",\"title_element\":\"h2\",\"title_style\":\"h1\"},\"name\":\"Formular titel\"},{\"type\":\"html\",\"props\":{\"content\":\"<script src=\\\"https:\\\/\\\/www.cognitoforms.com\\\/f\\\/seamless.js\\\" data-key=\\\"Rit41ugChUecoVYKMoXKcQ\\\" data-form=\\\"11\\\"><\\\/script>\"},\"name\":\"Formular\"}]}]}]}]}],\"props\":{\"layout\":\"1-2,1-2\"}}]},{\"type\":\"section\",\"props\":{\"height\":\"page\",\"image\":\"wp-content\\\/uploads\\\/2024\\\/02\\\/nature-roof.jpg\",\"image_effect\":\"parallax\",\"image_parallax_bgy\":\"50,-50\",\"image_position\":\"center-center\",\"image_size\":\"cover\",\"overlap\":false,\"padding\":\"xlarge\",\"padding_remove_bottom\":false,\"padding_remove_top\":false,\"style\":\"default\",\"title_breakpoint\":\"xl\",\"title_position\":\"top-left\",\"title_rotation\":\"left\",\"vertical_align\":\"\",\"width\":\"\",\"width_expand\":\"left\"},\"children\":[{\"type\":\"row\",\"children\":[{\"type\":\"column\",\"props\":{\"image_position\":\"center-center\",\"position_sticky_breakpoint\":\"m\"}}],\"props\":{\"padding_remove_horizontal\":false,\"width\":\"default\"}}],\"name\":\"Baggrundsfoto fixed parallax Y move\"},{\"type\":\"section\",\"props\":{\"image_position\":\"center-center\",\"padding\":\"xsmall\",\"style\":\"primary\",\"title_breakpoint\":\"xl\",\"title_position\":\"top-left\",\"title_rotation\":\"left\",\"vertical_align\":\"middle\",\"width\":\"default\"},\"children\":[{\"type\":\"row\",\"children\":[{\"type\":\"column\",\"props\":{\"image_position\":\"center-center\",\"position_sticky_breakpoint\":\"m\"},\"children\":[{\"type\":\"breadcrumbs\",\"props\":{\"show_current\":true,\"show_home\":true,\"text_align\":\"right\"}},{\"type\":\"divider\",\"props\":{\"divider_element\":\"hr\"}}]}]}],\"name\":\"Br\\u00f8dkrumme over footer\"}],\"version\":\"4.5.1\"} --><\/p>\n","protected":false},"excerpt":{"rendered":"<p>Kontakt Obs\u0142uga klienta Maciej Sokolik Dystrybutor, Polska +48 730 008 534 ms@natureimpact.com Godziny otwarcia Poniedzia\u0142ek &#8211; Czwartek 08.00 &#8211; 16.00 Pi\u0105tek08.00 &#8211; 15.30 linkedin facebook instagram Adres Nature Impact A\/SSdr. H\u00f8jrupvejen 1305750 RingeDenmarkCVR 35231722 Faktura invoice@natureimpact.com Chcesz \u017ceby\u015bmy si\u0119 z Tob\u0105 skontaktowali? Kontakt Obs\u0142uga klienta Maciej Sokolik Dystrybutor, Polska +48 730 008 534 ms@natureimpact.com Godziny [&hellip;]<\/p>\n","protected":false},"author":1,"featured_media":0,"parent":5838,"menu_order":0,"comment_status":"closed","ping_status":"closed","template":"","meta":{"_acf_changed":false,"footnotes":""},"class_list":["post-5852","page","type-page","status-publish","hentry"],"acf":[],"yoast_head":"<!-- This site is optimized with the Yoast SEO plugin v27.4 - https:\/\/yoast.com\/product\/yoast-seo-wordpress\/ -->\n<title>Kontakt - Nature Impact<\/title>\n<meta name=\"robots\" content=\"index, follow, max-snippet:-1, max-image-preview:large, max-video-preview:-1\" \/>\n<link rel=\"canonical\" href=\"https:\/\/natureimpact.com\/pl\/informacje-o-nature-impact\/kontakt\/\" \/>\n<meta property=\"og:locale\" content=\"pl_PL\" \/>\n<meta property=\"og:type\" content=\"article\" \/>\n<meta property=\"og:title\" content=\"Kontakt - Nature Impact\" \/>\n<meta property=\"og:description\" content=\"Kontakt Obs\u0142uga klienta Maciej Sokolik Dystrybutor, Polska +48 730 008 534 ms@natureimpact.com Godziny otwarcia Poniedzia\u0142ek &#8211; Czwartek 08.00 &#8211; 16.00 Pi\u0105tek08.00 &#8211; 15.30 linkedin facebook instagram Adres Nature Impact A\/SSdr. H\u00f8jrupvejen 1305750 RingeDenmarkCVR 35231722 Faktura invoice@natureimpact.com Chcesz \u017ceby\u015bmy si\u0119 z Tob\u0105 skontaktowali? Kontakt Obs\u0142uga klienta Maciej Sokolik Dystrybutor, Polska +48 730 008 534 ms@natureimpact.com Godziny [&hellip;]\" \/>\n<meta property=\"og:url\" content=\"https:\/\/natureimpact.com\/pl\/informacje-o-nature-impact\/kontakt\/\" \/>\n<meta property=\"og:site_name\" content=\"Nature Impact\" \/>\n<meta property=\"article:modified_time\" content=\"2025-01-25T06:40:03+00:00\" \/>\n<meta property=\"og:image\" content=\"https:\/\/natureimpact.com\/wp-content\/uploads\/2023\/12\/NI_900px.png\" \/>\n\t<meta property=\"og:image:width\" content=\"929\" \/>\n\t<meta property=\"og:image:height\" content=\"841\" \/>\n\t<meta property=\"og:image:type\" content=\"image\/png\" \/>\n<meta name=\"twitter:card\" content=\"summary_large_image\" \/>\n<script type=\"application\/ld+json\" class=\"yoast-schema-graph\">{\"@context\":\"https:\\\/\\\/schema.org\",\"@graph\":[{\"@type\":\"WebPage\",\"@id\":\"https:\\\/\\\/natureimpact.com\\\/pl\\\/informacje-o-nature-impact\\\/kontakt\\\/\",\"url\":\"https:\\\/\\\/natureimpact.com\\\/pl\\\/informacje-o-nature-impact\\\/kontakt\\\/\",\"name\":\"Kontakt - Nature Impact\",\"isPartOf\":{\"@id\":\"https:\\\/\\\/natureimpact.com\\\/pl\\\/#website\"},\"datePublished\":\"2023-12-11T11:57:53+00:00\",\"dateModified\":\"2025-01-25T06:40:03+00:00\",\"breadcrumb\":{\"@id\":\"https:\\\/\\\/natureimpact.com\\\/pl\\\/informacje-o-nature-impact\\\/kontakt\\\/#breadcrumb\"},\"inLanguage\":\"pl-PL\",\"potentialAction\":[{\"@type\":\"ReadAction\",\"target\":[\"https:\\\/\\\/natureimpact.com\\\/pl\\\/informacje-o-nature-impact\\\/kontakt\\\/\"]}]},{\"@type\":\"BreadcrumbList\",\"@id\":\"https:\\\/\\\/natureimpact.com\\\/pl\\\/informacje-o-nature-impact\\\/kontakt\\\/#breadcrumb\",\"itemListElement\":[{\"@type\":\"ListItem\",\"position\":1,\"name\":\"Strona g\u0142\u00f3wna\",\"item\":\"https:\\\/\\\/natureimpact.com\\\/pl\\\/\"},{\"@type\":\"ListItem\",\"position\":2,\"name\":\"Informacje o Nature Impact\",\"item\":\"https:\\\/\\\/natureimpact.com\\\/pl\\\/informacje-o-nature-impact\\\/\"},{\"@type\":\"ListItem\",\"position\":3,\"name\":\"Kontakt\"}]},{\"@type\":\"WebSite\",\"@id\":\"https:\\\/\\\/natureimpact.com\\\/pl\\\/#website\",\"url\":\"https:\\\/\\\/natureimpact.com\\\/pl\\\/\",\"name\":\"Nature Impact\",\"description\":\"\",\"publisher\":{\"@id\":\"https:\\\/\\\/natureimpact.com\\\/pl\\\/#organization\"},\"potentialAction\":[{\"@type\":\"SearchAction\",\"target\":{\"@type\":\"EntryPoint\",\"urlTemplate\":\"https:\\\/\\\/natureimpact.com\\\/pl\\\/?s={search_term_string}\"},\"query-input\":{\"@type\":\"PropertyValueSpecification\",\"valueRequired\":true,\"valueName\":\"search_term_string\"}}],\"inLanguage\":\"pl-PL\"},{\"@type\":\"Organization\",\"@id\":\"https:\\\/\\\/natureimpact.com\\\/pl\\\/#organization\",\"name\":\"Nature Impact\",\"url\":\"https:\\\/\\\/natureimpact.com\\\/pl\\\/\",\"logo\":{\"@type\":\"ImageObject\",\"inLanguage\":\"pl-PL\",\"@id\":\"https:\\\/\\\/natureimpact.com\\\/pl\\\/#\\\/schema\\\/logo\\\/image\\\/\",\"url\":\"https:\\\/\\\/natureimpact.com\\\/wp-content\\\/uploads\\\/2025\\\/05\\\/NI_900px.png\",\"contentUrl\":\"https:\\\/\\\/natureimpact.com\\\/wp-content\\\/uploads\\\/2025\\\/05\\\/NI_900px.png\",\"width\":929,\"height\":841,\"caption\":\"Nature Impact\"},\"image\":{\"@id\":\"https:\\\/\\\/natureimpact.com\\\/pl\\\/#\\\/schema\\\/logo\\\/image\\\/\"}}]}<\/script>\n<!-- \/ Yoast SEO plugin. -->","yoast_head_json":{"title":"Kontakt - Nature Impact","robots":{"index":"index","follow":"follow","max-snippet":"max-snippet:-1","max-image-preview":"max-image-preview:large","max-video-preview":"max-video-preview:-1"},"canonical":"https:\/\/natureimpact.com\/pl\/informacje-o-nature-impact\/kontakt\/","og_locale":"pl_PL","og_type":"article","og_title":"Kontakt - Nature Impact","og_description":"Kontakt Obs\u0142uga klienta Maciej Sokolik Dystrybutor, Polska +48 730 008 534 ms@natureimpact.com Godziny otwarcia Poniedzia\u0142ek &#8211; Czwartek 08.00 &#8211; 16.00 Pi\u0105tek08.00 &#8211; 15.30 linkedin facebook instagram Adres Nature Impact A\/SSdr. H\u00f8jrupvejen 1305750 RingeDenmarkCVR 35231722 Faktura invoice@natureimpact.com Chcesz \u017ceby\u015bmy si\u0119 z Tob\u0105 skontaktowali? Kontakt Obs\u0142uga klienta Maciej Sokolik Dystrybutor, Polska +48 730 008 534 ms@natureimpact.com Godziny [&hellip;]","og_url":"https:\/\/natureimpact.com\/pl\/informacje-o-nature-impact\/kontakt\/","og_site_name":"Nature Impact","article_modified_time":"2025-01-25T06:40:03+00:00","og_image":[{"width":929,"height":841,"url":"https:\/\/natureimpact.com\/wp-content\/uploads\/2023\/12\/NI_900px.png","type":"image\/png"}],"twitter_card":"summary_large_image","schema":{"@context":"https:\/\/schema.org","@graph":[{"@type":"WebPage","@id":"https:\/\/natureimpact.com\/pl\/informacje-o-nature-impact\/kontakt\/","url":"https:\/\/natureimpact.com\/pl\/informacje-o-nature-impact\/kontakt\/","name":"Kontakt - Nature Impact","isPartOf":{"@id":"https:\/\/natureimpact.com\/pl\/#website"},"datePublished":"2023-12-11T11:57:53+00:00","dateModified":"2025-01-25T06:40:03+00:00","breadcrumb":{"@id":"https:\/\/natureimpact.com\/pl\/informacje-o-nature-impact\/kontakt\/#breadcrumb"},"inLanguage":"pl-PL","potentialAction":[{"@type":"ReadAction","target":["https:\/\/natureimpact.com\/pl\/informacje-o-nature-impact\/kontakt\/"]}]},{"@type":"BreadcrumbList","@id":"https:\/\/natureimpact.com\/pl\/informacje-o-nature-impact\/kontakt\/#breadcrumb","itemListElement":[{"@type":"ListItem","position":1,"name":"Strona g\u0142\u00f3wna","item":"https:\/\/natureimpact.com\/pl\/"},{"@type":"ListItem","position":2,"name":"Informacje o Nature Impact","item":"https:\/\/natureimpact.com\/pl\/informacje-o-nature-impact\/"},{"@type":"ListItem","position":3,"name":"Kontakt"}]},{"@type":"WebSite","@id":"https:\/\/natureimpact.com\/pl\/#website","url":"https:\/\/natureimpact.com\/pl\/","name":"Nature Impact","description":"","publisher":{"@id":"https:\/\/natureimpact.com\/pl\/#organization"},"potentialAction":[{"@type":"SearchAction","target":{"@type":"EntryPoint","urlTemplate":"https:\/\/natureimpact.com\/pl\/?s={search_term_string}"},"query-input":{"@type":"PropertyValueSpecification","valueRequired":true,"valueName":"search_term_string"}}],"inLanguage":"pl-PL"},{"@type":"Organization","@id":"https:\/\/natureimpact.com\/pl\/#organization","name":"Nature Impact","url":"https:\/\/natureimpact.com\/pl\/","logo":{"@type":"ImageObject","inLanguage":"pl-PL","@id":"https:\/\/natureimpact.com\/pl\/#\/schema\/logo\/image\/","url":"https:\/\/natureimpact.com\/wp-content\/uploads\/2025\/05\/NI_900px.png","contentUrl":"https:\/\/natureimpact.com\/wp-content\/uploads\/2025\/05\/NI_900px.png","width":929,"height":841,"caption":"Nature Impact"},"image":{"@id":"https:\/\/natureimpact.com\/pl\/#\/schema\/logo\/image\/"}}]}},"_links":{"self":[{"href":"https:\/\/natureimpact.com\/pl\/wp-json\/wp\/v2\/pages\/5852","targetHints":{"allow":["GET"]}}],"collection":[{"href":"https:\/\/natureimpact.com\/pl\/wp-json\/wp\/v2\/pages"}],"about":[{"href":"https:\/\/natureimpact.com\/pl\/wp-json\/wp\/v2\/types\/page"}],"author":[{"embeddable":true,"href":"https:\/\/natureimpact.com\/pl\/wp-json\/wp\/v2\/users\/1"}],"replies":[{"embeddable":true,"href":"https:\/\/natureimpact.com\/pl\/wp-json\/wp\/v2\/comments?post=5852"}],"version-history":[{"count":15,"href":"https:\/\/natureimpact.com\/pl\/wp-json\/wp\/v2\/pages\/5852\/revisions"}],"predecessor-version":[{"id":7509,"href":"https:\/\/natureimpact.com\/pl\/wp-json\/wp\/v2\/pages\/5852\/revisions\/7509"}],"up":[{"embeddable":true,"href":"https:\/\/natureimpact.com\/pl\/wp-json\/wp\/v2\/pages\/5838"}],"wp:attachment":[{"href":"https:\/\/natureimpact.com\/pl\/wp-json\/wp\/v2\/media?parent=5852"}],"curies":[{"name":"wp","href":"https:\/\/api.w.org\/{rel}","templated":true}]}}