{"id":5660,"date":"2024-02-07T06:44:53","date_gmt":"2024-02-07T06:44:53","guid":{"rendered":"https:\/\/loving-ardinghelli.77-247-67-170.plesk.page\/?page_id=5660"},"modified":"2025-02-16T11:52:10","modified_gmt":"2025-02-16T11:52:10","slug":"nature-roof","status":"publish","type":"page","link":"https:\/\/natureimpact.com\/pl\/zielony-dach\/nature-roof\/","title":{"rendered":"Nature Roof"},"content":{"rendered":"<h1>Nature roof<\/h1>\n<p><img decoding=\"async\" src=\"\/wp-content\/uploads\/ni-arrow-down.gif\" alt=\"\"><br \/>\n<img decoding=\"async\" src=\"\/wp-content\/uploads\/ikon-animeret.gif\" alt=\"\"><\/p>\n<ul>\n<li>\n        <a href=\"\/pl\/informacje-o-nature-impact\/pobierz-materialy\/\">Pobierz<\/a>\n    <\/li>\n<li>\n        <a href=\"\/pl\/zielony-dach\/\">Dachy rozchodnikowe<\/a>\n    <\/li>\n<\/ul>\n<h3>Harmonia z natur\u0105<br \/>\n<\/h3>\n<div>\n<p>Nature Roof ma zr\u00f3\u017cnicowan\u0105 powierzchni\u0119, na kt\u00f3rej kolory wsp\u00f3\u0142graj\u0105 i zmieniaj\u0105 si\u0119 wraz z porami roku. W naszej szk\u00f3\u0142ce pozyskujemy materia\u0142 z w\u0142asnych ro\u015blin matecznych. Po zebraniu 15 r\u00f3\u017cnych gatunk\u00f3w rozchodnik\u00f3w s\u0105 one starannie mieszane. Ta kompozycja ro\u015blinna tworzy nasz Nature Roof.<\/p>\n<p>W ci\u0105gu pierwszych kilku lat po zamontowaniu Nature Roof zobaczysz kwitnienie wszystkich 15 odmian. Po oko\u0142o 2 latach pozostaje 6-9 najsilniejszych gatunk\u00f3w, co oznacza, \u017ce ro\u015blinno\u015b\u0107 na dachu dostosowa\u0142a si\u0119 do miejscowych warunk\u00f3w \u015brodowiskowych.<\/p>\n<p>Mo\u017cesz przeczyta\u0107 wi\u0119cej o naszych dachach rozchodnikowych, instalacji i akcesoriach pod tym linkiem.<\/p>\n<\/div>\n<h3>Informacje o Nature Roof<br \/>\n<\/h3>\n<div>\n<p><strong>Kwitnienie<\/strong><br \/>Sk\u0142ada si\u0119 z wybranych gatunk\u00f3w rozchodnik\u00f3w, kt\u00f3re kwitn\u0105 na przemian od maja do wrze\u015bnia.\n<\/p>\n<p><strong>Wygl\u0105d<\/strong><br \/>Bujna i zr\u00f3\u017cnicowana powierzchnia, kt\u00f3ra zmienia si\u0119 wraz z porami roku\n<\/p>\n<p><strong>Wysoko\u015b\u0107<\/strong><br \/>Dost\u0119pny w wysoko\u015bci 60 i 80 mm\n<\/p>\n<\/div>\n<ul>\n<li>\n<p>        <img decoding=\"async\" src=\"\/wp-content\/uploads\/2024\/02\/nature-roof2.jpg\" alt=\"\"><\/p>\n<\/li>\n<li>\n<p>        <img decoding=\"async\" src=\"\/wp-content\/uploads\/2024\/02\/nature-roof4.jpg\" alt=\"\"><\/p>\n<\/li>\n<li>\n<p>        <img decoding=\"async\" src=\"\/wp-content\/uploads\/2024\/02\/nature-roof3.jpg\" alt=\"\"><\/p>\n<\/li>\n<\/ul>\n<div>\n<p>        <img decoding=\"async\" src=\"\/wp-content\/uploads\/Download-ikoner_Datablad.svg\" alt=\"\"><\/p>\n<div>Karta techniczna<\/div>\n<p><a href=\"\/pdf\/pl\/Datasheet_Nature Roof_60 mm_POL_2024.pdf\"><\/a><\/p>\n<\/div>\n<div>\n<p>        <img decoding=\"async\" src=\"\/wp-content\/uploads\/Download-ikoner_EPD.svg\" alt=\"\"><\/p>\n<div>EPD<\/div>\n<p><a href=\"\/pdf\/uk\/EPD_Nature Impact_Nature Roofs_60mm.pdf\"><\/a><\/p>\n<\/div>\n<div>\n<p>        <img decoding=\"async\" src=\"\/wp-content\/uploads\/Download-ikoner_Brand.svg\" alt=\"\"><\/p>\n<div>Klasyfikacje ogniowe<\/div>\n<p><a href=\"\/pdf\/dk\/80-mm-Brandgodkendelse-Brooft2.pdf\"><\/a><\/p>\n<\/div>\n<div>\n<p>        <img decoding=\"async\" src=\"\/wp-content\/uploads\/2024\/02\/A-green-product.png\" alt=\"\"><\/p>\n<h2>Masz pytania?<\/h2>\n<div>\n<p><strong>Maciej Sokolik<\/strong> <br \/>Dystrybutor, Polska<br \/><a href=\"mailto:ms@natureimpact.com\">ms@natureimpact.com<\/a><br \/><a href=\"tel:+48730008534\">+ 48 730 008 534<\/a><\/p>\n<\/div>\n<\/div>\n<hr>\n<p><!--more--><br \/>\n<!-- {\"type\":\"layout\",\"children\":[{\"type\":\"section\",\"props\":{\"image_position\":\"center-center\",\"padding\":\"xlarge\",\"padding_remove_horizontal\":false,\"style\":\"default\",\"title_breakpoint\":\"xl\",\"title_position\":\"top-left\",\"title_rotation\":\"left\",\"vertical_align\":\"\",\"width\":\"default\"},\"children\":[{\"type\":\"row\",\"children\":[{\"type\":\"column\",\"props\":{\"image_position\":\"center-center\",\"position_sticky_breakpoint\":\"m\"},\"children\":[{\"type\":\"headline\",\"props\":{\"content\":\"Nature roof\",\"text_align\":\"center\",\"title_color\":\"warning\",\"title_element\":\"h1\",\"title_style\":\"heading-large\"}},{\"type\":\"image\",\"props\":{\"animation\":\"parallax\",\"image\":\"wp-content\\\/uploads\\\/ni-arrow-down.gif\",\"image_loading\":true,\"image_svg_animate\":false,\"image_svg_color\":\"emphasis\",\"image_svg_inline\":true,\"margin\":\"default\",\"parallax_y\":\"40,40\",\"text_align\":\"center\"}}]}]}]},{\"type\":\"section\",\"props\":{\"image\":\"wp-content\\\/uploads\\\/2024\\\/02\\\/nature-roof.jpg\",\"image_loading\":false,\"image_position\":\"center-center\",\"image_size\":\"cover\",\"padding\":\"large\",\"padding_remove_horizontal\":true,\"style\":\"default\",\"title_breakpoint\":\"xl\",\"title_position\":\"top-left\",\"title_rotation\":\"left\",\"vertical_align\":\"\",\"width\":\"default\"},\"children\":[{\"type\":\"row\",\"children\":[{\"type\":\"column\",\"props\":{\"image_position\":\"center-center\",\"position_sticky_breakpoint\":\"m\",\"vertical_align\":\"bottom\",\"width_medium\":\"1-2\"}},{\"type\":\"column\",\"props\":{\"image_position\":\"center-center\",\"position_sticky_breakpoint\":\"m\",\"width_medium\":\"1-2\"},\"children\":[{\"type\":\"image\",\"props\":{\"animation\":\"parallax\",\"class\":\"uk-visible@s\",\"image\":\"wp-content\\\/uploads\\\/ikon-animeret.gif\",\"image_loading\":false,\"image_svg_color\":\"emphasis\",\"image_width\":\"300\",\"margin\":\"default\",\"parallax_y\":\"600,600\",\"position\":\"relative\",\"position_bottom\":\"-480\",\"position_left\":\"50\",\"position_z_index\":\"1\",\"text_align\":\"right\"}}]}],\"props\":{\"layout\":\"1-2,1-2\"}}]},{\"type\":\"section\",\"props\":{\"image_position\":\"center-center\",\"padding\":\"large\",\"padding_remove_top\":true,\"style\":\"default\",\"title_breakpoint\":\"xl\",\"title_position\":\"top-left\",\"title_rotation\":\"left\",\"vertical_align\":\"\",\"width\":\"default\"},\"children\":[{\"type\":\"row\",\"props\":{\"column_gap\":\"large\",\"layout\":\"3-5,2-5\"},\"children\":[{\"type\":\"column\",\"props\":{\"image_position\":\"center-center\",\"padding\":\"large\",\"position_sticky_breakpoint\":\"m\",\"style\":\"tile-default\",\"width_medium\":\"3-5\"},\"children\":[{\"type\":\"subnav\",\"props\":{\"subnav_style\":\"pill\"},\"children\":[{\"type\":\"subnav_item\",\"props\":{\"content\":\"Pobierz\",\"link\":\"pl\\\/informacje-o-nature-impact\\\/pobierz-materialy\\\/\"}},{\"type\":\"subnav_item\",\"props\":{\"content\":\"Dachy rozchodnikowe\",\"link\":\"pl\\\/zielony-dach\\\/\"}}]},{\"type\":\"headline\",\"props\":{\"content\":\"Harmonia z natur\\u0105\\n\",\"title_element\":\"h3\",\"title_style\":\"h1\"}},{\"type\":\"text\",\"props\":{\"column_breakpoint\":\"m\",\"content\":\"\n\n<p>Nature Roof ma zr\\u00f3\\u017cnicowan\\u0105 powierzchni\\u0119, na kt\\u00f3rej kolory wsp\\u00f3\\u0142graj\\u0105 i zmieniaj\\u0105 si\\u0119 wraz z porami roku. W naszej szk\\u00f3\\u0142ce pozyskujemy materia\\u0142 z w\\u0142asnych ro\\u015blin matecznych. Po zebraniu 15 r\\u00f3\\u017cnych gatunk\\u00f3w rozchodnik\\u00f3w s\\u0105 one starannie mieszane. Ta kompozycja ro\\u015blinna tworzy nasz Nature Roof.<\\\/p>\\n\n\n<p>W ci\\u0105gu pierwszych kilku lat po zamontowaniu Nature Roof zobaczysz kwitnienie wszystkich 15 odmian. Po oko\\u0142o 2 latach pozostaje 6-9 najsilniejszych gatunk\\u00f3w, co oznacza, \\u017ce ro\\u015blinno\\u015b\\u0107 na dachu dostosowa\\u0142a si\\u0119 do miejscowych warunk\\u00f3w \\u015brodowiskowych.<\\\/p>\\n\n\n<p>Mo\\u017cesz przeczyta\\u0107 wi\\u0119cej o naszych dachach rozchodnikowych, instalacji i akcesoriach pod tym linkiem.<\\\/p>\",\"margin\":\"default\",\"text_color\":\"emphasis\",\"text_style\":\"large\"}}]},{\"type\":\"column\",\"props\":{\"image_position\":\"center-center\",\"padding\":\"large\",\"position_sticky_breakpoint\":\"m\",\"style\":\"tile-secondary\",\"width_medium\":\"2-5\"},\"children\":[{\"type\":\"fragment\",\"props\":{\"margin\":\"default\"},\"children\":[{\"type\":\"row\",\"props\":{\"layout\":\"5-6,1-6|4-5,1-5\"},\"children\":[{\"type\":\"column\",\"props\":{\"image_position\":\"center-center\",\"position_sticky_breakpoint\":\"m\",\"width_medium\":\"5-6\",\"width_small\":\"4-5\"},\"children\":[{\"type\":\"headline\",\"props\":{\"content\":\"Informacje o Nature Roof\\n\",\"margin\":\"remove-vertical\",\"title_element\":\"h3\",\"title_style\":\"h3\"}},{\"type\":\"text\",\"props\":{\"column_breakpoint\":\"m\",\"content\":\"\n\n<p><strong>Kwitnienie<\\\/strong><br \\\/>Sk\\u0142ada si\\u0119 z wybranych gatunk\\u00f3w rozchodnik\\u00f3w, kt\\u00f3re kwitn\\u0105 na przemian od maja do wrze\\u015bnia.\\n<\\\/p>\\n\n\n<p><strong>Wygl\\u0105d<\\\/strong><br \\\/>Bujna i zr\\u00f3\\u017cnicowana powierzchnia, kt\\u00f3ra zmienia si\\u0119 wraz z porami roku\\n<\\\/p>\\n\n\n<p><strong>Wysoko\\u015b\\u0107<\\\/strong><br \\\/>Dost\\u0119pny w wysoko\\u015bci 60 i 80 mm\\n<\\\/p>\",\"margin\":\"default\",\"text_color\":\"emphasis\",\"text_style\":\"large\"}}]},{\"type\":\"column\",\"props\":{\"image_position\":\"center-center\",\"position_sticky_breakpoint\":\"m\",\"width_medium\":\"1-6\",\"width_small\":\"1-5\"}}]}]}]}]}]},{\"type\":\"section\",\"props\":{\"image_position\":\"center-center\",\"padding\":\"large\",\"style\":\"default\",\"title_breakpoint\":\"xl\",\"title_position\":\"top-left\",\"title_rotation\":\"left\",\"vertical_align\":\"\",\"width\":\"default\"},\"children\":[{\"type\":\"row\",\"children\":[{\"type\":\"column\",\"props\":{\"image_position\":\"center-center\",\"position_sticky_breakpoint\":\"m\"},\"children\":[{\"type\":\"gallery\",\"props\":{\"content_display\":\"lightbox\",\"filter_align\":\"left\",\"filter_all\":true,\"filter_grid_breakpoint\":\"m\",\"filter_grid_width\":\"auto\",\"filter_position\":\"top\",\"filter_style\":\"tab\",\"grid_default\":\"1\",\"grid_medium\":\"3\",\"image_height\":\"400\",\"image_loading\":false,\"image_transition\":\"scale-up\",\"image_width\":\"400\",\"item_animation\":true,\"lightbox\":true,\"lightbox_bg_close\":true,\"lightbox_image_width\":\"1000\",\"link_style\":\"default\",\"link_text\":\"\",\"margin\":\"default\",\"meta_align\":\"below-title\",\"meta_element\":\"div\",\"meta_style\":\"text-meta\",\"overlay_hover\":true,\"overlay_link\":true,\"overlay_mode\":\"cover\",\"overlay_position\":\"center\",\"overlay_style\":\"\",\"overlay_transition\":\"fade\",\"show_content\":true,\"show_hover_image\":true,\"show_hover_video\":true,\"show_link\":true,\"show_meta\":true,\"show_title\":true,\"text_align\":\"center\",\"text_color\":\"light\",\"title_display\":\"lightbox\",\"title_element\":\"h3\",\"title_hover_style\":\"reset\"},\"children\":[{\"type\":\"gallery_item\",\"props\":{\"image\":\"wp-content\\\/uploads\\\/2024\\\/02\\\/nature-roof2.jpg\"}},{\"type\":\"gallery_item\",\"props\":{\"image\":\"wp-content\\\/uploads\\\/2024\\\/02\\\/nature-roof4.jpg\"}},{\"type\":\"gallery_item\",\"props\":{\"image\":\"wp-content\\\/uploads\\\/2024\\\/02\\\/nature-roof3.jpg\"}}]}]}]}]},{\"type\":\"section\",\"props\":{\"id\":\"downloads\",\"image_position\":\"center-center\",\"padding\":\"small\",\"preserve_color\":false,\"style\":\"muted\",\"title_breakpoint\":\"xl\",\"title_position\":\"top-left\",\"title_rotation\":\"left\",\"vertical_align\":\"\",\"width\":\"default\"},\"children\":[{\"type\":\"row\",\"props\":{\"column_gap\":\"large\",\"divider\":true,\"layout\":\"1-2,1-2\"},\"children\":[{\"type\":\"column\",\"props\":{\"image_position\":\"center-center\",\"position_sticky_breakpoint\":\"m\",\"vertical_align\":\"middle\",\"width_medium\":\"1-2\"},\"children\":[{\"type\":\"fragment\",\"props\":{\"margin\":\"default\"},\"children\":[{\"type\":\"row\",\"props\":{\"layout\":\"1-3,1-3,1-3\"},\"children\":[{\"type\":\"column\",\"props\":{\"image_position\":\"center-center\",\"position_sticky_breakpoint\":\"m\",\"width_medium\":\"1-3\"},\"children\":[{\"type\":\"panel\",\"props\":{\"content_column_breakpoint\":\"m\",\"icon_width\":80,\"image\":\"wp-content\\\/uploads\\\/Download-ikoner_Datablad.svg\",\"image_align\":\"top\",\"image_grid_breakpoint\":\"m\",\"image_grid_width\":\"1-2\",\"image_height\":\"50\",\"image_svg_animate\":false,\"image_svg_color\":\"\",\"image_svg_inline\":true,\"image_transition\":\"scale-up\",\"link\":\"\\\/pdf\\\/pl\\\/Datasheet_Nature Roof_60 mm_POL_2024.pdf\",\"link_style\":\"default\",\"link_text\":\"\",\"margin\":\"default\",\"meta_align\":\"below-title\",\"meta_element\":\"div\",\"meta_style\":\"text-meta\",\"panel_link\":true,\"text_align\":\"center\",\"title\":\"Karta techniczna\",\"title_align\":\"top\",\"title_element\":\"div\",\"title_grid_breakpoint\":\"m\",\"title_grid_width\":\"1-2\",\"title_hover_style\":\"reset\",\"title_style\":\"h5\"},\"name\":\"Datablad\"}]},{\"type\":\"column\",\"props\":{\"image_position\":\"center-center\",\"position_sticky_breakpoint\":\"m\",\"width_medium\":\"1-3\"},\"children\":[{\"type\":\"panel\",\"props\":{\"content_column_breakpoint\":\"m\",\"icon_width\":80,\"image\":\"wp-content\\\/uploads\\\/Download-ikoner_EPD.svg\",\"image_align\":\"top\",\"image_grid_breakpoint\":\"m\",\"image_grid_width\":\"1-2\",\"image_height\":\"50\",\"image_svg_animate\":false,\"image_svg_color\":\"\",\"image_svg_inline\":true,\"image_transition\":\"scale-up\",\"link\":\"\\\/pdf\\\/uk\\\/EPD_Nature Impact_Nature Roofs_60mm.pdf\",\"link_style\":\"default\",\"link_text\":\"\",\"margin\":\"default\",\"meta_align\":\"below-title\",\"meta_element\":\"div\",\"meta_style\":\"text-meta\",\"panel_link\":true,\"text_align\":\"center\",\"title\":\"EPD\",\"title_align\":\"top\",\"title_element\":\"div\",\"title_grid_breakpoint\":\"m\",\"title_grid_width\":\"1-2\",\"title_hover_style\":\"reset\",\"title_style\":\"h5\"},\"name\":\"EPD\"}]},{\"type\":\"column\",\"props\":{\"image_position\":\"center-center\",\"position_sticky_breakpoint\":\"m\",\"width_medium\":\"1-3\"},\"children\":[{\"type\":\"panel\",\"props\":{\"content_column_breakpoint\":\"m\",\"icon_width\":80,\"image\":\"wp-content\\\/uploads\\\/Download-ikoner_Brand.svg\",\"image_align\":\"top\",\"image_grid_breakpoint\":\"m\",\"image_grid_width\":\"1-2\",\"image_height\":\"50\",\"image_svg_animate\":false,\"image_svg_color\":\"\",\"image_svg_inline\":true,\"image_transition\":\"scale-up\",\"link\":\"\\\/pdf\\\/dk\\\/80-mm-Brandgodkendelse-Brooft2.pdf\",\"link_style\":\"default\",\"link_text\":\"\",\"margin\":\"default\",\"meta_align\":\"below-title\",\"meta_element\":\"div\",\"meta_style\":\"text-meta\",\"panel_link\":true,\"text_align\":\"center\",\"title\":\"Klasyfikacje ogniowe\",\"title_align\":\"top\",\"title_element\":\"div\",\"title_grid_breakpoint\":\"m\",\"title_grid_width\":\"1-2\",\"title_hover_style\":\"reset\",\"title_style\":\"h5\"},\"name\":\"Brand\"}]}]}]}]},{\"type\":\"column\",\"props\":{\"image_position\":\"center-center\",\"position_sticky_breakpoint\":\"m\",\"vertical_align\":\"middle\",\"width_medium\":\"1-2\"},\"children\":[{\"type\":\"panel\",\"props\":{\"content\":\"\n\n<p><strong>Maciej Sokolik<\\\/strong> <br \\\/>Dystrybutor, Polska<br \\\/><a href=\\\"mailto:ms@natureimpact.com\\\">ms@natureimpact.com<\\\/a><br \\\/><a href=\\\"tel:+48730008534\\\">+ 48 730 008 534<\\\/a><\\\/p>\\n\\n\\n\\n\\n \\n\",\"content_column_breakpoint\":\"m\",\"content_margin\":\"small\",\"icon_width\":80,\"image\":\"wp-content\\\/uploads\\\/2024\\\/02\\\/A-green-product.png\",\"image_align\":\"left\",\"image_grid_breakpoint\":\"m\",\"image_grid_width\":\"1-3\",\"image_loading\":false,\"image_svg_color\":\"emphasis\",\"image_vertical_align\":true,\"link_style\":\"default\",\"link_text\":\"Read more\",\"margin\":\"default\",\"meta_align\":\"below-title\",\"meta_element\":\"div\",\"meta_style\":\"text-meta\",\"panel_image_no_padding\":false,\"title\":\"Masz pytania?\",\"title_align\":\"top\",\"title_element\":\"h2\",\"title_grid_breakpoint\":\"m\",\"title_grid_width\":\"1-2\",\"title_hover_style\":\"reset\",\"title_style\":\"h5\"},\"name\":\"PL - Sp\\u00f8rgsm\\u00e5l bund\"}]}]}],\"name\":\"Download bj\\u00e6lke i bund\"},{\"type\":\"section\",\"props\":{\"image_position\":\"center-center\",\"padding\":\"xsmall\",\"style\":\"primary\",\"title_breakpoint\":\"xl\",\"title_position\":\"top-left\",\"title_rotation\":\"left\",\"vertical_align\":\"middle\",\"width\":\"default\"},\"children\":[{\"type\":\"row\",\"children\":[{\"type\":\"column\",\"props\":{\"image_position\":\"center-center\",\"position_sticky_breakpoint\":\"m\"},\"children\":[{\"type\":\"breadcrumbs\",\"props\":{\"show_current\":true,\"show_home\":true,\"text_align\":\"right\"}},{\"type\":\"divider\",\"props\":{\"divider_element\":\"hr\"}}]}]}],\"name\":\"Br\\u00f8dkrumme over footer\"}],\"version\":\"4.5.4\"} --><\/p>\n","protected":false},"excerpt":{"rendered":"<p>Nature roof Pobierz Dachy rozchodnikowe Harmonia z natur\u0105 Nature Roof ma zr\u00f3\u017cnicowan\u0105 powierzchni\u0119, na kt\u00f3rej kolory wsp\u00f3\u0142graj\u0105 i zmieniaj\u0105 si\u0119 wraz z porami roku. W naszej szk\u00f3\u0142ce pozyskujemy materia\u0142 z w\u0142asnych ro\u015blin matecznych. Po zebraniu 15 r\u00f3\u017cnych gatunk\u00f3w rozchodnik\u00f3w s\u0105 one starannie mieszane. Ta kompozycja ro\u015blinna tworzy nasz Nature Roof. W ci\u0105gu pierwszych kilku lat [&hellip;]<\/p>\n","protected":false},"author":1,"featured_media":0,"parent":5635,"menu_order":0,"comment_status":"closed","ping_status":"closed","template":"","meta":{"_acf_changed":false,"footnotes":""},"class_list":["post-5660","page","type-page","status-publish","hentry"],"acf":[],"yoast_head":"<!-- This site is optimized with the Yoast SEO plugin v26.6 - https:\/\/yoast.com\/wordpress\/plugins\/seo\/ -->\n<title>Nature Roof - Nature Impact<\/title>\n<meta name=\"robots\" content=\"index, follow, max-snippet:-1, max-image-preview:large, max-video-preview:-1\" \/>\n<link rel=\"canonical\" href=\"https:\/\/natureimpact.com\/pl\/zielony-dach\/nature-roof\/\" \/>\n<meta property=\"og:locale\" content=\"pl_PL\" \/>\n<meta property=\"og:type\" content=\"article\" \/>\n<meta property=\"og:title\" content=\"Nature Roof - Nature Impact\" \/>\n<meta property=\"og:description\" content=\"Nature roof Pobierz Dachy rozchodnikowe Harmonia z natur\u0105 Nature Roof ma zr\u00f3\u017cnicowan\u0105 powierzchni\u0119, na kt\u00f3rej kolory wsp\u00f3\u0142graj\u0105 i zmieniaj\u0105 si\u0119 wraz z porami roku. W naszej szk\u00f3\u0142ce pozyskujemy materia\u0142 z w\u0142asnych ro\u015blin matecznych. Po zebraniu 15 r\u00f3\u017cnych gatunk\u00f3w rozchodnik\u00f3w s\u0105 one starannie mieszane. Ta kompozycja ro\u015blinna tworzy nasz Nature Roof. W ci\u0105gu pierwszych kilku lat [&hellip;]\" \/>\n<meta property=\"og:url\" content=\"https:\/\/natureimpact.com\/pl\/zielony-dach\/nature-roof\/\" \/>\n<meta property=\"og:site_name\" content=\"Nature Impact\" \/>\n<meta property=\"article:modified_time\" content=\"2025-02-16T11:52:10+00:00\" \/>\n<meta property=\"og:image\" content=\"https:\/\/natureimpact.com\/wp-content\/uploads\/2023\/12\/NI_900px.png\" \/>\n\t<meta property=\"og:image:width\" content=\"929\" \/>\n\t<meta property=\"og:image:height\" content=\"841\" \/>\n\t<meta property=\"og:image:type\" content=\"image\/png\" \/>\n<meta name=\"twitter:card\" content=\"summary_large_image\" \/>\n<script type=\"application\/ld+json\" class=\"yoast-schema-graph\">{\"@context\":\"https:\/\/schema.org\",\"@graph\":[{\"@type\":\"WebPage\",\"@id\":\"https:\/\/natureimpact.com\/pl\/zielony-dach\/nature-roof\/\",\"url\":\"https:\/\/natureimpact.com\/pl\/zielony-dach\/nature-roof\/\",\"name\":\"Nature Roof - Nature Impact\",\"isPartOf\":{\"@id\":\"https:\/\/natureimpact.com\/pl\/#website\"},\"datePublished\":\"2024-02-07T06:44:53+00:00\",\"dateModified\":\"2025-02-16T11:52:10+00:00\",\"breadcrumb\":{\"@id\":\"https:\/\/natureimpact.com\/pl\/zielony-dach\/nature-roof\/#breadcrumb\"},\"inLanguage\":\"pl-PL\",\"potentialAction\":[{\"@type\":\"ReadAction\",\"target\":[\"https:\/\/natureimpact.com\/pl\/zielony-dach\/nature-roof\/\"]}]},{\"@type\":\"BreadcrumbList\",\"@id\":\"https:\/\/natureimpact.com\/pl\/zielony-dach\/nature-roof\/#breadcrumb\",\"itemListElement\":[{\"@type\":\"ListItem\",\"position\":1,\"name\":\"Strona g\u0142\u00f3wna\",\"item\":\"https:\/\/natureimpact.com\/pl\/\"},{\"@type\":\"ListItem\",\"position\":2,\"name\":\"Zielony dach\",\"item\":\"https:\/\/natureimpact.com\/pl\/zielony-dach\/\"},{\"@type\":\"ListItem\",\"position\":3,\"name\":\"Nature Roof\"}]},{\"@type\":\"WebSite\",\"@id\":\"https:\/\/natureimpact.com\/pl\/#website\",\"url\":\"https:\/\/natureimpact.com\/pl\/\",\"name\":\"Nature Impact\",\"description\":\"\",\"publisher\":{\"@id\":\"https:\/\/natureimpact.com\/pl\/#organization\"},\"potentialAction\":[{\"@type\":\"SearchAction\",\"target\":{\"@type\":\"EntryPoint\",\"urlTemplate\":\"https:\/\/natureimpact.com\/pl\/?s={search_term_string}\"},\"query-input\":{\"@type\":\"PropertyValueSpecification\",\"valueRequired\":true,\"valueName\":\"search_term_string\"}}],\"inLanguage\":\"pl-PL\"},{\"@type\":\"Organization\",\"@id\":\"https:\/\/natureimpact.com\/pl\/#organization\",\"name\":\"Nature Impact\",\"url\":\"https:\/\/natureimpact.com\/pl\/\",\"logo\":{\"@type\":\"ImageObject\",\"inLanguage\":\"pl-PL\",\"@id\":\"https:\/\/natureimpact.com\/pl\/#\/schema\/logo\/image\/\",\"url\":\"https:\/\/natureimpact.com\/wp-content\/uploads\/2025\/05\/NI_900px.png\",\"contentUrl\":\"https:\/\/natureimpact.com\/wp-content\/uploads\/2025\/05\/NI_900px.png\",\"width\":929,\"height\":841,\"caption\":\"Nature Impact\"},\"image\":{\"@id\":\"https:\/\/natureimpact.com\/pl\/#\/schema\/logo\/image\/\"}}]}<\/script>\n<!-- \/ Yoast SEO plugin. -->","yoast_head_json":{"title":"Nature Roof - Nature Impact","robots":{"index":"index","follow":"follow","max-snippet":"max-snippet:-1","max-image-preview":"max-image-preview:large","max-video-preview":"max-video-preview:-1"},"canonical":"https:\/\/natureimpact.com\/pl\/zielony-dach\/nature-roof\/","og_locale":"pl_PL","og_type":"article","og_title":"Nature Roof - Nature Impact","og_description":"Nature roof Pobierz Dachy rozchodnikowe Harmonia z natur\u0105 Nature Roof ma zr\u00f3\u017cnicowan\u0105 powierzchni\u0119, na kt\u00f3rej kolory wsp\u00f3\u0142graj\u0105 i zmieniaj\u0105 si\u0119 wraz z porami roku. W naszej szk\u00f3\u0142ce pozyskujemy materia\u0142 z w\u0142asnych ro\u015blin matecznych. Po zebraniu 15 r\u00f3\u017cnych gatunk\u00f3w rozchodnik\u00f3w s\u0105 one starannie mieszane. Ta kompozycja ro\u015blinna tworzy nasz Nature Roof. W ci\u0105gu pierwszych kilku lat [&hellip;]","og_url":"https:\/\/natureimpact.com\/pl\/zielony-dach\/nature-roof\/","og_site_name":"Nature Impact","article_modified_time":"2025-02-16T11:52:10+00:00","og_image":[{"width":929,"height":841,"url":"https:\/\/natureimpact.com\/wp-content\/uploads\/2023\/12\/NI_900px.png","type":"image\/png"}],"twitter_card":"summary_large_image","schema":{"@context":"https:\/\/schema.org","@graph":[{"@type":"WebPage","@id":"https:\/\/natureimpact.com\/pl\/zielony-dach\/nature-roof\/","url":"https:\/\/natureimpact.com\/pl\/zielony-dach\/nature-roof\/","name":"Nature Roof - Nature Impact","isPartOf":{"@id":"https:\/\/natureimpact.com\/pl\/#website"},"datePublished":"2024-02-07T06:44:53+00:00","dateModified":"2025-02-16T11:52:10+00:00","breadcrumb":{"@id":"https:\/\/natureimpact.com\/pl\/zielony-dach\/nature-roof\/#breadcrumb"},"inLanguage":"pl-PL","potentialAction":[{"@type":"ReadAction","target":["https:\/\/natureimpact.com\/pl\/zielony-dach\/nature-roof\/"]}]},{"@type":"BreadcrumbList","@id":"https:\/\/natureimpact.com\/pl\/zielony-dach\/nature-roof\/#breadcrumb","itemListElement":[{"@type":"ListItem","position":1,"name":"Strona g\u0142\u00f3wna","item":"https:\/\/natureimpact.com\/pl\/"},{"@type":"ListItem","position":2,"name":"Zielony dach","item":"https:\/\/natureimpact.com\/pl\/zielony-dach\/"},{"@type":"ListItem","position":3,"name":"Nature Roof"}]},{"@type":"WebSite","@id":"https:\/\/natureimpact.com\/pl\/#website","url":"https:\/\/natureimpact.com\/pl\/","name":"Nature Impact","description":"","publisher":{"@id":"https:\/\/natureimpact.com\/pl\/#organization"},"potentialAction":[{"@type":"SearchAction","target":{"@type":"EntryPoint","urlTemplate":"https:\/\/natureimpact.com\/pl\/?s={search_term_string}"},"query-input":{"@type":"PropertyValueSpecification","valueRequired":true,"valueName":"search_term_string"}}],"inLanguage":"pl-PL"},{"@type":"Organization","@id":"https:\/\/natureimpact.com\/pl\/#organization","name":"Nature Impact","url":"https:\/\/natureimpact.com\/pl\/","logo":{"@type":"ImageObject","inLanguage":"pl-PL","@id":"https:\/\/natureimpact.com\/pl\/#\/schema\/logo\/image\/","url":"https:\/\/natureimpact.com\/wp-content\/uploads\/2025\/05\/NI_900px.png","contentUrl":"https:\/\/natureimpact.com\/wp-content\/uploads\/2025\/05\/NI_900px.png","width":929,"height":841,"caption":"Nature Impact"},"image":{"@id":"https:\/\/natureimpact.com\/pl\/#\/schema\/logo\/image\/"}}]}},"_links":{"self":[{"href":"https:\/\/natureimpact.com\/pl\/wp-json\/wp\/v2\/pages\/5660","targetHints":{"allow":["GET"]}}],"collection":[{"href":"https:\/\/natureimpact.com\/pl\/wp-json\/wp\/v2\/pages"}],"about":[{"href":"https:\/\/natureimpact.com\/pl\/wp-json\/wp\/v2\/types\/page"}],"author":[{"embeddable":true,"href":"https:\/\/natureimpact.com\/pl\/wp-json\/wp\/v2\/users\/1"}],"replies":[{"embeddable":true,"href":"https:\/\/natureimpact.com\/pl\/wp-json\/wp\/v2\/comments?post=5660"}],"version-history":[{"count":15,"href":"https:\/\/natureimpact.com\/pl\/wp-json\/wp\/v2\/pages\/5660\/revisions"}],"predecessor-version":[{"id":8033,"href":"https:\/\/natureimpact.com\/pl\/wp-json\/wp\/v2\/pages\/5660\/revisions\/8033"}],"up":[{"embeddable":true,"href":"https:\/\/natureimpact.com\/pl\/wp-json\/wp\/v2\/pages\/5635"}],"wp:attachment":[{"href":"https:\/\/natureimpact.com\/pl\/wp-json\/wp\/v2\/media?parent=5660"}],"curies":[{"name":"wp","href":"https:\/\/api.w.org\/{rel}","templated":true}]}}