{"id":6263,"date":"2024-10-29T08:53:53","date_gmt":"2024-10-29T08:53:53","guid":{"rendered":"https:\/\/loving-ardinghelli.77-247-67-170.plesk.page\/?page_id=6263"},"modified":"2025-02-13T10:37:49","modified_gmt":"2025-02-13T10:37:49","slug":"cas","status":"publish","type":"page","link":"https:\/\/natureimpact.com\/fr\/cas\/","title":{"rendered":"Cas"},"content":{"rendered":"<h1>Voir tous nos cas<\/h1>\n<ul>\n<li>\n<p>\n        <a href=\"\/fr\/toiture-vegetalisee\/\">Toiture en s\u00e9dum<\/a>\n    <\/p>\n<\/li>\n<li>\n<p>\n        <a href=\"\/fr\/cas\/mur-vegetal\/\">Mur v\u00e9g\u00e9talis\u00e9<\/a>\n    <\/p>\n<\/li>\n<\/ul>\n<hr>\n<p><!--more--><br \/>\n<!-- {\"type\":\"layout\",\"children\":[{\"type\":\"section\",\"props\":{\"height\":\"viewport\",\"height_offset_top\":true,\"image\":\"wp-content\\\/uploads\\\/2024\\\/02\\\/Evergreen-roof2.jpg\",\"image_loading\":true,\"image_position\":\"center-center\",\"image_size\":\"cover\",\"image_width\":\"2560\",\"style\":\"default\",\"text_color\":\"light\",\"title_breakpoint\":\"xl\",\"title_position\":\"top-left\",\"title_rotation\":\"left\",\"vertical_align\":\"middle\",\"width\":\"default\"},\"children\":[{\"type\":\"row\",\"children\":[{\"type\":\"column\",\"props\":{\"image_position\":\"center-center\",\"position_sticky_breakpoint\":\"m\"},\"children\":[{\"type\":\"headline\",\"props\":{\"content\":\"Voir tous nos cas\",\"margin_remove_bottom\":true,\"text_align\":\"center\",\"title_element\":\"h1\",\"title_style\":\"heading-2xlarge\"}},{\"type\":\"text\",\"props\":{\"column_breakpoint\":\"m\",\"content\":\"\",\"margin\":\"\",\"margin_remove_top\":false,\"text_align\":\"center\",\"text_color\":\"emphasis\",\"text_style\":\"large\"}},{\"type\":\"button\",\"props\":{\"button_size\":\"large\",\"grid_column_gap\":\"small\",\"grid_row_gap\":\"small\",\"margin\":\"large\",\"text_align\":\"center\"},\"children\":[{\"type\":\"button_item\",\"props\":{\"button_style\":\"primary\",\"content\":\"Toiture en s\\u00e9dum\",\"dialog_layout\":\"modal\",\"dialog_offcanvas_flip\":true,\"icon_align\":\"left\",\"link\":\"fr\\\/toiture-vegetalisee\\\/\"}},{\"type\":\"button_item\",\"props\":{\"button_style\":\"primary\",\"content\":\"Mur v\\u00e9g\\u00e9talis\\u00e9\",\"dialog_layout\":\"modal\",\"dialog_offcanvas_flip\":true,\"icon_align\":\"left\",\"link\":\"fr\\\/cas\\\/mur-vegetal\\\/\"}}]}]}]}],\"name\":\"404\"},{\"type\":\"section\",\"props\":{\"image_position\":\"center-center\",\"padding\":\"xsmall\",\"style\":\"primary\",\"title_breakpoint\":\"xl\",\"title_position\":\"top-left\",\"title_rotation\":\"left\",\"vertical_align\":\"middle\",\"width\":\"default\"},\"children\":[{\"type\":\"row\",\"children\":[{\"type\":\"column\",\"props\":{\"image_position\":\"center-center\",\"position_sticky_breakpoint\":\"m\"},\"children\":[{\"type\":\"breadcrumbs\",\"props\":{\"show_current\":true,\"show_home\":true,\"text_align\":\"right\"}},{\"type\":\"divider\",\"props\":{\"divider_element\":\"hr\"}}]}]}],\"name\":\"Br\\u00f8dkrumme over footer\"}],\"version\":\"4.5.4\"} --><\/p>\n","protected":false},"excerpt":{"rendered":"<p>Voir tous nos cas Toiture en s\u00e9dum Mur v\u00e9g\u00e9talis\u00e9<\/p>\n","protected":false},"author":1,"featured_media":0,"parent":0,"menu_order":0,"comment_status":"closed","ping_status":"closed","template":"","meta":{"_acf_changed":false,"footnotes":""},"class_list":["post-6263","page","type-page","status-publish","hentry"],"acf":[],"yoast_head":"<!-- This site is optimized with the Yoast SEO plugin v26.6 - https:\/\/yoast.com\/wordpress\/plugins\/seo\/ -->\n<title>Cas - Nature Impact<\/title>\n<meta name=\"robots\" content=\"index, follow, max-snippet:-1, max-image-preview:large, max-video-preview:-1\" \/>\n<link rel=\"canonical\" href=\"https:\/\/natureimpact.com\/fr\/cas\/\" \/>\n<meta property=\"og:locale\" content=\"fr_FR\" \/>\n<meta property=\"og:type\" content=\"article\" \/>\n<meta property=\"og:title\" content=\"Cas - Nature Impact\" \/>\n<meta property=\"og:description\" content=\"Voir tous nos cas Toiture en s\u00e9dum Mur v\u00e9g\u00e9talis\u00e9\" \/>\n<meta property=\"og:url\" content=\"https:\/\/natureimpact.com\/fr\/cas\/\" \/>\n<meta property=\"og:site_name\" content=\"Nature Impact\" \/>\n<meta property=\"article:modified_time\" content=\"2025-02-13T10:37:49+00:00\" \/>\n<meta property=\"og:image\" content=\"https:\/\/natureimpact.com\/wp-content\/uploads\/2023\/12\/NI_900px.png\" \/>\n\t<meta property=\"og:image:width\" content=\"929\" \/>\n\t<meta property=\"og:image:height\" content=\"841\" \/>\n\t<meta property=\"og:image:type\" content=\"image\/png\" \/>\n<meta name=\"twitter:card\" content=\"summary_large_image\" \/>\n<script type=\"application\/ld+json\" class=\"yoast-schema-graph\">{\"@context\":\"https:\/\/schema.org\",\"@graph\":[{\"@type\":\"WebPage\",\"@id\":\"https:\/\/natureimpact.com\/fr\/cas\/\",\"url\":\"https:\/\/natureimpact.com\/fr\/cas\/\",\"name\":\"Cas - Nature Impact\",\"isPartOf\":{\"@id\":\"https:\/\/natureimpact.com\/fr\/#website\"},\"datePublished\":\"2024-10-29T08:53:53+00:00\",\"dateModified\":\"2025-02-13T10:37:49+00:00\",\"breadcrumb\":{\"@id\":\"https:\/\/natureimpact.com\/fr\/cas\/#breadcrumb\"},\"inLanguage\":\"fr-FR\",\"potentialAction\":[{\"@type\":\"ReadAction\",\"target\":[\"https:\/\/natureimpact.com\/fr\/cas\/\"]}]},{\"@type\":\"BreadcrumbList\",\"@id\":\"https:\/\/natureimpact.com\/fr\/cas\/#breadcrumb\",\"itemListElement\":[{\"@type\":\"ListItem\",\"position\":1,\"name\":\"Accueil\",\"item\":\"https:\/\/natureimpact.com\/fr\/\"},{\"@type\":\"ListItem\",\"position\":2,\"name\":\"Cas\"}]},{\"@type\":\"WebSite\",\"@id\":\"https:\/\/natureimpact.com\/fr\/#website\",\"url\":\"https:\/\/natureimpact.com\/fr\/\",\"name\":\"Nature Impact\",\"description\":\"\",\"publisher\":{\"@id\":\"https:\/\/natureimpact.com\/fr\/#organization\"},\"potentialAction\":[{\"@type\":\"SearchAction\",\"target\":{\"@type\":\"EntryPoint\",\"urlTemplate\":\"https:\/\/natureimpact.com\/fr\/?s={search_term_string}\"},\"query-input\":{\"@type\":\"PropertyValueSpecification\",\"valueRequired\":true,\"valueName\":\"search_term_string\"}}],\"inLanguage\":\"fr-FR\"},{\"@type\":\"Organization\",\"@id\":\"https:\/\/natureimpact.com\/fr\/#organization\",\"name\":\"Nature Impact\",\"url\":\"https:\/\/natureimpact.com\/fr\/\",\"logo\":{\"@type\":\"ImageObject\",\"inLanguage\":\"fr-FR\",\"@id\":\"https:\/\/natureimpact.com\/fr\/#\/schema\/logo\/image\/\",\"url\":\"https:\/\/natureimpact.com\/wp-content\/uploads\/2025\/05\/NI_900px.png\",\"contentUrl\":\"https:\/\/natureimpact.com\/wp-content\/uploads\/2025\/05\/NI_900px.png\",\"width\":929,\"height\":841,\"caption\":\"Nature Impact\"},\"image\":{\"@id\":\"https:\/\/natureimpact.com\/fr\/#\/schema\/logo\/image\/\"}}]}<\/script>\n<!-- \/ Yoast SEO plugin. -->","yoast_head_json":{"title":"Cas - Nature Impact","robots":{"index":"index","follow":"follow","max-snippet":"max-snippet:-1","max-image-preview":"max-image-preview:large","max-video-preview":"max-video-preview:-1"},"canonical":"https:\/\/natureimpact.com\/fr\/cas\/","og_locale":"fr_FR","og_type":"article","og_title":"Cas - Nature Impact","og_description":"Voir tous nos cas Toiture en s\u00e9dum Mur v\u00e9g\u00e9talis\u00e9","og_url":"https:\/\/natureimpact.com\/fr\/cas\/","og_site_name":"Nature Impact","article_modified_time":"2025-02-13T10:37:49+00:00","og_image":[{"width":929,"height":841,"url":"https:\/\/natureimpact.com\/wp-content\/uploads\/2023\/12\/NI_900px.png","type":"image\/png"}],"twitter_card":"summary_large_image","schema":{"@context":"https:\/\/schema.org","@graph":[{"@type":"WebPage","@id":"https:\/\/natureimpact.com\/fr\/cas\/","url":"https:\/\/natureimpact.com\/fr\/cas\/","name":"Cas - Nature Impact","isPartOf":{"@id":"https:\/\/natureimpact.com\/fr\/#website"},"datePublished":"2024-10-29T08:53:53+00:00","dateModified":"2025-02-13T10:37:49+00:00","breadcrumb":{"@id":"https:\/\/natureimpact.com\/fr\/cas\/#breadcrumb"},"inLanguage":"fr-FR","potentialAction":[{"@type":"ReadAction","target":["https:\/\/natureimpact.com\/fr\/cas\/"]}]},{"@type":"BreadcrumbList","@id":"https:\/\/natureimpact.com\/fr\/cas\/#breadcrumb","itemListElement":[{"@type":"ListItem","position":1,"name":"Accueil","item":"https:\/\/natureimpact.com\/fr\/"},{"@type":"ListItem","position":2,"name":"Cas"}]},{"@type":"WebSite","@id":"https:\/\/natureimpact.com\/fr\/#website","url":"https:\/\/natureimpact.com\/fr\/","name":"Nature Impact","description":"","publisher":{"@id":"https:\/\/natureimpact.com\/fr\/#organization"},"potentialAction":[{"@type":"SearchAction","target":{"@type":"EntryPoint","urlTemplate":"https:\/\/natureimpact.com\/fr\/?s={search_term_string}"},"query-input":{"@type":"PropertyValueSpecification","valueRequired":true,"valueName":"search_term_string"}}],"inLanguage":"fr-FR"},{"@type":"Organization","@id":"https:\/\/natureimpact.com\/fr\/#organization","name":"Nature Impact","url":"https:\/\/natureimpact.com\/fr\/","logo":{"@type":"ImageObject","inLanguage":"fr-FR","@id":"https:\/\/natureimpact.com\/fr\/#\/schema\/logo\/image\/","url":"https:\/\/natureimpact.com\/wp-content\/uploads\/2025\/05\/NI_900px.png","contentUrl":"https:\/\/natureimpact.com\/wp-content\/uploads\/2025\/05\/NI_900px.png","width":929,"height":841,"caption":"Nature Impact"},"image":{"@id":"https:\/\/natureimpact.com\/fr\/#\/schema\/logo\/image\/"}}]}},"_links":{"self":[{"href":"https:\/\/natureimpact.com\/fr\/wp-json\/wp\/v2\/pages\/6263","targetHints":{"allow":["GET"]}}],"collection":[{"href":"https:\/\/natureimpact.com\/fr\/wp-json\/wp\/v2\/pages"}],"about":[{"href":"https:\/\/natureimpact.com\/fr\/wp-json\/wp\/v2\/types\/page"}],"author":[{"embeddable":true,"href":"https:\/\/natureimpact.com\/fr\/wp-json\/wp\/v2\/users\/1"}],"replies":[{"embeddable":true,"href":"https:\/\/natureimpact.com\/fr\/wp-json\/wp\/v2\/comments?post=6263"}],"version-history":[{"count":3,"href":"https:\/\/natureimpact.com\/fr\/wp-json\/wp\/v2\/pages\/6263\/revisions"}],"predecessor-version":[{"id":7966,"href":"https:\/\/natureimpact.com\/fr\/wp-json\/wp\/v2\/pages\/6263\/revisions\/7966"}],"wp:attachment":[{"href":"https:\/\/natureimpact.com\/fr\/wp-json\/wp\/v2\/media?parent=6263"}],"curies":[{"name":"wp","href":"https:\/\/api.w.org\/{rel}","templated":true}]}}