{"id":5549,"date":"2024-05-20T06:22:20","date_gmt":"2024-05-20T06:22:20","guid":{"rendered":"https:\/\/loving-ardinghelli.77-247-67-170.plesk.page\/?page_id=5549"},"modified":"2025-02-13T11:02:34","modified_gmt":"2025-02-13T11:02:34","slug":"toits-verts-et-exigences-en-matiere-dincendie","status":"publish","type":"page","link":"https:\/\/natureimpact.com\/fr\/toiture-vegetalisee\/toits-verts-et-exigences-en-matiere-dincendie\/","title":{"rendered":"Toits verts et exigences en mati\u00e8re d\u2019incendie"},"content":{"rendered":"<h1>Toits verts et exigences en mati\u00e8re d\u2019incendie<\/h1>\n<h2>Toits verts et exigences en mati\u00e8re d\u2019incendie<br \/>\n<\/h2>\n<div>\n<p>Les toits verts doivent r\u00e9pondre aux m\u00eames exigences de s\u00e9curit\u00e9 incendie que les toits traditionnels. En outre, les toits verts doivent \u00e9galement r\u00e9pondre aux exigences en mati\u00e8re de drainage afin de garantir que l\u2019eau puisse \u00eatre dirig\u00e9e loin du b\u00e2timent.<\/p>\n<p>Les toitures en s\u00e9dum de Nature Impact ont obtenu l\u2019agr\u00e9ment incendie Broof (t2), ce qui signifie que la toiture peut \u00eatre utilis\u00e9e dans les b\u00e2timents couverts par la r\u00e9glementation BR18.<\/p>\n<\/div>\n<p><p>\n        <a href=\"\/fr\/a-propos-de-nature-impact\/contact\/\">Contact<\/a>\n    <\/p>\n<\/p>\n<p><img decoding=\"async\" src=\"\/wp-content\/uploads\/2023\/12\/NI_Footer.svg\" alt=\"\"><br \/>\n<img decoding=\"async\" src=\"\/wp-content\/uploads\/2024\/03\/07082017-204.jpg\" alt=\"\"><\/p>\n<h2>Exigences en mati\u00e8re d\u2019incendie pour les toitures en s\u00e9dum<\/h2>\n<div>Les toits et toutes les autres parties d\u2019un b\u00e2timent sont soumis aux exigences de s\u00e9curit\u00e9 incendie des r\u00e8glements de construction afin de minimiser le risque de propagation du feu des b\u00e2timents aux b\u00e2timents voisins.  Le plus grand d\u00e9fi pour les toits verts peut \u00eatre que les plantes s\u2019agrandissent avec le temps et se rapprochent des b\u00e2timents voisins. Cela peut \u00eatre un d\u00e9fi pour les toits verts avec certaines gramin\u00e9es, mais pas avec les s\u00e9dums utilis\u00e9s dans les toits verts Nature Impact. Elles poussent bas et br\u00fblent tr\u00e8s mal.\n<\/div>\n<p><img decoding=\"async\" src=\"\/wp-content\/uploads\/2024\/03\/RW-200813-Hetag-DLG_3-TRYK.jpg\" alt=\"\"><\/p>\n<h2>Toit en s\u00e9dum avec mat\u00e9riaux de protection contre l\u2019incendie<br \/>\n<\/h2>\n<div>\n<p>Les toits verts de Nature Impact ont obtenu un agr\u00e9ment de protection contre l\u2019incendie parce qu\u2019ils utilisent de la terre et des plantes s\u00e9dums pr\u00e9sentant un faible risque d\u2019incendie, ainsi que des bacs en plastique ignifug\u00e9s approuv\u00e9s \u00e0 cet effet.<\/p>\n<p>Lors de l\u2019installation de toitures en s\u00e9dum, il est \u00e9galement important de tenir compte des exigences en mati\u00e8re d\u2019incendie. La sous-couche choisie doit bien entendu r\u00e9pondre aux exigences des normes de construction en mati\u00e8re d\u2019incendie, de sorte que la structure globale soit homologu\u00e9e BROOF(t2). En cas de doute, il est important que vous demandiez la documentation pertinente au fabricant de feutre de toiture, par exemple, s\u2019il s\u2019agit de la membrane d\u2019\u00e9tanch\u00e9it\u00e9 utilis\u00e9e sous les plateaux de s\u00e9dum.<\/p>\n<\/div>\n<p><img decoding=\"async\" src=\"\/wp-content\/uploads\/2024\/03\/07082017-204.jpg\" alt=\"\"><\/p>\n<h2>Choisissez toujours une toiture verte homologu\u00e9e pour la protection contre l\u2019incendie<\/h2>\n<div>Il est important de s\u2019assurer que la toiture verte que vous choisissez poss\u00e8de une homologation incendie \u00e9quivalente \u00e0 BROOF(t2), ce qui est le cas de toutes les toitures en s\u00e9dum de Nature Impact. En outre, il est important de travailler avec un architecte, un consultant en incendie et\/ou un installateur professionnel de toits verts pour s\u2019assurer que l\u2019installation r\u00e9pond aux exigences en mati\u00e8re d\u2019incendie de la r\u00e9glementation BR18. Vous obtiendrez ainsi une belle toiture verte ignifug\u00e9e qui r\u00e9pond \u00e0 toutes les exigences du code du feu.\n<\/div>\n<hr>\n<p><!--more--><br \/>\n<!-- {\"type\":\"layout\",\"children\":[{\"type\":\"section\",\"props\":{\"animation\":\"fade\",\"animation_delay\":false,\"header_transparent\":true,\"header_transparent_text_color\":\"dark\",\"image_effect\":\"parallax\",\"image_parallax_bgy\":\"0,-600\",\"image_parallax_easing\":\"1\",\"image_position\":\"top-right\",\"padding\":\"large\",\"padding_remove_bottom\":true,\"style\":\"muted\",\"title_breakpoint\":\"xl\",\"title_position\":\"top-left\",\"title_rotation\":\"left\",\"vertical_align\":\"\",\"width\":\"xlarge\"},\"children\":[{\"type\":\"row\",\"props\":{\"layout\":\"3-4,1-4\",\"margin\":\"xlarge\"},\"children\":[{\"type\":\"column\",\"props\":{\"image_position\":\"center-center\",\"position_sticky_breakpoint\":\"m\",\"width_small\":\"3-4\"},\"children\":[{\"type\":\"headline\",\"props\":{\"content\":\"Toits verts et exigences en mati\\u00e8re d\\u2019incendie\",\"position\":\"relative\",\"position_z_index\":\"3\",\"title_element\":\"h1\",\"title_style\":\"heading-medium\",\"visibility\":\"s\"}},{\"type\":\"headline\",\"props\":{\"content\":\"Toits verts et exigences en mati\\u00e8re d\\u2019incendie\\n\",\"position\":\"relative\",\"position_z_index\":\"3\",\"title_element\":\"h2\",\"title_style\":\"heading-small\",\"visibility\":\"hidden-s\"}},{\"type\":\"text\",\"props\":{\"column\":\"1-2\",\"column_breakpoint\":\"m\",\"content\":\"\n\n<p>Les toits verts doivent r\\u00e9pondre aux m\\u00eames exigences de s\\u00e9curit\\u00e9 incendie que les toits traditionnels. En outre, les toits verts doivent \\u00e9galement r\\u00e9pondre aux exigences en mati\\u00e8re de drainage afin de garantir que l\\u2019eau puisse \\u00eatre dirig\\u00e9e loin du b\\u00e2timent.<\\\/p>\\n\n\n<p>Les toitures en s\\u00e9dum de Nature Impact ont obtenu l\\u2019agr\\u00e9ment incendie Broof (t2), ce qui signifie que la toiture peut \\u00eatre utilis\\u00e9e dans les b\\u00e2timents couverts par la r\\u00e9glementation BR18.<\\\/p>\",\"margin\":\"default\",\"position\":\"relative\",\"text_color\":\"emphasis\",\"text_style\":\"large\"}},{\"type\":\"button\",\"props\":{\"grid_column_gap\":\"small\",\"grid_row_gap\":\"small\",\"margin\":\"medium\"},\"children\":[{\"type\":\"button_item\",\"props\":{\"button_style\":\"default\",\"content\":\"Contact\",\"dialog_layout\":\"modal\",\"dialog_offcanvas_flip\":true,\"icon_align\":\"left\",\"link\":\"fr\\\/a-propos-de-nature-impact\\\/contact\\\/\"}}]}]},{\"type\":\"column\",\"props\":{\"image_position\":\"center-center\",\"position_sticky_breakpoint\":\"m\",\"width_small\":\"1-4\"},\"children\":[{\"type\":\"image\",\"props\":{\"animation\":\"parallax\",\"css\":\".el-image { max-width: 45vw; }\",\"height_expand\":false,\"image\":\"wp-content\\\/uploads\\\/2023\\\/12\\\/NI_Footer.svg\",\"image_loading\":true,\"image_svg_color\":\"emphasis\",\"image_viewport_height\":false,\"image_width\":1200,\"margin\":\"default\",\"parallax_easing\":\"0.5\",\"parallax_y\":\"5vh,-7vh\",\"position\":\"absolute\",\"position_right\":\"60\",\"position_top\":\"-10vh\",\"position_z_index\":\"0\",\"text_align\":\"right\",\"visibility\":\"s\"}}]}]},{\"type\":\"row\",\"props\":{\"column_gap\":\"large\",\"layout\":\"1-2,1-2\",\"margin\":\"xlarge\"},\"children\":[{\"type\":\"column\",\"props\":{\"image_position\":\"center-center\",\"position_sticky_breakpoint\":\"m\",\"width_medium\":\"1-2\"},\"children\":[{\"type\":\"image\",\"props\":{\"animation\":\"parallax\",\"image\":\"wp-content\\\/uploads\\\/2024\\\/03\\\/07082017-204.jpg\",\"image_box_decoration\":\"secondary\",\"image_loading\":true,\"image_svg_color\":\"emphasis\",\"image_width\":\"765\",\"margin\":\"large\",\"parallax_easing\":\"1\",\"parallax_y\":\"-5vh,3vh\",\"position\":\"relative\",\"position_right\":\"90\",\"position_top\":\"2vh\",\"text_align\":\"center\",\"text_align_breakpoint\":\"m\",\"text_align_fallback\":\"right\"}}]},{\"type\":\"column\",\"props\":{\"image_position\":\"center-center\",\"position_sticky_breakpoint\":\"m\",\"vertical_align\":\"middle\",\"width_medium\":\"1-2\"},\"children\":[{\"type\":\"headline\",\"props\":{\"content\":\"Exigences en mati\\u00e8re d\\u2019incendie pour les toitures en s\\u00e9dum\",\"maxwidth\":\"xlarge\",\"title_element\":\"h2\",\"title_style\":\"h2\"}},{\"type\":\"text\",\"props\":{\"animation\":\"parallax\",\"column_breakpoint\":\"m\",\"content\":\"Les toits et toutes les autres parties d\\u2019un b\\u00e2timent sont soumis aux exigences de s\\u00e9curit\\u00e9 incendie des r\\u00e8glements de construction afin de minimiser le risque de propagation du feu des b\\u00e2timents aux b\\u00e2timents voisins.  Le plus grand d\\u00e9fi pour les toits verts peut \\u00eatre que les plantes s\\u2019agrandissent avec le temps et se rapprochent des b\\u00e2timents voisins. Cela peut \\u00eatre un d\\u00e9fi pour les toits verts avec certaines gramin\\u00e9es, mais pas avec les s\\u00e9dums utilis\\u00e9s dans les toits verts Nature Impact. Elles poussent bas et br\\u00fblent tr\\u00e8s mal. \\n\",\"margin\":\"medium\",\"maxwidth\":\"2xlarge\",\"parallax_y\":\"0,-50\"}}]}]}],\"name\":\"About\"},{\"type\":\"section\",\"props\":{\"animation\":\"slide-bottom-small\",\"id\":\"cta\",\"image_position\":\"center-center\",\"padding\":\"large\",\"style\":\"muted\",\"title_breakpoint\":\"xl\",\"title_position\":\"top-left\",\"title_rotation\":\"left\",\"vertical_align\":\"\",\"width\":\"xlarge\"},\"children\":[{\"type\":\"row\",\"props\":{\"column_gap\":\"large\",\"layout\":\"1-2,1-2\"},\"children\":[{\"type\":\"column\",\"props\":{\"image_position\":\"center-center\",\"position_sticky_breakpoint\":\"m\",\"vertical_align\":\"middle\",\"width_medium\":\"1-2\"},\"children\":[{\"type\":\"image\",\"props\":{\"animation\":\"parallax\",\"css\":\".el-image { max-width: 70vw; }\",\"image\":\"wp-content\\\/uploads\\\/2024\\\/03\\\/RW-200813-Hetag-DLG_3-TRYK.jpg\",\"image_box_decoration\":\"secondary\",\"image_svg_color\":\"emphasis\",\"margin\":\"default\",\"parallax_easing\":\"1\",\"parallax_y\":\"-3vh,3vh\",\"position\":\"relative\",\"position_right\":\"-60\",\"position_z_index\":\"0\",\"text_align\":\"center\",\"text_align_breakpoint\":\"m\"}}]},{\"type\":\"column\",\"props\":{\"image_position\":\"center-center\",\"order_first\":\"m\",\"position_sticky_breakpoint\":\"m\",\"vertical_align\":\"middle\",\"width_medium\":\"1-2\"},\"children\":[{\"type\":\"headline\",\"props\":{\"content\":\"Toit en s\\u00e9dum avec mat\\u00e9riaux de protection contre l\\u2019incendie\\n\",\"maxwidth\":\"xlarge\",\"title_element\":\"h2\",\"title_style\":\"h2\"}},{\"type\":\"text\",\"props\":{\"animation\":\"parallax\",\"column_breakpoint\":\"m\",\"content\":\"\n\n<p>Les toits verts de Nature Impact ont obtenu un agr\\u00e9ment de protection contre l\\u2019incendie parce qu\\u2019ils utilisent de la terre et des plantes s\\u00e9dums pr\\u00e9sentant un faible risque d\\u2019incendie, ainsi que des bacs en plastique ignifug\\u00e9s approuv\\u00e9s \\u00e0 cet effet.<\\\/p>\\n\n\n<p>Lors de l\\u2019installation de toitures en s\\u00e9dum, il est \\u00e9galement important de tenir compte des exigences en mati\\u00e8re d\\u2019incendie. La sous-couche choisie doit bien entendu r\\u00e9pondre aux exigences des normes de construction en mati\\u00e8re d\\u2019incendie, de sorte que la structure globale soit homologu\\u00e9e BROOF(t2). En cas de doute, il est important que vous demandiez la documentation pertinente au fabricant de feutre de toiture, par exemple, s\\u2019il s\\u2019agit de la membrane d\\u2019\\u00e9tanch\\u00e9it\\u00e9 utilis\\u00e9e sous les plateaux de s\\u00e9dum.<\\\/p>\",\"margin\":\"medium\",\"maxwidth\":\"2xlarge\",\"parallax_y\":\",-50\"}}]}]}],\"name\":\"Call to Action\"},{\"type\":\"section\",\"props\":{\"image_position\":\"center-center\",\"padding\":\"large\",\"padding_remove_top\":true,\"style\":\"muted\",\"title_breakpoint\":\"xl\",\"title_position\":\"top-left\",\"title_rotation\":\"left\",\"vertical_align\":\"\",\"width\":\"xlarge\"},\"children\":[{\"type\":\"row\",\"props\":{\"column_gap\":\"large\",\"layout\":\"1-2,1-2\",\"margin\":\"xlarge\"},\"children\":[{\"type\":\"column\",\"props\":{\"image_position\":\"center-center\",\"position_sticky_breakpoint\":\"m\",\"width_medium\":\"1-2\"},\"children\":[{\"type\":\"image\",\"props\":{\"animation\":\"parallax\",\"image\":\"wp-content\\\/uploads\\\/2024\\\/03\\\/07082017-204.jpg\",\"image_box_decoration\":\"secondary\",\"image_loading\":true,\"image_svg_color\":\"emphasis\",\"image_width\":\"765\",\"margin\":\"large\",\"parallax_easing\":\"1\",\"parallax_y\":\"-5vh,3vh\",\"position\":\"relative\",\"position_right\":\"90\",\"position_top\":\"2vh\",\"text_align\":\"center\",\"text_align_breakpoint\":\"m\",\"text_align_fallback\":\"right\"}}]},{\"type\":\"column\",\"props\":{\"image_position\":\"center-center\",\"position_sticky_breakpoint\":\"m\",\"vertical_align\":\"middle\",\"width_medium\":\"1-2\"},\"children\":[{\"type\":\"headline\",\"props\":{\"content\":\"Choisissez toujours une toiture verte homologu\\u00e9e pour la protection contre l\\u2019incendie\",\"maxwidth\":\"xlarge\",\"title_element\":\"h2\",\"title_style\":\"h2\"}},{\"type\":\"text\",\"props\":{\"animation\":\"parallax\",\"column_breakpoint\":\"m\",\"content\":\"Il est important de s\\u2019assurer que la toiture verte que vous choisissez poss\\u00e8de une homologation incendie \\u00e9quivalente \\u00e0 BROOF(t2), ce qui est le cas de toutes les toitures en s\\u00e9dum de Nature Impact. En outre, il est important de travailler avec un architecte, un consultant en incendie et\\\/ou un installateur professionnel de toits verts pour s\\u2019assurer que l\\u2019installation r\\u00e9pond aux exigences en mati\\u00e8re d\\u2019incendie de la r\\u00e9glementation BR18. Vous obtiendrez ainsi une belle toiture verte ignifug\\u00e9e qui r\\u00e9pond \\u00e0 toutes les exigences du code du feu.  \\n\",\"margin\":\"medium\",\"maxwidth\":\"2xlarge\",\"parallax_y\":\",-50\"}}]}]}]},{\"type\":\"section\",\"props\":{\"image_position\":\"center-center\",\"padding\":\"xsmall\",\"style\":\"primary\",\"title_breakpoint\":\"xl\",\"title_position\":\"top-left\",\"title_rotation\":\"left\",\"vertical_align\":\"middle\",\"width\":\"default\"},\"children\":[{\"type\":\"row\",\"children\":[{\"type\":\"column\",\"props\":{\"image_position\":\"center-center\",\"position_sticky_breakpoint\":\"m\"},\"children\":[{\"type\":\"breadcrumbs\",\"props\":{\"show_current\":true,\"show_home\":true,\"text_align\":\"right\"}},{\"type\":\"divider\",\"props\":{\"divider_element\":\"hr\"}}]}]}],\"name\":\"Br\\u00f8dkrumme over footer\"}],\"version\":\"4.5.4\"} --><\/p>\n","protected":false},"excerpt":{"rendered":"<p>Toits verts et exigences en mati\u00e8re d\u2019incendie Toits verts et exigences en mati\u00e8re d\u2019incendie Les toits verts doivent r\u00e9pondre aux m\u00eames exigences de s\u00e9curit\u00e9 incendie que les toits traditionnels. En outre, les toits verts doivent \u00e9galement r\u00e9pondre aux exigences en mati\u00e8re de drainage afin de garantir que l\u2019eau puisse \u00eatre dirig\u00e9e loin du b\u00e2timent. Les [&hellip;]<\/p>\n","protected":false},"author":1,"featured_media":0,"parent":5296,"menu_order":0,"comment_status":"closed","ping_status":"closed","template":"","meta":{"_acf_changed":false,"footnotes":""},"class_list":["post-5549","page","type-page","status-publish","hentry"],"acf":[],"yoast_head":"<!-- This site is optimized with the Yoast SEO plugin v26.6 - https:\/\/yoast.com\/wordpress\/plugins\/seo\/ -->\n<title>Toit vert \u2013 Exigences en mati\u00e8re d&#039;incendie \u00bb<\/title>\n<meta name=\"description\" content=\"Les toits verts, comme tous les autres toits, doivent r\u00e9pondre aux exigences des r\u00e8glements de construction en mati\u00e8re d\u2019incendie. Notre toiture en s\u00e9dum est homologu\u00e9e Broof (t2) \u00bb Pour en savoir plus, cliquez ici !\" \/>\n<meta name=\"robots\" content=\"index, follow, max-snippet:-1, max-image-preview:large, max-video-preview:-1\" \/>\n<link rel=\"canonical\" href=\"https:\/\/natureimpact.com\/fr\/toiture-vegetalisee\/toits-verts-et-exigences-en-matiere-dincendie\/\" \/>\n<meta property=\"og:locale\" content=\"fr_FR\" \/>\n<meta property=\"og:type\" content=\"article\" \/>\n<meta property=\"og:title\" content=\"Toit vert \u2013 Exigences en mati\u00e8re d&#039;incendie \u00bb\" \/>\n<meta property=\"og:description\" content=\"Les toits verts, comme tous les autres toits, doivent r\u00e9pondre aux exigences des r\u00e8glements de construction en mati\u00e8re d\u2019incendie. Notre toiture en s\u00e9dum est homologu\u00e9e Broof (t2) \u00bb Pour en savoir plus, cliquez ici !\" \/>\n<meta property=\"og:url\" content=\"https:\/\/natureimpact.com\/fr\/toiture-vegetalisee\/toits-verts-et-exigences-en-matiere-dincendie\/\" \/>\n<meta property=\"og:site_name\" content=\"Nature Impact\" \/>\n<meta property=\"article:modified_time\" content=\"2025-02-13T11:02:34+00:00\" \/>\n<meta property=\"og:image\" content=\"https:\/\/natureimpact.com\/wp-content\/uploads\/2023\/12\/NI_900px.png\" \/>\n\t<meta property=\"og:image:width\" content=\"929\" \/>\n\t<meta property=\"og:image:height\" content=\"841\" \/>\n\t<meta property=\"og:image:type\" content=\"image\/png\" \/>\n<meta name=\"twitter:card\" content=\"summary_large_image\" \/>\n<script type=\"application\/ld+json\" class=\"yoast-schema-graph\">{\"@context\":\"https:\/\/schema.org\",\"@graph\":[{\"@type\":\"WebPage\",\"@id\":\"https:\/\/natureimpact.com\/fr\/toiture-vegetalisee\/toits-verts-et-exigences-en-matiere-dincendie\/\",\"url\":\"https:\/\/natureimpact.com\/fr\/toiture-vegetalisee\/toits-verts-et-exigences-en-matiere-dincendie\/\",\"name\":\"Toit vert \u2013 Exigences en mati\u00e8re d'incendie \u00bb\",\"isPartOf\":{\"@id\":\"https:\/\/natureimpact.com\/fr\/#website\"},\"datePublished\":\"2024-05-20T06:22:20+00:00\",\"dateModified\":\"2025-02-13T11:02:34+00:00\",\"description\":\"Les toits verts, comme tous les autres toits, doivent r\u00e9pondre aux exigences des r\u00e8glements de construction en mati\u00e8re d\u2019incendie. Notre toiture en s\u00e9dum est homologu\u00e9e Broof (t2) \u00bb Pour en savoir plus, cliquez ici !\",\"breadcrumb\":{\"@id\":\"https:\/\/natureimpact.com\/fr\/toiture-vegetalisee\/toits-verts-et-exigences-en-matiere-dincendie\/#breadcrumb\"},\"inLanguage\":\"fr-FR\",\"potentialAction\":[{\"@type\":\"ReadAction\",\"target\":[\"https:\/\/natureimpact.com\/fr\/toiture-vegetalisee\/toits-verts-et-exigences-en-matiere-dincendie\/\"]}]},{\"@type\":\"BreadcrumbList\",\"@id\":\"https:\/\/natureimpact.com\/fr\/toiture-vegetalisee\/toits-verts-et-exigences-en-matiere-dincendie\/#breadcrumb\",\"itemListElement\":[{\"@type\":\"ListItem\",\"position\":1,\"name\":\"Accueil\",\"item\":\"https:\/\/natureimpact.com\/fr\/\"},{\"@type\":\"ListItem\",\"position\":2,\"name\":\"Toiture v\u00e9g\u00e9talis\u00e9e\",\"item\":\"https:\/\/natureimpact.com\/fr\/toiture-vegetalisee\/\"},{\"@type\":\"ListItem\",\"position\":3,\"name\":\"Toits verts et exigences en mati\u00e8re d\u2019incendie\"}]},{\"@type\":\"WebSite\",\"@id\":\"https:\/\/natureimpact.com\/fr\/#website\",\"url\":\"https:\/\/natureimpact.com\/fr\/\",\"name\":\"Nature Impact\",\"description\":\"\",\"publisher\":{\"@id\":\"https:\/\/natureimpact.com\/fr\/#organization\"},\"potentialAction\":[{\"@type\":\"SearchAction\",\"target\":{\"@type\":\"EntryPoint\",\"urlTemplate\":\"https:\/\/natureimpact.com\/fr\/?s={search_term_string}\"},\"query-input\":{\"@type\":\"PropertyValueSpecification\",\"valueRequired\":true,\"valueName\":\"search_term_string\"}}],\"inLanguage\":\"fr-FR\"},{\"@type\":\"Organization\",\"@id\":\"https:\/\/natureimpact.com\/fr\/#organization\",\"name\":\"Nature Impact\",\"url\":\"https:\/\/natureimpact.com\/fr\/\",\"logo\":{\"@type\":\"ImageObject\",\"inLanguage\":\"fr-FR\",\"@id\":\"https:\/\/natureimpact.com\/fr\/#\/schema\/logo\/image\/\",\"url\":\"https:\/\/natureimpact.com\/wp-content\/uploads\/2025\/05\/NI_900px.png\",\"contentUrl\":\"https:\/\/natureimpact.com\/wp-content\/uploads\/2025\/05\/NI_900px.png\",\"width\":929,\"height\":841,\"caption\":\"Nature Impact\"},\"image\":{\"@id\":\"https:\/\/natureimpact.com\/fr\/#\/schema\/logo\/image\/\"}}]}<\/script>\n<!-- \/ Yoast SEO plugin. -->","yoast_head_json":{"title":"Toit vert \u2013 Exigences en mati\u00e8re d'incendie \u00bb","description":"Les toits verts, comme tous les autres toits, doivent r\u00e9pondre aux exigences des r\u00e8glements de construction en mati\u00e8re d\u2019incendie. Notre toiture en s\u00e9dum est homologu\u00e9e Broof (t2) \u00bb Pour en savoir plus, cliquez ici !","robots":{"index":"index","follow":"follow","max-snippet":"max-snippet:-1","max-image-preview":"max-image-preview:large","max-video-preview":"max-video-preview:-1"},"canonical":"https:\/\/natureimpact.com\/fr\/toiture-vegetalisee\/toits-verts-et-exigences-en-matiere-dincendie\/","og_locale":"fr_FR","og_type":"article","og_title":"Toit vert \u2013 Exigences en mati\u00e8re d'incendie \u00bb","og_description":"Les toits verts, comme tous les autres toits, doivent r\u00e9pondre aux exigences des r\u00e8glements de construction en mati\u00e8re d\u2019incendie. Notre toiture en s\u00e9dum est homologu\u00e9e Broof (t2) \u00bb Pour en savoir plus, cliquez ici !","og_url":"https:\/\/natureimpact.com\/fr\/toiture-vegetalisee\/toits-verts-et-exigences-en-matiere-dincendie\/","og_site_name":"Nature Impact","article_modified_time":"2025-02-13T11:02:34+00:00","og_image":[{"width":929,"height":841,"url":"https:\/\/natureimpact.com\/wp-content\/uploads\/2023\/12\/NI_900px.png","type":"image\/png"}],"twitter_card":"summary_large_image","schema":{"@context":"https:\/\/schema.org","@graph":[{"@type":"WebPage","@id":"https:\/\/natureimpact.com\/fr\/toiture-vegetalisee\/toits-verts-et-exigences-en-matiere-dincendie\/","url":"https:\/\/natureimpact.com\/fr\/toiture-vegetalisee\/toits-verts-et-exigences-en-matiere-dincendie\/","name":"Toit vert \u2013 Exigences en mati\u00e8re d'incendie \u00bb","isPartOf":{"@id":"https:\/\/natureimpact.com\/fr\/#website"},"datePublished":"2024-05-20T06:22:20+00:00","dateModified":"2025-02-13T11:02:34+00:00","description":"Les toits verts, comme tous les autres toits, doivent r\u00e9pondre aux exigences des r\u00e8glements de construction en mati\u00e8re d\u2019incendie. Notre toiture en s\u00e9dum est homologu\u00e9e Broof (t2) \u00bb Pour en savoir plus, cliquez ici !","breadcrumb":{"@id":"https:\/\/natureimpact.com\/fr\/toiture-vegetalisee\/toits-verts-et-exigences-en-matiere-dincendie\/#breadcrumb"},"inLanguage":"fr-FR","potentialAction":[{"@type":"ReadAction","target":["https:\/\/natureimpact.com\/fr\/toiture-vegetalisee\/toits-verts-et-exigences-en-matiere-dincendie\/"]}]},{"@type":"BreadcrumbList","@id":"https:\/\/natureimpact.com\/fr\/toiture-vegetalisee\/toits-verts-et-exigences-en-matiere-dincendie\/#breadcrumb","itemListElement":[{"@type":"ListItem","position":1,"name":"Accueil","item":"https:\/\/natureimpact.com\/fr\/"},{"@type":"ListItem","position":2,"name":"Toiture v\u00e9g\u00e9talis\u00e9e","item":"https:\/\/natureimpact.com\/fr\/toiture-vegetalisee\/"},{"@type":"ListItem","position":3,"name":"Toits verts et exigences en mati\u00e8re d\u2019incendie"}]},{"@type":"WebSite","@id":"https:\/\/natureimpact.com\/fr\/#website","url":"https:\/\/natureimpact.com\/fr\/","name":"Nature Impact","description":"","publisher":{"@id":"https:\/\/natureimpact.com\/fr\/#organization"},"potentialAction":[{"@type":"SearchAction","target":{"@type":"EntryPoint","urlTemplate":"https:\/\/natureimpact.com\/fr\/?s={search_term_string}"},"query-input":{"@type":"PropertyValueSpecification","valueRequired":true,"valueName":"search_term_string"}}],"inLanguage":"fr-FR"},{"@type":"Organization","@id":"https:\/\/natureimpact.com\/fr\/#organization","name":"Nature Impact","url":"https:\/\/natureimpact.com\/fr\/","logo":{"@type":"ImageObject","inLanguage":"fr-FR","@id":"https:\/\/natureimpact.com\/fr\/#\/schema\/logo\/image\/","url":"https:\/\/natureimpact.com\/wp-content\/uploads\/2025\/05\/NI_900px.png","contentUrl":"https:\/\/natureimpact.com\/wp-content\/uploads\/2025\/05\/NI_900px.png","width":929,"height":841,"caption":"Nature Impact"},"image":{"@id":"https:\/\/natureimpact.com\/fr\/#\/schema\/logo\/image\/"}}]}},"_links":{"self":[{"href":"https:\/\/natureimpact.com\/fr\/wp-json\/wp\/v2\/pages\/5549","targetHints":{"allow":["GET"]}}],"collection":[{"href":"https:\/\/natureimpact.com\/fr\/wp-json\/wp\/v2\/pages"}],"about":[{"href":"https:\/\/natureimpact.com\/fr\/wp-json\/wp\/v2\/types\/page"}],"author":[{"embeddable":true,"href":"https:\/\/natureimpact.com\/fr\/wp-json\/wp\/v2\/users\/1"}],"replies":[{"embeddable":true,"href":"https:\/\/natureimpact.com\/fr\/wp-json\/wp\/v2\/comments?post=5549"}],"version-history":[{"count":9,"href":"https:\/\/natureimpact.com\/fr\/wp-json\/wp\/v2\/pages\/5549\/revisions"}],"predecessor-version":[{"id":8000,"href":"https:\/\/natureimpact.com\/fr\/wp-json\/wp\/v2\/pages\/5549\/revisions\/8000"}],"up":[{"embeddable":true,"href":"https:\/\/natureimpact.com\/fr\/wp-json\/wp\/v2\/pages\/5296"}],"wp:attachment":[{"href":"https:\/\/natureimpact.com\/fr\/wp-json\/wp\/v2\/media?parent=5549"}],"curies":[{"name":"wp","href":"https:\/\/api.w.org\/{rel}","templated":true}]}}