{"id":5518,"date":"2024-05-07T07:05:11","date_gmt":"2024-05-07T07:05:11","guid":{"rendered":"https:\/\/loving-ardinghelli.77-247-67-170.plesk.page\/?page_id=5518"},"modified":"2026-01-19T12:23:39","modified_gmt":"2026-01-19T12:23:39","slug":"telecharger-le-materiel","status":"publish","type":"page","link":"https:\/\/natureimpact.com\/fr\/a-propos-de-nature-impact\/telecharger-le-materiel\/","title":{"rendered":"T\u00e9l\u00e9charger le mat\u00e9riel"},"content":{"rendered":"<h1>MAT\u00c9RIEL \u00c0 T\u00c9L\u00c9CHARGER<\/h1>\n<div>\n<p>Vous trouverez ci-dessous des documents t\u00e9l\u00e9chargeables sur les toitures et les murs v\u00e9g\u00e9talis\u00e9s en s\u00e9dum de Nature Impact. N\u2019h\u00e9sitez pas \u00e0 nous <a href=\"https:\/\/natureimpact.com\/fr\/a-propos-de-nature-impact\/contact\/\">contacter<\/a> si vous cherchez du mat\u00e9riel que vous ne trouvez pas ci-dessous \u2013 ou si vous avez des questions.<\/p>\n<\/div>\n<ul>\n<li>\n<p>\n        <a href=\"#brochure\">Brochures<\/a>\n    <\/p>\n<\/li>\n<li>\n<p>\n        <a href=\"#download\">Documents<\/a>\n    <\/p>\n<\/li>\n<\/ul>\n<p><img decoding=\"async\" src=\"\/wp-content\/uploads\/2024\/05\/roof-brochure.jpg\" alt=\"\"><\/p>\n<div>\n<p><strong>ROOF | Brochure<\/strong><br \/>13MB<\/p>\n<\/div>\n<p><p>\n        <a href=\"\/pdf\/fr\/Brochure ROOF_FR.pdf\">DOWNLOAD<\/a>\n    <\/p>\n<\/p>\n<p><img decoding=\"async\" src=\"\/wp-content\/uploads\/2024\/05\/wall-brochure.jpg\" alt=\"\"><\/p>\n<div>\n<p><strong>WALL | Brochure<\/strong><br \/>13MB<\/p>\n<\/div>\n<p><p>\n        <a href=\"\/pdf\/uk\/Brochure WALL_ENG_low.pdf\">DOWNLOAD<\/a>\n    <\/p>\n<\/p>\n<h2>Data sheets, EPD &#038; more<\/h2>\n<ul>\n<li>\n<h3>Roofs<\/h3>\n<div>\n<p><a uk-icon=\"icon: download; ratio: 1.5\" class=\"uk-margin-small-right\"><\/a><a class=\"uk-text-large uk-text-bottom\" href=\"\/pdf\/uk\/Data_sheet_Nature Roof_60 mm_2024_ENG.pdf\">ROOF | Data sheet 60 mm<\/a><\/p>\n<p><a uk-icon=\"icon: download; ratio: 1.5\" class=\"uk-margin-small-right\"><\/a><a class=\"uk-text-large uk-text-bottom\" href=\"\/pdf\/uk\/Data_sheet_Nature Roof_80 mm_2024_ENG.pdf\">ROOF | Data sheet 80 mm<\/a><\/p>\n<p><a uk-icon=\"icon: download; ratio: 1.5\" class=\"uk-margin-small-right\"><\/a><a class=\"uk-text-large uk-text-bottom\" href=\"\/pdf\/uk\/OPERATIONS_AND_MAINTENANCE PLAN_2024.pdf\">Operations &amp; maintenance<\/a><\/p>\n<p><a uk-icon=\"icon: download; ratio: 1.5\" class=\"uk-margin-small-right\"><\/a><a class=\"uk-text-large uk-text-bottom\" href=\"\/pdf\/uk\/Installation_guide_2024_ENG.pdf\">Installation guide<\/a><\/p>\n<p><a uk-icon=\"icon: download; ratio: 1.5\" class=\"uk-margin-small-right\"><\/a><a class=\"uk-text-large uk-text-bottom\" href=\"\/pdf\/uk\/EPD_Nature Impact_sedum_tray_60mm_&amp;_80mm.pdf\">EPD\/LCA<\/a><\/p>\n<\/div>\n<\/li>\n<li>\n<h3>Walls<\/h3>\n<div>\n<p><a uk-icon=\"icon: download; ratio: 1.5\" class=\"uk-margin-small-right\"><\/a><a class=\"uk-text-large uk-text-bottom\" href=\"\/pdf\/uk\/Datablad_Wall_2024_ENG.pdf\">WALL | Data sheet<\/a><\/p>\n<\/div>\n<\/li>\n<\/ul>\n<p><!--more--><br \/>\n<!-- {\"type\":\"layout\",\"children\":[{\"type\":\"section\",\"props\":{\"image_position\":\"center-center\",\"padding\":\"large\",\"padding_remove_bottom\":true,\"style\":\"muted\",\"title_breakpoint\":\"xl\",\"title_position\":\"top-left\",\"title_rotation\":\"left\",\"vertical_align\":\"\",\"width\":\"default\"},\"children\":[{\"type\":\"row\",\"children\":[{\"type\":\"column\",\"props\":{\"image_position\":\"center-center\",\"position_sticky_breakpoint\":\"m\"},\"children\":[{\"type\":\"headline\",\"props\":{\"content\":\"MAT\\u00c9RIEL \\u00c0 T\\u00c9L\\u00c9CHARGER\",\"title_color\":\"primary\",\"title_element\":\"h1\",\"title_style\":\"heading-small\"}},{\"type\":\"text\",\"props\":{\"column_breakpoint\":\"m\",\"content\":\"\n\n<p>Vous trouverez ci-dessous des documents t\\u00e9l\\u00e9chargeables sur les toitures et les murs v\\u00e9g\\u00e9talis\\u00e9s en s\\u00e9dum de Nature Impact. N\\u2019h\\u00e9sitez pas \\u00e0 nous <a href=\\\"https:\\\/\\\/natureimpact.com\\\/fr\\\/a-propos-de-nature-impact\\\/contact\\\/\\\">contacter<\\\/a> si vous cherchez du mat\\u00e9riel que vous ne trouvez pas ci-dessous \\u2013 ou si vous avez des questions.<\\\/p>\",\"margin\":\"default\",\"maxwidth\":\"2xlarge\",\"text_color\":\"emphasis\"}},{\"type\":\"button\",\"props\":{\"grid_column_gap\":\"small\",\"grid_row_gap\":\"small\",\"margin\":\"default\"},\"children\":[{\"type\":\"button_item\",\"props\":{\"button_style\":\"danger\",\"content\":\"Brochures\",\"dialog_layout\":\"modal\",\"dialog_offcanvas_flip\":true,\"icon_align\":\"left\",\"link\":\"#brochure\"}},{\"type\":\"button_item\",\"props\":{\"button_style\":\"danger\",\"content\":\"Documents\",\"dialog_layout\":\"modal\",\"dialog_offcanvas_flip\":true,\"icon_align\":\"left\",\"link\":\"#download\"}}],\"name\":\"Download page buttons\"}]}]}]},{\"type\":\"section\",\"props\":{\"id\":\"brochure\",\"image_position\":\"center-center\",\"style\":\"muted\",\"title_breakpoint\":\"xl\",\"title_position\":\"top-left\",\"title_rotation\":\"left\",\"vertical_align\":\"middle\",\"width\":\"default\"},\"children\":[{\"type\":\"row\",\"props\":{\"column_gap\":\"large\",\"layout\":\"1-2,1-2\",\"margin\":\"large\"},\"children\":[{\"type\":\"column\",\"props\":{\"image_position\":\"center-center\",\"position_sticky_breakpoint\":\"m\",\"width_medium\":\"1-2\"},\"children\":[{\"type\":\"image\",\"props\":{\"image\":\"wp-content\\\/uploads\\\/2024\\\/05\\\/roof-brochure.jpg\",\"image_box_shadow\":\"large\",\"image_height\":1000,\"image_svg_color\":\"emphasis\",\"image_width\":1000,\"margin\":\"default\"}},{\"type\":\"fragment\",\"props\":{\"margin\":\"default\"},\"children\":[{\"type\":\"row\",\"props\":{\"layout\":\"1-2,1-2\"},\"children\":[{\"type\":\"column\",\"props\":{\"image_position\":\"center-center\",\"position_sticky_breakpoint\":\"m\",\"width_medium\":\"1-2\"},\"children\":[{\"type\":\"text\",\"props\":{\"column_breakpoint\":\"m\",\"content\":\"\n\n<p><strong>ROOF | Brochure<\\\/strong><br \\\/>13MB<\\\/p>\",\"margin\":\"default\",\"text_align\":\"left\",\"text_align_breakpoint\":\"s\",\"text_align_fallback\":\"center\"}}]},{\"type\":\"column\",\"props\":{\"image_position\":\"center-center\",\"position_sticky_breakpoint\":\"m\",\"width_medium\":\"1-2\"},\"children\":[{\"type\":\"button\",\"props\":{\"button_size\":\"small\",\"grid_column_gap\":\"small\",\"grid_row_gap\":\"small\",\"margin\":\"default\",\"text_align\":\"right\",\"text_align_breakpoint\":\"s\",\"text_align_fallback\":\"center\"},\"children\":[{\"type\":\"button_item\",\"props\":{\"button_style\":\"secondary\",\"content\":\"DOWNLOAD\",\"dialog_layout\":\"modal\",\"dialog_offcanvas_flip\":true,\"icon\":\"download\",\"icon_align\":\"left\",\"link\":\"\\\/pdf\\\/fr\\\/Brochure ROOF_FR.pdf\"}}]}]}]}]}]},{\"type\":\"column\",\"props\":{\"image_position\":\"center-center\",\"position_sticky_breakpoint\":\"m\",\"width_medium\":\"1-2\"},\"children\":[{\"type\":\"image\",\"props\":{\"image\":\"wp-content\\\/uploads\\\/2024\\\/05\\\/wall-brochure.jpg\",\"image_box_shadow\":\"large\",\"image_height\":1000,\"image_svg_color\":\"emphasis\",\"image_width\":1000,\"margin\":\"default\"}},{\"type\":\"fragment\",\"props\":{\"margin\":\"default\"},\"children\":[{\"type\":\"row\",\"props\":{\"layout\":\"1-2,1-2\"},\"children\":[{\"type\":\"column\",\"props\":{\"image_position\":\"center-center\",\"position_sticky_breakpoint\":\"m\",\"width_medium\":\"1-2\"},\"children\":[{\"type\":\"text\",\"props\":{\"column_breakpoint\":\"m\",\"content\":\"\n\n<p><strong>WALL | Brochure<\\\/strong><br \\\/>13MB<\\\/p>\",\"margin\":\"default\",\"text_align\":\"left\",\"text_align_breakpoint\":\"s\",\"text_align_fallback\":\"center\"}}]},{\"type\":\"column\",\"props\":{\"image_position\":\"center-center\",\"position_sticky_breakpoint\":\"m\",\"width_medium\":\"1-2\"},\"children\":[{\"type\":\"button\",\"props\":{\"button_size\":\"small\",\"grid_column_gap\":\"small\",\"grid_row_gap\":\"small\",\"margin\":\"default\",\"text_align\":\"right\",\"text_align_breakpoint\":\"s\",\"text_align_fallback\":\"center\"},\"children\":[{\"type\":\"button_item\",\"props\":{\"button_style\":\"secondary\",\"content\":\"DOWNLOAD\",\"dialog_layout\":\"modal\",\"dialog_offcanvas_flip\":true,\"icon\":\"download\",\"icon_align\":\"left\",\"link\":\"\\\/pdf\\\/uk\\\/Brochure WALL_ENG_low.pdf\"}}]}]}]}]}]}]}]},{\"type\":\"section\",\"props\":{\"id\":\"download\",\"image_position\":\"center-center\",\"padding\":\"large\",\"style\":\"default\",\"title_breakpoint\":\"xl\",\"title_position\":\"top-left\",\"title_rotation\":\"left\",\"vertical_align\":\"\",\"width\":\"default\"},\"children\":[{\"type\":\"row\",\"children\":[{\"type\":\"column\",\"props\":{\"image_position\":\"center-center\",\"position_sticky_breakpoint\":\"m\"},\"children\":[{\"type\":\"headline\",\"props\":{\"content\":\"Data sheets, EPD & more\",\"title_color\":\"primary\",\"title_element\":\"h2\",\"title_style\":\"h1\"}},{\"type\":\"accordion\",\"props\":{\"collapsible\":true,\"content_column_breakpoint\":\"m\",\"image_align\":\"top\",\"image_grid_breakpoint\":\"m\",\"image_grid_width\":\"1-2\",\"image_svg_color\":\"emphasis\",\"link_style\":\"default\",\"link_text\":\"Read more\",\"show_image\":true,\"show_link\":true},\"children\":[{\"type\":\"accordion_item\",\"props\":{\"content\":\"\n\n<p><a uk-icon=\\\"icon: download; ratio: 1.5\\\" class=\\\"uk-margin-small-right\\\"><\\\/a><a class=\\\"uk-text-large uk-text-bottom\\\" href=\\\"\\\/pdf\\\/uk\\\/Data_sheet_Nature Roof_60 mm_2024_ENG.pdf\\\">ROOF | Data sheet 60 mm<\\\/a><\\\/p>\\n\n\n<p><a uk-icon=\\\"icon: download; ratio: 1.5\\\" class=\\\"uk-margin-small-right\\\"><\\\/a><a class=\\\"uk-text-large uk-text-bottom\\\" href=\\\"\\\/pdf\\\/uk\\\/Data_sheet_Nature Roof_80 mm_2024_ENG.pdf\\\">ROOF | Data sheet 80 mm<\\\/a><\\\/p>\\n\n\n<p><a uk-icon=\\\"icon: download; ratio: 1.5\\\" class=\\\"uk-margin-small-right\\\"><\\\/a><a class=\\\"uk-text-large uk-text-bottom\\\" href=\\\"\\\/pdf\\\/uk\\\/OPERATIONS_AND_MAINTENANCE PLAN_2024.pdf\\\">Operations &amp; maintenance<\\\/a><\\\/p>\\n\n\n<p><a uk-icon=\\\"icon: download; ratio: 1.5\\\" class=\\\"uk-margin-small-right\\\"><\\\/a><a class=\\\"uk-text-large uk-text-bottom\\\" href=\\\"\\\/pdf\\\/uk\\\/Installation_guide_2024_ENG.pdf\\\">Installation guide<\\\/a><\\\/p>\\n\n\n<p><a uk-icon=\\\"icon: download; ratio: 1.5\\\" class=\\\"uk-margin-small-right\\\"><\\\/a><a class=\\\"uk-text-large uk-text-bottom\\\" href=\\\"\\\/pdf\\\/uk\\\/EPD_Nature Impact_sedum_tray_60mm_&amp;_80mm.pdf\\\">EPD\\\/LCA<\\\/a><\\\/p>\",\"title\":\"Roofs\"}},{\"type\":\"accordion_item\",\"props\":{\"content\":\"\n\n<p><a uk-icon=\\\"icon: download; ratio: 1.5\\\" class=\\\"uk-margin-small-right\\\"><\\\/a><a class=\\\"uk-text-large uk-text-bottom\\\" href=\\\"\\\/pdf\\\/uk\\\/Datablad_Wall_2024_ENG.pdf\\\">WALL | Data sheet<\\\/a><\\\/p>\",\"title\":\"Walls\"}}]}]}]}],\"name\":\"EN - Downloads accordian\"}],\"version\":\"4.5.33\"} --><\/p>\n","protected":false},"excerpt":{"rendered":"<p>MAT\u00c9RIEL \u00c0 T\u00c9L\u00c9CHARGER Vous trouverez ci-dessous des documents t\u00e9l\u00e9chargeables sur les toitures et les murs v\u00e9g\u00e9talis\u00e9s en s\u00e9dum de Nature Impact. N\u2019h\u00e9sitez pas \u00e0 nous contacter si vous cherchez du mat\u00e9riel que vous ne trouvez pas ci-dessous \u2013 ou si vous avez des questions. Brochures Documents ROOF | Brochure13MB DOWNLOAD WALL | Brochure13MB DOWNLOAD Data [&hellip;]<\/p>\n","protected":false},"author":1,"featured_media":0,"parent":5486,"menu_order":0,"comment_status":"closed","ping_status":"closed","template":"","meta":{"_acf_changed":false,"footnotes":""},"class_list":["post-5518","page","type-page","status-publish","hentry"],"acf":[],"yoast_head":"<!-- This site is optimized with the Yoast SEO plugin v26.6 - https:\/\/yoast.com\/wordpress\/plugins\/seo\/ -->\n<title>T\u00e9l\u00e9charger le mat\u00e9riel | Nature Impact<\/title>\n<meta name=\"description\" content=\"T\u00e9l\u00e9chargez le mat\u00e9riel sur les toits et les murs verts en s\u00e9dum de Nature Impact. Vous pouvez t\u00e9l\u00e9charger des certificats et des fiches techniques directement \u00e0 partir du site Internet.\" \/>\n<meta name=\"robots\" content=\"index, follow, max-snippet:-1, max-image-preview:large, max-video-preview:-1\" \/>\n<link rel=\"canonical\" href=\"https:\/\/natureimpact.com\/fr\/a-propos-de-nature-impact\/telecharger-le-materiel\/\" \/>\n<meta property=\"og:locale\" content=\"fr_FR\" \/>\n<meta property=\"og:type\" content=\"article\" \/>\n<meta property=\"og:title\" content=\"T\u00e9l\u00e9charger le mat\u00e9riel | Nature Impact\" \/>\n<meta property=\"og:description\" content=\"T\u00e9l\u00e9chargez le mat\u00e9riel sur les toits et les murs verts en s\u00e9dum de Nature Impact. Vous pouvez t\u00e9l\u00e9charger des certificats et des fiches techniques directement \u00e0 partir du site Internet.\" \/>\n<meta property=\"og:url\" content=\"https:\/\/natureimpact.com\/fr\/a-propos-de-nature-impact\/telecharger-le-materiel\/\" \/>\n<meta property=\"og:site_name\" content=\"Nature Impact\" \/>\n<meta property=\"article:modified_time\" content=\"2026-01-19T12:23:39+00:00\" \/>\n<meta property=\"og:image\" content=\"https:\/\/natureimpact.com\/wp-content\/uploads\/2023\/12\/NI_900px.png\" \/>\n\t<meta property=\"og:image:width\" content=\"929\" \/>\n\t<meta property=\"og:image:height\" content=\"841\" \/>\n\t<meta property=\"og:image:type\" content=\"image\/png\" \/>\n<meta name=\"twitter:card\" content=\"summary_large_image\" \/>\n<script type=\"application\/ld+json\" class=\"yoast-schema-graph\">{\"@context\":\"https:\/\/schema.org\",\"@graph\":[{\"@type\":\"WebPage\",\"@id\":\"https:\/\/natureimpact.com\/fr\/a-propos-de-nature-impact\/telecharger-le-materiel\/\",\"url\":\"https:\/\/natureimpact.com\/fr\/a-propos-de-nature-impact\/telecharger-le-materiel\/\",\"name\":\"T\u00e9l\u00e9charger le mat\u00e9riel | Nature Impact\",\"isPartOf\":{\"@id\":\"https:\/\/natureimpact.com\/fr\/#website\"},\"datePublished\":\"2024-05-07T07:05:11+00:00\",\"dateModified\":\"2026-01-19T12:23:39+00:00\",\"description\":\"T\u00e9l\u00e9chargez le mat\u00e9riel sur les toits et les murs verts en s\u00e9dum de Nature Impact. Vous pouvez t\u00e9l\u00e9charger des certificats et des fiches techniques directement \u00e0 partir du site Internet.\",\"breadcrumb\":{\"@id\":\"https:\/\/natureimpact.com\/fr\/a-propos-de-nature-impact\/telecharger-le-materiel\/#breadcrumb\"},\"inLanguage\":\"fr-FR\",\"potentialAction\":[{\"@type\":\"ReadAction\",\"target\":[\"https:\/\/natureimpact.com\/fr\/a-propos-de-nature-impact\/telecharger-le-materiel\/\"]}]},{\"@type\":\"BreadcrumbList\",\"@id\":\"https:\/\/natureimpact.com\/fr\/a-propos-de-nature-impact\/telecharger-le-materiel\/#breadcrumb\",\"itemListElement\":[{\"@type\":\"ListItem\",\"position\":1,\"name\":\"Accueil\",\"item\":\"https:\/\/natureimpact.com\/fr\/\"},{\"@type\":\"ListItem\",\"position\":2,\"name\":\"\u00c0 propos de Nature Impact\",\"item\":\"https:\/\/natureimpact.com\/fr\/a-propos-de-nature-impact\/\"},{\"@type\":\"ListItem\",\"position\":3,\"name\":\"T\u00e9l\u00e9charger le mat\u00e9riel\"}]},{\"@type\":\"WebSite\",\"@id\":\"https:\/\/natureimpact.com\/fr\/#website\",\"url\":\"https:\/\/natureimpact.com\/fr\/\",\"name\":\"Nature Impact\",\"description\":\"\",\"publisher\":{\"@id\":\"https:\/\/natureimpact.com\/fr\/#organization\"},\"potentialAction\":[{\"@type\":\"SearchAction\",\"target\":{\"@type\":\"EntryPoint\",\"urlTemplate\":\"https:\/\/natureimpact.com\/fr\/?s={search_term_string}\"},\"query-input\":{\"@type\":\"PropertyValueSpecification\",\"valueRequired\":true,\"valueName\":\"search_term_string\"}}],\"inLanguage\":\"fr-FR\"},{\"@type\":\"Organization\",\"@id\":\"https:\/\/natureimpact.com\/fr\/#organization\",\"name\":\"Nature Impact\",\"url\":\"https:\/\/natureimpact.com\/fr\/\",\"logo\":{\"@type\":\"ImageObject\",\"inLanguage\":\"fr-FR\",\"@id\":\"https:\/\/natureimpact.com\/fr\/#\/schema\/logo\/image\/\",\"url\":\"https:\/\/natureimpact.com\/wp-content\/uploads\/2025\/05\/NI_900px.png\",\"contentUrl\":\"https:\/\/natureimpact.com\/wp-content\/uploads\/2025\/05\/NI_900px.png\",\"width\":929,\"height\":841,\"caption\":\"Nature Impact\"},\"image\":{\"@id\":\"https:\/\/natureimpact.com\/fr\/#\/schema\/logo\/image\/\"}}]}<\/script>\n<!-- \/ Yoast SEO plugin. -->","yoast_head_json":{"title":"T\u00e9l\u00e9charger le mat\u00e9riel | Nature Impact","description":"T\u00e9l\u00e9chargez le mat\u00e9riel sur les toits et les murs verts en s\u00e9dum de Nature Impact. Vous pouvez t\u00e9l\u00e9charger des certificats et des fiches techniques directement \u00e0 partir du site Internet.","robots":{"index":"index","follow":"follow","max-snippet":"max-snippet:-1","max-image-preview":"max-image-preview:large","max-video-preview":"max-video-preview:-1"},"canonical":"https:\/\/natureimpact.com\/fr\/a-propos-de-nature-impact\/telecharger-le-materiel\/","og_locale":"fr_FR","og_type":"article","og_title":"T\u00e9l\u00e9charger le mat\u00e9riel | Nature Impact","og_description":"T\u00e9l\u00e9chargez le mat\u00e9riel sur les toits et les murs verts en s\u00e9dum de Nature Impact. Vous pouvez t\u00e9l\u00e9charger des certificats et des fiches techniques directement \u00e0 partir du site Internet.","og_url":"https:\/\/natureimpact.com\/fr\/a-propos-de-nature-impact\/telecharger-le-materiel\/","og_site_name":"Nature Impact","article_modified_time":"2026-01-19T12:23:39+00:00","og_image":[{"width":929,"height":841,"url":"https:\/\/natureimpact.com\/wp-content\/uploads\/2023\/12\/NI_900px.png","type":"image\/png"}],"twitter_card":"summary_large_image","schema":{"@context":"https:\/\/schema.org","@graph":[{"@type":"WebPage","@id":"https:\/\/natureimpact.com\/fr\/a-propos-de-nature-impact\/telecharger-le-materiel\/","url":"https:\/\/natureimpact.com\/fr\/a-propos-de-nature-impact\/telecharger-le-materiel\/","name":"T\u00e9l\u00e9charger le mat\u00e9riel | Nature Impact","isPartOf":{"@id":"https:\/\/natureimpact.com\/fr\/#website"},"datePublished":"2024-05-07T07:05:11+00:00","dateModified":"2026-01-19T12:23:39+00:00","description":"T\u00e9l\u00e9chargez le mat\u00e9riel sur les toits et les murs verts en s\u00e9dum de Nature Impact. Vous pouvez t\u00e9l\u00e9charger des certificats et des fiches techniques directement \u00e0 partir du site Internet.","breadcrumb":{"@id":"https:\/\/natureimpact.com\/fr\/a-propos-de-nature-impact\/telecharger-le-materiel\/#breadcrumb"},"inLanguage":"fr-FR","potentialAction":[{"@type":"ReadAction","target":["https:\/\/natureimpact.com\/fr\/a-propos-de-nature-impact\/telecharger-le-materiel\/"]}]},{"@type":"BreadcrumbList","@id":"https:\/\/natureimpact.com\/fr\/a-propos-de-nature-impact\/telecharger-le-materiel\/#breadcrumb","itemListElement":[{"@type":"ListItem","position":1,"name":"Accueil","item":"https:\/\/natureimpact.com\/fr\/"},{"@type":"ListItem","position":2,"name":"\u00c0 propos de Nature Impact","item":"https:\/\/natureimpact.com\/fr\/a-propos-de-nature-impact\/"},{"@type":"ListItem","position":3,"name":"T\u00e9l\u00e9charger le mat\u00e9riel"}]},{"@type":"WebSite","@id":"https:\/\/natureimpact.com\/fr\/#website","url":"https:\/\/natureimpact.com\/fr\/","name":"Nature Impact","description":"","publisher":{"@id":"https:\/\/natureimpact.com\/fr\/#organization"},"potentialAction":[{"@type":"SearchAction","target":{"@type":"EntryPoint","urlTemplate":"https:\/\/natureimpact.com\/fr\/?s={search_term_string}"},"query-input":{"@type":"PropertyValueSpecification","valueRequired":true,"valueName":"search_term_string"}}],"inLanguage":"fr-FR"},{"@type":"Organization","@id":"https:\/\/natureimpact.com\/fr\/#organization","name":"Nature Impact","url":"https:\/\/natureimpact.com\/fr\/","logo":{"@type":"ImageObject","inLanguage":"fr-FR","@id":"https:\/\/natureimpact.com\/fr\/#\/schema\/logo\/image\/","url":"https:\/\/natureimpact.com\/wp-content\/uploads\/2025\/05\/NI_900px.png","contentUrl":"https:\/\/natureimpact.com\/wp-content\/uploads\/2025\/05\/NI_900px.png","width":929,"height":841,"caption":"Nature Impact"},"image":{"@id":"https:\/\/natureimpact.com\/fr\/#\/schema\/logo\/image\/"}}]}},"_links":{"self":[{"href":"https:\/\/natureimpact.com\/fr\/wp-json\/wp\/v2\/pages\/5518","targetHints":{"allow":["GET"]}}],"collection":[{"href":"https:\/\/natureimpact.com\/fr\/wp-json\/wp\/v2\/pages"}],"about":[{"href":"https:\/\/natureimpact.com\/fr\/wp-json\/wp\/v2\/types\/page"}],"author":[{"embeddable":true,"href":"https:\/\/natureimpact.com\/fr\/wp-json\/wp\/v2\/users\/1"}],"replies":[{"embeddable":true,"href":"https:\/\/natureimpact.com\/fr\/wp-json\/wp\/v2\/comments?post=5518"}],"version-history":[{"count":12,"href":"https:\/\/natureimpact.com\/fr\/wp-json\/wp\/v2\/pages\/5518\/revisions"}],"predecessor-version":[{"id":9058,"href":"https:\/\/natureimpact.com\/fr\/wp-json\/wp\/v2\/pages\/5518\/revisions\/9058"}],"up":[{"embeddable":true,"href":"https:\/\/natureimpact.com\/fr\/wp-json\/wp\/v2\/pages\/5486"}],"wp:attachment":[{"href":"https:\/\/natureimpact.com\/fr\/wp-json\/wp\/v2\/media?parent=5518"}],"curies":[{"name":"wp","href":"https:\/\/api.w.org\/{rel}","templated":true}]}}