{"id":5512,"date":"2024-03-21T08:12:58","date_gmt":"2024-03-21T08:12:58","guid":{"rendered":"https:\/\/loving-ardinghelli.77-247-67-170.plesk.page\/?page_id=5512"},"modified":"2025-03-18T14:02:55","modified_gmt":"2025-03-18T14:02:55","slug":"fonctionnement-et-entretien","status":"publish","type":"page","link":"https:\/\/natureimpact.com\/fr\/toiture-vegetalisee\/fonctionnement-et-entretien\/","title":{"rendered":"Fonctionnement et entretien"},"content":{"rendered":"<h1>FONCTIONNEMENT ET ENTRETIEN DE VOTRE TOITURE EN S\u00c9DUM<\/h1>\n<div>\n<p>Pour maintenir la garantie de votre toiture en s\u00e9dum Nature Impact, vous devez effectuer et documenter l\u2019exploitation et l\u2019entretien. Vous pouvez le faire ci-dessous. Le plan d\u2019entretien est r\u00e9alis\u00e9 deux fois par an pour maintenir la garantie de 5 ans.<\/p>\n<p>Pour en savoir plus sur le fonctionnement et l\u2019entretien de votre toiture en s\u00e9dum, vous pouvez <a href=\"\/pdf\/uk\/OPERATIONS_AND_MAINTENANCE PLAN_2024.pdf\">t\u00e9l\u00e9charger notre plan de fonctionnement et d\u2019entretien ici<\/a>.<\/p>\n<\/div>\n<div>\n<p>    <script src=\"https:\/\/www.cognitoforms.com\/f\/seamless.js\" data-key=\"Rit41ugChUecoVYKMoXKcQ\" data-form=\"17\"><\/script>\n<\/div>\n<p><!--more--><br \/>\n<!-- {\"type\":\"layout\",\"children\":[{\"type\":\"section\",\"props\":{\"height\":\"pixels\",\"height_viewport\":600,\"image\":\"wp-content\\\/uploads\\\/2024\\\/04\\\/Gront-tag-Kobenhavn.jpg\",\"image_effect\":\"fixed\",\"image_position\":\"center-center\",\"image_size\":\"cover\",\"padding\":\"large\",\"padding_remove_horizontal\":true,\"style\":\"default\",\"title_breakpoint\":\"xl\",\"title_position\":\"top-left\",\"title_rotation\":\"left\",\"vertical_align\":\"middle\",\"width\":\"default\"},\"children\":[{\"type\":\"row\",\"children\":[{\"type\":\"column\",\"props\":{\"image_position\":\"center-center\",\"position_sticky_breakpoint\":\"m\"}}]}]},{\"type\":\"section\",\"props\":{\"image\":\"wp-content\\\/uploads\\\/2023\\\/12\\\/NI_White.svg\",\"image_position\":\"center-center\",\"image_size\":\"cover\",\"style\":\"default\",\"title_breakpoint\":\"xl\",\"title_position\":\"top-left\",\"title_rotation\":\"left\",\"vertical_align\":\"\",\"width\":\"small\"},\"children\":[{\"type\":\"row\",\"children\":[{\"type\":\"column\",\"props\":{\"image_position\":\"center-center\",\"position_sticky_breakpoint\":\"m\"},\"children\":[{\"type\":\"fragment\",\"props\":{\"animation\":\"parallax\",\"margin\":\"default\",\"parallax_y\":\"-290,-290\"},\"children\":[{\"type\":\"row\",\"props\":{\"column_gap\":\"large\",\"parallax\":false,\"parallax_end\":\"1000px\",\"parallax_start\":\"1000px\",\"row_gap\":\"large\",\"width\":\"small\"},\"children\":[{\"type\":\"column\",\"props\":{\"image_position\":\"center-center\",\"position_sticky_breakpoint\":\"m\",\"preserve_color\":false,\"style\":\"tile-muted\"},\"children\":[{\"type\":\"headline\",\"props\":{\"block_align\":\"center\",\"content\":\"FONCTIONNEMENT ET ENTRETIEN DE VOTRE TOITURE EN S\\u00c9DUM\",\"maxwidth\":\"2xlarge\",\"title_color\":\"danger\",\"title_element\":\"h1\"}},{\"type\":\"text\",\"props\":{\"block_align\":\"center\",\"column_breakpoint\":\"m\",\"content\":\"\n\n<p>Pour maintenir la garantie de votre toiture en s\\u00e9dum Nature Impact, vous devez effectuer et documenter l\\u2019exploitation et l\\u2019entretien. Vous pouvez le faire ci-dessous. Le plan d\\u2019entretien est r\\u00e9alis\\u00e9 deux fois par an pour maintenir la garantie de 5 ans.<\\\/p>\\n\n\n<p>Pour en savoir plus sur le fonctionnement et l\\u2019entretien de votre toiture en s\\u00e9dum, vous pouvez <a href=\\\"\\\/pdf\\\/uk\\\/OPERATIONS_AND_MAINTENANCE PLAN_2024.pdf\\\">t\\u00e9l\\u00e9charger notre plan de fonctionnement et d\\u2019entretien ici<\\\/a>.<\\\/p>\",\"margin\":\"default\",\"maxwidth\":\"2xlarge\",\"text_color\":\"emphasis\",\"text_style\":\"large\"}},{\"type\":\"html\",\"props\":{\"content\":\"<script src=\\\"https:\\\/\\\/www.cognitoforms.com\\\/f\\\/seamless.js\\\" data-key=\\\"Rit41ugChUecoVYKMoXKcQ\\\" data-form=\\\"17\\\"><\\\/script>\"}}]}]}]}]}]}]}],\"version\":\"4.5.5\"} --><\/p>\n","protected":false},"excerpt":{"rendered":"<p>FONCTIONNEMENT ET ENTRETIEN DE VOTRE TOITURE EN S\u00c9DUM Pour maintenir la garantie de votre toiture en s\u00e9dum Nature Impact, vous devez effectuer et documenter l\u2019exploitation et l\u2019entretien. Vous pouvez le faire ci-dessous. Le plan d\u2019entretien est r\u00e9alis\u00e9 deux fois par an pour maintenir la garantie de 5 ans. Pour en savoir plus sur le fonctionnement [&hellip;]<\/p>\n","protected":false},"author":1,"featured_media":0,"parent":5296,"menu_order":0,"comment_status":"closed","ping_status":"closed","template":"","meta":{"_acf_changed":false,"footnotes":""},"class_list":["post-5512","page","type-page","status-publish","hentry"],"acf":[],"yoast_head":"<!-- This site is optimized with the Yoast SEO plugin v26.6 - https:\/\/yoast.com\/wordpress\/plugins\/seo\/ -->\n<title>Exploitation et entretien des toitures en s\u00e9dum | Nature Impact<\/title>\n<meta name=\"description\" content=\"L\u2019entretien des toits verts est indispensable \u2013 un toit de s\u00e9dum bien entretenu a une longue dur\u00e9e de vie et une garantie de 5 ans. Consultez nos recommandations ici.\" \/>\n<meta name=\"robots\" content=\"index, follow, max-snippet:-1, max-image-preview:large, max-video-preview:-1\" \/>\n<link rel=\"canonical\" href=\"https:\/\/natureimpact.com\/fr\/toiture-vegetalisee\/fonctionnement-et-entretien\/\" \/>\n<meta property=\"og:locale\" content=\"fr_FR\" \/>\n<meta property=\"og:type\" content=\"article\" \/>\n<meta property=\"og:title\" content=\"Exploitation et entretien des toitures en s\u00e9dum | Nature Impact\" \/>\n<meta property=\"og:description\" content=\"L\u2019entretien des toits verts est indispensable \u2013 un toit de s\u00e9dum bien entretenu a une longue dur\u00e9e de vie et une garantie de 5 ans. Consultez nos recommandations ici.\" \/>\n<meta property=\"og:url\" content=\"https:\/\/natureimpact.com\/fr\/toiture-vegetalisee\/fonctionnement-et-entretien\/\" \/>\n<meta property=\"og:site_name\" content=\"Nature Impact\" \/>\n<meta property=\"article:modified_time\" content=\"2025-03-18T14:02:55+00:00\" \/>\n<meta property=\"og:image\" content=\"https:\/\/natureimpact.com\/wp-content\/uploads\/2023\/12\/NI_900px.png\" \/>\n\t<meta property=\"og:image:width\" content=\"929\" \/>\n\t<meta property=\"og:image:height\" content=\"841\" \/>\n\t<meta property=\"og:image:type\" content=\"image\/png\" \/>\n<meta name=\"twitter:card\" content=\"summary_large_image\" \/>\n<script type=\"application\/ld+json\" class=\"yoast-schema-graph\">{\"@context\":\"https:\/\/schema.org\",\"@graph\":[{\"@type\":\"WebPage\",\"@id\":\"https:\/\/natureimpact.com\/fr\/toiture-vegetalisee\/fonctionnement-et-entretien\/\",\"url\":\"https:\/\/natureimpact.com\/fr\/toiture-vegetalisee\/fonctionnement-et-entretien\/\",\"name\":\"Exploitation et entretien des toitures en s\u00e9dum | Nature Impact\",\"isPartOf\":{\"@id\":\"https:\/\/natureimpact.com\/fr\/#website\"},\"datePublished\":\"2024-03-21T08:12:58+00:00\",\"dateModified\":\"2025-03-18T14:02:55+00:00\",\"description\":\"L\u2019entretien des toits verts est indispensable \u2013 un toit de s\u00e9dum bien entretenu a une longue dur\u00e9e de vie et une garantie de 5 ans. Consultez nos recommandations ici.\",\"breadcrumb\":{\"@id\":\"https:\/\/natureimpact.com\/fr\/toiture-vegetalisee\/fonctionnement-et-entretien\/#breadcrumb\"},\"inLanguage\":\"fr-FR\",\"potentialAction\":[{\"@type\":\"ReadAction\",\"target\":[\"https:\/\/natureimpact.com\/fr\/toiture-vegetalisee\/fonctionnement-et-entretien\/\"]}]},{\"@type\":\"BreadcrumbList\",\"@id\":\"https:\/\/natureimpact.com\/fr\/toiture-vegetalisee\/fonctionnement-et-entretien\/#breadcrumb\",\"itemListElement\":[{\"@type\":\"ListItem\",\"position\":1,\"name\":\"Accueil\",\"item\":\"https:\/\/natureimpact.com\/fr\/\"},{\"@type\":\"ListItem\",\"position\":2,\"name\":\"Toiture v\u00e9g\u00e9talis\u00e9e\",\"item\":\"https:\/\/natureimpact.com\/fr\/toiture-vegetalisee\/\"},{\"@type\":\"ListItem\",\"position\":3,\"name\":\"Fonctionnement et entretien\"}]},{\"@type\":\"WebSite\",\"@id\":\"https:\/\/natureimpact.com\/fr\/#website\",\"url\":\"https:\/\/natureimpact.com\/fr\/\",\"name\":\"Nature Impact\",\"description\":\"\",\"publisher\":{\"@id\":\"https:\/\/natureimpact.com\/fr\/#organization\"},\"potentialAction\":[{\"@type\":\"SearchAction\",\"target\":{\"@type\":\"EntryPoint\",\"urlTemplate\":\"https:\/\/natureimpact.com\/fr\/?s={search_term_string}\"},\"query-input\":{\"@type\":\"PropertyValueSpecification\",\"valueRequired\":true,\"valueName\":\"search_term_string\"}}],\"inLanguage\":\"fr-FR\"},{\"@type\":\"Organization\",\"@id\":\"https:\/\/natureimpact.com\/fr\/#organization\",\"name\":\"Nature Impact\",\"url\":\"https:\/\/natureimpact.com\/fr\/\",\"logo\":{\"@type\":\"ImageObject\",\"inLanguage\":\"fr-FR\",\"@id\":\"https:\/\/natureimpact.com\/fr\/#\/schema\/logo\/image\/\",\"url\":\"https:\/\/natureimpact.com\/wp-content\/uploads\/2025\/05\/NI_900px.png\",\"contentUrl\":\"https:\/\/natureimpact.com\/wp-content\/uploads\/2025\/05\/NI_900px.png\",\"width\":929,\"height\":841,\"caption\":\"Nature Impact\"},\"image\":{\"@id\":\"https:\/\/natureimpact.com\/fr\/#\/schema\/logo\/image\/\"}}]}<\/script>\n<!-- \/ Yoast SEO plugin. -->","yoast_head_json":{"title":"Exploitation et entretien des toitures en s\u00e9dum | Nature Impact","description":"L\u2019entretien des toits verts est indispensable \u2013 un toit de s\u00e9dum bien entretenu a une longue dur\u00e9e de vie et une garantie de 5 ans. Consultez nos recommandations ici.","robots":{"index":"index","follow":"follow","max-snippet":"max-snippet:-1","max-image-preview":"max-image-preview:large","max-video-preview":"max-video-preview:-1"},"canonical":"https:\/\/natureimpact.com\/fr\/toiture-vegetalisee\/fonctionnement-et-entretien\/","og_locale":"fr_FR","og_type":"article","og_title":"Exploitation et entretien des toitures en s\u00e9dum | Nature Impact","og_description":"L\u2019entretien des toits verts est indispensable \u2013 un toit de s\u00e9dum bien entretenu a une longue dur\u00e9e de vie et une garantie de 5 ans. Consultez nos recommandations ici.","og_url":"https:\/\/natureimpact.com\/fr\/toiture-vegetalisee\/fonctionnement-et-entretien\/","og_site_name":"Nature Impact","article_modified_time":"2025-03-18T14:02:55+00:00","og_image":[{"width":929,"height":841,"url":"https:\/\/natureimpact.com\/wp-content\/uploads\/2023\/12\/NI_900px.png","type":"image\/png"}],"twitter_card":"summary_large_image","schema":{"@context":"https:\/\/schema.org","@graph":[{"@type":"WebPage","@id":"https:\/\/natureimpact.com\/fr\/toiture-vegetalisee\/fonctionnement-et-entretien\/","url":"https:\/\/natureimpact.com\/fr\/toiture-vegetalisee\/fonctionnement-et-entretien\/","name":"Exploitation et entretien des toitures en s\u00e9dum | Nature Impact","isPartOf":{"@id":"https:\/\/natureimpact.com\/fr\/#website"},"datePublished":"2024-03-21T08:12:58+00:00","dateModified":"2025-03-18T14:02:55+00:00","description":"L\u2019entretien des toits verts est indispensable \u2013 un toit de s\u00e9dum bien entretenu a une longue dur\u00e9e de vie et une garantie de 5 ans. Consultez nos recommandations ici.","breadcrumb":{"@id":"https:\/\/natureimpact.com\/fr\/toiture-vegetalisee\/fonctionnement-et-entretien\/#breadcrumb"},"inLanguage":"fr-FR","potentialAction":[{"@type":"ReadAction","target":["https:\/\/natureimpact.com\/fr\/toiture-vegetalisee\/fonctionnement-et-entretien\/"]}]},{"@type":"BreadcrumbList","@id":"https:\/\/natureimpact.com\/fr\/toiture-vegetalisee\/fonctionnement-et-entretien\/#breadcrumb","itemListElement":[{"@type":"ListItem","position":1,"name":"Accueil","item":"https:\/\/natureimpact.com\/fr\/"},{"@type":"ListItem","position":2,"name":"Toiture v\u00e9g\u00e9talis\u00e9e","item":"https:\/\/natureimpact.com\/fr\/toiture-vegetalisee\/"},{"@type":"ListItem","position":3,"name":"Fonctionnement et entretien"}]},{"@type":"WebSite","@id":"https:\/\/natureimpact.com\/fr\/#website","url":"https:\/\/natureimpact.com\/fr\/","name":"Nature Impact","description":"","publisher":{"@id":"https:\/\/natureimpact.com\/fr\/#organization"},"potentialAction":[{"@type":"SearchAction","target":{"@type":"EntryPoint","urlTemplate":"https:\/\/natureimpact.com\/fr\/?s={search_term_string}"},"query-input":{"@type":"PropertyValueSpecification","valueRequired":true,"valueName":"search_term_string"}}],"inLanguage":"fr-FR"},{"@type":"Organization","@id":"https:\/\/natureimpact.com\/fr\/#organization","name":"Nature Impact","url":"https:\/\/natureimpact.com\/fr\/","logo":{"@type":"ImageObject","inLanguage":"fr-FR","@id":"https:\/\/natureimpact.com\/fr\/#\/schema\/logo\/image\/","url":"https:\/\/natureimpact.com\/wp-content\/uploads\/2025\/05\/NI_900px.png","contentUrl":"https:\/\/natureimpact.com\/wp-content\/uploads\/2025\/05\/NI_900px.png","width":929,"height":841,"caption":"Nature Impact"},"image":{"@id":"https:\/\/natureimpact.com\/fr\/#\/schema\/logo\/image\/"}}]}},"_links":{"self":[{"href":"https:\/\/natureimpact.com\/fr\/wp-json\/wp\/v2\/pages\/5512","targetHints":{"allow":["GET"]}}],"collection":[{"href":"https:\/\/natureimpact.com\/fr\/wp-json\/wp\/v2\/pages"}],"about":[{"href":"https:\/\/natureimpact.com\/fr\/wp-json\/wp\/v2\/types\/page"}],"author":[{"embeddable":true,"href":"https:\/\/natureimpact.com\/fr\/wp-json\/wp\/v2\/users\/1"}],"replies":[{"embeddable":true,"href":"https:\/\/natureimpact.com\/fr\/wp-json\/wp\/v2\/comments?post=5512"}],"version-history":[{"count":4,"href":"https:\/\/natureimpact.com\/fr\/wp-json\/wp\/v2\/pages\/5512\/revisions"}],"predecessor-version":[{"id":8295,"href":"https:\/\/natureimpact.com\/fr\/wp-json\/wp\/v2\/pages\/5512\/revisions\/8295"}],"up":[{"embeddable":true,"href":"https:\/\/natureimpact.com\/fr\/wp-json\/wp\/v2\/pages\/5296"}],"wp:attachment":[{"href":"https:\/\/natureimpact.com\/fr\/wp-json\/wp\/v2\/media?parent=5512"}],"curies":[{"name":"wp","href":"https:\/\/api.w.org\/{rel}","templated":true}]}}