{"id":8153,"date":"2025-02-18T09:38:16","date_gmt":"2025-02-18T09:38:16","guid":{"rendered":"https:\/\/loving-ardinghelli.77-247-67-170.plesk.page\/?page_id=8153"},"modified":"2025-12-09T12:07:54","modified_gmt":"2025-12-09T12:07:54","slug":"cookie-persondata-politik","status":"publish","type":"page","link":"https:\/\/natureimpact.com\/da\/cookie-persondata-politik\/","title":{"rendered":"Cookie &amp; Persondata politik"},"content":{"rendered":"<div>\n<h1>Cookiepolitik<\/h1>\n<p><strong>Dette websted ejes af<\/strong><\/p>\n<p>Nature Impact<br \/>Sdr. H\u00f8jrupvejen 130<br \/>5750 Ringe &#8211; Danmark<\/p>\n<p>Tlf. <a href=\"tel:+4565982223\">+45 65 98 22 23<\/a><br \/>E-mail: <a href=\"mailto:mail@natureimpact.com\">mail@natureimpact.com<\/a><\/p>\n<p><strong>Hvad er Cookies?<\/strong> <br \/>\u201cEn cookie er en lille tekstfil, der giver mulighed for at lagre oplysninger eller tilg\u00e5 allerede lagrede oplysninger p\u00e5 brugerens pc, smartphone, tablet eller lignende med det form\u00e5l at indhente data om brugeren.\u201d Kilde og mere information: <a href=\"https:\/\/erhvervsstyrelsen.dk\/cookieregler\" target=\"_blank\" rel=\"noopener\">https:\/\/erhvervsstyrelsen.dk\/cookieregler<\/a><\/p>\n<p>En cookie er en passiv fil og kan ikke sprede computervirus eller andre skadelige programmer.<\/p>\n<p><strong>S\u00e5dan sletter eller blokerer du for cookies<\/strong> <br \/>Se vejledning her: <a href=\"https:\/\/minecookies.org\/cookiehandtering\/\" target=\"_blank\" rel=\"noopener\">https:\/\/minecookies.org\/cookiehandtering\/<\/a><\/p>\n<p><strong>Form\u00e5l med cookies p\u00e5 vores website<\/strong> <br \/>Hos Nature Impact v\u00e6rner vi om dit privatliv og vil derfor informere dig om, hvad der sker med dine data.<\/p>\n<p>Nature Impact bruger cookies til at registrere bes\u00f8gendes adf\u00e6rd p\u00e5 websitet, f.eks. hvor mange sider der bliver bes\u00f8gt, hvor lang tid de forskellige sider bliver bes\u00f8gt, og hvordan s\u00f8gefunktionen anvendes. Form\u00e5let er at forbedre brugervenligheden, funktionaliteten og udarbejde statistik.<\/p>\n<p>Ved tilmelding til nyhedsbreve og kontaktformularer indsamler vi personlige oplysninger (se afsnittet \u2018Brug af personoplysninger\u2019).<\/p>\n<p><strong>Google Analytics<\/strong> <br \/>Websitet bruger cookies fra Google Analytics til at m\u00e5le trafikken. Du kan frav\u00e6lge cookies fra Google Analytics her: <a href=\"https:\/\/tools.google.com\/dlpage\/gaoptout\" target=\"_blank\" rel=\"noopener\">https:\/\/tools.google.com\/dlpage\/gaoptout<\/a><\/p>\n<p><strong>Brug af personoplysninger<\/strong><br \/>Personoplysninger videregives ikke til tredjepart uden dit udtrykkelige samtykke.<\/p>\n<p>Vi indsamler kun personoplysninger, som du selv giver os ved registrering via vores kontaktformularer, annoncer eller tilmelding til nyhedsbrev.<\/p>\n<p>Oplysninger kan inkludere navn, adresse, e-mail og interesser, men kun hvis du aktivt afgiver dem. Hvis du sender en ans\u00f8gning via e-mail, vil dine dokumenter blive opbevaret internt og behandlet af personale underlagt tavshedspligt. Alle dokumenter slettes efter 6 m\u00e5neder.<\/p>\n<p>Personoplysninger anvendes til at gennemf\u00f8re den service, som oplysningerne er indsamlet i forbindelse med. De bruges ogs\u00e5 til analyser, der forbedrer vores produkter, tjenester og teknologier.<\/p>\n<p><strong>Nyhedsbrev og Leads<\/strong><\/p>\n<p>N\u00e5r du downloader materialet, giver du samtykke til, at Nature Impact registrerer og behandler dine oplysninger (navn, e-mail og evt. virksomhedsinfo) for at sende materialet samt tilmelde dig vores nyhedsbrev. <\/p>\n<p>Nyhedsbrevet indeholder inspiration, viden og nyheder om gr\u00f8nne tage, biodiversitet og Nature Impacts l\u00f8sninger. Du kan altid tr\u00e6kke dit samtykke tilbage via afmeldingslink.<\/p>\n<p><strong>Kontakt vedr. personoplysninger<\/strong><br \/>Hvis du \u00f8nsker indsigt i de oplysninger, vi har registreret om dig hos Nature Impact, skal du kontakte os p\u00e5 <a href=\"tel:+4565982223\">+45 65 98 22 23<\/a> eller <a href=\"mailto:mail@natureimpact.com\">mail@natureimpact.com<\/a><\/p>\n<p>Er der registreret forkerte data, eller har du andre indsigelser, kan du rette henvendelse samme sted. Du har mulighed for at f\u00e5 indsigt i de oplysninger, der er registreret om dig, og du kan g\u00f8re indsigelse mod en registrering i henhold til Persondataloven.<\/p>\n<p><strong>Beskyttelse af personoplysninger<\/strong> <br \/>If\u00f8lge Persondataloven skal dine personlige oplysninger opbevares sikkert og fortroligt. Vi gemmer dine oplysninger p\u00e5 computere med begr\u00e6nset adgang, placeret i sikre faciliteter. Vores sikkerhedsforanstaltninger opdateres l\u00f8bende for at beskytte dine oplysninger.<\/p>\n<p>Vi kan dog ikke garantere 100% sikkerhed ved dataoverf\u00f8rsler via internettet, og der kan derfor v\u00e6re en risiko for uautoriseret adgang til oplysninger.<\/p>\n<p>Opsiger du nyhedsbrevet, vil dine oplysninger blive slettet fra vores mailliste. Hvis du har kontaktet Nature Impact via en kontaktformular, sendes din foresp\u00f8rgsel til relevant afdeling, og du skal aktivt kontakte os for at f\u00e5 dine oplysninger slettet.<\/p>\n<p>Vi forbeholder os retten til at opdatere denne politik ved behov. Ved v\u00e6sentlige \u00e6ndringer vil vi informere via en synlig meddelelse p\u00e5 websitet.<\/p>\n<p>Hvis du \u00f8nsker at klage over behandlingen af dine oplysninger, kan du kontakte Datatilsynet: Borgergade 28, 5., 1300 K\u00f8benhavn K. Tlf. 33193200<\/p>\n<p><em>Senest opdateret 18\/2-2025<\/em><\/p>\n<\/div>\n<p><!--more--><br \/>\n<!-- {\"type\":\"layout\",\"children\":[{\"type\":\"section\",\"props\":{\"image_position\":\"center-center\",\"padding\":\"large\",\"style\":\"default\",\"title_breakpoint\":\"xl\",\"title_position\":\"top-left\",\"title_rotation\":\"left\",\"vertical_align\":\"middle\",\"width\":\"small\"},\"children\":[{\"type\":\"row\",\"children\":[{\"type\":\"column\",\"props\":{\"image_position\":\"center-center\",\"position_sticky_breakpoint\":\"m\"},\"children\":[{\"type\":\"text\",\"props\":{\"column_breakpoint\":\"m\",\"content\":\"\n\n<h1>Cookiepolitik<\\\/h1>\\n\n\n<p><strong>Dette websted ejes af<\\\/strong><\\\/p>\\n\n\n<p>Nature Impact<br \\\/>Sdr. H\\u00f8jrupvejen 130<br \\\/>5750 Ringe - Danmark<\\\/p>\\n\n\n<p>Tlf. <a href=\\\"tel:+4565982223\\\">+45 65 98 22 23<\\\/a><br \\\/>E-mail: <a href=\\\"mailto:mail@natureimpact.com\\\">mail@natureimpact.com<\\\/a><\\\/p>\\n\n\n<p><strong>Hvad er Cookies?<\\\/strong> <br \\\/>\\u201cEn cookie er en lille tekstfil, der giver mulighed for at lagre oplysninger eller tilg\\u00e5 allerede lagrede oplysninger p\\u00e5 brugerens pc, smartphone, tablet eller lignende med det form\\u00e5l at indhente data om brugeren.\\u201d Kilde og mere information: <a href=\\\"https:\\\/\\\/erhvervsstyrelsen.dk\\\/cookieregler\\\" target=\\\"_blank\\\" rel=\\\"noopener\\\">https:\\\/\\\/erhvervsstyrelsen.dk\\\/cookieregler<\\\/a><\\\/p>\\n\n\n<p>En cookie er en passiv fil og kan ikke sprede computervirus eller andre skadelige programmer.<\\\/p>\\n\n\n<p><strong>S\\u00e5dan sletter eller blokerer du for cookies<\\\/strong> <br \\\/>Se vejledning her: <a href=\\\"https:\\\/\\\/minecookies.org\\\/cookiehandtering\\\/\\\" target=\\\"_blank\\\" rel=\\\"noopener\\\">https:\\\/\\\/minecookies.org\\\/cookiehandtering\\\/<\\\/a><\\\/p>\\n\n\n<p><strong>Form\\u00e5l med cookies p\\u00e5 vores website<\\\/strong> <br \\\/>Hos Nature Impact v\\u00e6rner vi om dit privatliv og vil derfor informere dig om, hvad der sker med dine data.<\\\/p>\\n\n\n<p>Nature Impact bruger cookies til at registrere bes\\u00f8gendes adf\\u00e6rd p\\u00e5 websitet, f.eks. hvor mange sider der bliver bes\\u00f8gt, hvor lang tid de forskellige sider bliver bes\\u00f8gt, og hvordan s\\u00f8gefunktionen anvendes. Form\\u00e5let er at forbedre brugervenligheden, funktionaliteten og udarbejde statistik.<\\\/p>\\n\n\n<p>Ved tilmelding til nyhedsbreve og kontaktformularer indsamler vi personlige oplysninger (se afsnittet \\u2018Brug af personoplysninger\\u2019).<\\\/p>\\n\n\n<p><strong>Google Analytics<\\\/strong> <br \\\/>Websitet bruger cookies fra Google Analytics til at m\\u00e5le trafikken. Du kan frav\\u00e6lge cookies fra Google Analytics her: <a href=\\\"https:\\\/\\\/tools.google.com\\\/dlpage\\\/gaoptout\\\" target=\\\"_blank\\\" rel=\\\"noopener\\\">https:\\\/\\\/tools.google.com\\\/dlpage\\\/gaoptout<\\\/a><\\\/p>\\n\n\n<p><strong>Brug af personoplysninger<\\\/strong><br \\\/>Personoplysninger videregives ikke til tredjepart uden dit udtrykkelige samtykke.<\\\/p>\\n\n\n<p>Vi indsamler kun personoplysninger, som du selv giver os ved registrering via vores kontaktformularer, annoncer eller tilmelding til nyhedsbrev.<\\\/p>\\n\n\n<p>Oplysninger kan inkludere navn, adresse, e-mail og interesser, men kun hvis du aktivt afgiver dem. Hvis du sender en ans\\u00f8gning via e-mail, vil dine dokumenter blive opbevaret internt og behandlet af personale underlagt tavshedspligt. Alle dokumenter slettes efter 6 m\\u00e5neder.<\\\/p>\\n\n\n<p>Personoplysninger anvendes til at gennemf\\u00f8re den service, som oplysningerne er indsamlet i forbindelse med. De bruges ogs\\u00e5 til analyser, der forbedrer vores produkter, tjenester og teknologier.<br \\\/><br \\\/><\\\/p>\\n\n\n<p><strong>Nyhedsbrev og Leads<\\\/strong><\\\/p>\\n\n\n<p>N\\u00e5r du downloader materialet, giver du samtykke til, at Nature Impact registrerer og behandler dine oplysninger (navn, e-mail og evt. virksomhedsinfo) for at sende materialet samt tilmelde dig vores nyhedsbrev. <br \\\/><br \\\/>Nyhedsbrevet indeholder inspiration, viden og nyheder om gr\\u00f8nne tage, biodiversitet og Nature Impacts l\\u00f8sninger. Du kan altid tr\\u00e6kke dit samtykke tilbage via afmeldingslink.<\\\/p>\\n\n\n<p><strong>Kontakt vedr. personoplysninger<\\\/strong><br \\\/>Hvis du \\u00f8nsker indsigt i de oplysninger, vi har registreret om dig hos Nature Impact, skal du kontakte os p\\u00e5 <a href=\\\"tel:+4565982223\\\">+45 65 98 22 23<\\\/a> eller <a href=\\\"mailto:mail@natureimpact.com\\\">mail@natureimpact.com<\\\/a><\\\/p>\\n\n\n<p>Er der registreret forkerte data, eller har du andre indsigelser, kan du rette henvendelse samme sted. Du har mulighed for at f\\u00e5 indsigt i de oplysninger, der er registreret om dig, og du kan g\\u00f8re indsigelse mod en registrering i henhold til Persondataloven.<\\\/p>\\n\n\n<p><strong>Beskyttelse af personoplysninger<\\\/strong> <br \\\/>If\\u00f8lge Persondataloven skal dine personlige oplysninger opbevares sikkert og fortroligt. Vi gemmer dine oplysninger p\\u00e5 computere med begr\\u00e6nset adgang, placeret i sikre faciliteter. Vores sikkerhedsforanstaltninger opdateres l\\u00f8bende for at beskytte dine oplysninger.<\\\/p>\\n\n\n<p>Vi kan dog ikke garantere 100% sikkerhed ved dataoverf\\u00f8rsler via internettet, og der kan derfor v\\u00e6re en risiko for uautoriseret adgang til oplysninger.<\\\/p>\\n\n\n<p>Opsiger du nyhedsbrevet, vil dine oplysninger blive slettet fra vores mailliste. Hvis du har kontaktet Nature Impact via en kontaktformular, sendes din foresp\\u00f8rgsel til relevant afdeling, og du skal aktivt kontakte os for at f\\u00e5 dine oplysninger slettet.<\\\/p>\\n\n\n<p>Vi forbeholder os retten til at opdatere denne politik ved behov. Ved v\\u00e6sentlige \\u00e6ndringer vil vi informere via en synlig meddelelse p\\u00e5 websitet.<\\\/p>\\n\n\n<p>Hvis du \\u00f8nsker at klage over behandlingen af dine oplysninger, kan du kontakte Datatilsynet: Borgergade 28, 5., 1300 K\\u00f8benhavn K. Tlf. 33193200<\\\/p>\\n\n\n<p><em>Senest opdateret 18\\\/2-2025<\\\/em><\\\/p>\",\"margin\":\"default\"}}]}]}]}],\"version\":\"4.5.32\"} --><\/p>\n","protected":false},"excerpt":{"rendered":"<p>Cookiepolitik Dette websted ejes af Nature ImpactSdr. H\u00f8jrupvejen 1305750 Ringe &#8211; Danmark Tlf. +45 65 98 22 23E-mail: mail@natureimpact.com Hvad er Cookies? \u201cEn cookie er en lille tekstfil, der giver mulighed for at lagre oplysninger eller tilg\u00e5 allerede lagrede oplysninger p\u00e5 brugerens pc, smartphone, tablet eller lignende med det form\u00e5l at indhente data om brugeren.\u201d [&hellip;]<\/p>\n","protected":false},"author":1,"featured_media":0,"parent":0,"menu_order":0,"comment_status":"closed","ping_status":"closed","template":"","meta":{"_acf_changed":false,"footnotes":""},"class_list":["post-8153","page","type-page","status-publish","hentry"],"acf":[],"yoast_head":"<!-- This site is optimized with the Yoast SEO plugin v27.4 - https:\/\/yoast.com\/product\/yoast-seo-wordpress\/ -->\n<title>Cookie- og persondatapolitik hos Nature Impact - Hvordan vi sikrer privatliv<\/title>\n<meta name=\"description\" content=\"Cookie- &amp; persondatapolitik. L\u00e6s hvordan vi behandler data, cookies og sikrer dit privatliv hos Nature Impact.\" \/>\n<meta name=\"robots\" content=\"index, follow, max-snippet:-1, max-image-preview:large, max-video-preview:-1\" \/>\n<link rel=\"canonical\" href=\"https:\/\/natureimpact.com\/da\/cookie-persondata-politik\/\" \/>\n<meta property=\"og:locale\" content=\"da_DK\" \/>\n<meta property=\"og:type\" content=\"article\" \/>\n<meta property=\"og:title\" content=\"Cookie- og persondatapolitik hos Nature Impact - Hvordan vi sikrer privatliv\" \/>\n<meta property=\"og:description\" content=\"Cookie- &amp; persondatapolitik. L\u00e6s hvordan vi behandler data, cookies og sikrer dit privatliv hos Nature Impact.\" \/>\n<meta property=\"og:url\" content=\"https:\/\/natureimpact.com\/da\/cookie-persondata-politik\/\" \/>\n<meta property=\"og:site_name\" content=\"Nature Impact\" \/>\n<meta property=\"article:modified_time\" content=\"2025-12-09T12:07:54+00:00\" \/>\n<meta property=\"og:image\" content=\"https:\/\/natureimpact.com\/wp-content\/uploads\/2023\/12\/NI_900px.png\" \/>\n\t<meta property=\"og:image:width\" content=\"929\" \/>\n\t<meta property=\"og:image:height\" content=\"841\" \/>\n\t<meta property=\"og:image:type\" content=\"image\/png\" \/>\n<meta name=\"twitter:card\" content=\"summary_large_image\" \/>\n<meta name=\"twitter:label1\" content=\"Estimeret l\u00e6setid\" \/>\n\t<meta name=\"twitter:data1\" content=\"3 minutter\" \/>\n<script type=\"application\/ld+json\" class=\"yoast-schema-graph\">{\"@context\":\"https:\\\/\\\/schema.org\",\"@graph\":[{\"@type\":\"WebPage\",\"@id\":\"https:\\\/\\\/natureimpact.com\\\/da\\\/cookie-persondata-politik\\\/\",\"url\":\"https:\\\/\\\/natureimpact.com\\\/da\\\/cookie-persondata-politik\\\/\",\"name\":\"Cookie- og persondatapolitik hos Nature Impact - Hvordan vi sikrer privatliv\",\"isPartOf\":{\"@id\":\"https:\\\/\\\/natureimpact.com\\\/da\\\/#website\"},\"datePublished\":\"2025-02-18T09:38:16+00:00\",\"dateModified\":\"2025-12-09T12:07:54+00:00\",\"description\":\"Cookie- & persondatapolitik. L\u00e6s hvordan vi behandler data, cookies og sikrer dit privatliv hos Nature Impact.\",\"breadcrumb\":{\"@id\":\"https:\\\/\\\/natureimpact.com\\\/da\\\/cookie-persondata-politik\\\/#breadcrumb\"},\"inLanguage\":\"da-DK\",\"potentialAction\":[{\"@type\":\"ReadAction\",\"target\":[\"https:\\\/\\\/natureimpact.com\\\/da\\\/cookie-persondata-politik\\\/\"]}]},{\"@type\":\"BreadcrumbList\",\"@id\":\"https:\\\/\\\/natureimpact.com\\\/da\\\/cookie-persondata-politik\\\/#breadcrumb\",\"itemListElement\":[{\"@type\":\"ListItem\",\"position\":1,\"name\":\"Forside\",\"item\":\"https:\\\/\\\/natureimpact.com\\\/da\\\/\"},{\"@type\":\"ListItem\",\"position\":2,\"name\":\"Cookie &amp; Persondata politik\"}]},{\"@type\":\"WebSite\",\"@id\":\"https:\\\/\\\/natureimpact.com\\\/da\\\/#website\",\"url\":\"https:\\\/\\\/natureimpact.com\\\/da\\\/\",\"name\":\"Nature Impact\",\"description\":\"\",\"publisher\":{\"@id\":\"https:\\\/\\\/natureimpact.com\\\/da\\\/#organization\"},\"potentialAction\":[{\"@type\":\"SearchAction\",\"target\":{\"@type\":\"EntryPoint\",\"urlTemplate\":\"https:\\\/\\\/natureimpact.com\\\/da\\\/?s={search_term_string}\"},\"query-input\":{\"@type\":\"PropertyValueSpecification\",\"valueRequired\":true,\"valueName\":\"search_term_string\"}}],\"inLanguage\":\"da-DK\"},{\"@type\":\"Organization\",\"@id\":\"https:\\\/\\\/natureimpact.com\\\/da\\\/#organization\",\"name\":\"Nature Impact\",\"url\":\"https:\\\/\\\/natureimpact.com\\\/da\\\/\",\"logo\":{\"@type\":\"ImageObject\",\"inLanguage\":\"da-DK\",\"@id\":\"https:\\\/\\\/natureimpact.com\\\/da\\\/#\\\/schema\\\/logo\\\/image\\\/\",\"url\":\"https:\\\/\\\/natureimpact.com\\\/wp-content\\\/uploads\\\/2025\\\/05\\\/NI_900px.png\",\"contentUrl\":\"https:\\\/\\\/natureimpact.com\\\/wp-content\\\/uploads\\\/2025\\\/05\\\/NI_900px.png\",\"width\":929,\"height\":841,\"caption\":\"Nature Impact\"},\"image\":{\"@id\":\"https:\\\/\\\/natureimpact.com\\\/da\\\/#\\\/schema\\\/logo\\\/image\\\/\"}}]}<\/script>\n<!-- \/ Yoast SEO plugin. -->","yoast_head_json":{"title":"Cookie- og persondatapolitik hos Nature Impact - Hvordan vi sikrer privatliv","description":"Cookie- & persondatapolitik. L\u00e6s hvordan vi behandler data, cookies og sikrer dit privatliv hos Nature Impact.","robots":{"index":"index","follow":"follow","max-snippet":"max-snippet:-1","max-image-preview":"max-image-preview:large","max-video-preview":"max-video-preview:-1"},"canonical":"https:\/\/natureimpact.com\/da\/cookie-persondata-politik\/","og_locale":"da_DK","og_type":"article","og_title":"Cookie- og persondatapolitik hos Nature Impact - Hvordan vi sikrer privatliv","og_description":"Cookie- & persondatapolitik. L\u00e6s hvordan vi behandler data, cookies og sikrer dit privatliv hos Nature Impact.","og_url":"https:\/\/natureimpact.com\/da\/cookie-persondata-politik\/","og_site_name":"Nature Impact","article_modified_time":"2025-12-09T12:07:54+00:00","og_image":[{"width":929,"height":841,"url":"https:\/\/natureimpact.com\/wp-content\/uploads\/2023\/12\/NI_900px.png","type":"image\/png"}],"twitter_card":"summary_large_image","twitter_misc":{"Estimeret l\u00e6setid":"3 minutter"},"schema":{"@context":"https:\/\/schema.org","@graph":[{"@type":"WebPage","@id":"https:\/\/natureimpact.com\/da\/cookie-persondata-politik\/","url":"https:\/\/natureimpact.com\/da\/cookie-persondata-politik\/","name":"Cookie- og persondatapolitik hos Nature Impact - Hvordan vi sikrer privatliv","isPartOf":{"@id":"https:\/\/natureimpact.com\/da\/#website"},"datePublished":"2025-02-18T09:38:16+00:00","dateModified":"2025-12-09T12:07:54+00:00","description":"Cookie- & persondatapolitik. L\u00e6s hvordan vi behandler data, cookies og sikrer dit privatliv hos Nature Impact.","breadcrumb":{"@id":"https:\/\/natureimpact.com\/da\/cookie-persondata-politik\/#breadcrumb"},"inLanguage":"da-DK","potentialAction":[{"@type":"ReadAction","target":["https:\/\/natureimpact.com\/da\/cookie-persondata-politik\/"]}]},{"@type":"BreadcrumbList","@id":"https:\/\/natureimpact.com\/da\/cookie-persondata-politik\/#breadcrumb","itemListElement":[{"@type":"ListItem","position":1,"name":"Forside","item":"https:\/\/natureimpact.com\/da\/"},{"@type":"ListItem","position":2,"name":"Cookie &amp; Persondata politik"}]},{"@type":"WebSite","@id":"https:\/\/natureimpact.com\/da\/#website","url":"https:\/\/natureimpact.com\/da\/","name":"Nature Impact","description":"","publisher":{"@id":"https:\/\/natureimpact.com\/da\/#organization"},"potentialAction":[{"@type":"SearchAction","target":{"@type":"EntryPoint","urlTemplate":"https:\/\/natureimpact.com\/da\/?s={search_term_string}"},"query-input":{"@type":"PropertyValueSpecification","valueRequired":true,"valueName":"search_term_string"}}],"inLanguage":"da-DK"},{"@type":"Organization","@id":"https:\/\/natureimpact.com\/da\/#organization","name":"Nature Impact","url":"https:\/\/natureimpact.com\/da\/","logo":{"@type":"ImageObject","inLanguage":"da-DK","@id":"https:\/\/natureimpact.com\/da\/#\/schema\/logo\/image\/","url":"https:\/\/natureimpact.com\/wp-content\/uploads\/2025\/05\/NI_900px.png","contentUrl":"https:\/\/natureimpact.com\/wp-content\/uploads\/2025\/05\/NI_900px.png","width":929,"height":841,"caption":"Nature Impact"},"image":{"@id":"https:\/\/natureimpact.com\/da\/#\/schema\/logo\/image\/"}}]}},"_links":{"self":[{"href":"https:\/\/natureimpact.com\/da\/wp-json\/wp\/v2\/pages\/8153","targetHints":{"allow":["GET"]}}],"collection":[{"href":"https:\/\/natureimpact.com\/da\/wp-json\/wp\/v2\/pages"}],"about":[{"href":"https:\/\/natureimpact.com\/da\/wp-json\/wp\/v2\/types\/page"}],"author":[{"embeddable":true,"href":"https:\/\/natureimpact.com\/da\/wp-json\/wp\/v2\/users\/1"}],"replies":[{"embeddable":true,"href":"https:\/\/natureimpact.com\/da\/wp-json\/wp\/v2\/comments?post=8153"}],"version-history":[{"count":6,"href":"https:\/\/natureimpact.com\/da\/wp-json\/wp\/v2\/pages\/8153\/revisions"}],"predecessor-version":[{"id":9049,"href":"https:\/\/natureimpact.com\/da\/wp-json\/wp\/v2\/pages\/8153\/revisions\/9049"}],"wp:attachment":[{"href":"https:\/\/natureimpact.com\/da\/wp-json\/wp\/v2\/media?parent=8153"}],"curies":[{"name":"wp","href":"https:\/\/api.w.org\/{rel}","templated":true}]}}