{"id":7452,"date":"2024-12-19T05:29:13","date_gmt":"2024-12-19T05:29:13","guid":{"rendered":"https:\/\/loving-ardinghelli.77-247-67-170.plesk.page\/?page_id=7452"},"modified":"2025-01-16T08:26:13","modified_gmt":"2025-01-16T08:26:13","slug":"reklamation","status":"publish","type":"page","link":"https:\/\/natureimpact.com\/da\/om-os\/reklamation\/","title":{"rendered":"Reklamation"},"content":{"rendered":"<h1>REKLAMATION<\/h1>\n<div>\n<p>Nogle gange sker der fejl, men de er til for at blive l\u00f8st. Har du et sedumtag fra os, der ikke helt opf\u00f8rer sig som det skal, kan du herunder udfylde en reklamation.<\/p>\n<p>Husk, at du for at opretholde garantien p\u00e5 dit Nature Impact sedumtag skal gennemf\u00f8re og indsende skema for drift og vedligehold.<\/p>\n<p>Vil du vide mere om, hvordan du skal <a href=\"https:\/\/loving-ardinghelli.77-247-67-170.plesk.page\/da\/sedumtage\/drift-vedligehold\/\">drifte og vedligeholde dit tag se her<\/a>.<\/p>\n<\/div>\n<div>\n<p>    <script src=\"https:\/\/www.cognitoforms.com\/f\/seamless.js\" data-key=\"Rit41ugChUecoVYKMoXKcQ\" data-form=\"19\"><\/script>\n<\/div>\n<p><!--more--><br \/>\n<!-- {\"type\":\"layout\",\"children\":[{\"type\":\"section\",\"props\":{\"height\":\"pixels\",\"height_viewport\":600,\"image\":\"wp-content\\\/uploads\\\/2024\\\/11\\\/220104-FOM-7370-2048x1366-1.jpg\",\"image_effect\":\"fixed\",\"image_position\":\"center-center\",\"image_size\":\"cover\",\"padding\":\"large\",\"padding_remove_horizontal\":true,\"style\":\"default\",\"title_breakpoint\":\"xl\",\"title_position\":\"top-left\",\"title_rotation\":\"left\",\"vertical_align\":\"middle\",\"width\":\"default\"},\"children\":[{\"type\":\"row\",\"children\":[{\"type\":\"column\",\"props\":{\"image_position\":\"center-center\",\"position_sticky_breakpoint\":\"m\"}}]}]},{\"type\":\"section\",\"props\":{\"image\":\"wp-content\\\/uploads\\\/2023\\\/12\\\/NI_White.svg\",\"image_position\":\"center-center\",\"image_size\":\"cover\",\"style\":\"default\",\"title_breakpoint\":\"xl\",\"title_position\":\"top-left\",\"title_rotation\":\"left\",\"vertical_align\":\"\",\"width\":\"small\"},\"children\":[{\"type\":\"row\",\"children\":[{\"type\":\"column\",\"props\":{\"image_position\":\"center-center\",\"position_sticky_breakpoint\":\"m\"},\"children\":[{\"type\":\"fragment\",\"props\":{\"animation\":\"parallax\",\"margin\":\"default\",\"parallax_y\":\"-290,-290\"},\"children\":[{\"type\":\"row\",\"props\":{\"column_gap\":\"large\",\"parallax\":false,\"parallax_end\":\"1000px\",\"parallax_start\":\"1000px\",\"row_gap\":\"large\",\"width\":\"small\"},\"children\":[{\"type\":\"column\",\"props\":{\"image_position\":\"center-center\",\"position_sticky_breakpoint\":\"m\",\"preserve_color\":false,\"style\":\"tile-muted\"},\"children\":[{\"type\":\"headline\",\"props\":{\"block_align\":\"center\",\"content\":\"REKLAMATION\",\"maxwidth\":\"2xlarge\",\"title_color\":\"danger\",\"title_element\":\"h1\"}},{\"type\":\"text\",\"props\":{\"block_align\":\"center\",\"column_breakpoint\":\"m\",\"content\":\"\n\n<p>Nogle gange sker der fejl, men de er til for at blive l\\u00f8st. Har du et sedumtag fra os, der ikke helt opf\\u00f8rer sig som det skal, kan du herunder udfylde en reklamation.<\\\/p>\\n\n\n<p>Husk, at du for at opretholde garantien p\\u00e5 dit Nature Impact sedumtag skal gennemf\\u00f8re og indsende skema for drift og vedligehold.<\\\/p>\\n\n\n<p>Vil du vide mere om, hvordan du skal <a href=\\\"https:\\\/\\\/loving-ardinghelli.77-247-67-170.plesk.page\\\/da\\\/sedumtage\\\/drift-vedligehold\\\/\\\">drifte og vedligeholde dit tag se her<\\\/a>.<\\\/p>\",\"margin\":\"default\",\"maxwidth\":\"2xlarge\",\"text_color\":\"emphasis\",\"text_style\":\"large\"}},{\"type\":\"html\",\"props\":{\"content\":\"<script src=\\\"https:\\\/\\\/www.cognitoforms.com\\\/f\\\/seamless.js\\\" data-key=\\\"Rit41ugChUecoVYKMoXKcQ\\\" data-form=\\\"19\\\"><\\\/script>\"}}]}]}]}]}]}]}],\"version\":\"4.4.12\"} --><\/p>\n","protected":false},"excerpt":{"rendered":"<p>REKLAMATION Nogle gange sker der fejl, men de er til for at blive l\u00f8st. Har du et sedumtag fra os, der ikke helt opf\u00f8rer sig som det skal, kan du herunder udfylde en reklamation. Husk, at du for at opretholde garantien p\u00e5 dit Nature Impact sedumtag skal gennemf\u00f8re og indsende skema for drift og vedligehold. [&hellip;]<\/p>\n","protected":false},"author":1,"featured_media":0,"parent":3509,"menu_order":0,"comment_status":"closed","ping_status":"closed","template":"","meta":{"_acf_changed":false,"footnotes":""},"class_list":["post-7452","page","type-page","status-publish","hentry"],"acf":[],"yoast_head":"<!-- This site is optimized with the Yoast SEO plugin v26.6 - https:\/\/yoast.com\/wordpress\/plugins\/seo\/ -->\n<title>Reklamation - Nature Impact<\/title>\n<meta name=\"robots\" content=\"index, follow, max-snippet:-1, max-image-preview:large, max-video-preview:-1\" \/>\n<link rel=\"canonical\" href=\"https:\/\/natureimpact.com\/da\/om-os\/reklamation\/\" \/>\n<meta property=\"og:locale\" content=\"da_DK\" \/>\n<meta property=\"og:type\" content=\"article\" \/>\n<meta property=\"og:title\" content=\"Reklamation - Nature Impact\" \/>\n<meta property=\"og:description\" content=\"REKLAMATION Nogle gange sker der fejl, men de er til for at blive l\u00f8st. Har du et sedumtag fra os, der ikke helt opf\u00f8rer sig som det skal, kan du herunder udfylde en reklamation. Husk, at du for at opretholde garantien p\u00e5 dit Nature Impact sedumtag skal gennemf\u00f8re og indsende skema for drift og vedligehold. [&hellip;]\" \/>\n<meta property=\"og:url\" content=\"https:\/\/natureimpact.com\/da\/om-os\/reklamation\/\" \/>\n<meta property=\"og:site_name\" content=\"Nature Impact\" \/>\n<meta property=\"article:modified_time\" content=\"2025-01-16T08:26:13+00:00\" \/>\n<meta property=\"og:image\" content=\"https:\/\/natureimpact.com\/wp-content\/uploads\/2023\/12\/NI_900px.png\" \/>\n\t<meta property=\"og:image:width\" content=\"929\" \/>\n\t<meta property=\"og:image:height\" content=\"841\" \/>\n\t<meta property=\"og:image:type\" content=\"image\/png\" \/>\n<meta name=\"twitter:card\" content=\"summary_large_image\" \/>\n<meta name=\"twitter:label1\" content=\"Estimeret l\u00e6setid\" \/>\n\t<meta name=\"twitter:data1\" content=\"1 minut\" \/>\n<script type=\"application\/ld+json\" class=\"yoast-schema-graph\">{\"@context\":\"https:\/\/schema.org\",\"@graph\":[{\"@type\":\"WebPage\",\"@id\":\"https:\/\/natureimpact.com\/da\/om-os\/reklamation\/\",\"url\":\"https:\/\/natureimpact.com\/da\/om-os\/reklamation\/\",\"name\":\"Reklamation - Nature Impact\",\"isPartOf\":{\"@id\":\"https:\/\/natureimpact.com\/da\/#website\"},\"datePublished\":\"2024-12-19T05:29:13+00:00\",\"dateModified\":\"2025-01-16T08:26:13+00:00\",\"breadcrumb\":{\"@id\":\"https:\/\/natureimpact.com\/da\/om-os\/reklamation\/#breadcrumb\"},\"inLanguage\":\"da-DK\",\"potentialAction\":[{\"@type\":\"ReadAction\",\"target\":[\"https:\/\/natureimpact.com\/da\/om-os\/reklamation\/\"]}]},{\"@type\":\"BreadcrumbList\",\"@id\":\"https:\/\/natureimpact.com\/da\/om-os\/reklamation\/#breadcrumb\",\"itemListElement\":[{\"@type\":\"ListItem\",\"position\":1,\"name\":\"Forside\",\"item\":\"https:\/\/natureimpact.com\/da\/\"},{\"@type\":\"ListItem\",\"position\":2,\"name\":\"Om Nature Impact\",\"item\":\"https:\/\/natureimpact.com\/da\/om-os\/\"},{\"@type\":\"ListItem\",\"position\":3,\"name\":\"Reklamation\"}]},{\"@type\":\"WebSite\",\"@id\":\"https:\/\/natureimpact.com\/da\/#website\",\"url\":\"https:\/\/natureimpact.com\/da\/\",\"name\":\"Nature Impact\",\"description\":\"\",\"publisher\":{\"@id\":\"https:\/\/natureimpact.com\/da\/#organization\"},\"potentialAction\":[{\"@type\":\"SearchAction\",\"target\":{\"@type\":\"EntryPoint\",\"urlTemplate\":\"https:\/\/natureimpact.com\/da\/?s={search_term_string}\"},\"query-input\":{\"@type\":\"PropertyValueSpecification\",\"valueRequired\":true,\"valueName\":\"search_term_string\"}}],\"inLanguage\":\"da-DK\"},{\"@type\":\"Organization\",\"@id\":\"https:\/\/natureimpact.com\/da\/#organization\",\"name\":\"Nature Impact\",\"url\":\"https:\/\/natureimpact.com\/da\/\",\"logo\":{\"@type\":\"ImageObject\",\"inLanguage\":\"da-DK\",\"@id\":\"https:\/\/natureimpact.com\/da\/#\/schema\/logo\/image\/\",\"url\":\"https:\/\/natureimpact.com\/wp-content\/uploads\/2025\/05\/NI_900px.png\",\"contentUrl\":\"https:\/\/natureimpact.com\/wp-content\/uploads\/2025\/05\/NI_900px.png\",\"width\":929,\"height\":841,\"caption\":\"Nature Impact\"},\"image\":{\"@id\":\"https:\/\/natureimpact.com\/da\/#\/schema\/logo\/image\/\"}}]}<\/script>\n<!-- \/ Yoast SEO plugin. -->","yoast_head_json":{"title":"Reklamation - Nature Impact","robots":{"index":"index","follow":"follow","max-snippet":"max-snippet:-1","max-image-preview":"max-image-preview:large","max-video-preview":"max-video-preview:-1"},"canonical":"https:\/\/natureimpact.com\/da\/om-os\/reklamation\/","og_locale":"da_DK","og_type":"article","og_title":"Reklamation - Nature Impact","og_description":"REKLAMATION Nogle gange sker der fejl, men de er til for at blive l\u00f8st. Har du et sedumtag fra os, der ikke helt opf\u00f8rer sig som det skal, kan du herunder udfylde en reklamation. Husk, at du for at opretholde garantien p\u00e5 dit Nature Impact sedumtag skal gennemf\u00f8re og indsende skema for drift og vedligehold. [&hellip;]","og_url":"https:\/\/natureimpact.com\/da\/om-os\/reklamation\/","og_site_name":"Nature Impact","article_modified_time":"2025-01-16T08:26:13+00:00","og_image":[{"width":929,"height":841,"url":"https:\/\/natureimpact.com\/wp-content\/uploads\/2023\/12\/NI_900px.png","type":"image\/png"}],"twitter_card":"summary_large_image","twitter_misc":{"Estimeret l\u00e6setid":"1 minut"},"schema":{"@context":"https:\/\/schema.org","@graph":[{"@type":"WebPage","@id":"https:\/\/natureimpact.com\/da\/om-os\/reklamation\/","url":"https:\/\/natureimpact.com\/da\/om-os\/reklamation\/","name":"Reklamation - Nature Impact","isPartOf":{"@id":"https:\/\/natureimpact.com\/da\/#website"},"datePublished":"2024-12-19T05:29:13+00:00","dateModified":"2025-01-16T08:26:13+00:00","breadcrumb":{"@id":"https:\/\/natureimpact.com\/da\/om-os\/reklamation\/#breadcrumb"},"inLanguage":"da-DK","potentialAction":[{"@type":"ReadAction","target":["https:\/\/natureimpact.com\/da\/om-os\/reklamation\/"]}]},{"@type":"BreadcrumbList","@id":"https:\/\/natureimpact.com\/da\/om-os\/reklamation\/#breadcrumb","itemListElement":[{"@type":"ListItem","position":1,"name":"Forside","item":"https:\/\/natureimpact.com\/da\/"},{"@type":"ListItem","position":2,"name":"Om Nature Impact","item":"https:\/\/natureimpact.com\/da\/om-os\/"},{"@type":"ListItem","position":3,"name":"Reklamation"}]},{"@type":"WebSite","@id":"https:\/\/natureimpact.com\/da\/#website","url":"https:\/\/natureimpact.com\/da\/","name":"Nature Impact","description":"","publisher":{"@id":"https:\/\/natureimpact.com\/da\/#organization"},"potentialAction":[{"@type":"SearchAction","target":{"@type":"EntryPoint","urlTemplate":"https:\/\/natureimpact.com\/da\/?s={search_term_string}"},"query-input":{"@type":"PropertyValueSpecification","valueRequired":true,"valueName":"search_term_string"}}],"inLanguage":"da-DK"},{"@type":"Organization","@id":"https:\/\/natureimpact.com\/da\/#organization","name":"Nature Impact","url":"https:\/\/natureimpact.com\/da\/","logo":{"@type":"ImageObject","inLanguage":"da-DK","@id":"https:\/\/natureimpact.com\/da\/#\/schema\/logo\/image\/","url":"https:\/\/natureimpact.com\/wp-content\/uploads\/2025\/05\/NI_900px.png","contentUrl":"https:\/\/natureimpact.com\/wp-content\/uploads\/2025\/05\/NI_900px.png","width":929,"height":841,"caption":"Nature Impact"},"image":{"@id":"https:\/\/natureimpact.com\/da\/#\/schema\/logo\/image\/"}}]}},"_links":{"self":[{"href":"https:\/\/natureimpact.com\/da\/wp-json\/wp\/v2\/pages\/7452","targetHints":{"allow":["GET"]}}],"collection":[{"href":"https:\/\/natureimpact.com\/da\/wp-json\/wp\/v2\/pages"}],"about":[{"href":"https:\/\/natureimpact.com\/da\/wp-json\/wp\/v2\/types\/page"}],"author":[{"embeddable":true,"href":"https:\/\/natureimpact.com\/da\/wp-json\/wp\/v2\/users\/1"}],"replies":[{"embeddable":true,"href":"https:\/\/natureimpact.com\/da\/wp-json\/wp\/v2\/comments?post=7452"}],"version-history":[{"count":6,"href":"https:\/\/natureimpact.com\/da\/wp-json\/wp\/v2\/pages\/7452\/revisions"}],"predecessor-version":[{"id":7458,"href":"https:\/\/natureimpact.com\/da\/wp-json\/wp\/v2\/pages\/7452\/revisions\/7458"}],"up":[{"embeddable":true,"href":"https:\/\/natureimpact.com\/da\/wp-json\/wp\/v2\/pages\/3509"}],"wp:attachment":[{"href":"https:\/\/natureimpact.com\/da\/wp-json\/wp\/v2\/media?parent=7452"}],"curies":[{"name":"wp","href":"https:\/\/api.w.org\/{rel}","templated":true}]}}