{"id":3456,"date":"2024-05-28T04:18:06","date_gmt":"2024-05-28T04:18:06","guid":{"rendered":"https:\/\/loving-ardinghelli.77-247-67-170.plesk.page\/?page_id=3456"},"modified":"2025-11-10T14:56:15","modified_gmt":"2025-11-10T14:56:15","slug":"sedummaatter-eller-sedumbakker","status":"publish","type":"page","link":"https:\/\/natureimpact.com\/da\/sedumtage\/sedummaatter-eller-sedumbakker\/","title":{"rendered":"Sedumm\u00e5tter eller sedumbakker?"},"content":{"rendered":"<h1>Sedumm\u00e5tter eller <br \/>sedumbakker?<\/h1>\n<div>\n<p>Traditionelt set er sedumtage blevet lavet ved hj\u00e6lp af sedumm\u00e5tter. Disse m\u00e5tter produceres ved at h\u00f8ste den \u00f8verste del af v\u00e6kstmediet sammen med sedumplanterne. For at sikre fortsat v\u00e6kst er det n\u00f8dvendigt at tilf\u00f8je et underliggende lag af v\u00e6kstmedie, da en indbygningsh\u00f8jde p\u00e5 mindst 60 mm er n\u00f8dvendig for at opn\u00e5 et sundt og frodigt tag med optimale v\u00e6kstbetingelser.<\/p>\n<p>Hos Nature Impact har vi udviklet et innovativt bakkesystem, hvor dr\u00e6nlag, v\u00e6kstmedie og planter kommer i \u00e9n-og-samme bakke. Sedumbakker har mange fordele i forhold til sedumm\u00e5tter &#8211; ikke mindst, at de er nemmere og hurtigere at udl\u00e6gge.<\/p>\n<\/div>\n<p><img decoding=\"async\" src=\"\/wp-content\/uploads\/2024\/05\/sedummaatter-eller-sedumbakker.png\" alt=\"\"><\/p>\n<h2>5 fordele ved sedumbakker<\/h2>\n<ul>\n<li>\n<div>1.<\/div>\n<div>Sedumbakker kan udl\u00e6gges af \u00e9n mand, hvor sedumm\u00e5tter er s\u00e5 tunge, at de kr\u00e6ver mindst to personer til h\u00e5ndtering<\/div>\n<\/li>\n<li>\n<div>2.<\/div>\n<div>Sedumbakker kan l\u00e6gges direkte p\u00e5 det eksisterende tag med \u00e9n nem og hurtig arbejdsgang, hvor sedumm\u00e5tter kr\u00e6ver udl\u00e6gning af dr\u00e6nlag, dug og jord, f\u00f8r m\u00e5tterne kan l\u00e6gges<\/div>\n<\/li>\n<li>\n<div>3.<\/div>\n<div>Sedumbakker er total\u00f8konomisk typisk en billigere l\u00f8sning end sedumm\u00e5tter pga. hurtigere montering<\/div>\n<\/li>\n<li>\n<div>4.<\/div>\n<div>Sedumbakker optager og forsinker mere regnvand end sedumm\u00e5tter<\/div>\n<\/li>\n<li>\n<div>5.<\/div>\n<div>Sedumplanterne i bakker er typisk sundere og mere h\u00e5rdf\u00f8re, da de kommer med det v\u00e6kstmedie, som de er dyrket i fra gartneriet<\/div>\n<\/li>\n<\/ul>\n<p><video src=\"\/maatter_eller_bakker 1.mp4\" poster=\"\"><\/video><\/p>\n<div>\n<h2>Anl\u00e6gning af sedumm\u00e5tter og sedumbakker<\/h2>\n<p>Udl\u00e6gningen af sedumm\u00e5tter er en tidskr\u00e6vende proces. Den involverer flere arbejdsgange, herunder udl\u00e6gning af dr\u00e6nlag, dug, jord og endelig m\u00e5tterne selv. Disse komponenter er vanskelige at styre under bl\u00e6sende forhold og kr\u00e6ver tid og mandskab. En enkelt sedumm\u00e5tte er stor nok til at kr\u00e6ve to personer til h\u00e5ndtering.<\/p>\n<p>I mods\u00e6tning st\u00e5r den modulbaserede bakkel\u00f8sning fra Nature Impact. Sedumbakkerne er ved levering klar til installation direkte p\u00e5 det eksisterende tag uden dug eller ekstra jord. Dermed kan \u00e9n person udl\u00e6gge 25-40 m2 sedumbakker pr. time<\/p>\n<h2>Sikker installation under alle forhold<\/h2>\n<p>Systemet i hver sedumbakke g\u00f8r udl\u00e6gningen hurtig og sikrer, at intet flyver v\u00e6k under installationen. Under produktionen har Nature Impacts sedumbakker en kant, der forhindrer sammengroning p\u00e5 marken. Ved levering er denne kant fjernet, og sedumbakkerne kan nu gro sammen til en homogen tagmasse. Derfor er Nature Impacts sedumbakkerne godkendt til brug i op til 50 meters h\u00f8jde, takket v\u00e6re sammengroningen. Selv under kraftige vindforhold kan sedumbakker udl\u00e6gges sikkert og effektivt og bliver, hvor de er efterf\u00f8lgende.\u00a0<\/p>\n<h2>Sedumbakker har overtaget markedet fra sedumm\u00e5tter<\/h2>\n<p>Sedumbakkernes fordele over sedumm\u00e5tter g\u00f8r, at 80-90% af alle sedumtage i Danmark i dag er sedumtag i bakker. Som de f\u00f8rste p\u00e5 markedet med et innovativt sedumtag i bakker, er Nature Impact i dag markedsledende i Danmark.<\/p>\n<\/div>\n<h5><a href=\"\/da\/sedumtage\/\">L\u00e6s meget mere om vores sedumtag <img decoding=\"async\" src=\"\/wp-content\/uploads\/2023\/12\/Pil.svg\" alt=\"\" width=\"100\" class=\"uk-vertical-align\" \/<\/a><\/h5>\n<ul>\n<li>\n<p>        <img decoding=\"async\" src=\"\/wp-content\/uploads\/2024\/05\/hvorfor-vaelge-groent-tag-01-3.jpg\" alt=\"\"><\/p>\n<h4>Sedumtage skaber \u00f8get biodiversitet<\/h4>\n<\/li>\n<li>\n<p>        <img decoding=\"async\" src=\"\/wp-content\/uploads\/2024\/05\/hvorfor-vaelge-groent-tag-02-2.jpg\" alt=\"\"><\/p>\n<h4>Sedumtage er optimale til vandtilbagehold<\/h4>\n<\/li>\n<li>\n<p>        <img decoding=\"async\" src=\"\/wp-content\/uploads\/2024\/05\/hvorfor-vaelge-groent-tag-03-1.jpg\" alt=\"\"><\/p>\n<h4>Vi har EPD p\u00e5 vores sedumbakker<\/h4>\n<\/li>\n<li>\n<p>        <img decoding=\"async\" src=\"\/wp-content\/uploads\/2024\/05\/hvorfor-vaelge-groent-tag-04-1.jpg\" alt=\"\"><\/p>\n<h4>Sedumtage har en isolerende effekt<\/h4>\n<\/li>\n<li>\n<p>        <img decoding=\"async\" src=\"\/wp-content\/uploads\/2024\/05\/hvorfor-vaelge-groent-tag-05-1.jpg\" alt=\"\"><\/p>\n<h4>Vores sedumbakker er brandgodkendte <\/h4>\n<\/li>\n<\/ul>\n<div>\n<div style=\"float:right;\">\n<span><span><a href=\"https:\/\/natureimpact.com\/da\/\">Forside<\/a><\/span><\/span>\n<\/div>\n<\/div>\n<hr>\n<p><!--more--><br \/>\n<!-- {\"type\":\"layout\",\"children\":[{\"name\":\"About\",\"type\":\"section\",\"props\":{\"header_transparent\":false,\"height\":\"viewport\",\"image\":\"wp-content\\\/uploads\\\/2024\\\/11\\\/installation_tagpap_groent_tag-1.jpg\",\"image_position\":\"center-center\",\"image_size\":\"cover\",\"padding\":\"large\",\"padding_remove_top\":false,\"preserve_color\":false,\"sticky\":\"cover\",\"style\":\"default\",\"title_breakpoint\":\"xl\",\"title_position\":\"top-left\",\"title_rotation\":\"left\",\"vertical_align\":\"middle\",\"width\":\"large\"},\"children\":[{\"type\":\"row\",\"children\":[{\"type\":\"column\",\"props\":{\"image_position\":\"center-center\",\"position_sticky_breakpoint\":\"m\",\"width_medium\":\"1-1\"},\"children\":[{\"type\":\"headline\",\"props\":{\"content\":\"Sedumm\\u00e5tter eller <br \\\/>sedumbakker?\",\"text_align\":\"left\",\"title_color\":\"secondary\",\"title_element\":\"h1\",\"title_style\":\"heading-small\"}}]}]}]},{\"type\":\"section\",\"props\":{\"image_position\":\"center-center\",\"padding_remove_bottom\":true,\"style\":\"default\",\"title_breakpoint\":\"xl\",\"title_position\":\"top-left\",\"title_rotation\":\"left\",\"vertical_align\":\"\",\"width\":\"default\"},\"children\":[{\"type\":\"row\",\"children\":[{\"type\":\"column\",\"props\":{\"image_position\":\"center-center\",\"position_sticky_breakpoint\":\"m\",\"vertical_align\":\"middle\",\"width_medium\":\"1-2\"},\"children\":[{\"type\":\"text\",\"props\":{\"column_breakpoint\":\"m\",\"content\":\"\n\n<p>Traditionelt set er sedumtage blevet lavet ved hj\\u00e6lp af sedumm\\u00e5tter. Disse m\\u00e5tter produceres ved at h\\u00f8ste den \\u00f8verste del af v\\u00e6kstmediet sammen med sedumplanterne. For at sikre fortsat v\\u00e6kst er det n\\u00f8dvendigt at tilf\\u00f8je et underliggende lag af v\\u00e6kstmedie, da en indbygningsh\\u00f8jde p\\u00e5 mindst 60 mm er n\\u00f8dvendig for at opn\\u00e5 et sundt og frodigt tag med optimale v\\u00e6kstbetingelser.<\\\/p>\\n\n\n<p>Hos Nature Impact har vi udviklet et innovativt bakkesystem, hvor dr\\u00e6nlag, v\\u00e6kstmedie og planter kommer i \\u00e9n-og-samme bakke. Sedumbakker har mange fordele i forhold til sedumm\\u00e5tter - ikke mindst, at de er nemmere og hurtigere at udl\\u00e6gge.<\\\/p>\",\"margin\":\"medium\",\"maxwidth\":\"xlarge\",\"text_color\":\"emphasis\"}}]},{\"type\":\"column\",\"props\":{\"image_position\":\"center-center\",\"position_sticky_breakpoint\":\"m\",\"width_medium\":\"1-2\"},\"children\":[{\"type\":\"image\",\"props\":{\"image\":\"wp-content\\\/uploads\\\/2024\\\/05\\\/sedummaatter-eller-sedumbakker.png\",\"image_svg_color\":\"emphasis\",\"margin\":\"default\"}}]}],\"props\":{\"layout\":\"1-2,1-2\"}}]},{\"type\":\"section\",\"props\":{\"image_position\":\"center-center\",\"style\":\"default\",\"title_breakpoint\":\"xl\",\"title_position\":\"top-left\",\"title_rotation\":\"left\",\"vertical_align\":\"\",\"width\":\"default\"},\"children\":[{\"type\":\"row\",\"children\":[{\"type\":\"column\",\"props\":{\"image_position\":\"center-center\",\"position_sticky_breakpoint\":\"m\"},\"children\":[{\"type\":\"headline\",\"props\":{\"content\":\"5 fordele ved sedumbakker\",\"title_element\":\"h2\"}},{\"type\":\"grid\",\"props\":{\"content_align\":false,\"content_column_breakpoint\":\"m\",\"content_margin\":\"remove\",\"filter_align\":\"left\",\"filter_all\":true,\"filter_grid_breakpoint\":\"m\",\"filter_grid_width\":\"auto\",\"filter_position\":\"top\",\"filter_style\":\"tab\",\"grid_column_gap\":\"small\",\"grid_default\":\"1\",\"grid_masonry\":\"next\",\"grid_medium\":\"3\",\"grid_parallax\":\"130\",\"grid_parallax_end\":\"300px\",\"grid_parallax_justify\":true,\"grid_parallax_start\":\"200px\",\"grid_xlarge\":\"5\",\"icon_width\":80,\"image_align\":\"top\",\"image_grid_breakpoint\":\"m\",\"image_grid_width\":\"1-2\",\"image_svg_color\":\"emphasis\",\"item_animation\":true,\"lightbox_bg_close\":true,\"link_style\":\"default\",\"link_text\":\"Read more\",\"margin\":\"default\",\"meta_align\":\"below-title\",\"meta_element\":\"div\",\"meta_style\":\"text-meta\",\"panel_padding\":\"default\",\"panel_style\":\"tile-secondary\",\"show_content\":true,\"show_hover_image\":true,\"show_hover_video\":true,\"show_image\":true,\"show_link\":true,\"show_meta\":true,\"show_title\":true,\"show_video\":true,\"title_align\":\"top\",\"title_color\":\"muted\",\"title_element\":\"div\",\"title_grid_breakpoint\":\"m\",\"title_grid_width\":\"1-2\",\"title_hover_style\":\"reset\",\"title_style\":\"heading-small\"},\"children\":[{\"type\":\"grid_item\",\"props\":{\"content\":\"Sedumbakker kan udl\\u00e6gges af \\u00e9n mand, hvor sedumm\\u00e5tter er s\\u00e5 tunge, at de kr\\u00e6ver mindst to personer til h\\u00e5ndtering\",\"title\":\"1.\"}},{\"type\":\"grid_item\",\"props\":{\"content\":\"Sedumbakker kan l\\u00e6gges direkte p\\u00e5 det eksisterende tag med \\u00e9n nem og hurtig arbejdsgang, hvor sedumm\\u00e5tter kr\\u00e6ver udl\\u00e6gning af dr\\u00e6nlag, dug og jord, f\\u00f8r m\\u00e5tterne kan l\\u00e6gges\",\"title\":\"2.\"}},{\"type\":\"grid_item\",\"props\":{\"content\":\"Sedumbakker er total\\u00f8konomisk typisk en billigere l\\u00f8sning end sedumm\\u00e5tter pga. hurtigere montering\",\"title\":\"3.\"}},{\"type\":\"grid_item\",\"props\":{\"content\":\"Sedumbakker optager og forsinker mere regnvand end sedumm\\u00e5tter\",\"title\":\"4.\"}},{\"type\":\"grid_item\",\"props\":{\"content\":\"Sedumplanterne i bakker er typisk sundere og mere h\\u00e5rdf\\u00f8re, da de kommer med det v\\u00e6kstmedie, som de er dyrket i fra gartneriet\",\"title\":\"5.\"}}]}]}]}]},{\"name\":\"Team\",\"type\":\"section\",\"props\":{\"animation\":\"fade\",\"animation_delay\":\"200\",\"image_position\":\"center-center\",\"image_size\":\"cover\",\"padding\":\"large\",\"padding_remove_top\":true,\"style\":\"default\",\"title_breakpoint\":\"xl\",\"title_position\":\"top-left\",\"title_rotation\":\"left\",\"vertical_align\":\"\",\"width\":\"default\"},\"children\":[{\"type\":\"row\",\"children\":[{\"type\":\"column\",\"props\":{\"image_position\":\"center-center\",\"position_sticky_breakpoint\":\"m\",\"width_medium\":\"1-1\"},\"children\":[{\"type\":\"video\",\"props\":{\"animation\":\"parallax\",\"margin\":\"default\",\"parallax_scale\":\"0.7 0%,1 31%\",\"video\":\"\\\/maatter_eller_bakker 1.mp4\",\"video_controls\":true,\"video_width\":\"100%\"}},{\"type\":\"text\",\"props\":{\"animation\":\"scale-up\",\"column\":\"1-3\",\"column_breakpoint\":\"m\",\"column_divider\":false,\"content\":\"\n\n<h2>Anl\\u00e6gning af sedumm\\u00e5tter og sedumbakker<\\\/h2>\\n\n\n<p>Udl\\u00e6gningen af sedumm\\u00e5tter er en tidskr\\u00e6vende proces. Den involverer flere arbejdsgange, herunder udl\\u00e6gning af dr\\u00e6nlag, dug, jord og endelig m\\u00e5tterne selv. Disse komponenter er vanskelige at styre under bl\\u00e6sende forhold og kr\\u00e6ver tid og mandskab. En enkelt sedumm\\u00e5tte er stor nok til at kr\\u00e6ve to personer til h\\u00e5ndtering.<\\\/p>\\n\n\n<p>I mods\\u00e6tning st\\u00e5r den modulbaserede bakkel\\u00f8sning fra Nature Impact. Sedumbakkerne er ved levering klar til installation direkte p\\u00e5 det eksisterende tag uden dug eller ekstra jord. Dermed kan \\u00e9n person udl\\u00e6gge 25-40 m2 sedumbakker pr. time<\\\/p>\\n\n\n<h2>Sikker installation under alle forhold<\\\/h2>\\n\n\n<p>Systemet i hver sedumbakke g\\u00f8r udl\\u00e6gningen hurtig og sikrer, at intet flyver v\\u00e6k under installationen. Under produktionen har Nature Impacts sedumbakker en kant, der forhindrer sammengroning p\\u00e5 marken. Ved levering er denne kant fjernet, og sedumbakkerne kan nu gro sammen til en homogen tagmasse. Derfor er Nature Impacts sedumbakkerne godkendt til brug i op til 50 meters h\\u00f8jde, takket v\\u00e6re sammengroningen. Selv under kraftige vindforhold kan sedumbakker udl\\u00e6gges sikkert og effektivt og bliver, hvor de er efterf\\u00f8lgende.\\u00a0<\\\/p>\\n\n\n<h2>Sedumbakker har overtaget markedet fra sedumm\\u00e5tter<\\\/h2>\\n\n\n<p>Sedumbakkernes fordele over sedumm\\u00e5tter g\\u00f8r, at 80-90% af alle sedumtage i Danmark i dag er sedumtag i bakker. Som de f\\u00f8rste p\\u00e5 markedet med et innovativt sedumtag i bakker, er Nature Impact i dag markedsledende i Danmark.<\\\/p>\",\"dropcap\":false,\"margin\":\"large\"}},{\"type\":\"headline\",\"props\":{\"content\":\"L\\u00e6s meget mere om vores sedumtag <img src=\\\"\\\/wp-content\\\/uploads\\\/2023\\\/12\\\/Pil.svg\\\" alt=\\\"\\\" width=\\\"100\\\" class=\\\"uk-vertical-align\\\" \\\/\",\"link\":\"da\\\/sedumtage\\\/\",\"link_style\":true,\"title_color\":\"warning\",\"title_element\":\"h5\",\"title_style\":\"h2\"}}]}]}]},{\"type\":\"section\",\"props\":{\"animation\":\"fade\",\"animation_delay\":\"300\",\"image_position\":\"center-center\",\"padding\":\"large\",\"sticky\":\"reveal\",\"style\":\"default\",\"title_breakpoint\":\"xl\",\"title_position\":\"top-left\",\"title_rotation\":\"left\",\"vertical_align\":\"\",\"width\":\"large\"},\"children\":[{\"type\":\"row\",\"children\":[{\"type\":\"column\",\"props\":{\"image_position\":\"center-center\",\"position_sticky_breakpoint\":\"m\"},\"children\":[{\"type\":\"grid\",\"props\":{\"content_column_breakpoint\":\"m\",\"filter_align\":\"left\",\"filter_all\":true,\"filter_grid_breakpoint\":\"m\",\"filter_grid_width\":\"auto\",\"filter_position\":\"top\",\"filter_style\":\"tab\",\"grid_column_gap\":\"small\",\"grid_default\":\"1\",\"grid_medium\":\"5\",\"icon_width\":80,\"image_align\":\"top\",\"image_grid_breakpoint\":\"m\",\"image_grid_width\":\"1-2\",\"image_svg_color\":\"emphasis\",\"item_animation\":true,\"lightbox_bg_close\":true,\"link_style\":\"default\",\"link_text\":\"Read more\",\"margin\":\"default\",\"meta_align\":\"below-title\",\"meta_element\":\"div\",\"meta_style\":\"text-meta\",\"panel_image_no_padding\":true,\"panel_padding\":\"small\",\"panel_style\":\"tile-muted\",\"show_content\":true,\"show_hover_image\":true,\"show_hover_video\":true,\"show_image\":true,\"show_link\":true,\"show_meta\":true,\"show_title\":true,\"show_video\":true,\"title_align\":\"top\",\"title_element\":\"h4\",\"title_font_family\":\"primary\",\"title_grid_breakpoint\":\"m\",\"title_grid_width\":\"1-2\",\"title_hover_style\":\"reset\",\"title_style\":\"h5\"},\"children\":[{\"type\":\"grid_item\",\"props\":{\"image\":\"wp-content\\\/uploads\\\/2024\\\/05\\\/hvorfor-vaelge-groent-tag-01-3.jpg\",\"title\":\"Sedumtage skaber \\u00f8get biodiversitet\"}},{\"type\":\"grid_item\",\"props\":{\"image\":\"wp-content\\\/uploads\\\/2024\\\/05\\\/hvorfor-vaelge-groent-tag-02-2.jpg\",\"title\":\"Sedumtage er optimale til vandtilbagehold\"}},{\"type\":\"grid_item\",\"props\":{\"image\":\"wp-content\\\/uploads\\\/2024\\\/05\\\/hvorfor-vaelge-groent-tag-03-1.jpg\",\"title\":\"Vi har EPD p\\u00e5 vores sedumbakker\"}},{\"type\":\"grid_item\",\"props\":{\"image\":\"wp-content\\\/uploads\\\/2024\\\/05\\\/hvorfor-vaelge-groent-tag-04-1.jpg\",\"title\":\"Sedumtage har en isolerende effekt\"}},{\"type\":\"grid_item\",\"props\":{\"image\":\"wp-content\\\/uploads\\\/2024\\\/05\\\/hvorfor-vaelge-groent-tag-05-1.jpg\",\"title\":\"Vores sedumbakker er brandgodkendte \"}}]}]}]}]},{\"type\":\"section\",\"props\":{\"image_position\":\"center-center\",\"padding\":\"xsmall\",\"style\":\"primary\",\"title_breakpoint\":\"xl\",\"title_position\":\"top-left\",\"title_rotation\":\"left\",\"vertical_align\":\"middle\",\"width\":\"default\"},\"children\":[{\"type\":\"row\",\"children\":[{\"type\":\"column\",\"props\":{\"image_position\":\"center-center\",\"position_sticky_breakpoint\":\"m\"},\"children\":[{\"type\":\"html\",\"props\":{\"content\":\"\\n\n\n<div style=\\\"float:right;\\\">\\n[wpseo_breadcrumb]\\n<\\\/div>\"}}]}]},{\"type\":\"row\",\"props\":{\"margin\":\"small\",\"margin_remove_top\":false},\"children\":[{\"type\":\"column\",\"props\":{\"image_position\":\"center-center\",\"position_sticky_breakpoint\":\"m\"},\"children\":[{\"type\":\"divider\",\"props\":{\"divider_element\":\"hr\"}}]}]}],\"name\":\"Yoast br\\u00f8dkrumme over footer\"}],\"version\":\"4.5.27\"} --><\/p>\n","protected":false},"excerpt":{"rendered":"<p>Sedumm\u00e5tter eller sedumbakker? Traditionelt set er sedumtage blevet lavet ved hj\u00e6lp af sedumm\u00e5tter. Disse m\u00e5tter produceres ved at h\u00f8ste den \u00f8verste del af v\u00e6kstmediet sammen med sedumplanterne. For at sikre fortsat v\u00e6kst er det n\u00f8dvendigt at tilf\u00f8je et underliggende lag af v\u00e6kstmedie, da en indbygningsh\u00f8jde p\u00e5 mindst 60 mm er n\u00f8dvendig for at opn\u00e5 et [&hellip;]<\/p>\n","protected":false},"author":1,"featured_media":0,"parent":1594,"menu_order":0,"comment_status":"closed","ping_status":"closed","template":"","meta":{"_acf_changed":false,"footnotes":""},"class_list":["post-3456","page","type-page","status-publish","hentry"],"acf":[],"yoast_head":"<!-- This site is optimized with the Yoast SEO plugin v26.6 - https:\/\/yoast.com\/wordpress\/plugins\/seo\/ -->\n<title>Sedumm\u00e5tter eller sedumbakker - hvad skal man v\u00e6lge?<\/title>\n<meta name=\"description\" content=\"Sedumm\u00e5tter vs Sedumbakker - hvad b\u00f8r du v\u00e6lge? L\u00e6s om fordele og ulemper, montering og pris. V\u00e6lg den optimale l\u00f8sning til dit byggeri.\" \/>\n<meta name=\"robots\" content=\"index, follow, max-snippet:-1, max-image-preview:large, max-video-preview:-1\" \/>\n<link rel=\"canonical\" href=\"https:\/\/natureimpact.com\/da\/sedumtage\/sedummaatter-eller-sedumbakker\/\" \/>\n<meta property=\"og:locale\" content=\"da_DK\" \/>\n<meta property=\"og:type\" content=\"article\" \/>\n<meta property=\"og:title\" content=\"Sedumm\u00e5tter eller sedumbakker - hvad skal man v\u00e6lge?\" \/>\n<meta property=\"og:description\" content=\"Sedumm\u00e5tter vs Sedumbakker - hvad b\u00f8r du v\u00e6lge? L\u00e6s om fordele og ulemper, montering og pris. V\u00e6lg den optimale l\u00f8sning til dit byggeri.\" \/>\n<meta property=\"og:url\" content=\"https:\/\/natureimpact.com\/da\/sedumtage\/sedummaatter-eller-sedumbakker\/\" \/>\n<meta property=\"og:site_name\" content=\"Nature Impact\" \/>\n<meta property=\"article:modified_time\" content=\"2025-11-10T14:56:15+00:00\" \/>\n<meta property=\"og:image\" content=\"https:\/\/natureimpact.com\/wp-content\/uploads\/2023\/12\/NI_900px.png\" \/>\n\t<meta property=\"og:image:width\" content=\"929\" \/>\n\t<meta property=\"og:image:height\" content=\"841\" \/>\n\t<meta property=\"og:image:type\" content=\"image\/png\" \/>\n<meta name=\"twitter:card\" content=\"summary_large_image\" \/>\n<meta name=\"twitter:label1\" content=\"Estimeret l\u00e6setid\" \/>\n\t<meta name=\"twitter:data1\" content=\"4 minutter\" \/>\n<script type=\"application\/ld+json\" class=\"yoast-schema-graph\">{\"@context\":\"https:\/\/schema.org\",\"@graph\":[{\"@type\":\"WebPage\",\"@id\":\"https:\/\/natureimpact.com\/da\/sedumtage\/sedummaatter-eller-sedumbakker\/\",\"url\":\"https:\/\/natureimpact.com\/da\/sedumtage\/sedummaatter-eller-sedumbakker\/\",\"name\":\"Sedumm\u00e5tter eller sedumbakker - hvad skal man v\u00e6lge?\",\"isPartOf\":{\"@id\":\"https:\/\/natureimpact.com\/da\/#website\"},\"datePublished\":\"2024-05-28T04:18:06+00:00\",\"dateModified\":\"2025-11-10T14:56:15+00:00\",\"description\":\"Sedumm\u00e5tter vs Sedumbakker - hvad b\u00f8r du v\u00e6lge? L\u00e6s om fordele og ulemper, montering og pris. V\u00e6lg den optimale l\u00f8sning til dit byggeri.\",\"breadcrumb\":{\"@id\":\"https:\/\/natureimpact.com\/da\/sedumtage\/sedummaatter-eller-sedumbakker\/#breadcrumb\"},\"inLanguage\":\"da-DK\",\"potentialAction\":[{\"@type\":\"ReadAction\",\"target\":[\"https:\/\/natureimpact.com\/da\/sedumtage\/sedummaatter-eller-sedumbakker\/\"]}]},{\"@type\":\"BreadcrumbList\",\"@id\":\"https:\/\/natureimpact.com\/da\/sedumtage\/sedummaatter-eller-sedumbakker\/#breadcrumb\",\"itemListElement\":[{\"@type\":\"ListItem\",\"position\":1,\"name\":\"Forside\",\"item\":\"https:\/\/natureimpact.com\/da\/\"},{\"@type\":\"ListItem\",\"position\":2,\"name\":\"Sedumtag\",\"item\":\"https:\/\/natureimpact.com\/da\/sedumtage\/\"},{\"@type\":\"ListItem\",\"position\":3,\"name\":\"Sedumm\u00e5tter eller sedumbakker?\"}]},{\"@type\":\"WebSite\",\"@id\":\"https:\/\/natureimpact.com\/da\/#website\",\"url\":\"https:\/\/natureimpact.com\/da\/\",\"name\":\"Nature Impact\",\"description\":\"\",\"publisher\":{\"@id\":\"https:\/\/natureimpact.com\/da\/#organization\"},\"potentialAction\":[{\"@type\":\"SearchAction\",\"target\":{\"@type\":\"EntryPoint\",\"urlTemplate\":\"https:\/\/natureimpact.com\/da\/?s={search_term_string}\"},\"query-input\":{\"@type\":\"PropertyValueSpecification\",\"valueRequired\":true,\"valueName\":\"search_term_string\"}}],\"inLanguage\":\"da-DK\"},{\"@type\":\"Organization\",\"@id\":\"https:\/\/natureimpact.com\/da\/#organization\",\"name\":\"Nature Impact\",\"url\":\"https:\/\/natureimpact.com\/da\/\",\"logo\":{\"@type\":\"ImageObject\",\"inLanguage\":\"da-DK\",\"@id\":\"https:\/\/natureimpact.com\/da\/#\/schema\/logo\/image\/\",\"url\":\"https:\/\/natureimpact.com\/wp-content\/uploads\/2025\/05\/NI_900px.png\",\"contentUrl\":\"https:\/\/natureimpact.com\/wp-content\/uploads\/2025\/05\/NI_900px.png\",\"width\":929,\"height\":841,\"caption\":\"Nature Impact\"},\"image\":{\"@id\":\"https:\/\/natureimpact.com\/da\/#\/schema\/logo\/image\/\"}}]}<\/script>\n<!-- \/ Yoast SEO plugin. -->","yoast_head_json":{"title":"Sedumm\u00e5tter eller sedumbakker - hvad skal man v\u00e6lge?","description":"Sedumm\u00e5tter vs Sedumbakker - hvad b\u00f8r du v\u00e6lge? L\u00e6s om fordele og ulemper, montering og pris. V\u00e6lg den optimale l\u00f8sning til dit byggeri.","robots":{"index":"index","follow":"follow","max-snippet":"max-snippet:-1","max-image-preview":"max-image-preview:large","max-video-preview":"max-video-preview:-1"},"canonical":"https:\/\/natureimpact.com\/da\/sedumtage\/sedummaatter-eller-sedumbakker\/","og_locale":"da_DK","og_type":"article","og_title":"Sedumm\u00e5tter eller sedumbakker - hvad skal man v\u00e6lge?","og_description":"Sedumm\u00e5tter vs Sedumbakker - hvad b\u00f8r du v\u00e6lge? L\u00e6s om fordele og ulemper, montering og pris. V\u00e6lg den optimale l\u00f8sning til dit byggeri.","og_url":"https:\/\/natureimpact.com\/da\/sedumtage\/sedummaatter-eller-sedumbakker\/","og_site_name":"Nature Impact","article_modified_time":"2025-11-10T14:56:15+00:00","og_image":[{"width":929,"height":841,"url":"https:\/\/natureimpact.com\/wp-content\/uploads\/2023\/12\/NI_900px.png","type":"image\/png"}],"twitter_card":"summary_large_image","twitter_misc":{"Estimeret l\u00e6setid":"4 minutter"},"schema":{"@context":"https:\/\/schema.org","@graph":[{"@type":"WebPage","@id":"https:\/\/natureimpact.com\/da\/sedumtage\/sedummaatter-eller-sedumbakker\/","url":"https:\/\/natureimpact.com\/da\/sedumtage\/sedummaatter-eller-sedumbakker\/","name":"Sedumm\u00e5tter eller sedumbakker - hvad skal man v\u00e6lge?","isPartOf":{"@id":"https:\/\/natureimpact.com\/da\/#website"},"datePublished":"2024-05-28T04:18:06+00:00","dateModified":"2025-11-10T14:56:15+00:00","description":"Sedumm\u00e5tter vs Sedumbakker - hvad b\u00f8r du v\u00e6lge? L\u00e6s om fordele og ulemper, montering og pris. V\u00e6lg den optimale l\u00f8sning til dit byggeri.","breadcrumb":{"@id":"https:\/\/natureimpact.com\/da\/sedumtage\/sedummaatter-eller-sedumbakker\/#breadcrumb"},"inLanguage":"da-DK","potentialAction":[{"@type":"ReadAction","target":["https:\/\/natureimpact.com\/da\/sedumtage\/sedummaatter-eller-sedumbakker\/"]}]},{"@type":"BreadcrumbList","@id":"https:\/\/natureimpact.com\/da\/sedumtage\/sedummaatter-eller-sedumbakker\/#breadcrumb","itemListElement":[{"@type":"ListItem","position":1,"name":"Forside","item":"https:\/\/natureimpact.com\/da\/"},{"@type":"ListItem","position":2,"name":"Sedumtag","item":"https:\/\/natureimpact.com\/da\/sedumtage\/"},{"@type":"ListItem","position":3,"name":"Sedumm\u00e5tter eller sedumbakker?"}]},{"@type":"WebSite","@id":"https:\/\/natureimpact.com\/da\/#website","url":"https:\/\/natureimpact.com\/da\/","name":"Nature Impact","description":"","publisher":{"@id":"https:\/\/natureimpact.com\/da\/#organization"},"potentialAction":[{"@type":"SearchAction","target":{"@type":"EntryPoint","urlTemplate":"https:\/\/natureimpact.com\/da\/?s={search_term_string}"},"query-input":{"@type":"PropertyValueSpecification","valueRequired":true,"valueName":"search_term_string"}}],"inLanguage":"da-DK"},{"@type":"Organization","@id":"https:\/\/natureimpact.com\/da\/#organization","name":"Nature Impact","url":"https:\/\/natureimpact.com\/da\/","logo":{"@type":"ImageObject","inLanguage":"da-DK","@id":"https:\/\/natureimpact.com\/da\/#\/schema\/logo\/image\/","url":"https:\/\/natureimpact.com\/wp-content\/uploads\/2025\/05\/NI_900px.png","contentUrl":"https:\/\/natureimpact.com\/wp-content\/uploads\/2025\/05\/NI_900px.png","width":929,"height":841,"caption":"Nature Impact"},"image":{"@id":"https:\/\/natureimpact.com\/da\/#\/schema\/logo\/image\/"}}]}},"_links":{"self":[{"href":"https:\/\/natureimpact.com\/da\/wp-json\/wp\/v2\/pages\/3456","targetHints":{"allow":["GET"]}}],"collection":[{"href":"https:\/\/natureimpact.com\/da\/wp-json\/wp\/v2\/pages"}],"about":[{"href":"https:\/\/natureimpact.com\/da\/wp-json\/wp\/v2\/types\/page"}],"author":[{"embeddable":true,"href":"https:\/\/natureimpact.com\/da\/wp-json\/wp\/v2\/users\/1"}],"replies":[{"embeddable":true,"href":"https:\/\/natureimpact.com\/da\/wp-json\/wp\/v2\/comments?post=3456"}],"version-history":[{"count":31,"href":"https:\/\/natureimpact.com\/da\/wp-json\/wp\/v2\/pages\/3456\/revisions"}],"predecessor-version":[{"id":9024,"href":"https:\/\/natureimpact.com\/da\/wp-json\/wp\/v2\/pages\/3456\/revisions\/9024"}],"up":[{"embeddable":true,"href":"https:\/\/natureimpact.com\/da\/wp-json\/wp\/v2\/pages\/1594"}],"wp:attachment":[{"href":"https:\/\/natureimpact.com\/da\/wp-json\/wp\/v2\/media?parent=3456"}],"curies":[{"name":"wp","href":"https:\/\/api.w.org\/{rel}","templated":true}]}}