{"id":3431,"date":"2024-05-26T12:44:17","date_gmt":"2024-05-26T12:44:17","guid":{"rendered":"https:\/\/loving-ardinghelli.77-247-67-170.plesk.page\/?page_id=3431"},"modified":"2025-11-10T14:35:34","modified_gmt":"2025-11-10T14:35:34","slug":"fordele-og-ulemper-ved-groenne-tage","status":"publish","type":"page","link":"https:\/\/natureimpact.com\/da\/sedumtage\/fordele-og-ulemper-ved-groenne-tage\/","title":{"rendered":"FORDELE OG ULEMPER VED GR\u00d8NNE SEDUMTAGE"},"content":{"rendered":"<h1>Fordele &amp; ulemper <br \/>ved gr\u00f8nne tage<\/h1>\n<div>\n<p>Der er b\u00e5de fordele og ulemper ved sedumtage. Efter vores overbevisning opvejer fordelene dog ulemperne. Vandtilbagehold, \u00f8get biodiversitet og l\u00e6ngere levetid for dit underliggende tagpap er blot nogle af de mange fordele, som du kan l\u00e6se mere om herunder.<\/p>\n<\/div>\n<p><img decoding=\"async\" src=\"\/wp-content\/uploads\/2024\/04\/Gront-tag-Kobenhavn.jpg\" alt=\"\"><\/p>\n<div>\n<h2>Fordele ved gr\u00f8nne tage<\/h2>\n<p>Fordelene er mange, men det kan alligevel v\u00e6re en god id\u00e9 at g\u00f8re dig nogle overvejelser, inden du kaster dig ud i at bruge sedumtag til dit projekt. Her har vi udvalgt de vigtigste punkter, som forh\u00e5bentligt kan hj\u00e6lpe dig p\u00e5 vej.<\/p>\n<h3>Bedre trivsel med udsyn til gr\u00f8nne tage<\/h3>\n<p>Vores sedumtage er en klimavenlig og milj\u00f8rigtig systeml\u00f8sning, der ogs\u00e5 har positiv effekt p\u00e5 vores trivsel. Gennem de seneste \u00e5r er begrebet biofilisk design blevet mere og mere udbredt. Biofilisk design kan \u00f8ge menneskers trivsel ved at integrere naturen i blandt andet i kontormilj\u00f8er. De fleste oplever det for eksempel som mere behageligt at have udsyn til gr\u00f8nne tage end til sorte tagflader. Det mindsker stressniveauet og for\u00f8ger livs- og arbejdskvaliteten.<\/p>\n<h3>L\u00e6ngere levetid for dit tagpap<\/h3>\n<p>Gr\u00f8nne tage har en lang levetid. Et sedumtag st\u00e5r flot \u00e5r efter \u00e5r og har en levetid p\u00e5 mere end 50 \u00e5r ved korrekt drift og vedligeholdelse. Endelig har et gr\u00f8nt tag den fordel, at det beskytter det underliggende tagpap mod solens nedbrydende UV-str\u00e5ler, hvilket forl\u00e6nger pappets levetid.<\/p>\n<h3>Vandtilbagehold<\/h3>\n<p>Sedumtage kan optage store m\u00e6ngder regnvand, og en af de st\u00f8rste klimaudfordringer, vi st\u00e5r overfor, er en stigende m\u00e6ngde nedb\u00f8r. Derfor kan sedumtag v\u00e6re en god investering for fremtiden, da det er s\u00e6rligt godt til at tilbageholde vandet og en ny m\u00e5de at indt\u00e6nke LAR (Lokal Afledning af Regnvand) i nye byggeprojekter.<\/p>\n<p>Tests viser, at vores 60 mm tag kan tilbageholde 50% af regnvandet. Om sommeren er tallet meget h\u00f8jere. Dermed er et gr\u00f8nt tag fra Nature Impact det fornuftige og milj\u00f8rigtige valg til fremtidens klima, specielt for LAR-l\u00f8sninger.<\/p>\n<p><a href=\"https:\/\/natureimpact.com\/da\/sedumtage\/vandtilbagehold-og-lokal-afledning-af-regnvand-lar\/\">L\u00e6s mere om vandtilbagehold<\/a><\/p>\n<h3>Biodiversitet<\/h3>\n<p>\u00d8get urbanisering \u00f8del\u00e6gger insekternes levesteder og s\u00e6tter biodiversiteten under pres. Insekter har brug for gr\u00f8nne omr\u00e5der, og med et sedumtag etablerer du et spisekammer for insekterne. Flere studier viser ogs\u00e5, at sedumtag har en gavnlig effekt p\u00e5 biodiversiteten i bymilj\u00f8er.<\/p>\n<\/div>\n<h5><a href=\"\/da\/sedumtage\/\">L\u00e6s mere om vores smarte sedumtage <img decoding=\"async\" src=\"\/wp-content\/uploads\/2023\/12\/Pil.svg\" alt=\"\" width=\"100\" class=\"uk-vertical-align\" \/><\/a><\/h5>\n<p><img decoding=\"async\" src=\"\/wp-content\/uploads\/2024\/03\/Ridehal-beskaret.jpg\" alt=\"\"><\/p>\n<div>\n<h2>Eventuelle ulemper<\/h2>\n<p>P\u00e5 trods af de mange fordele ved sedumtag findes der som sagt ogs\u00e5 enkelte, eventuelle ulemper. Vi har listet fire faktorer op, som er v\u00e6rd at tage med i overvejelserne.<\/p>\n<h3>Montering skal foretages af professionelle<\/h3>\n<p>Du kan som udgangspunkt ikke montere et sedumtag selv. Det er bedst at kontakte enten din lokale tagd\u00e6kker eller t\u00f8mrer. De ved bedst \u2013 s\u00e5 vi anbefaler, at du ikke selv begiver dig ud i monteringen af sedumtag.<\/p>\n<h3>Et sedumtag er ikke altid gr\u00f8nt &#8211; og dog<\/h3>\n<p>Betegnelsen sedumtag og gr\u00f8nt tag bruges i fl\u00e6ng om levende tage. Dog er et sedumtag som udgangspunkt ikke gr\u00f8nt \u00e5ret rundt, men \u00e6ndrer sig med \u00e5rstiden. Sedummet blomstrer og er gr\u00f8nt og frodigt om for\u00e5ret og sommeren. Til efter\u00e5r og vinter skifter vores almindelige sedumtag, Nature Roof, farve og bliver r\u00f8dligt ligesom tr\u00e6erne i skoven. \u00d8nsker du et gr\u00f8nt sedumtag hele \u00e5ret, b\u00f8r du v\u00e6lge vores Evergreen Roof, der er lavet af sedumsorter, der altid er gr\u00f8nne.<\/p>\n<h3>Priser p\u00e5 sedumtag<\/h3>\n<p>Prisen p\u00e5 et sedumtag kan variere meget og afh\u00e6nger naturligvis is\u00e6r af st\u00f8rrelsen p\u00e5 projektet, samt omkostninger til montering. Vi fors\u00f8ger altid at finde den bedste l\u00f8sning i samarbejde med vores kunder og samarbejder ogs\u00e5 med dygtige tagd\u00e6kkere, der kan forest\u00e5 monteringsarbejdet.\u00a0<\/p>\n<p>Hvis du allerede har installeret et tagpaptag og l\u00e6gger et sedumtag ovenp\u00e5, vil det forl\u00e6nge levetiden af dit tagpap betydeligt. Derfor kan et sedumtag v\u00e6re en rigtig god investering og p\u00e5 l\u00e6ngere betale sig, trods omkostningerne til etablering.<\/p>\n<h3>Mindre plads til solceller<\/h3>\n<p>Mange tror, at hvis man v\u00e6lger sedumtag, vil man ikke have nok tagareal tilbage til solceller. Men du kan godt f\u00e5 begge dele. Selvf\u00f8lgelig vil solcellerne tage noget plads fra sedumtaget, men faktisk er de to gode venner. Med et sedumtag vil dine solceller nemlig ikke skulle bruge lige s\u00e5 meget energi p\u00e5 k\u00f8ling, og du vil dermed f\u00e5 mere effektive solceller.<\/p>\n<\/div>\n<div>\n<div style=\"float:right;\">\n<span><span><a href=\"https:\/\/natureimpact.com\/da\/\">Forside<\/a><\/span><\/span>\n<\/div>\n<\/div>\n<hr>\n<p><!--more--><br \/>\n<!-- {\"type\":\"layout\",\"children\":[{\"name\":\"About\",\"type\":\"section\",\"props\":{\"header_transparent\":false,\"height\":\"viewport\",\"image\":\"wp-content\\\/uploads\\\/2024\\\/03\\\/Vejle_psyk_2.jpg\",\"image_position\":\"center-center\",\"image_size\":\"cover\",\"padding\":\"large\",\"padding_remove_top\":false,\"preserve_color\":false,\"sticky\":\"cover\",\"style\":\"default\",\"title_breakpoint\":\"xl\",\"title_position\":\"top-left\",\"title_rotation\":\"left\",\"vertical_align\":\"middle\",\"width\":\"large\"},\"children\":[{\"type\":\"row\",\"children\":[{\"type\":\"column\",\"props\":{\"image_position\":\"center-center\",\"position_sticky_breakpoint\":\"m\",\"width_medium\":\"1-1\"},\"children\":[{\"type\":\"headline\",\"props\":{\"content\":\"Fordele &amp; ulemper <br \\\/>ved gr\\u00f8nne tage\",\"text_align\":\"left\",\"title_color\":\"secondary\",\"title_element\":\"h1\",\"title_style\":\"heading-small\"}}]}]}]},{\"type\":\"section\",\"props\":{\"image_position\":\"center-center\",\"padding\":\"large\",\"padding_remove_bottom\":true,\"style\":\"default\",\"title_breakpoint\":\"xl\",\"title_position\":\"top-left\",\"title_rotation\":\"left\",\"vertical_align\":\"\",\"width\":\"default\"},\"children\":[{\"type\":\"row\",\"children\":[{\"type\":\"column\",\"props\":{\"image_position\":\"center-center\",\"position_sticky_breakpoint\":\"m\"},\"children\":[{\"type\":\"text\",\"props\":{\"column_breakpoint\":\"m\",\"content\":\"\n\n<p>Der er b\\u00e5de fordele og ulemper ved sedumtage. Efter vores overbevisning opvejer fordelene dog ulemperne. Vandtilbagehold, \\u00f8get biodiversitet og l\\u00e6ngere levetid for dit underliggende tagpap er blot nogle af de mange fordele, som du kan l\\u00e6se mere om herunder.<\\\/p>\",\"margin\":\"medium\",\"maxwidth\":\"xlarge\",\"text_color\":\"emphasis\",\"text_style\":\"large\"}}]}]}]},{\"name\":\"Team\",\"type\":\"section\",\"props\":{\"animation\":\"fade\",\"animation_delay\":\"200\",\"image_position\":\"center-center\",\"image_size\":\"cover\",\"padding_remove_top\":false,\"style\":\"default\",\"title_breakpoint\":\"xl\",\"title_position\":\"top-left\",\"title_rotation\":\"left\",\"vertical_align\":\"\",\"width\":\"default\"},\"children\":[{\"type\":\"row\",\"children\":[{\"type\":\"column\",\"props\":{\"image_position\":\"center-center\",\"position_sticky_breakpoint\":\"m\",\"width_medium\":\"1-1\"},\"children\":[{\"type\":\"image\",\"props\":{\"animation\":\"parallax\",\"image\":\"wp-content\\\/uploads\\\/2024\\\/04\\\/Gront-tag-Kobenhavn.jpg\",\"image_box_decoration\":\"default\",\"image_box_shadow\":\"large\",\"image_svg_color\":\"emphasis\",\"margin\":\"default\",\"parallax_scale\":\"0.7 0%,1 31%\",\"text_align\":\"center\"}},{\"type\":\"text\",\"props\":{\"animation\":\"scale-up\",\"column\":\"1-2\",\"column_breakpoint\":\"m\",\"column_divider\":true,\"content\":\"\n\n<h2>Fordele ved gr\\u00f8nne tage<\\\/h2>\\n\n\n<p>Fordelene er mange, men det kan alligevel v\\u00e6re en god id\\u00e9 at g\\u00f8re dig nogle overvejelser, inden du kaster dig ud i at bruge sedumtag til dit projekt. Her har vi udvalgt de vigtigste punkter, som forh\\u00e5bentligt kan hj\\u00e6lpe dig p\\u00e5 vej.<\\\/p>\\n\n\n<h3>Bedre trivsel med udsyn til gr\\u00f8nne tage<\\\/h3>\\n\n\n<p>Vores sedumtage er en klimavenlig og milj\\u00f8rigtig systeml\\u00f8sning, der ogs\\u00e5 har positiv effekt p\\u00e5 vores trivsel. Gennem de seneste \\u00e5r er begrebet biofilisk design blevet mere og mere udbredt. Biofilisk design kan \\u00f8ge menneskers trivsel ved at integrere naturen i blandt andet i kontormilj\\u00f8er. De fleste oplever det for eksempel som mere behageligt at have udsyn til gr\\u00f8nne tage end til sorte tagflader. Det mindsker stressniveauet og for\\u00f8ger livs- og arbejdskvaliteten.<\\\/p>\\n\n\n<h3>L\\u00e6ngere levetid for dit tagpap<\\\/h3>\\n\n\n<p>Gr\\u00f8nne tage har en lang levetid. Et sedumtag st\\u00e5r flot \\u00e5r efter \\u00e5r og har en levetid p\\u00e5 mere end 50 \\u00e5r ved korrekt drift og vedligeholdelse. Endelig har et gr\\u00f8nt tag den fordel, at det beskytter det underliggende tagpap mod solens nedbrydende UV-str\\u00e5ler, hvilket forl\\u00e6nger pappets levetid.<\\\/p>\\n\n\n<h3>Vandtilbagehold<\\\/h3>\\n\n\n<p>Sedumtage kan optage store m\\u00e6ngder regnvand, og en af de st\\u00f8rste klimaudfordringer, vi st\\u00e5r overfor, er en stigende m\\u00e6ngde nedb\\u00f8r. Derfor kan sedumtag v\\u00e6re en god investering for fremtiden, da det er s\\u00e6rligt godt til at tilbageholde vandet og en ny m\\u00e5de at indt\\u00e6nke LAR (Lokal Afledning af Regnvand) i nye byggeprojekter.<\\\/p>\\n\n\n<p>Tests viser, at vores 60 mm tag kan tilbageholde 50% af regnvandet. Om sommeren er tallet meget h\\u00f8jere. Dermed er et gr\\u00f8nt tag fra Nature Impact det fornuftige og milj\\u00f8rigtige valg til fremtidens klima, specielt for LAR-l\\u00f8sninger.<\\\/p>\\n\n\n<p><a href=\\\"https:\\\/\\\/natureimpact.com\\\/da\\\/sedumtage\\\/vandtilbagehold-og-lokal-afledning-af-regnvand-lar\\\/\\\">L\\u00e6s mere om vandtilbagehold<\\\/a><\\\/p>\\n\n\n<h3>Biodiversitet<\\\/h3>\\n\n\n<p>\\u00d8get urbanisering \\u00f8del\\u00e6gger insekternes levesteder og s\\u00e6tter biodiversiteten under pres. Insekter har brug for gr\\u00f8nne omr\\u00e5der, og med et sedumtag etablerer du et spisekammer for insekterne. Flere studier viser ogs\\u00e5, at sedumtag har en gavnlig effekt p\\u00e5 biodiversiteten i bymilj\\u00f8er.<\\\/p>\",\"margin\":\"large\"}},{\"type\":\"headline\",\"props\":{\"content\":\"L\\u00e6s mere om vores smarte sedumtage <img src=\\\"\\\/wp-content\\\/uploads\\\/2023\\\/12\\\/Pil.svg\\\" alt=\\\"\\\" width=\\\"100\\\" class=\\\"uk-vertical-align\\\" \\\/>\",\"link\":\"da\\\/sedumtage\\\/\",\"link_style\":true,\"title_color\":\"warning\",\"title_element\":\"h5\",\"title_style\":\"h3\"}}]}]}]},{\"name\":\"Team\",\"type\":\"section\",\"props\":{\"animation\":\"fade\",\"animation_delay\":\"200\",\"image_position\":\"center-center\",\"image_size\":\"cover\",\"padding_remove_top\":false,\"style\":\"default\",\"title_breakpoint\":\"xl\",\"title_position\":\"top-left\",\"title_rotation\":\"left\",\"vertical_align\":\"\",\"width\":\"default\"},\"children\":[{\"type\":\"row\",\"children\":[{\"type\":\"column\",\"props\":{\"image_position\":\"center-center\",\"position_sticky_breakpoint\":\"m\",\"width_medium\":\"1-1\"},\"children\":[{\"type\":\"image\",\"props\":{\"animation\":\"parallax\",\"image\":\"wp-content\\\/uploads\\\/2024\\\/03\\\/Ridehal-beskaret.jpg\",\"image_box_decoration\":\"secondary\",\"image_box_shadow\":\"large\",\"image_svg_color\":\"emphasis\",\"margin\":\"default\",\"parallax_scale\":\"0.7 0%,1 31%\",\"text_align\":\"center\"}},{\"type\":\"text\",\"props\":{\"animation\":\"scale-up\",\"column\":\"1-2\",\"column_breakpoint\":\"m\",\"column_divider\":true,\"content\":\"\n\n<h2>Eventuelle ulemper<\\\/h2>\\n\n\n<p>P\\u00e5 trods af de mange fordele ved sedumtag findes der som sagt ogs\\u00e5 enkelte, eventuelle ulemper. Vi har listet fire faktorer op, som er v\\u00e6rd at tage med i overvejelserne.<\\\/p>\\n\n\n<h3>Montering skal foretages af professionelle<\\\/h3>\\n\n\n<p>Du kan som udgangspunkt ikke montere et sedumtag selv. Det er bedst at kontakte enten din lokale tagd\\u00e6kker eller t\\u00f8mrer. De ved bedst \\u2013 s\\u00e5 vi anbefaler, at du ikke selv begiver dig ud i monteringen af sedumtag.<\\\/p>\\n\n\n<h3>Et sedumtag er ikke altid gr\\u00f8nt - og dog<\\\/h3>\\n\n\n<p>Betegnelsen sedumtag og gr\\u00f8nt tag bruges i fl\\u00e6ng om levende tage. Dog er et sedumtag som udgangspunkt ikke gr\\u00f8nt \\u00e5ret rundt, men \\u00e6ndrer sig med \\u00e5rstiden. Sedummet blomstrer og er gr\\u00f8nt og frodigt om for\\u00e5ret og sommeren. Til efter\\u00e5r og vinter skifter vores almindelige sedumtag, Nature Roof, farve og bliver r\\u00f8dligt ligesom tr\\u00e6erne i skoven. \\u00d8nsker du et gr\\u00f8nt sedumtag hele \\u00e5ret, b\\u00f8r du v\\u00e6lge vores Evergreen Roof, der er lavet af sedumsorter, der altid er gr\\u00f8nne.<\\\/p>\\n\n\n<h3>Priser p\\u00e5 sedumtag<\\\/h3>\\n\n\n<p>Prisen p\\u00e5 et sedumtag kan variere meget og afh\\u00e6nger naturligvis is\\u00e6r af st\\u00f8rrelsen p\\u00e5 projektet, samt omkostninger til montering. Vi fors\\u00f8ger altid at finde den bedste l\\u00f8sning i samarbejde med vores kunder og samarbejder ogs\\u00e5 med dygtige tagd\\u00e6kkere, der kan forest\\u00e5 monteringsarbejdet.\\u00a0<\\\/p>\\n\n\n<p>Hvis du allerede har installeret et tagpaptag og l\\u00e6gger et sedumtag ovenp\\u00e5, vil det forl\\u00e6nge levetiden af dit tagpap betydeligt. Derfor kan et sedumtag v\\u00e6re en rigtig god investering og p\\u00e5 l\\u00e6ngere betale sig, trods omkostningerne til etablering.<\\\/p>\\n\n\n<h3>Mindre plads til solceller<\\\/h3>\\n\n\n<p>Mange tror, at hvis man v\\u00e6lger sedumtag, vil man ikke have nok tagareal tilbage til solceller. Men du kan godt f\\u00e5 begge dele. Selvf\\u00f8lgelig vil solcellerne tage noget plads fra sedumtaget, men faktisk er de to gode venner. Med et sedumtag vil dine solceller nemlig ikke skulle bruge lige s\\u00e5 meget energi p\\u00e5 k\\u00f8ling, og du vil dermed f\\u00e5 mere effektive solceller.<\\\/p>\",\"margin\":\"large\"}}]}]}]},{\"type\":\"section\",\"props\":{\"image_position\":\"center-center\",\"padding\":\"xsmall\",\"style\":\"primary\",\"title_breakpoint\":\"xl\",\"title_position\":\"top-left\",\"title_rotation\":\"left\",\"vertical_align\":\"middle\",\"width\":\"default\"},\"children\":[{\"type\":\"row\",\"children\":[{\"type\":\"column\",\"props\":{\"image_position\":\"center-center\",\"position_sticky_breakpoint\":\"m\"},\"children\":[{\"type\":\"html\",\"props\":{\"content\":\"\\n\n\n<div style=\\\"float:right;\\\">\\n[wpseo_breadcrumb]\\n<\\\/div>\"}}]}]},{\"type\":\"row\",\"props\":{\"margin\":\"small\",\"margin_remove_top\":false},\"children\":[{\"type\":\"column\",\"props\":{\"image_position\":\"center-center\",\"position_sticky_breakpoint\":\"m\"},\"children\":[{\"type\":\"divider\",\"props\":{\"divider_element\":\"hr\"}}]}]}],\"name\":\"Yoast br\\u00f8dkrumme over footer\"}],\"version\":\"4.5.27\"} --><\/p>\n","protected":false},"excerpt":{"rendered":"<p>Fordele &amp; ulemper ved gr\u00f8nne tage Der er b\u00e5de fordele og ulemper ved sedumtage. Efter vores overbevisning opvejer fordelene dog ulemperne. Vandtilbagehold, \u00f8get biodiversitet og l\u00e6ngere levetid for dit underliggende tagpap er blot nogle af de mange fordele, som du kan l\u00e6se mere om herunder. Fordele ved gr\u00f8nne tage Fordelene er mange, men det kan [&hellip;]<\/p>\n","protected":false},"author":1,"featured_media":0,"parent":1594,"menu_order":0,"comment_status":"closed","ping_status":"closed","template":"","meta":{"_acf_changed":false,"footnotes":""},"class_list":["post-3431","page","type-page","status-publish","hentry"],"acf":[],"yoast_head":"<!-- This site is optimized with the Yoast SEO plugin v26.6 - https:\/\/yoast.com\/wordpress\/plugins\/seo\/ -->\n<title>Fordele og ulemper ved gr\u00f8nne sedumtage - Nature Impact<\/title>\n<meta name=\"description\" content=\"L\u00e6s om fordele &amp; ulemper ved sedumtage. Fra vandtilbagehold og biodiversitet til krav og vedligehold. Bliv klogere p\u00e5 gr\u00f8nne tage her.\" \/>\n<meta name=\"robots\" content=\"index, follow, max-snippet:-1, max-image-preview:large, max-video-preview:-1\" \/>\n<link rel=\"canonical\" href=\"https:\/\/natureimpact.com\/da\/sedumtage\/fordele-og-ulemper-ved-groenne-tage\/\" \/>\n<meta property=\"og:locale\" content=\"da_DK\" \/>\n<meta property=\"og:type\" content=\"article\" \/>\n<meta property=\"og:title\" content=\"Fordele og ulemper ved gr\u00f8nne sedumtage - Nature Impact\" \/>\n<meta property=\"og:description\" content=\"L\u00e6s om fordele &amp; ulemper ved sedumtage. Fra vandtilbagehold og biodiversitet til krav og vedligehold. Bliv klogere p\u00e5 gr\u00f8nne tage her.\" \/>\n<meta property=\"og:url\" content=\"https:\/\/natureimpact.com\/da\/sedumtage\/fordele-og-ulemper-ved-groenne-tage\/\" \/>\n<meta property=\"og:site_name\" content=\"Nature Impact\" \/>\n<meta property=\"article:modified_time\" content=\"2025-11-10T14:35:34+00:00\" \/>\n<meta property=\"og:image\" content=\"https:\/\/natureimpact.com\/wp-content\/uploads\/2023\/12\/NI_900px.png\" \/>\n\t<meta property=\"og:image:width\" content=\"929\" \/>\n\t<meta property=\"og:image:height\" content=\"841\" \/>\n\t<meta property=\"og:image:type\" content=\"image\/png\" \/>\n<meta name=\"twitter:card\" content=\"summary_large_image\" \/>\n<meta name=\"twitter:label1\" content=\"Estimeret l\u00e6setid\" \/>\n\t<meta name=\"twitter:data1\" content=\"5 minutter\" \/>\n<script type=\"application\/ld+json\" class=\"yoast-schema-graph\">{\"@context\":\"https:\/\/schema.org\",\"@graph\":[{\"@type\":\"WebPage\",\"@id\":\"https:\/\/natureimpact.com\/da\/sedumtage\/fordele-og-ulemper-ved-groenne-tage\/\",\"url\":\"https:\/\/natureimpact.com\/da\/sedumtage\/fordele-og-ulemper-ved-groenne-tage\/\",\"name\":\"Fordele og ulemper ved gr\u00f8nne sedumtage - Nature Impact\",\"isPartOf\":{\"@id\":\"https:\/\/natureimpact.com\/da\/#website\"},\"datePublished\":\"2024-05-26T12:44:17+00:00\",\"dateModified\":\"2025-11-10T14:35:34+00:00\",\"description\":\"L\u00e6s om fordele & ulemper ved sedumtage. Fra vandtilbagehold og biodiversitet til krav og vedligehold. Bliv klogere p\u00e5 gr\u00f8nne tage her.\",\"breadcrumb\":{\"@id\":\"https:\/\/natureimpact.com\/da\/sedumtage\/fordele-og-ulemper-ved-groenne-tage\/#breadcrumb\"},\"inLanguage\":\"da-DK\",\"potentialAction\":[{\"@type\":\"ReadAction\",\"target\":[\"https:\/\/natureimpact.com\/da\/sedumtage\/fordele-og-ulemper-ved-groenne-tage\/\"]}]},{\"@type\":\"BreadcrumbList\",\"@id\":\"https:\/\/natureimpact.com\/da\/sedumtage\/fordele-og-ulemper-ved-groenne-tage\/#breadcrumb\",\"itemListElement\":[{\"@type\":\"ListItem\",\"position\":1,\"name\":\"Forside\",\"item\":\"https:\/\/natureimpact.com\/da\/\"},{\"@type\":\"ListItem\",\"position\":2,\"name\":\"Sedumtag\",\"item\":\"https:\/\/natureimpact.com\/da\/sedumtage\/\"},{\"@type\":\"ListItem\",\"position\":3,\"name\":\"FORDELE OG ULEMPER VED GR\u00d8NNE SEDUMTAGE\"}]},{\"@type\":\"WebSite\",\"@id\":\"https:\/\/natureimpact.com\/da\/#website\",\"url\":\"https:\/\/natureimpact.com\/da\/\",\"name\":\"Nature Impact\",\"description\":\"\",\"publisher\":{\"@id\":\"https:\/\/natureimpact.com\/da\/#organization\"},\"potentialAction\":[{\"@type\":\"SearchAction\",\"target\":{\"@type\":\"EntryPoint\",\"urlTemplate\":\"https:\/\/natureimpact.com\/da\/?s={search_term_string}\"},\"query-input\":{\"@type\":\"PropertyValueSpecification\",\"valueRequired\":true,\"valueName\":\"search_term_string\"}}],\"inLanguage\":\"da-DK\"},{\"@type\":\"Organization\",\"@id\":\"https:\/\/natureimpact.com\/da\/#organization\",\"name\":\"Nature Impact\",\"url\":\"https:\/\/natureimpact.com\/da\/\",\"logo\":{\"@type\":\"ImageObject\",\"inLanguage\":\"da-DK\",\"@id\":\"https:\/\/natureimpact.com\/da\/#\/schema\/logo\/image\/\",\"url\":\"https:\/\/natureimpact.com\/wp-content\/uploads\/2025\/05\/NI_900px.png\",\"contentUrl\":\"https:\/\/natureimpact.com\/wp-content\/uploads\/2025\/05\/NI_900px.png\",\"width\":929,\"height\":841,\"caption\":\"Nature Impact\"},\"image\":{\"@id\":\"https:\/\/natureimpact.com\/da\/#\/schema\/logo\/image\/\"}}]}<\/script>\n<!-- \/ Yoast SEO plugin. -->","yoast_head_json":{"title":"Fordele og ulemper ved gr\u00f8nne sedumtage - Nature Impact","description":"L\u00e6s om fordele & ulemper ved sedumtage. Fra vandtilbagehold og biodiversitet til krav og vedligehold. Bliv klogere p\u00e5 gr\u00f8nne tage her.","robots":{"index":"index","follow":"follow","max-snippet":"max-snippet:-1","max-image-preview":"max-image-preview:large","max-video-preview":"max-video-preview:-1"},"canonical":"https:\/\/natureimpact.com\/da\/sedumtage\/fordele-og-ulemper-ved-groenne-tage\/","og_locale":"da_DK","og_type":"article","og_title":"Fordele og ulemper ved gr\u00f8nne sedumtage - Nature Impact","og_description":"L\u00e6s om fordele & ulemper ved sedumtage. Fra vandtilbagehold og biodiversitet til krav og vedligehold. Bliv klogere p\u00e5 gr\u00f8nne tage her.","og_url":"https:\/\/natureimpact.com\/da\/sedumtage\/fordele-og-ulemper-ved-groenne-tage\/","og_site_name":"Nature Impact","article_modified_time":"2025-11-10T14:35:34+00:00","og_image":[{"width":929,"height":841,"url":"https:\/\/natureimpact.com\/wp-content\/uploads\/2023\/12\/NI_900px.png","type":"image\/png"}],"twitter_card":"summary_large_image","twitter_misc":{"Estimeret l\u00e6setid":"5 minutter"},"schema":{"@context":"https:\/\/schema.org","@graph":[{"@type":"WebPage","@id":"https:\/\/natureimpact.com\/da\/sedumtage\/fordele-og-ulemper-ved-groenne-tage\/","url":"https:\/\/natureimpact.com\/da\/sedumtage\/fordele-og-ulemper-ved-groenne-tage\/","name":"Fordele og ulemper ved gr\u00f8nne sedumtage - Nature Impact","isPartOf":{"@id":"https:\/\/natureimpact.com\/da\/#website"},"datePublished":"2024-05-26T12:44:17+00:00","dateModified":"2025-11-10T14:35:34+00:00","description":"L\u00e6s om fordele & ulemper ved sedumtage. Fra vandtilbagehold og biodiversitet til krav og vedligehold. Bliv klogere p\u00e5 gr\u00f8nne tage her.","breadcrumb":{"@id":"https:\/\/natureimpact.com\/da\/sedumtage\/fordele-og-ulemper-ved-groenne-tage\/#breadcrumb"},"inLanguage":"da-DK","potentialAction":[{"@type":"ReadAction","target":["https:\/\/natureimpact.com\/da\/sedumtage\/fordele-og-ulemper-ved-groenne-tage\/"]}]},{"@type":"BreadcrumbList","@id":"https:\/\/natureimpact.com\/da\/sedumtage\/fordele-og-ulemper-ved-groenne-tage\/#breadcrumb","itemListElement":[{"@type":"ListItem","position":1,"name":"Forside","item":"https:\/\/natureimpact.com\/da\/"},{"@type":"ListItem","position":2,"name":"Sedumtag","item":"https:\/\/natureimpact.com\/da\/sedumtage\/"},{"@type":"ListItem","position":3,"name":"FORDELE OG ULEMPER VED GR\u00d8NNE SEDUMTAGE"}]},{"@type":"WebSite","@id":"https:\/\/natureimpact.com\/da\/#website","url":"https:\/\/natureimpact.com\/da\/","name":"Nature Impact","description":"","publisher":{"@id":"https:\/\/natureimpact.com\/da\/#organization"},"potentialAction":[{"@type":"SearchAction","target":{"@type":"EntryPoint","urlTemplate":"https:\/\/natureimpact.com\/da\/?s={search_term_string}"},"query-input":{"@type":"PropertyValueSpecification","valueRequired":true,"valueName":"search_term_string"}}],"inLanguage":"da-DK"},{"@type":"Organization","@id":"https:\/\/natureimpact.com\/da\/#organization","name":"Nature Impact","url":"https:\/\/natureimpact.com\/da\/","logo":{"@type":"ImageObject","inLanguage":"da-DK","@id":"https:\/\/natureimpact.com\/da\/#\/schema\/logo\/image\/","url":"https:\/\/natureimpact.com\/wp-content\/uploads\/2025\/05\/NI_900px.png","contentUrl":"https:\/\/natureimpact.com\/wp-content\/uploads\/2025\/05\/NI_900px.png","width":929,"height":841,"caption":"Nature Impact"},"image":{"@id":"https:\/\/natureimpact.com\/da\/#\/schema\/logo\/image\/"}}]}},"_links":{"self":[{"href":"https:\/\/natureimpact.com\/da\/wp-json\/wp\/v2\/pages\/3431","targetHints":{"allow":["GET"]}}],"collection":[{"href":"https:\/\/natureimpact.com\/da\/wp-json\/wp\/v2\/pages"}],"about":[{"href":"https:\/\/natureimpact.com\/da\/wp-json\/wp\/v2\/types\/page"}],"author":[{"embeddable":true,"href":"https:\/\/natureimpact.com\/da\/wp-json\/wp\/v2\/users\/1"}],"replies":[{"embeddable":true,"href":"https:\/\/natureimpact.com\/da\/wp-json\/wp\/v2\/comments?post=3431"}],"version-history":[{"count":29,"href":"https:\/\/natureimpact.com\/da\/wp-json\/wp\/v2\/pages\/3431\/revisions"}],"predecessor-version":[{"id":9019,"href":"https:\/\/natureimpact.com\/da\/wp-json\/wp\/v2\/pages\/3431\/revisions\/9019"}],"up":[{"embeddable":true,"href":"https:\/\/natureimpact.com\/da\/wp-json\/wp\/v2\/pages\/1594"}],"wp:attachment":[{"href":"https:\/\/natureimpact.com\/da\/wp-json\/wp\/v2\/media?parent=3431"}],"curies":[{"name":"wp","href":"https:\/\/api.w.org\/{rel}","templated":true}]}}