{"id":3314,"date":"2024-05-20T06:22:20","date_gmt":"2024-05-20T06:22:20","guid":{"rendered":"https:\/\/loving-ardinghelli.77-247-67-170.plesk.page\/?page_id=3314"},"modified":"2025-11-10T14:48:55","modified_gmt":"2025-11-10T14:48:55","slug":"brandkrav","status":"publish","type":"page","link":"https:\/\/natureimpact.com\/da\/sedumtage\/brandkrav\/","title":{"rendered":"GR\u00d8NNE TAGE OG BRANDKRAV"},"content":{"rendered":"<h1>GR\u00d8NNE TAGE OG BRANDKRAV<\/h1>\n<h2>GR\u00d8NNE TAGE OG BRANDKRAV<\/h2>\n<div>\n<p>Gr\u00f8nne tage skal opfylde de samme krav til brandsikkerhed som traditionelle tage. Derudover skal gr\u00f8nne tage ogs\u00e5 opfylde krav til dr\u00e6ning for at sikre, at vandet kan ledes v\u00e6k fra bygningen.<\/p>\n<p>Sedumtage fra Nature Impact har opn\u00e5et en Broof (t2)-brandgodkendelse, hvilket betyder, at taget kan anvendes i bygninger omfattet af BR18 bygningsreglementet.<\/p>\n<\/div>\n<p><p>\n        <a href=\"\/da\/om-os\/kontakt\/\">H\u00f8r mere om sedumtag og brandkrav<\/a>\n    <\/p>\n<\/p>\n<p><img decoding=\"async\" src=\"\/wp-content\/uploads\/2023\/12\/NI_Footer.svg\" alt=\"\"><br \/>\n<img decoding=\"async\" src=\"\/wp-content\/uploads\/2024\/03\/07082017-204.jpg\" alt=\"\"><\/p>\n<h2>Brandkrav ved sedumtage<\/h2>\n<div>Tag og alle andre dele af en bygning er underlagt bygningsreglementets krav til brandsikkerhed, blandt andet s\u00e5 der er minimal risiko for brandspredning fra bygninger til nabobygninger.  Den st\u00f8rste udfordring for gr\u00f8nne tage kan v\u00e6re, at planter vokser sig st\u00f8rre over tid og dermed kan komme t\u00e6ttere p\u00e5 t\u00e6tliggende bygninger. Dette kan v\u00e6re en udfordring for gr\u00f8nne tage med visse gr\u00e6sarter, men ikke med de sedumplanter, der benyttes i gr\u00f8nne tage fra Nature Impact. De vokser lavt og br\u00e6nder meget d\u00e5rligt. <\/div>\n<p><img decoding=\"async\" src=\"\/wp-content\/uploads\/2024\/03\/RW-200813-Hetag-DLG_3-TRYK.jpg\" alt=\"\"><\/p>\n<h2>Sedumtag med brandbeskyttende materialer<\/h2>\n<div>\n<p>Nature Impacts gr\u00f8nne tage har opn\u00e5et en brandgodkendelse, fordi der anvendes jord og sedumplanter med lav brandrisiko samt brandh\u00e6mmende plastikbakker godkendt til form\u00e5let.<\/p>\n<p>I forbindelse med montering af sedumtage er det ogs\u00e5 vigtigt at have brandkrav for \u00f8je. Det valgte undertag skal selvf\u00f8lgelig overholde de brandkrav der er i bygningsreglementet, s\u00e5 den samlede opbygning er BROOF(t2) godkendt. Er du derfor i tvivl, er det vigtigt, at du s\u00f8ger den relevante dokumentation hos f.eks. tagpapproducenten, hvis det er dette der benyttes som vandt\u00e6t membran under sedumbakkerne.<\/p>\n<\/div>\n<p><img decoding=\"async\" src=\"\/wp-content\/uploads\/2024\/03\/07082017-204.jpg\" alt=\"\"><\/p>\n<h2>V\u00e6lg altid et gr\u00f8nt tag med brandgodkendelse<\/h2>\n<div>Det er vigtigt at s\u00f8rge for, at det gr\u00f8nne tag, man v\u00e6lger, har en brandgodkendelse svarende til BROOF(t2), hvilket alle sedumtage fra Nature Impact har. Derudover er det vigtigt at arbejde sammen med en arkitekt, en brandr\u00e5dgiver og\/eller en professionel installat\u00f8r af gr\u00f8nne tage for at sikre, at installationen opfylder brandkravene i bygningsreglementet BR18. Det sikrer et flot og brandh\u00e6mmende gr\u00f8nt tag, der lever op til alle bygningsreglementets brandkrav.  <\/div>\n<ul>\n<li>\n<p>\n        <a href=\"\/pdf\/dk\/60%20mm%20Brandgodkendelse%20Broof(t2).pdf\">Download vores brandgodkendelse til 60 mm sedumtag her<\/a>\n    <\/p>\n<\/li>\n<li>\n<p>\n        <a href=\"\/pdf\/dk\/80-mm-Brandgodkendelse-Brooft2.pdf\">Download vores brandgodkendelse til 80 mm sedumtag her<\/a>\n    <\/p>\n<\/li>\n<\/ul>\n<h5><a href=\"\/da\/sedumtage\/\">L\u00e6s mere om vores gr\u00f8nne tage <img decoding=\"async\" src=\"\/wp-content\/uploads\/2023\/12\/Pil.svg\" alt=\"\" width=\"100\" class=\"uk-vertical-align\" \/><\/a><\/h5>\n<div>\n<div style=\"float:right;\">\n<span><span><a href=\"https:\/\/natureimpact.com\/da\/\">Forside<\/a><\/span><\/span>\n<\/div>\n<\/div>\n<hr>\n<p><!--more--><br \/>\n<!-- {\"type\":\"layout\",\"children\":[{\"type\":\"section\",\"props\":{\"animation\":\"fade\",\"animation_delay\":false,\"header_transparent\":true,\"header_transparent_text_color\":\"dark\",\"image_effect\":\"parallax\",\"image_parallax_bgy\":\"0,-600\",\"image_parallax_easing\":\"1\",\"image_position\":\"top-right\",\"padding\":\"large\",\"padding_remove_bottom\":true,\"style\":\"muted\",\"title_breakpoint\":\"xl\",\"title_position\":\"top-left\",\"title_rotation\":\"left\",\"vertical_align\":\"\",\"width\":\"xlarge\"},\"children\":[{\"type\":\"row\",\"props\":{\"layout\":\"3-4,1-4\",\"margin\":\"xlarge\"},\"children\":[{\"type\":\"column\",\"props\":{\"image_position\":\"center-center\",\"position_sticky_breakpoint\":\"m\",\"width_small\":\"3-4\"},\"children\":[{\"type\":\"headline\",\"props\":{\"content\":\"GR\\u00d8NNE TAGE OG BRANDKRAV\",\"position\":\"relative\",\"position_z_index\":\"3\",\"title_element\":\"h1\",\"title_style\":\"heading-medium\",\"visibility\":\"s\"}},{\"type\":\"headline\",\"props\":{\"content\":\"GR\\u00d8NNE TAGE OG BRANDKRAV\",\"position\":\"relative\",\"position_z_index\":\"3\",\"title_element\":\"h2\",\"title_style\":\"heading-small\",\"visibility\":\"hidden-s\"}},{\"type\":\"text\",\"props\":{\"column\":\"1-2\",\"column_breakpoint\":\"m\",\"content\":\"\n\n<p>Gr\\u00f8nne tage skal opfylde de samme krav til brandsikkerhed som traditionelle tage. Derudover skal gr\\u00f8nne tage ogs\\u00e5 opfylde krav til dr\\u00e6ning for at sikre, at vandet kan ledes v\\u00e6k fra bygningen.<\\\/p>\\n\n\n<p>Sedumtage fra Nature Impact har opn\\u00e5et en Broof (t2)-brandgodkendelse, hvilket betyder, at taget kan anvendes i bygninger omfattet af BR18 bygningsreglementet.<\\\/p>\",\"margin\":\"default\",\"position\":\"relative\",\"text_color\":\"emphasis\",\"text_style\":\"large\"}},{\"type\":\"button\",\"props\":{\"grid_column_gap\":\"small\",\"grid_row_gap\":\"small\",\"margin\":\"medium\"},\"children\":[{\"type\":\"button_item\",\"props\":{\"button_style\":\"default\",\"content\":\"H\\u00f8r mere om sedumtag og brandkrav\",\"dialog_layout\":\"modal\",\"dialog_offcanvas_flip\":true,\"icon_align\":\"left\",\"link\":\"da\\\/om-os\\\/kontakt\\\/\"}}]}]},{\"type\":\"column\",\"props\":{\"image_position\":\"center-center\",\"position_sticky_breakpoint\":\"m\",\"width_small\":\"1-4\"},\"children\":[{\"type\":\"image\",\"props\":{\"animation\":\"parallax\",\"css\":\".el-image { max-width: 45vw; }\",\"height_expand\":false,\"image\":\"wp-content\\\/uploads\\\/2023\\\/12\\\/NI_Footer.svg\",\"image_loading\":true,\"image_svg_color\":\"emphasis\",\"image_viewport_height\":false,\"image_width\":1200,\"margin\":\"default\",\"parallax_easing\":\"0.5\",\"parallax_y\":\"5vh,-7vh\",\"position\":\"absolute\",\"position_right\":\"60\",\"position_top\":\"-10vh\",\"position_z_index\":\"0\",\"text_align\":\"right\",\"visibility\":\"s\"}}]}]},{\"type\":\"row\",\"props\":{\"column_gap\":\"large\",\"layout\":\"1-2,1-2\",\"margin\":\"xlarge\"},\"children\":[{\"type\":\"column\",\"props\":{\"image_position\":\"center-center\",\"position_sticky_breakpoint\":\"m\",\"width_medium\":\"1-2\"},\"children\":[{\"type\":\"image\",\"props\":{\"animation\":\"parallax\",\"image\":\"wp-content\\\/uploads\\\/2024\\\/03\\\/07082017-204.jpg\",\"image_box_decoration\":\"secondary\",\"image_loading\":true,\"image_svg_color\":\"emphasis\",\"image_width\":\"765\",\"margin\":\"large\",\"parallax_easing\":\"1\",\"parallax_y\":\"-5vh,3vh\",\"position\":\"relative\",\"position_right\":\"90\",\"position_top\":\"2vh\",\"text_align\":\"center\",\"text_align_breakpoint\":\"m\",\"text_align_fallback\":\"right\"}}]},{\"type\":\"column\",\"props\":{\"image_position\":\"center-center\",\"position_sticky_breakpoint\":\"m\",\"vertical_align\":\"middle\",\"width_medium\":\"1-2\"},\"children\":[{\"type\":\"headline\",\"props\":{\"content\":\"Brandkrav ved sedumtage\",\"maxwidth\":\"xlarge\",\"title_element\":\"h2\",\"title_style\":\"h2\"}},{\"type\":\"text\",\"props\":{\"animation\":\"parallax\",\"column_breakpoint\":\"m\",\"content\":\"Tag og alle andre dele af en bygning er underlagt bygningsreglementets krav til brandsikkerhed, blandt andet s\\u00e5 der er minimal risiko for brandspredning fra bygninger til nabobygninger.  Den st\\u00f8rste udfordring for gr\\u00f8nne tage kan v\\u00e6re, at planter vokser sig st\\u00f8rre over tid og dermed kan komme t\\u00e6ttere p\\u00e5 t\\u00e6tliggende bygninger. Dette kan v\\u00e6re en udfordring for gr\\u00f8nne tage med visse gr\\u00e6sarter, men ikke med de sedumplanter, der benyttes i gr\\u00f8nne tage fra Nature Impact. De vokser lavt og br\\u00e6nder meget d\\u00e5rligt. \",\"margin\":\"medium\",\"maxwidth\":\"2xlarge\",\"parallax_y\":\"0,-50\"}}]}]}],\"name\":\"About\"},{\"type\":\"section\",\"props\":{\"animation\":\"slide-bottom-small\",\"id\":\"cta\",\"image_position\":\"center-center\",\"padding\":\"large\",\"style\":\"muted\",\"title_breakpoint\":\"xl\",\"title_position\":\"top-left\",\"title_rotation\":\"left\",\"vertical_align\":\"\",\"width\":\"xlarge\"},\"children\":[{\"type\":\"row\",\"props\":{\"column_gap\":\"large\",\"layout\":\"1-2,1-2\"},\"children\":[{\"type\":\"column\",\"props\":{\"image_position\":\"center-center\",\"position_sticky_breakpoint\":\"m\",\"vertical_align\":\"middle\",\"width_medium\":\"1-2\"},\"children\":[{\"type\":\"image\",\"props\":{\"animation\":\"parallax\",\"css\":\".el-image { max-width: 70vw; }\",\"image\":\"wp-content\\\/uploads\\\/2024\\\/03\\\/RW-200813-Hetag-DLG_3-TRYK.jpg\",\"image_box_decoration\":\"secondary\",\"image_svg_color\":\"emphasis\",\"margin\":\"default\",\"parallax_easing\":\"1\",\"parallax_y\":\"-3vh,3vh\",\"position\":\"relative\",\"position_right\":\"-60\",\"position_z_index\":\"0\",\"text_align\":\"center\",\"text_align_breakpoint\":\"m\"}}]},{\"type\":\"column\",\"props\":{\"image_position\":\"center-center\",\"order_first\":\"m\",\"position_sticky_breakpoint\":\"m\",\"vertical_align\":\"middle\",\"width_medium\":\"1-2\"},\"children\":[{\"type\":\"headline\",\"props\":{\"content\":\"Sedumtag med brandbeskyttende materialer\",\"maxwidth\":\"xlarge\",\"title_element\":\"h2\",\"title_style\":\"h2\"}},{\"type\":\"text\",\"props\":{\"animation\":\"parallax\",\"column_breakpoint\":\"m\",\"content\":\"\n\n<p>Nature Impacts gr\\u00f8nne tage har opn\\u00e5et en brandgodkendelse, fordi der anvendes jord og sedumplanter med lav brandrisiko samt brandh\\u00e6mmende plastikbakker godkendt til form\\u00e5let.<\\\/p>\\n\n\n<p>I forbindelse med montering af sedumtage er det ogs\\u00e5 vigtigt at have brandkrav for \\u00f8je. Det valgte undertag skal selvf\\u00f8lgelig overholde de brandkrav der er i bygningsreglementet, s\\u00e5 den samlede opbygning er BROOF(t2) godkendt. Er du derfor i tvivl, er det vigtigt, at du s\\u00f8ger den relevante dokumentation hos f.eks. tagpapproducenten, hvis det er dette der benyttes som vandt\\u00e6t membran under sedumbakkerne.<\\\/p>\",\"margin\":\"medium\",\"maxwidth\":\"2xlarge\",\"parallax_y\":\",-50\"}}]}]}],\"name\":\"Call to Action\"},{\"type\":\"section\",\"props\":{\"image_position\":\"center-center\",\"padding\":\"large\",\"padding_remove_top\":true,\"style\":\"muted\",\"title_breakpoint\":\"xl\",\"title_position\":\"top-left\",\"title_rotation\":\"left\",\"vertical_align\":\"\",\"width\":\"xlarge\"},\"children\":[{\"type\":\"row\",\"props\":{\"column_gap\":\"large\",\"layout\":\"1-2,1-2\",\"margin\":\"xlarge\"},\"children\":[{\"type\":\"column\",\"props\":{\"image_position\":\"center-center\",\"position_sticky_breakpoint\":\"m\",\"width_medium\":\"1-2\"},\"children\":[{\"type\":\"image\",\"props\":{\"animation\":\"parallax\",\"image\":\"wp-content\\\/uploads\\\/2024\\\/03\\\/07082017-204.jpg\",\"image_box_decoration\":\"secondary\",\"image_loading\":true,\"image_svg_color\":\"emphasis\",\"image_width\":\"765\",\"margin\":\"large\",\"parallax_easing\":\"1\",\"parallax_y\":\"-5vh,3vh\",\"position\":\"relative\",\"position_right\":\"90\",\"position_top\":\"2vh\",\"text_align\":\"center\",\"text_align_breakpoint\":\"m\",\"text_align_fallback\":\"right\"}}]},{\"type\":\"column\",\"props\":{\"image_position\":\"center-center\",\"position_sticky_breakpoint\":\"m\",\"vertical_align\":\"middle\",\"width_medium\":\"1-2\"},\"children\":[{\"type\":\"headline\",\"props\":{\"content\":\"V\\u00e6lg altid et gr\\u00f8nt tag med brandgodkendelse\",\"maxwidth\":\"xlarge\",\"title_element\":\"h2\",\"title_style\":\"h2\"}},{\"type\":\"text\",\"props\":{\"animation\":\"parallax\",\"column_breakpoint\":\"m\",\"content\":\"Det er vigtigt at s\\u00f8rge for, at det gr\\u00f8nne tag, man v\\u00e6lger, har en brandgodkendelse svarende til BROOF(t2), hvilket alle sedumtage fra Nature Impact har. Derudover er det vigtigt at arbejde sammen med en arkitekt, en brandr\\u00e5dgiver og\\\/eller en professionel installat\\u00f8r af gr\\u00f8nne tage for at sikre, at installationen opfylder brandkravene i bygningsreglementet BR18. Det sikrer et flot og brandh\\u00e6mmende gr\\u00f8nt tag, der lever op til alle bygningsreglementets brandkrav.  \",\"margin\":\"medium\",\"maxwidth\":\"2xlarge\",\"parallax_y\":\",-50\"}},{\"type\":\"button\",\"props\":{\"grid_column_gap\":\"small\",\"grid_row_gap\":\"small\",\"margin\":\"default\"},\"children\":[{\"type\":\"button_item\",\"props\":{\"button_style\":\"default\",\"content\":\"Download vores brandgodkendelse til 60 mm sedumtag her\",\"dialog_layout\":\"modal\",\"dialog_offcanvas_flip\":true,\"icon_align\":\"left\",\"link\":\"\\\/pdf\\\/dk\\\/60%20mm%20Brandgodkendelse%20Broof(t2).pdf\"}},{\"type\":\"button_item\",\"props\":{\"button_style\":\"default\",\"content\":\"Download vores brandgodkendelse til 80 mm sedumtag her\",\"dialog_layout\":\"modal\",\"dialog_offcanvas_flip\":true,\"icon_align\":\"left\",\"link\":\"\\\/pdf\\\/dk\\\/80-mm-Brandgodkendelse-Brooft2.pdf\"}}]},{\"type\":\"headline\",\"props\":{\"content\":\"L\\u00e6s mere om vores gr\\u00f8nne tage <img src=\\\"\\\/wp-content\\\/uploads\\\/2023\\\/12\\\/Pil.svg\\\" alt=\\\"\\\" width=\\\"100\\\" class=\\\"uk-vertical-align\\\" \\\/>\",\"link\":\"da\\\/sedumtage\\\/\",\"link_style\":true,\"title_color\":\"warning\",\"title_element\":\"h5\",\"title_style\":\"h2\"}}]}]}]},{\"type\":\"section\",\"props\":{\"image_position\":\"center-center\",\"padding\":\"xsmall\",\"style\":\"primary\",\"title_breakpoint\":\"xl\",\"title_position\":\"top-left\",\"title_rotation\":\"left\",\"vertical_align\":\"middle\",\"width\":\"default\"},\"children\":[{\"type\":\"row\",\"children\":[{\"type\":\"column\",\"props\":{\"image_position\":\"center-center\",\"position_sticky_breakpoint\":\"m\"},\"children\":[{\"type\":\"html\",\"props\":{\"content\":\"\\n\n\n<div style=\\\"float:right;\\\">\\n[wpseo_breadcrumb]\\n<\\\/div>\"}}]}]},{\"type\":\"row\",\"props\":{\"margin\":\"small\",\"margin_remove_top\":false},\"children\":[{\"type\":\"column\",\"props\":{\"image_position\":\"center-center\",\"position_sticky_breakpoint\":\"m\"},\"children\":[{\"type\":\"divider\",\"props\":{\"divider_element\":\"hr\"}}]}]}],\"name\":\"Yoast br\\u00f8dkrumme over footer\"}],\"version\":\"4.5.27\"} --><\/p>\n","protected":false},"excerpt":{"rendered":"<p>GR\u00d8NNE TAGE OG BRANDKRAV GR\u00d8NNE TAGE OG BRANDKRAV Gr\u00f8nne tage skal opfylde de samme krav til brandsikkerhed som traditionelle tage. Derudover skal gr\u00f8nne tage ogs\u00e5 opfylde krav til dr\u00e6ning for at sikre, at vandet kan ledes v\u00e6k fra bygningen. Sedumtage fra Nature Impact har opn\u00e5et en Broof (t2)-brandgodkendelse, hvilket betyder, at taget kan anvendes i [&hellip;]<\/p>\n","protected":false},"author":1,"featured_media":0,"parent":1594,"menu_order":0,"comment_status":"closed","ping_status":"closed","template":"","meta":{"_acf_changed":false,"footnotes":""},"class_list":["post-3314","page","type-page","status-publish","hentry"],"acf":[],"yoast_head":"<!-- This site is optimized with the Yoast SEO plugin v27.4 - https:\/\/yoast.com\/product\/yoast-seo-wordpress\/ -->\n<title>Gr\u00f8nne Tage Brandkrav \u00bb Sedumtag med Broof(t2) brandgodkendelse<\/title>\n<meta name=\"description\" content=\"Gr\u00f8nne tage &amp; brandkrav. F\u00e5 indsigt i BROOF(t2)-godkendelse og sikkerhed for sedumtage i moderne byggeri. L\u00e6s de g\u00e6ldende brandkrav her.\" \/>\n<meta name=\"robots\" content=\"index, follow, max-snippet:-1, max-image-preview:large, max-video-preview:-1\" \/>\n<link rel=\"canonical\" href=\"https:\/\/natureimpact.com\/da\/sedumtage\/brandkrav\/\" \/>\n<meta property=\"og:locale\" content=\"da_DK\" \/>\n<meta property=\"og:type\" content=\"article\" \/>\n<meta property=\"og:title\" content=\"Gr\u00f8nne Tage Brandkrav \u00bb Sedumtag med Broof(t2) brandgodkendelse\" \/>\n<meta property=\"og:description\" content=\"Gr\u00f8nne tage &amp; brandkrav. F\u00e5 indsigt i BROOF(t2)-godkendelse og sikkerhed for sedumtage i moderne byggeri. L\u00e6s de g\u00e6ldende brandkrav her.\" \/>\n<meta property=\"og:url\" content=\"https:\/\/natureimpact.com\/da\/sedumtage\/brandkrav\/\" \/>\n<meta property=\"og:site_name\" content=\"Nature Impact\" \/>\n<meta property=\"article:modified_time\" content=\"2025-11-10T14:48:55+00:00\" \/>\n<meta property=\"og:image\" content=\"https:\/\/natureimpact.com\/wp-content\/uploads\/2023\/12\/NI_900px.png\" \/>\n\t<meta property=\"og:image:width\" content=\"929\" \/>\n\t<meta property=\"og:image:height\" content=\"841\" \/>\n\t<meta property=\"og:image:type\" content=\"image\/png\" \/>\n<meta name=\"twitter:card\" content=\"summary_large_image\" \/>\n<meta name=\"twitter:label1\" content=\"Estimeret l\u00e6setid\" \/>\n\t<meta name=\"twitter:data1\" content=\"3 minutter\" \/>\n<script type=\"application\/ld+json\" class=\"yoast-schema-graph\">{\"@context\":\"https:\\\/\\\/schema.org\",\"@graph\":[{\"@type\":\"WebPage\",\"@id\":\"https:\\\/\\\/natureimpact.com\\\/da\\\/sedumtage\\\/brandkrav\\\/\",\"url\":\"https:\\\/\\\/natureimpact.com\\\/da\\\/sedumtage\\\/brandkrav\\\/\",\"name\":\"Gr\u00f8nne Tage Brandkrav \u00bb Sedumtag med Broof(t2) brandgodkendelse\",\"isPartOf\":{\"@id\":\"https:\\\/\\\/natureimpact.com\\\/da\\\/#website\"},\"datePublished\":\"2024-05-20T06:22:20+00:00\",\"dateModified\":\"2025-11-10T14:48:55+00:00\",\"description\":\"Gr\u00f8nne tage & brandkrav. F\u00e5 indsigt i BROOF(t2)-godkendelse og sikkerhed for sedumtage i moderne byggeri. L\u00e6s de g\u00e6ldende brandkrav her.\",\"breadcrumb\":{\"@id\":\"https:\\\/\\\/natureimpact.com\\\/da\\\/sedumtage\\\/brandkrav\\\/#breadcrumb\"},\"inLanguage\":\"da-DK\",\"potentialAction\":[{\"@type\":\"ReadAction\",\"target\":[\"https:\\\/\\\/natureimpact.com\\\/da\\\/sedumtage\\\/brandkrav\\\/\"]}]},{\"@type\":\"BreadcrumbList\",\"@id\":\"https:\\\/\\\/natureimpact.com\\\/da\\\/sedumtage\\\/brandkrav\\\/#breadcrumb\",\"itemListElement\":[{\"@type\":\"ListItem\",\"position\":1,\"name\":\"Forside\",\"item\":\"https:\\\/\\\/natureimpact.com\\\/da\\\/\"},{\"@type\":\"ListItem\",\"position\":2,\"name\":\"Sedumtag\",\"item\":\"https:\\\/\\\/natureimpact.com\\\/da\\\/sedumtage\\\/\"},{\"@type\":\"ListItem\",\"position\":3,\"name\":\"GR\u00d8NNE TAGE OG BRANDKRAV\"}]},{\"@type\":\"WebSite\",\"@id\":\"https:\\\/\\\/natureimpact.com\\\/da\\\/#website\",\"url\":\"https:\\\/\\\/natureimpact.com\\\/da\\\/\",\"name\":\"Nature Impact\",\"description\":\"\",\"publisher\":{\"@id\":\"https:\\\/\\\/natureimpact.com\\\/da\\\/#organization\"},\"potentialAction\":[{\"@type\":\"SearchAction\",\"target\":{\"@type\":\"EntryPoint\",\"urlTemplate\":\"https:\\\/\\\/natureimpact.com\\\/da\\\/?s={search_term_string}\"},\"query-input\":{\"@type\":\"PropertyValueSpecification\",\"valueRequired\":true,\"valueName\":\"search_term_string\"}}],\"inLanguage\":\"da-DK\"},{\"@type\":\"Organization\",\"@id\":\"https:\\\/\\\/natureimpact.com\\\/da\\\/#organization\",\"name\":\"Nature Impact\",\"url\":\"https:\\\/\\\/natureimpact.com\\\/da\\\/\",\"logo\":{\"@type\":\"ImageObject\",\"inLanguage\":\"da-DK\",\"@id\":\"https:\\\/\\\/natureimpact.com\\\/da\\\/#\\\/schema\\\/logo\\\/image\\\/\",\"url\":\"https:\\\/\\\/natureimpact.com\\\/wp-content\\\/uploads\\\/2025\\\/05\\\/NI_900px.png\",\"contentUrl\":\"https:\\\/\\\/natureimpact.com\\\/wp-content\\\/uploads\\\/2025\\\/05\\\/NI_900px.png\",\"width\":929,\"height\":841,\"caption\":\"Nature Impact\"},\"image\":{\"@id\":\"https:\\\/\\\/natureimpact.com\\\/da\\\/#\\\/schema\\\/logo\\\/image\\\/\"}}]}<\/script>\n<!-- \/ Yoast SEO plugin. -->","yoast_head_json":{"title":"Gr\u00f8nne Tage Brandkrav \u00bb Sedumtag med Broof(t2) brandgodkendelse","description":"Gr\u00f8nne tage & brandkrav. F\u00e5 indsigt i BROOF(t2)-godkendelse og sikkerhed for sedumtage i moderne byggeri. L\u00e6s de g\u00e6ldende brandkrav her.","robots":{"index":"index","follow":"follow","max-snippet":"max-snippet:-1","max-image-preview":"max-image-preview:large","max-video-preview":"max-video-preview:-1"},"canonical":"https:\/\/natureimpact.com\/da\/sedumtage\/brandkrav\/","og_locale":"da_DK","og_type":"article","og_title":"Gr\u00f8nne Tage Brandkrav \u00bb Sedumtag med Broof(t2) brandgodkendelse","og_description":"Gr\u00f8nne tage & brandkrav. F\u00e5 indsigt i BROOF(t2)-godkendelse og sikkerhed for sedumtage i moderne byggeri. L\u00e6s de g\u00e6ldende brandkrav her.","og_url":"https:\/\/natureimpact.com\/da\/sedumtage\/brandkrav\/","og_site_name":"Nature Impact","article_modified_time":"2025-11-10T14:48:55+00:00","og_image":[{"width":929,"height":841,"url":"https:\/\/natureimpact.com\/wp-content\/uploads\/2023\/12\/NI_900px.png","type":"image\/png"}],"twitter_card":"summary_large_image","twitter_misc":{"Estimeret l\u00e6setid":"3 minutter"},"schema":{"@context":"https:\/\/schema.org","@graph":[{"@type":"WebPage","@id":"https:\/\/natureimpact.com\/da\/sedumtage\/brandkrav\/","url":"https:\/\/natureimpact.com\/da\/sedumtage\/brandkrav\/","name":"Gr\u00f8nne Tage Brandkrav \u00bb Sedumtag med Broof(t2) brandgodkendelse","isPartOf":{"@id":"https:\/\/natureimpact.com\/da\/#website"},"datePublished":"2024-05-20T06:22:20+00:00","dateModified":"2025-11-10T14:48:55+00:00","description":"Gr\u00f8nne tage & brandkrav. F\u00e5 indsigt i BROOF(t2)-godkendelse og sikkerhed for sedumtage i moderne byggeri. L\u00e6s de g\u00e6ldende brandkrav her.","breadcrumb":{"@id":"https:\/\/natureimpact.com\/da\/sedumtage\/brandkrav\/#breadcrumb"},"inLanguage":"da-DK","potentialAction":[{"@type":"ReadAction","target":["https:\/\/natureimpact.com\/da\/sedumtage\/brandkrav\/"]}]},{"@type":"BreadcrumbList","@id":"https:\/\/natureimpact.com\/da\/sedumtage\/brandkrav\/#breadcrumb","itemListElement":[{"@type":"ListItem","position":1,"name":"Forside","item":"https:\/\/natureimpact.com\/da\/"},{"@type":"ListItem","position":2,"name":"Sedumtag","item":"https:\/\/natureimpact.com\/da\/sedumtage\/"},{"@type":"ListItem","position":3,"name":"GR\u00d8NNE TAGE OG BRANDKRAV"}]},{"@type":"WebSite","@id":"https:\/\/natureimpact.com\/da\/#website","url":"https:\/\/natureimpact.com\/da\/","name":"Nature Impact","description":"","publisher":{"@id":"https:\/\/natureimpact.com\/da\/#organization"},"potentialAction":[{"@type":"SearchAction","target":{"@type":"EntryPoint","urlTemplate":"https:\/\/natureimpact.com\/da\/?s={search_term_string}"},"query-input":{"@type":"PropertyValueSpecification","valueRequired":true,"valueName":"search_term_string"}}],"inLanguage":"da-DK"},{"@type":"Organization","@id":"https:\/\/natureimpact.com\/da\/#organization","name":"Nature Impact","url":"https:\/\/natureimpact.com\/da\/","logo":{"@type":"ImageObject","inLanguage":"da-DK","@id":"https:\/\/natureimpact.com\/da\/#\/schema\/logo\/image\/","url":"https:\/\/natureimpact.com\/wp-content\/uploads\/2025\/05\/NI_900px.png","contentUrl":"https:\/\/natureimpact.com\/wp-content\/uploads\/2025\/05\/NI_900px.png","width":929,"height":841,"caption":"Nature Impact"},"image":{"@id":"https:\/\/natureimpact.com\/da\/#\/schema\/logo\/image\/"}}]}},"_links":{"self":[{"href":"https:\/\/natureimpact.com\/da\/wp-json\/wp\/v2\/pages\/3314","targetHints":{"allow":["GET"]}}],"collection":[{"href":"https:\/\/natureimpact.com\/da\/wp-json\/wp\/v2\/pages"}],"about":[{"href":"https:\/\/natureimpact.com\/da\/wp-json\/wp\/v2\/types\/page"}],"author":[{"embeddable":true,"href":"https:\/\/natureimpact.com\/da\/wp-json\/wp\/v2\/users\/1"}],"replies":[{"embeddable":true,"href":"https:\/\/natureimpact.com\/da\/wp-json\/wp\/v2\/comments?post=3314"}],"version-history":[{"count":25,"href":"https:\/\/natureimpact.com\/da\/wp-json\/wp\/v2\/pages\/3314\/revisions"}],"predecessor-version":[{"id":8991,"href":"https:\/\/natureimpact.com\/da\/wp-json\/wp\/v2\/pages\/3314\/revisions\/8991"}],"up":[{"embeddable":true,"href":"https:\/\/natureimpact.com\/da\/wp-json\/wp\/v2\/pages\/1594"}],"wp:attachment":[{"href":"https:\/\/natureimpact.com\/da\/wp-json\/wp\/v2\/media?parent=3314"}],"curies":[{"name":"wp","href":"https:\/\/api.w.org\/{rel}","templated":true}]}}