{"id":3131,"date":"2024-04-18T09:22:39","date_gmt":"2024-04-18T09:22:39","guid":{"rendered":"https:\/\/loving-ardinghelli.77-247-67-170.plesk.page\/?page_id=3131"},"modified":"2025-11-10T14:48:33","modified_gmt":"2025-11-10T14:48:33","slug":"faq","status":"publish","type":"page","link":"https:\/\/natureimpact.com\/da\/plantevaegge\/faq\/","title":{"rendered":"Sp\u00f8rgsm\u00e5l &amp; svar om plantev\u00e6gge"},"content":{"rendered":"<h1>SP\u00d8RGSM\u00c5L &amp; SVAR <br \/>OM PLANTEV\u00c6GGE<\/h1>\n<div>\n<p>Plantev\u00e6gge eller gr\u00f8nne v\u00e6gge, begge termer er korrekte. Her finder du vores side med svar p\u00e5 dine sp\u00f8rgsm\u00e5l omkring gr\u00f8nne plantev\u00e6gge. Finder du ikke svar p\u00e5 dit sp\u00f8rgsm\u00e5l, s\u00e5 <a href=\"https:\/\/natureimpact.com\/da\/om-os\/kontakt\/\">kontakt os her<\/a>.<\/p>\n<\/div>\n<ul>\n<li>\n<h3>Hvad kr\u00e6ver det af v\u00e6ggen, hvor en plantev\u00e6g skal monteres?<\/h3>\n<div>\n<p>Uanset om den gr\u00f8nne v\u00e6g skal monteres p\u00e5 en <a href=\"https:\/\/natureimpact.com\/da\/plantevaegge\/indendoers-plantevaegge\/\">indend\u00f8rs<\/a>&#8211; eller en <a href=\"https:\/\/natureimpact.com\/da\/plantevaegge\/udendoers-plantevaegge\/\">udend\u00f8rs v\u00e6g<\/a>, skal bagv\u00e6ggen kunne klare en belastning p\u00e5 60 kg pr. m2.<\/p>\n<\/div>\n<\/li>\n<li>\n<h3>Hvem monterer plantev\u00e6ggen?<\/h3>\n<div>Montering af en plantev\u00e6g kr\u00e6ver fagfolk, og Nature Impact leverer og monterer selv vores gr\u00f8nne v\u00e6gge, s\u00e5 vi sikrer et flot og holdbart resultat. <\/div>\n<\/li>\n<li>\n<h3>Kan man b\u00e5de bruge plantev\u00e6gge ude og inde?<\/h3>\n<div>Ja, vi benytter samme system til plantev\u00e6gge b\u00e5de ude som inde. Vi tilpasser plantemixet, s\u00e5 det passer til forholdene, hvor v\u00e6ggen skal st\u00e5. <\/div>\n<\/li>\n<li>\n<h3>Kan vi selv bestemme m\u00f8nstret p\u00e5 vores plantev\u00e6g?<\/h3>\n<div>I er meget velkomne til at designe udtrykket p\u00e5 v\u00e6ggen selv. I samarbejde med jer finder vores gartner frem til de planter, der lever op til jeres \u00f8nsker. <\/div>\n<\/li>\n<li>\n<h3>Kan man genbruge regnvand til at vande den med?<\/h3>\n<div>\n<p>Ja, man kan sagtens lave et LAR-projekt p\u00e5 en gr\u00f8n v\u00e6g. Vi har lige nu 2 projekter i gang: <a href=\"https:\/\/natureimpact.com\/da\/cases\/plantevaegge\/klarahus\/\">Klarahus i K\u00f8benhavn<\/a> og SDU i Esbjerg. Begge steder opsamles regnvand, der s\u00e5 genbruges til vanding.<\/p>\n<\/div>\n<\/li>\n<li>\n<h3>Hvad vejer en plantev\u00e6g?<\/h3>\n<div>\n<p><a href=\"https:\/\/natureimpact.com\/da\/plantevaegge\/\">Plantev\u00e6ggen<\/a> vejer ca. 60 kg pr. m2 i vandm\u00e6ttet tilstand.<\/p>\n<\/div>\n<\/li>\n<li>\n<h3>Vi \u00f8nsker ikke m\u00f8nster, kan man lave v\u00e6ggen mere vild?<\/h3>\n<div>\n<p>Vi sammens\u00e6tter og udv\u00e6lger planter ud fra jeres \u00f8nsker og de omgivelser, planterne skal leve i. Om I \u00f8nsker et vildt look, et bestemt m\u00f8nster eller en ensfarvet v\u00e6g, er helt op til jer.<\/p>\n<\/div>\n<\/li>\n<li>\n<h3>Kan vi selv vande v\u00e6ggen, eller kommer I og g\u00f8r det?<\/h3>\n<div>\n<p>Plantev\u00e6ggen bliver vandet ved hj\u00e6lp af et automatisk vandingssystem. Det styres via en wifi-forbindelse, s\u00e5 vi kan kontrollere det eksternt.<\/p>\n<p>Vi overv\u00e5ger alle v\u00e6gge med sensorer, s\u00e5 vi kan se, hvorn\u00e5r der skal t\u00e6ndes for vandingen.<\/p>\n<\/div>\n<\/li>\n<li>\n<h3>Hvad koster en plantev\u00e6g?<\/h3>\n<div>\n<p>Prisen p\u00e5 en plantev\u00e6g afh\u00e6nger af mange faktorer. Antal kvadratmeter, om der skal mange tilsk\u00e6ringer til i forhold til vores standardmuduler, hvor h\u00f8jt v\u00e6ggen skal monteres mv.<\/p>\n<p>For plantev\u00e6gge mellem 15 m2 og 25 m2 er prisen ca. 5500-8000 kr pr. m2. Ved v\u00e6gge over 25 m2 er prisen p\u00e5 plantev\u00e6ggen projektbaseret.<\/p>\n<\/div>\n<\/li>\n<li>\n<h3>Skal der s\u00e6ttes ekstra lys p\u00e5, n\u00e5r v\u00e6ggen er i en k\u00e6lder?<\/h3>\n<div>\n<p>Ved indend\u00f8rs v\u00e6gge er det ofte n\u00f8dvendigt at ops\u00e6tte ekstra belysning i form af <a href=\"https:\/\/www.led-nyt.dk\/plantevaekstlys-og-grolys\/\" target=\"_blank\" rel=\"noopener\">v\u00e6kstlys<\/a>. Dette er for at sikre, at planterne producerer gr\u00f8nkorn og forbliver gr\u00f8nne og frodige.<\/p>\n<\/div>\n<\/li>\n<li>\n<h3>Hvem skal st\u00e5 for at vedligeholde v\u00e6ggen?<\/h3>\n<div>\n<p>Det f\u00f8rste \u00e5r st\u00e5r Nature Impact for drift og pleje af jeres plantev\u00e6g. Det er for at sikre, at v\u00e6ggen \u201cfalder rigtigt til\u201d og f\u00e5r de bedste v\u00e6kstbetingelser. Det er vores professionelle gartnere, der udf\u00f8rer arbejdet.<\/p>\n<p>Herefter overtager I enten selv driften, eller I kan lave en ny kontrakt med os.<\/p>\n<\/div>\n<\/li>\n<\/ul>\n<div>\n<p>\u00a0\u00a0<\/p>\n<\/p>\n<\/div>\n<h5><a href=\"\/da\/plantevaegge\/\">L\u00e6s mere om gr\u00f8nne plantev\u00e6gge <img decoding=\"async\" src=\"\/wp-content\/uploads\/2023\/12\/Pil.svg\" alt=\"\" width=\"100\" class=\"uk-vertical-align\" \/><\/a><\/h5>\n<div>\n<div style=\"float:right;\">\n<span><span><a href=\"https:\/\/natureimpact.com\/da\/\">Forside<\/a><\/span><\/span>\n<\/div>\n<\/div>\n<hr>\n<p><!--more--><br \/>\n<!-- {\"type\":\"layout\",\"children\":[{\"type\":\"section\",\"props\":{\"height\":\"pixels\",\"height_viewport\":600,\"image\":\"wp-content\\\/uploads\\\/2024\\\/03\\\/Nature-Impact12.jpg\",\"image_effect\":\"fixed\",\"image_position\":\"center-center\",\"image_size\":\"cover\",\"overlap\":false,\"padding\":\"large\",\"padding_remove_horizontal\":true,\"style\":\"default\",\"title_breakpoint\":\"xl\",\"title_position\":\"top-left\",\"title_rotation\":\"left\",\"vertical_align\":\"middle\",\"width\":\"default\"},\"children\":[{\"type\":\"row\",\"children\":[{\"type\":\"column\",\"props\":{\"image_position\":\"center-center\",\"position_sticky_breakpoint\":\"m\"}}]}]},{\"type\":\"section\",\"props\":{\"image\":\"wp-content\\\/uploads\\\/2024\\\/03\\\/Plantevaeg_Fritlagt.png\",\"image_effect\":\"parallax\",\"image_parallax_bgx\":\"50,50\",\"image_position\":\"center-right\",\"image_width\":500,\"media_visibility\":\"s\",\"padding\":\"large\",\"padding_remove_bottom\":false,\"style\":\"default\",\"title_breakpoint\":\"xl\",\"title_position\":\"top-left\",\"title_rotation\":\"left\",\"vertical_align\":\"\",\"width\":\"small\"},\"children\":[{\"type\":\"row\",\"props\":{\"layout\":\"2-3,1-3\"},\"children\":[{\"type\":\"column\",\"props\":{\"image_position\":\"center-center\",\"position_sticky_breakpoint\":\"m\",\"width_medium\":\"2-3\"},\"children\":[{\"type\":\"headline\",\"props\":{\"content\":\"SP\\u00d8RGSM\\u00c5L &amp; SVAR <br \\\/>OM PLANTEV\\u00c6GGE\",\"title_color\":\"background\",\"title_element\":\"h1\",\"title_style\":\"heading-small\"}},{\"type\":\"text\",\"props\":{\"column_breakpoint\":\"m\",\"content\":\"\n\n<p>Plantev\\u00e6gge eller gr\\u00f8nne v\\u00e6gge, begge termer er korrekte. Her finder du vores side med svar p\\u00e5 dine sp\\u00f8rgsm\\u00e5l omkring gr\\u00f8nne plantev\\u00e6gge. Finder du ikke svar p\\u00e5 dit sp\\u00f8rgsm\\u00e5l, s\\u00e5 <a href=\\\"https:\\\/\\\/natureimpact.com\\\/da\\\/om-os\\\/kontakt\\\/\\\">kontakt os her<\\\/a>.<\\\/p>\",\"margin\":\"default\",\"text_color\":\"emphasis\"}}]},{\"type\":\"column\",\"props\":{\"image_position\":\"center-center\",\"position_sticky_breakpoint\":\"m\",\"width_medium\":\"1-3\"}}]}]},{\"type\":\"section\",\"props\":{\"image_position\":\"center-center\",\"padding\":\"large\",\"padding_remove_top\":false,\"style\":\"default\",\"title_breakpoint\":\"xl\",\"title_position\":\"top-left\",\"title_rotation\":\"left\",\"vertical_align\":\"\",\"width\":\"small\"},\"children\":[{\"type\":\"row\",\"children\":[{\"type\":\"column\",\"props\":{\"image_position\":\"center-center\",\"position_sticky_breakpoint\":\"m\"},\"children\":[{\"type\":\"accordion\",\"props\":{\"collapsible\":true,\"content_column_breakpoint\":\"m\",\"image_align\":\"top\",\"image_grid_breakpoint\":\"m\",\"image_grid_width\":\"1-2\",\"image_svg_color\":\"emphasis\",\"link_style\":\"default\",\"link_text\":\"Read more\",\"multiple\":true,\"show_image\":true,\"show_link\":true},\"children\":[{\"type\":\"accordion_item\",\"props\":{\"content\":\"\n\n<p>Uanset om den gr\\u00f8nne v\\u00e6g skal monteres p\\u00e5 en <a href=\\\"https:\\\/\\\/natureimpact.com\\\/da\\\/plantevaegge\\\/indendoers-plantevaegge\\\/\\\">indend\\u00f8rs<\\\/a>- eller en <a href=\\\"https:\\\/\\\/natureimpact.com\\\/da\\\/plantevaegge\\\/udendoers-plantevaegge\\\/\\\">udend\\u00f8rs v\\u00e6g<\\\/a>, skal bagv\\u00e6ggen kunne klare en belastning p\\u00e5 60 kg pr. m2.<\\\/p>\",\"title\":\"Hvad kr\\u00e6ver det af v\\u00e6ggen, hvor en plantev\\u00e6g skal monteres?\"}},{\"type\":\"accordion_item\",\"props\":{\"content\":\"Montering af en plantev\\u00e6g kr\\u00e6ver fagfolk, og Nature Impact leverer og monterer selv vores gr\\u00f8nne v\\u00e6gge, s\\u00e5 vi sikrer et flot og holdbart resultat. \",\"title\":\"Hvem monterer plantev\\u00e6ggen?\"}},{\"type\":\"accordion_item\",\"props\":{\"content\":\"Ja, vi benytter samme system til plantev\\u00e6gge b\\u00e5de ude som inde. Vi tilpasser plantemixet, s\\u00e5 det passer til forholdene, hvor v\\u00e6ggen skal st\\u00e5. \",\"title\":\"Kan man b\\u00e5de bruge plantev\\u00e6gge ude og inde?\"}},{\"type\":\"accordion_item\",\"props\":{\"content\":\"I er meget velkomne til at designe udtrykket p\\u00e5 v\\u00e6ggen selv. I samarbejde med jer finder vores gartner frem til de planter, der lever op til jeres \\u00f8nsker. \",\"title\":\"Kan vi selv bestemme m\\u00f8nstret p\\u00e5 vores plantev\\u00e6g?\"}},{\"type\":\"accordion_item\",\"props\":{\"content\":\"\n\n<p>Ja, man kan sagtens lave et LAR-projekt p\\u00e5 en gr\\u00f8n v\\u00e6g. Vi har lige nu 2 projekter i gang: <a href=\\\"https:\\\/\\\/natureimpact.com\\\/da\\\/cases\\\/plantevaegge\\\/klarahus\\\/\\\">Klarahus i K\\u00f8benhavn<\\\/a> og SDU i Esbjerg. Begge steder opsamles regnvand, der s\\u00e5 genbruges til vanding.<\\\/p>\",\"title\":\"Kan man genbruge regnvand til at vande den med?\"}},{\"type\":\"accordion_item\",\"props\":{\"content\":\"\n\n<p><a href=\\\"https:\\\/\\\/natureimpact.com\\\/da\\\/plantevaegge\\\/\\\">Plantev\\u00e6ggen<\\\/a> vejer ca. 60 kg pr. m2 i vandm\\u00e6ttet tilstand.<\\\/p>\",\"title\":\"Hvad vejer en plantev\\u00e6g?\"}},{\"type\":\"accordion_item\",\"props\":{\"content\":\"\n\n<p>Vi sammens\\u00e6tter og udv\\u00e6lger planter ud fra jeres \\u00f8nsker og de omgivelser, planterne skal leve i. Om I \\u00f8nsker et vildt look, et bestemt m\\u00f8nster eller en ensfarvet v\\u00e6g, er helt op til jer.<\\\/p>\",\"title\":\"Vi \\u00f8nsker ikke m\\u00f8nster, kan man lave v\\u00e6ggen mere vild?\"}},{\"type\":\"accordion_item\",\"props\":{\"content\":\"\n\n<p>Plantev\\u00e6ggen bliver vandet ved hj\\u00e6lp af et automatisk vandingssystem. Det styres via en wifi-forbindelse, s\\u00e5 vi kan kontrollere det eksternt.<\\\/p>\\n\n\n<p>Vi overv\\u00e5ger alle v\\u00e6gge med sensorer, s\\u00e5 vi kan se, hvorn\\u00e5r der skal t\\u00e6ndes for vandingen.<\\\/p>\",\"title\":\"Kan vi selv vande v\\u00e6ggen, eller kommer I og g\\u00f8r det?\"}},{\"type\":\"accordion_item\",\"props\":{\"content\":\"\n\n<p>Prisen p\\u00e5 en plantev\\u00e6g afh\\u00e6nger af mange faktorer. Antal kvadratmeter, om der skal mange tilsk\\u00e6ringer til i forhold til vores standardmuduler, hvor h\\u00f8jt v\\u00e6ggen skal monteres mv.<\\\/p>\\n\n\n<p>For plantev\\u00e6gge mellem 15 m2 og 25 m2 er prisen ca. 5500-8000 kr pr. m2. Ved v\\u00e6gge over 25 m2 er prisen p\\u00e5 plantev\\u00e6ggen projektbaseret.<\\\/p>\",\"title\":\"Hvad koster en plantev\\u00e6g?\"}},{\"type\":\"accordion_item\",\"props\":{\"content\":\"\n\n<p>Ved indend\\u00f8rs v\\u00e6gge er det ofte n\\u00f8dvendigt at ops\\u00e6tte ekstra belysning i form af <a href=\\\"https:\\\/\\\/www.led-nyt.dk\\\/plantevaekstlys-og-grolys\\\/\\\" target=\\\"_blank\\\" rel=\\\"noopener\\\">v\\u00e6kstlys<\\\/a>. Dette er for at sikre, at planterne producerer gr\\u00f8nkorn og forbliver gr\\u00f8nne og frodige.<\\\/p>\",\"title\":\"Skal der s\\u00e6ttes ekstra lys p\\u00e5, n\\u00e5r v\\u00e6ggen er i en k\\u00e6lder?\"}},{\"type\":\"accordion_item\",\"props\":{\"content\":\"\n\n<p>Det f\\u00f8rste \\u00e5r st\\u00e5r Nature Impact for drift og pleje af jeres plantev\\u00e6g. Det er for at sikre, at v\\u00e6ggen \\u201cfalder rigtigt til\\u201d og f\\u00e5r de bedste v\\u00e6kstbetingelser. Det er vores professionelle gartnere, der udf\\u00f8rer arbejdet.<\\\/p>\\n\n\n<p>Herefter overtager I enten selv driften, eller I kan lave en ny kontrakt med os.<\\\/p>\",\"title\":\"Hvem skal st\\u00e5 for at vedligeholde v\\u00e6ggen?\"}}]},{\"type\":\"text\",\"props\":{\"column_breakpoint\":\"m\",\"content\":\"\n\n<p>\\u00a0\\u00a0<\\\/p>\\n\n\n<p><\\\/p>\\n\n\n<p><\\\/p>\",\"margin\":\"default\"}},{\"type\":\"headline\",\"props\":{\"content\":\"L\\u00e6s mere om gr\\u00f8nne plantev\\u00e6gge <img src=\\\"\\\/wp-content\\\/uploads\\\/2023\\\/12\\\/Pil.svg\\\" alt=\\\"\\\" width=\\\"100\\\" class=\\\"uk-vertical-align\\\" \\\/>\",\"link\":\"da\\\/plantevaegge\\\/\",\"title_color\":\"warning\",\"title_element\":\"h5\",\"title_style\":\"h2\"}}]}]}]},{\"type\":\"section\",\"props\":{\"image_position\":\"center-center\",\"padding\":\"xsmall\",\"style\":\"primary\",\"title_breakpoint\":\"xl\",\"title_position\":\"top-left\",\"title_rotation\":\"left\",\"vertical_align\":\"middle\",\"width\":\"default\"},\"children\":[{\"type\":\"row\",\"children\":[{\"type\":\"column\",\"props\":{\"image_position\":\"center-center\",\"position_sticky_breakpoint\":\"m\"},\"children\":[{\"type\":\"html\",\"props\":{\"content\":\"\\n\n\n<div style=\\\"float:right;\\\">\\n[wpseo_breadcrumb]\\n<\\\/div>\"}}]}]},{\"type\":\"row\",\"props\":{\"margin\":\"small\",\"margin_remove_top\":false},\"children\":[{\"type\":\"column\",\"props\":{\"image_position\":\"center-center\",\"position_sticky_breakpoint\":\"m\"},\"children\":[{\"type\":\"divider\",\"props\":{\"divider_element\":\"hr\"}}]}]}],\"name\":\"Yoast br\\u00f8dkrumme over footer\"}],\"version\":\"4.5.27\"} --><\/p>\n","protected":false},"excerpt":{"rendered":"<p>SP\u00d8RGSM\u00c5L &amp; SVAR OM PLANTEV\u00c6GGE Plantev\u00e6gge eller gr\u00f8nne v\u00e6gge, begge termer er korrekte. Her finder du vores side med svar p\u00e5 dine sp\u00f8rgsm\u00e5l omkring gr\u00f8nne plantev\u00e6gge. Finder du ikke svar p\u00e5 dit sp\u00f8rgsm\u00e5l, s\u00e5 kontakt os her. Hvad kr\u00e6ver det af v\u00e6ggen, hvor en plantev\u00e6g skal monteres? Uanset om den gr\u00f8nne v\u00e6g skal monteres p\u00e5 [&hellip;]<\/p>\n","protected":false},"author":1,"featured_media":0,"parent":1596,"menu_order":0,"comment_status":"closed","ping_status":"closed","template":"","meta":{"_acf_changed":false,"footnotes":""},"class_list":["post-3131","page","type-page","status-publish","hentry"],"acf":[],"yoast_head":"<!-- This site is optimized with the Yoast SEO plugin v26.6 - https:\/\/yoast.com\/wordpress\/plugins\/seo\/ -->\n<title>Sp\u00f8rgsm\u00e5l &amp; svar om plantev\u00e6gge - Nature Impact<\/title>\n<meta name=\"description\" content=\"Stor FAQ om gr\u00f8nne plantev\u00e6gge. F\u00e5 svar p\u00e5 dine sp\u00f8rgsm\u00e5l om montering, v\u00e6gt, drift og placering af gr\u00f8nne v\u00e6gge ude og inde her.\" \/>\n<meta name=\"robots\" content=\"index, follow, max-snippet:-1, max-image-preview:large, max-video-preview:-1\" \/>\n<link rel=\"canonical\" href=\"https:\/\/natureimpact.com\/da\/plantevaegge\/faq\/\" \/>\n<meta property=\"og:locale\" content=\"da_DK\" \/>\n<meta property=\"og:type\" content=\"article\" \/>\n<meta property=\"og:title\" content=\"Sp\u00f8rgsm\u00e5l &amp; svar om plantev\u00e6gge - Nature Impact\" \/>\n<meta property=\"og:description\" content=\"Stor FAQ om gr\u00f8nne plantev\u00e6gge. F\u00e5 svar p\u00e5 dine sp\u00f8rgsm\u00e5l om montering, v\u00e6gt, drift og placering af gr\u00f8nne v\u00e6gge ude og inde her.\" \/>\n<meta property=\"og:url\" content=\"https:\/\/natureimpact.com\/da\/plantevaegge\/faq\/\" \/>\n<meta property=\"og:site_name\" content=\"Nature Impact\" \/>\n<meta property=\"article:modified_time\" content=\"2025-11-10T14:48:33+00:00\" \/>\n<meta property=\"og:image\" content=\"https:\/\/natureimpact.com\/wp-content\/uploads\/2023\/12\/NI_900px.png\" \/>\n\t<meta property=\"og:image:width\" content=\"929\" \/>\n\t<meta property=\"og:image:height\" content=\"841\" \/>\n\t<meta property=\"og:image:type\" content=\"image\/png\" \/>\n<meta name=\"twitter:card\" content=\"summary_large_image\" \/>\n<meta name=\"twitter:label1\" content=\"Estimeret l\u00e6setid\" \/>\n\t<meta name=\"twitter:data1\" content=\"3 minutter\" \/>\n<script type=\"application\/ld+json\" class=\"yoast-schema-graph\">{\"@context\":\"https:\/\/schema.org\",\"@graph\":[{\"@type\":\"WebPage\",\"@id\":\"https:\/\/natureimpact.com\/da\/plantevaegge\/faq\/\",\"url\":\"https:\/\/natureimpact.com\/da\/plantevaegge\/faq\/\",\"name\":\"Sp\u00f8rgsm\u00e5l &amp; svar om plantev\u00e6gge - Nature Impact\",\"isPartOf\":{\"@id\":\"https:\/\/natureimpact.com\/da\/#website\"},\"datePublished\":\"2024-04-18T09:22:39+00:00\",\"dateModified\":\"2025-11-10T14:48:33+00:00\",\"description\":\"Stor FAQ om gr\u00f8nne plantev\u00e6gge. F\u00e5 svar p\u00e5 dine sp\u00f8rgsm\u00e5l om montering, v\u00e6gt, drift og placering af gr\u00f8nne v\u00e6gge ude og inde her.\",\"breadcrumb\":{\"@id\":\"https:\/\/natureimpact.com\/da\/plantevaegge\/faq\/#breadcrumb\"},\"inLanguage\":\"da-DK\",\"potentialAction\":[{\"@type\":\"ReadAction\",\"target\":[\"https:\/\/natureimpact.com\/da\/plantevaegge\/faq\/\"]}]},{\"@type\":\"BreadcrumbList\",\"@id\":\"https:\/\/natureimpact.com\/da\/plantevaegge\/faq\/#breadcrumb\",\"itemListElement\":[{\"@type\":\"ListItem\",\"position\":1,\"name\":\"Forside\",\"item\":\"https:\/\/natureimpact.com\/da\/\"},{\"@type\":\"ListItem\",\"position\":2,\"name\":\"Plantev\u00e6g\",\"item\":\"https:\/\/natureimpact.com\/da\/plantevaegge\/\"},{\"@type\":\"ListItem\",\"position\":3,\"name\":\"Sp\u00f8rgsm\u00e5l &amp; svar om plantev\u00e6gge\"}]},{\"@type\":\"WebSite\",\"@id\":\"https:\/\/natureimpact.com\/da\/#website\",\"url\":\"https:\/\/natureimpact.com\/da\/\",\"name\":\"Nature Impact\",\"description\":\"\",\"publisher\":{\"@id\":\"https:\/\/natureimpact.com\/da\/#organization\"},\"potentialAction\":[{\"@type\":\"SearchAction\",\"target\":{\"@type\":\"EntryPoint\",\"urlTemplate\":\"https:\/\/natureimpact.com\/da\/?s={search_term_string}\"},\"query-input\":{\"@type\":\"PropertyValueSpecification\",\"valueRequired\":true,\"valueName\":\"search_term_string\"}}],\"inLanguage\":\"da-DK\"},{\"@type\":\"Organization\",\"@id\":\"https:\/\/natureimpact.com\/da\/#organization\",\"name\":\"Nature Impact\",\"url\":\"https:\/\/natureimpact.com\/da\/\",\"logo\":{\"@type\":\"ImageObject\",\"inLanguage\":\"da-DK\",\"@id\":\"https:\/\/natureimpact.com\/da\/#\/schema\/logo\/image\/\",\"url\":\"https:\/\/natureimpact.com\/wp-content\/uploads\/2025\/05\/NI_900px.png\",\"contentUrl\":\"https:\/\/natureimpact.com\/wp-content\/uploads\/2025\/05\/NI_900px.png\",\"width\":929,\"height\":841,\"caption\":\"Nature Impact\"},\"image\":{\"@id\":\"https:\/\/natureimpact.com\/da\/#\/schema\/logo\/image\/\"}}]}<\/script>\n<!-- \/ Yoast SEO plugin. -->","yoast_head_json":{"title":"Sp\u00f8rgsm\u00e5l &amp; svar om plantev\u00e6gge - Nature Impact","description":"Stor FAQ om gr\u00f8nne plantev\u00e6gge. F\u00e5 svar p\u00e5 dine sp\u00f8rgsm\u00e5l om montering, v\u00e6gt, drift og placering af gr\u00f8nne v\u00e6gge ude og inde her.","robots":{"index":"index","follow":"follow","max-snippet":"max-snippet:-1","max-image-preview":"max-image-preview:large","max-video-preview":"max-video-preview:-1"},"canonical":"https:\/\/natureimpact.com\/da\/plantevaegge\/faq\/","og_locale":"da_DK","og_type":"article","og_title":"Sp\u00f8rgsm\u00e5l &amp; svar om plantev\u00e6gge - Nature Impact","og_description":"Stor FAQ om gr\u00f8nne plantev\u00e6gge. F\u00e5 svar p\u00e5 dine sp\u00f8rgsm\u00e5l om montering, v\u00e6gt, drift og placering af gr\u00f8nne v\u00e6gge ude og inde her.","og_url":"https:\/\/natureimpact.com\/da\/plantevaegge\/faq\/","og_site_name":"Nature Impact","article_modified_time":"2025-11-10T14:48:33+00:00","og_image":[{"width":929,"height":841,"url":"https:\/\/natureimpact.com\/wp-content\/uploads\/2023\/12\/NI_900px.png","type":"image\/png"}],"twitter_card":"summary_large_image","twitter_misc":{"Estimeret l\u00e6setid":"3 minutter"},"schema":{"@context":"https:\/\/schema.org","@graph":[{"@type":"WebPage","@id":"https:\/\/natureimpact.com\/da\/plantevaegge\/faq\/","url":"https:\/\/natureimpact.com\/da\/plantevaegge\/faq\/","name":"Sp\u00f8rgsm\u00e5l &amp; svar om plantev\u00e6gge - Nature Impact","isPartOf":{"@id":"https:\/\/natureimpact.com\/da\/#website"},"datePublished":"2024-04-18T09:22:39+00:00","dateModified":"2025-11-10T14:48:33+00:00","description":"Stor FAQ om gr\u00f8nne plantev\u00e6gge. F\u00e5 svar p\u00e5 dine sp\u00f8rgsm\u00e5l om montering, v\u00e6gt, drift og placering af gr\u00f8nne v\u00e6gge ude og inde her.","breadcrumb":{"@id":"https:\/\/natureimpact.com\/da\/plantevaegge\/faq\/#breadcrumb"},"inLanguage":"da-DK","potentialAction":[{"@type":"ReadAction","target":["https:\/\/natureimpact.com\/da\/plantevaegge\/faq\/"]}]},{"@type":"BreadcrumbList","@id":"https:\/\/natureimpact.com\/da\/plantevaegge\/faq\/#breadcrumb","itemListElement":[{"@type":"ListItem","position":1,"name":"Forside","item":"https:\/\/natureimpact.com\/da\/"},{"@type":"ListItem","position":2,"name":"Plantev\u00e6g","item":"https:\/\/natureimpact.com\/da\/plantevaegge\/"},{"@type":"ListItem","position":3,"name":"Sp\u00f8rgsm\u00e5l &amp; svar om plantev\u00e6gge"}]},{"@type":"WebSite","@id":"https:\/\/natureimpact.com\/da\/#website","url":"https:\/\/natureimpact.com\/da\/","name":"Nature Impact","description":"","publisher":{"@id":"https:\/\/natureimpact.com\/da\/#organization"},"potentialAction":[{"@type":"SearchAction","target":{"@type":"EntryPoint","urlTemplate":"https:\/\/natureimpact.com\/da\/?s={search_term_string}"},"query-input":{"@type":"PropertyValueSpecification","valueRequired":true,"valueName":"search_term_string"}}],"inLanguage":"da-DK"},{"@type":"Organization","@id":"https:\/\/natureimpact.com\/da\/#organization","name":"Nature Impact","url":"https:\/\/natureimpact.com\/da\/","logo":{"@type":"ImageObject","inLanguage":"da-DK","@id":"https:\/\/natureimpact.com\/da\/#\/schema\/logo\/image\/","url":"https:\/\/natureimpact.com\/wp-content\/uploads\/2025\/05\/NI_900px.png","contentUrl":"https:\/\/natureimpact.com\/wp-content\/uploads\/2025\/05\/NI_900px.png","width":929,"height":841,"caption":"Nature Impact"},"image":{"@id":"https:\/\/natureimpact.com\/da\/#\/schema\/logo\/image\/"}}]}},"_links":{"self":[{"href":"https:\/\/natureimpact.com\/da\/wp-json\/wp\/v2\/pages\/3131","targetHints":{"allow":["GET"]}}],"collection":[{"href":"https:\/\/natureimpact.com\/da\/wp-json\/wp\/v2\/pages"}],"about":[{"href":"https:\/\/natureimpact.com\/da\/wp-json\/wp\/v2\/types\/page"}],"author":[{"embeddable":true,"href":"https:\/\/natureimpact.com\/da\/wp-json\/wp\/v2\/users\/1"}],"replies":[{"embeddable":true,"href":"https:\/\/natureimpact.com\/da\/wp-json\/wp\/v2\/comments?post=3131"}],"version-history":[{"count":32,"href":"https:\/\/natureimpact.com\/da\/wp-json\/wp\/v2\/pages\/3131\/revisions"}],"predecessor-version":[{"id":9033,"href":"https:\/\/natureimpact.com\/da\/wp-json\/wp\/v2\/pages\/3131\/revisions\/9033"}],"up":[{"embeddable":true,"href":"https:\/\/natureimpact.com\/da\/wp-json\/wp\/v2\/pages\/1596"}],"wp:attachment":[{"href":"https:\/\/natureimpact.com\/da\/wp-json\/wp\/v2\/media?parent=3131"}],"curies":[{"name":"wp","href":"https:\/\/api.w.org\/{rel}","templated":true}]}}