{"id":3066,"date":"2024-03-21T08:12:58","date_gmt":"2024-03-21T08:12:58","guid":{"rendered":"https:\/\/loving-ardinghelli.77-247-67-170.plesk.page\/?page_id=3066"},"modified":"2025-11-10T14:52:19","modified_gmt":"2025-11-10T14:52:19","slug":"drift-vedligehold","status":"publish","type":"page","link":"https:\/\/natureimpact.com\/da\/sedumtage\/drift-vedligehold\/","title":{"rendered":"Drift &#038; vedligehold"},"content":{"rendered":"<h1>Drift og vedligehold<\/h1>\n<div>\n<p>For at opretholde garantien p\u00e5 dit sedumtag fra Nature Impact skal du gennemf\u00f8re og dokumentere drift og vedligehold. Det kan du g\u00f8re herunder. Vedligeholdelsesplanen udfyldes 2 gange \u00e5rligt med henblik p\u00e5 at opretholde 5-\u00e5rs garantien.<\/p>\n<p>Vil du vide mere om drift og vedligeholdelse af dit sedumtag, kan du <a href=\"https:\/\/natureimpact.com\/pdf\/dk\/DV-2024.pdf\">downloade vores drift og vedligeholdelseplan her.<\/a><\/p>\n<\/div>\n<div>\n<p>    <script src=\"https:\/\/www.cognitoforms.com\/f\/seamless.js\" data-key=\"Rit41ugChUecoVYKMoXKcQ\" data-form=\"9\"><\/script>\n<\/div>\n<h5><a href=\"\/da\/sedumtage\/\">L\u00e6s om vores sedumtag <img decoding=\"async\" src=\"\/wp-content\/uploads\/2023\/12\/Pil.svg\" alt=\"\" width=\"100\" class=\"uk-vertical-align\" \/><\/a><\/h5>\n<div>\n<div style=\"float:right;\">\n<span><span><a href=\"https:\/\/natureimpact.com\/da\/\">Forside<\/a><\/span><\/span>\n<\/div>\n<\/div>\n<hr>\n<p><!--more--><br \/>\n<!-- {\"type\":\"layout\",\"children\":[{\"type\":\"section\",\"props\":{\"height\":\"pixels\",\"height_viewport\":600,\"image\":\"wp-content\\\/uploads\\\/2024\\\/04\\\/Gront-tag-Kobenhavn.jpg\",\"image_effect\":\"fixed\",\"image_position\":\"center-center\",\"image_size\":\"cover\",\"padding\":\"large\",\"padding_remove_horizontal\":true,\"style\":\"default\",\"title_breakpoint\":\"xl\",\"title_position\":\"top-left\",\"title_rotation\":\"left\",\"vertical_align\":\"middle\",\"width\":\"default\"},\"children\":[{\"type\":\"row\",\"children\":[{\"type\":\"column\",\"props\":{\"image_position\":\"center-center\",\"position_sticky_breakpoint\":\"m\"}}]}]},{\"type\":\"section\",\"props\":{\"image\":\"wp-content\\\/uploads\\\/2023\\\/12\\\/NI_White.svg\",\"image_position\":\"center-center\",\"image_size\":\"cover\",\"style\":\"default\",\"title_breakpoint\":\"xl\",\"title_position\":\"top-left\",\"title_rotation\":\"left\",\"vertical_align\":\"\",\"width\":\"small\"},\"children\":[{\"type\":\"row\",\"children\":[{\"type\":\"column\",\"props\":{\"image_position\":\"center-center\",\"position_sticky_breakpoint\":\"m\"},\"children\":[{\"type\":\"fragment\",\"props\":{\"animation\":\"parallax\",\"margin\":\"default\",\"parallax_y\":\"-290,-290\"},\"children\":[{\"type\":\"row\",\"props\":{\"column_gap\":\"large\",\"parallax\":false,\"parallax_end\":\"1000px\",\"parallax_start\":\"1000px\",\"row_gap\":\"large\",\"width\":\"small\"},\"children\":[{\"type\":\"column\",\"props\":{\"image_position\":\"center-center\",\"position_sticky_breakpoint\":\"m\",\"preserve_color\":false,\"style\":\"tile-muted\"},\"children\":[{\"type\":\"headline\",\"props\":{\"block_align\":\"center\",\"content\":\"Drift og vedligehold\",\"maxwidth\":\"2xlarge\",\"title_color\":\"danger\",\"title_element\":\"h1\"}},{\"type\":\"text\",\"props\":{\"block_align\":\"center\",\"column_breakpoint\":\"m\",\"content\":\"\n\n<p>For at opretholde garantien p\\u00e5 dit sedumtag fra Nature Impact skal du gennemf\\u00f8re og dokumentere drift og vedligehold. Det kan du g\\u00f8re herunder. Vedligeholdelsesplanen udfyldes 2 gange \\u00e5rligt med henblik p\\u00e5 at opretholde 5-\\u00e5rs garantien.<\\\/p>\\n\n\n<p>Vil du vide mere om drift og vedligeholdelse af dit sedumtag, kan du <a href=\\\"https:\\\/\\\/natureimpact.com\\\/pdf\\\/dk\\\/DV-2024.pdf\\\">downloade vores drift og vedligeholdelseplan her.<\\\/a><\\\/p>\",\"margin\":\"default\",\"maxwidth\":\"2xlarge\",\"text_color\":\"emphasis\",\"text_style\":\"large\"}},{\"type\":\"html\",\"props\":{\"content\":\"<script src=\\\"https:\\\/\\\/www.cognitoforms.com\\\/f\\\/seamless.js\\\" data-key=\\\"Rit41ugChUecoVYKMoXKcQ\\\" data-form=\\\"9\\\"><\\\/script>\"}}]}]}]},{\"type\":\"headline\",\"props\":{\"content\":\"L\\u00e6s om vores sedumtag <img src=\\\"\\\/wp-content\\\/uploads\\\/2023\\\/12\\\/Pil.svg\\\" alt=\\\"\\\" width=\\\"100\\\" class=\\\"uk-vertical-align\\\" \\\/>\",\"link\":\"da\\\/sedumtage\\\/\",\"link_style\":true,\"title_color\":\"warning\",\"title_element\":\"h5\",\"title_style\":\"h2\"}}]}]}]},{\"type\":\"section\",\"props\":{\"image_position\":\"center-center\",\"padding\":\"xsmall\",\"style\":\"primary\",\"title_breakpoint\":\"xl\",\"title_position\":\"top-left\",\"title_rotation\":\"left\",\"vertical_align\":\"middle\",\"width\":\"default\"},\"children\":[{\"type\":\"row\",\"children\":[{\"type\":\"column\",\"props\":{\"image_position\":\"center-center\",\"position_sticky_breakpoint\":\"m\"},\"children\":[{\"type\":\"html\",\"props\":{\"content\":\"\\n\n\n<div style=\\\"float:right;\\\">\\n[wpseo_breadcrumb]\\n<\\\/div>\"}}]}]},{\"type\":\"row\",\"props\":{\"margin\":\"small\",\"margin_remove_top\":false},\"children\":[{\"type\":\"column\",\"props\":{\"image_position\":\"center-center\",\"position_sticky_breakpoint\":\"m\"},\"children\":[{\"type\":\"divider\",\"props\":{\"divider_element\":\"hr\"}}]}]}],\"name\":\"Yoast br\\u00f8dkrumme over footer\"}],\"version\":\"4.5.27\"} --><\/p>\n","protected":false},"excerpt":{"rendered":"<p>Drift og vedligehold For at opretholde garantien p\u00e5 dit sedumtag fra Nature Impact skal du gennemf\u00f8re og dokumentere drift og vedligehold. Det kan du g\u00f8re herunder. Vedligeholdelsesplanen udfyldes 2 gange \u00e5rligt med henblik p\u00e5 at opretholde 5-\u00e5rs garantien. Vil du vide mere om drift og vedligeholdelse af dit sedumtag, kan du downloade vores drift og [&hellip;]<\/p>\n","protected":false},"author":1,"featured_media":0,"parent":1594,"menu_order":0,"comment_status":"closed","ping_status":"closed","template":"","meta":{"_acf_changed":false,"footnotes":""},"class_list":["post-3066","page","type-page","status-publish","hentry"],"acf":[],"yoast_head":"<!-- This site is optimized with the Yoast SEO plugin v26.6 - https:\/\/yoast.com\/wordpress\/plugins\/seo\/ -->\n<title>Drift og vedligehold af sedumtage gjort enkelt og effektivt<\/title>\n<meta name=\"description\" content=\"For at opretholde garantien p\u00e5 dit sedumtag fra Nature Impact skal du gennemf\u00f8re og dokumentere drift og vedligehold. Udfyld informationerne.\" \/>\n<meta name=\"robots\" content=\"index, follow, max-snippet:-1, max-image-preview:large, max-video-preview:-1\" \/>\n<link rel=\"canonical\" href=\"https:\/\/natureimpact.com\/da\/sedumtage\/drift-vedligehold\/\" \/>\n<meta property=\"og:locale\" content=\"da_DK\" \/>\n<meta property=\"og:type\" content=\"article\" \/>\n<meta property=\"og:title\" content=\"Drift og vedligehold af sedumtage gjort enkelt og effektivt\" \/>\n<meta property=\"og:description\" content=\"For at opretholde garantien p\u00e5 dit sedumtag fra Nature Impact skal du gennemf\u00f8re og dokumentere drift og vedligehold. Udfyld informationerne.\" \/>\n<meta property=\"og:url\" content=\"https:\/\/natureimpact.com\/da\/sedumtage\/drift-vedligehold\/\" \/>\n<meta property=\"og:site_name\" content=\"Nature Impact\" \/>\n<meta property=\"article:modified_time\" content=\"2025-11-10T14:52:19+00:00\" \/>\n<meta property=\"og:image\" content=\"https:\/\/natureimpact.com\/wp-content\/uploads\/2023\/12\/NI_900px.png\" \/>\n\t<meta property=\"og:image:width\" content=\"929\" \/>\n\t<meta property=\"og:image:height\" content=\"841\" \/>\n\t<meta property=\"og:image:type\" content=\"image\/png\" \/>\n<meta name=\"twitter:card\" content=\"summary_large_image\" \/>\n<meta name=\"twitter:label1\" content=\"Estimeret l\u00e6setid\" \/>\n\t<meta name=\"twitter:data1\" content=\"1 minut\" \/>\n<script type=\"application\/ld+json\" class=\"yoast-schema-graph\">{\"@context\":\"https:\/\/schema.org\",\"@graph\":[{\"@type\":\"WebPage\",\"@id\":\"https:\/\/natureimpact.com\/da\/sedumtage\/drift-vedligehold\/\",\"url\":\"https:\/\/natureimpact.com\/da\/sedumtage\/drift-vedligehold\/\",\"name\":\"Drift og vedligehold af sedumtage gjort enkelt og effektivt\",\"isPartOf\":{\"@id\":\"https:\/\/natureimpact.com\/da\/#website\"},\"datePublished\":\"2024-03-21T08:12:58+00:00\",\"dateModified\":\"2025-11-10T14:52:19+00:00\",\"description\":\"For at opretholde garantien p\u00e5 dit sedumtag fra Nature Impact skal du gennemf\u00f8re og dokumentere drift og vedligehold. Udfyld informationerne.\",\"breadcrumb\":{\"@id\":\"https:\/\/natureimpact.com\/da\/sedumtage\/drift-vedligehold\/#breadcrumb\"},\"inLanguage\":\"da-DK\",\"potentialAction\":[{\"@type\":\"ReadAction\",\"target\":[\"https:\/\/natureimpact.com\/da\/sedumtage\/drift-vedligehold\/\"]}]},{\"@type\":\"BreadcrumbList\",\"@id\":\"https:\/\/natureimpact.com\/da\/sedumtage\/drift-vedligehold\/#breadcrumb\",\"itemListElement\":[{\"@type\":\"ListItem\",\"position\":1,\"name\":\"Forside\",\"item\":\"https:\/\/natureimpact.com\/da\/\"},{\"@type\":\"ListItem\",\"position\":2,\"name\":\"Sedumtag\",\"item\":\"https:\/\/natureimpact.com\/da\/sedumtage\/\"},{\"@type\":\"ListItem\",\"position\":3,\"name\":\"Drift &#038; vedligehold\"}]},{\"@type\":\"WebSite\",\"@id\":\"https:\/\/natureimpact.com\/da\/#website\",\"url\":\"https:\/\/natureimpact.com\/da\/\",\"name\":\"Nature Impact\",\"description\":\"\",\"publisher\":{\"@id\":\"https:\/\/natureimpact.com\/da\/#organization\"},\"potentialAction\":[{\"@type\":\"SearchAction\",\"target\":{\"@type\":\"EntryPoint\",\"urlTemplate\":\"https:\/\/natureimpact.com\/da\/?s={search_term_string}\"},\"query-input\":{\"@type\":\"PropertyValueSpecification\",\"valueRequired\":true,\"valueName\":\"search_term_string\"}}],\"inLanguage\":\"da-DK\"},{\"@type\":\"Organization\",\"@id\":\"https:\/\/natureimpact.com\/da\/#organization\",\"name\":\"Nature Impact\",\"url\":\"https:\/\/natureimpact.com\/da\/\",\"logo\":{\"@type\":\"ImageObject\",\"inLanguage\":\"da-DK\",\"@id\":\"https:\/\/natureimpact.com\/da\/#\/schema\/logo\/image\/\",\"url\":\"https:\/\/natureimpact.com\/wp-content\/uploads\/2025\/05\/NI_900px.png\",\"contentUrl\":\"https:\/\/natureimpact.com\/wp-content\/uploads\/2025\/05\/NI_900px.png\",\"width\":929,\"height\":841,\"caption\":\"Nature Impact\"},\"image\":{\"@id\":\"https:\/\/natureimpact.com\/da\/#\/schema\/logo\/image\/\"}}]}<\/script>\n<!-- \/ Yoast SEO plugin. -->","yoast_head_json":{"title":"Drift og vedligehold af sedumtage gjort enkelt og effektivt","description":"For at opretholde garantien p\u00e5 dit sedumtag fra Nature Impact skal du gennemf\u00f8re og dokumentere drift og vedligehold. Udfyld informationerne.","robots":{"index":"index","follow":"follow","max-snippet":"max-snippet:-1","max-image-preview":"max-image-preview:large","max-video-preview":"max-video-preview:-1"},"canonical":"https:\/\/natureimpact.com\/da\/sedumtage\/drift-vedligehold\/","og_locale":"da_DK","og_type":"article","og_title":"Drift og vedligehold af sedumtage gjort enkelt og effektivt","og_description":"For at opretholde garantien p\u00e5 dit sedumtag fra Nature Impact skal du gennemf\u00f8re og dokumentere drift og vedligehold. Udfyld informationerne.","og_url":"https:\/\/natureimpact.com\/da\/sedumtage\/drift-vedligehold\/","og_site_name":"Nature Impact","article_modified_time":"2025-11-10T14:52:19+00:00","og_image":[{"width":929,"height":841,"url":"https:\/\/natureimpact.com\/wp-content\/uploads\/2023\/12\/NI_900px.png","type":"image\/png"}],"twitter_card":"summary_large_image","twitter_misc":{"Estimeret l\u00e6setid":"1 minut"},"schema":{"@context":"https:\/\/schema.org","@graph":[{"@type":"WebPage","@id":"https:\/\/natureimpact.com\/da\/sedumtage\/drift-vedligehold\/","url":"https:\/\/natureimpact.com\/da\/sedumtage\/drift-vedligehold\/","name":"Drift og vedligehold af sedumtage gjort enkelt og effektivt","isPartOf":{"@id":"https:\/\/natureimpact.com\/da\/#website"},"datePublished":"2024-03-21T08:12:58+00:00","dateModified":"2025-11-10T14:52:19+00:00","description":"For at opretholde garantien p\u00e5 dit sedumtag fra Nature Impact skal du gennemf\u00f8re og dokumentere drift og vedligehold. Udfyld informationerne.","breadcrumb":{"@id":"https:\/\/natureimpact.com\/da\/sedumtage\/drift-vedligehold\/#breadcrumb"},"inLanguage":"da-DK","potentialAction":[{"@type":"ReadAction","target":["https:\/\/natureimpact.com\/da\/sedumtage\/drift-vedligehold\/"]}]},{"@type":"BreadcrumbList","@id":"https:\/\/natureimpact.com\/da\/sedumtage\/drift-vedligehold\/#breadcrumb","itemListElement":[{"@type":"ListItem","position":1,"name":"Forside","item":"https:\/\/natureimpact.com\/da\/"},{"@type":"ListItem","position":2,"name":"Sedumtag","item":"https:\/\/natureimpact.com\/da\/sedumtage\/"},{"@type":"ListItem","position":3,"name":"Drift &#038; vedligehold"}]},{"@type":"WebSite","@id":"https:\/\/natureimpact.com\/da\/#website","url":"https:\/\/natureimpact.com\/da\/","name":"Nature Impact","description":"","publisher":{"@id":"https:\/\/natureimpact.com\/da\/#organization"},"potentialAction":[{"@type":"SearchAction","target":{"@type":"EntryPoint","urlTemplate":"https:\/\/natureimpact.com\/da\/?s={search_term_string}"},"query-input":{"@type":"PropertyValueSpecification","valueRequired":true,"valueName":"search_term_string"}}],"inLanguage":"da-DK"},{"@type":"Organization","@id":"https:\/\/natureimpact.com\/da\/#organization","name":"Nature Impact","url":"https:\/\/natureimpact.com\/da\/","logo":{"@type":"ImageObject","inLanguage":"da-DK","@id":"https:\/\/natureimpact.com\/da\/#\/schema\/logo\/image\/","url":"https:\/\/natureimpact.com\/wp-content\/uploads\/2025\/05\/NI_900px.png","contentUrl":"https:\/\/natureimpact.com\/wp-content\/uploads\/2025\/05\/NI_900px.png","width":929,"height":841,"caption":"Nature Impact"},"image":{"@id":"https:\/\/natureimpact.com\/da\/#\/schema\/logo\/image\/"}}]}},"_links":{"self":[{"href":"https:\/\/natureimpact.com\/da\/wp-json\/wp\/v2\/pages\/3066","targetHints":{"allow":["GET"]}}],"collection":[{"href":"https:\/\/natureimpact.com\/da\/wp-json\/wp\/v2\/pages"}],"about":[{"href":"https:\/\/natureimpact.com\/da\/wp-json\/wp\/v2\/types\/page"}],"author":[{"embeddable":true,"href":"https:\/\/natureimpact.com\/da\/wp-json\/wp\/v2\/users\/1"}],"replies":[{"embeddable":true,"href":"https:\/\/natureimpact.com\/da\/wp-json\/wp\/v2\/comments?post=3066"}],"version-history":[{"count":30,"href":"https:\/\/natureimpact.com\/da\/wp-json\/wp\/v2\/pages\/3066\/revisions"}],"predecessor-version":[{"id":9009,"href":"https:\/\/natureimpact.com\/da\/wp-json\/wp\/v2\/pages\/3066\/revisions\/9009"}],"up":[{"embeddable":true,"href":"https:\/\/natureimpact.com\/da\/wp-json\/wp\/v2\/pages\/1594"}],"wp:attachment":[{"href":"https:\/\/natureimpact.com\/da\/wp-json\/wp\/v2\/media?parent=3066"}],"curies":[{"name":"wp","href":"https:\/\/api.w.org\/{rel}","templated":true}]}}