{"id":2785,"date":"2024-03-19T07:28:07","date_gmt":"2024-03-19T07:28:07","guid":{"rendered":"https:\/\/loving-ardinghelli.77-247-67-170.plesk.page\/?page_id=2785"},"modified":"2026-02-18T09:45:46","modified_gmt":"2026-02-18T09:45:46","slug":"nexus-cph","status":"publish","type":"page","link":"https:\/\/natureimpact.com\/da\/cases\/sedumtage\/nexus-cph\/","title":{"rendered":"Nexus CPH"},"content":{"rendered":"<p><img decoding=\"async\" src=\"\/wp-content\/uploads\/ikon-animeret.gif\" alt=\"\"><\/p>\n<ul>\n<li>\n        <a href=\"\/da\/sedumtage\/\">Mere om sedumtaget her<\/a>\n    <\/li>\n<li>\n        <a href=\"\/da\/om-os\/download-materiale\/\">G\u00e5 til downloads<\/a>\n    <\/li>\n<\/ul>\n<h1>Gr\u00f8nt tag til Nexus CPH mellem <span>Kalvebod Brygge og midtbyen<\/span><\/h1>\n<h2>DGNB Guld &#8211; med moderne bakkel\u00f8sninger<\/h2>\n<div>\n<p>Nexus CPH bygningen er blevet et elegant fyrt\u00e5rn p\u00e5 gr\u00e6nsen mellem Kalvebod Brygge og K\u00f8benhavns midtby. Bygningen, som til daglig er arbejdsplads for over 2.000 medarbejdere i Banedanmark, Trafikstyrelsen, Bygningsstyrelsen, Vejdirektoratet og Energistyrelsen, stod f\u00e6rdigt i sommeren 2019.<\/p>\n<p>Arkitekterne har valgt at bekl\u00e6de bygningens facader med tegl i markante vertikale linjer, der giver et karakteristisk geometrisk udtryk. Men midt mellem byggeriets fire hovedbygninger p\u00e5 hver otte etager bliver det geometriske brudt af et organisk element i form af de gr\u00f8nne gangbroer, som forbinder bygningerne.<\/p>\n<\/div>\n<h2>Byggeri med b\u00e6redygtige ambitioner<\/h2>\n<div>\n<p>Nexus CPH er resultatet af et vellykket OPP-samarbejde med en markant, b\u00e6redygtig ambition, der har opn\u00e5et DGNB Guld certificering for b\u00e6redygtigt byggeri. Derfor var valget af gr\u00f8nne sedumtage oplagt.<\/p>\n<p>Bygningen er bekl\u00e6dt med Nature Roof 60 mm, som blomstrer fra for\u00e5r til det sene efter\u00e5r. Farvenuancerne vil variere fra hvide og violette til gule og lilla farver. De 2000 m2 Nature Roof blev udlagt p\u00e5 kun 2 dage.<\/p>\n<\/div>\n<div>\n<p><strong>Fakta<\/strong><br \/>Den elegante Nexus bygning fik lagt gr\u00f8nt tag p\u00e5 bare to dage. Byggeriet er DGNB guld certificeret.<\/p>\n<p><strong>Indviet<\/strong><br \/>2019<\/p>\n<p><strong>Arkitekter<\/strong><br \/><a href=\"https:\/\/www.arkitema.com\/dk\" target=\"_blank\" rel=\"noopener\">Arkitema<\/a><\/p>\n<p><strong>Entreprise<br \/><\/strong><a href=\"https:\/\/hetagtagdaekning.dk\/firmaer\/hetag-fyn\/\" target=\"_blank\" rel=\"noopener\">Hetag Byens Tag<\/a><\/p>\n<p><strong>Leveret<\/strong><br \/>2000 m2 gr\u00f8nt tag<\/p>\n<p><strong>Type<\/strong><br \/><a href=\"\/da\/sedumtage\/nature-roof\/\">Nature Roof 60 mm<\/a><\/p>\n<\/div>\n<h1>\n<h2 style=\"text-align: center;\">Billede og video af det gr\u00f8nne tag<\/p>\n<\/h2>\n<\/h1>\n<p><iframe src=\"https:\/\/www.youtube.com\/watch?v=5CFw7GqrVJk\"><\/iframe><br \/>\n<img decoding=\"async\" src=\"\/wp-content\/uploads\/2024\/04\/Bygningsstyrelsen-gangbroer-1.jpg\" alt=\"Sedumtag p\u00e5 Nexus CPH i K\u00f8benhavn\"><\/p>\n<div>\n<p style=\"text-align: center;\"><a href=\"https:\/\/natureimpact.com\/da\/cases\/sedumtage\/kroeyers-plads\/\">Se ogs\u00e5 et andet sedumtag i K\u00f8benhavn<\/a><\/p>\n<\/div>\n<div>\n<p>        <img decoding=\"async\" src=\"\/wp-content\/uploads\/Download-ikoner_Datablad.svg\" alt=\"\"><\/p>\n<div>Datablad<\/div>\n<p><a href=\"\/pdf\/dk\/Datablad_Nature Roof_60 mm_2024.pdf\"><\/a><\/p>\n<\/div>\n<div>\n<p>        <img decoding=\"async\" src=\"\/wp-content\/uploads\/Download-ikoner_EPD.svg\" alt=\"\"><\/p>\n<div>EPD<\/div>\n<p><a href=\"\/pdf\/dk\/EPD_Nature Impact_Green roofs.pdf\"><\/a><\/p>\n<\/div>\n<div>\n<p>        <img decoding=\"async\" src=\"\/wp-content\/uploads\/Download-ikoner_Brand.svg\" alt=\"\"><\/p>\n<div>Brandgodkendelse<\/div>\n<p><a href=\"\/pdf\/dk\/60 mm Brandgodkendelse Broof(t2).pdf\"><\/a><\/p>\n<\/div>\n<div>\n<p>        <img decoding=\"async\" src=\"\/wp-content\/uploads\/2024\/02\/Poul-Erik-Halkjaer.jpg\" alt=\"\"><\/p>\n<h2>Har du sp\u00f8rgsm\u00e5l om sedumtag?<\/h2>\n<div>\n<p><strong>Poul Erik Halkj\u00e6r<\/strong> Key Account<br \/><a href=\"mailto:peh@natureimpact.com\">peh@natureimpact.com<\/a><br \/><a href=\"tel:+4554557699\">+45 5455 7699<\/a><\/p>\n<\/div>\n<\/div>\n<div>\n<div style=\"float:right;\">\n<span><span><a href=\"https:\/\/natureimpact.com\/da\/\">Forside<\/a><\/span><\/span>\n<\/div>\n<\/div>\n<hr>\n<p><!--more--><br \/>\n<!-- {\"type\":\"layout\",\"children\":[{\"type\":\"section\",\"props\":{\"image\":\"wp-content\\\/uploads\\\/2024\\\/04\\\/Gront-tag-Kobenhavn.jpg\",\"image_position\":\"center-center\",\"image_size\":\"cover\",\"padding\":\"large\",\"padding_remove_horizontal\":true,\"style\":\"default\",\"title_breakpoint\":\"xl\",\"title_position\":\"top-left\",\"title_rotation\":\"left\",\"vertical_align\":\"\",\"width\":\"default\"},\"children\":[{\"type\":\"row\",\"children\":[{\"type\":\"column\",\"props\":{\"image_position\":\"center-center\",\"position_sticky_breakpoint\":\"m\"},\"children\":[{\"type\":\"image\",\"props\":{\"animation\":\"parallax\",\"class\":\"uk-visible@s\",\"image\":\"wp-content\\\/uploads\\\/ikon-animeret.gif\",\"image_svg_color\":\"emphasis\",\"image_width\":\"300\",\"margin\":\"\",\"parallax_y\":\"600,600\",\"position\":\"relative\",\"position_bottom\":\"-600\",\"position_left\":\"50\",\"position_z_index\":\"1\",\"text_align\":\"right\"},\"name\":\"Emblem til faktaboks\"}]}]}]},{\"type\":\"section\",\"props\":{\"image_position\":\"center-center\",\"padding\":\"large\",\"padding_remove_top\":true,\"style\":\"default\",\"title_breakpoint\":\"xl\",\"title_position\":\"top-left\",\"title_rotation\":\"left\",\"vertical_align\":\"\",\"width\":\"default\"},\"children\":[{\"type\":\"row\",\"props\":{\"column_gap\":\"large\",\"layout\":\"3-5,2-5\"},\"children\":[{\"type\":\"column\",\"props\":{\"image_position\":\"center-center\",\"padding\":\"large\",\"position_sticky_breakpoint\":\"m\",\"style\":\"tile-default\",\"width_medium\":\"3-5\"},\"children\":[{\"type\":\"subnav\",\"props\":{\"margin\":\"medium\",\"subnav_style\":\"pill\"},\"children\":[{\"type\":\"subnav_item\",\"props\":{\"content\":\"Mere om sedumtaget her\",\"link\":\"da\\\/sedumtage\\\/\"}},{\"type\":\"subnav_item\",\"props\":{\"content\":\"G\\u00e5 til downloads\",\"link\":\"da\\\/om-os\\\/download-materiale\\\/\"}}],\"name\":\"DK - subnav cases sedumtage\"},{\"type\":\"headline\",\"props\":{\"content\":\"Gr\\u00f8nt tag til Nexus CPH mellem <span>Kalvebod Brygge og midtbyen<\\\/span>\",\"margin\":\"small\",\"margin_remove_bottom\":false,\"title_color\":\"warning\",\"title_element\":\"h1\",\"title_style\":\"heading-small\"}},{\"type\":\"headline\",\"props\":{\"content\":\"DGNB Guld - med moderne bakkel\\u00f8sninger\",\"margin_remove_top\":true,\"title_color\":\"primary\",\"title_element\":\"h2\",\"title_style\":\"h5\"}},{\"type\":\"text\",\"props\":{\"column_breakpoint\":\"m\",\"content\":\"\n\n<p>Nexus CPH bygningen er blevet et elegant fyrt\\u00e5rn p\\u00e5 gr\\u00e6nsen mellem Kalvebod Brygge og K\\u00f8benhavns midtby. Bygningen, som til daglig er arbejdsplads for over 2.000 medarbejdere i Banedanmark, Trafikstyrelsen, Bygningsstyrelsen, Vejdirektoratet og Energistyrelsen, stod f\\u00e6rdigt i sommeren 2019.<\\\/p>\\n\n\n<p>Arkitekterne har valgt at bekl\\u00e6de bygningens facader med tegl i markante vertikale linjer, der giver et karakteristisk geometrisk udtryk. Men midt mellem byggeriets fire hovedbygninger p\\u00e5 hver otte etager bliver det geometriske brudt af et organisk element i form af de gr\\u00f8nne gangbroer, som forbinder bygningerne.<\\\/p>\",\"margin\":\"default\",\"text_color\":\"emphasis\"}},{\"type\":\"headline\",\"props\":{\"content\":\"Byggeri med b\\u00e6redygtige ambitioner\",\"margin_remove_top\":true,\"title_color\":\"primary\",\"title_element\":\"h2\",\"title_style\":\"h5\"}},{\"type\":\"text\",\"props\":{\"column_breakpoint\":\"m\",\"content\":\"\n\n<p>Nexus CPH er resultatet af et vellykket OPP-samarbejde med en markant, b\\u00e6redygtig ambition, der har opn\\u00e5et DGNB Guld certificering for b\\u00e6redygtigt byggeri. Derfor var valget af gr\\u00f8nne sedumtage oplagt.<\\\/p>\\n\n\n<p>Bygningen er bekl\\u00e6dt med Nature Roof 60 mm, som blomstrer fra for\\u00e5r til det sene efter\\u00e5r. Farvenuancerne vil variere fra hvide og violette til gule og lilla farver. De 2000 m2 Nature Roof blev udlagt p\\u00e5 kun 2 dage.<\\\/p>\",\"margin\":\"default\",\"text_color\":\"emphasis\"}}]},{\"type\":\"column\",\"props\":{\"image_position\":\"center-center\",\"padding\":\"large\",\"position_sticky_breakpoint\":\"m\",\"style\":\"tile-secondary\",\"width_medium\":\"2-5\"},\"children\":[{\"type\":\"fragment\",\"props\":{\"margin\":\"default\"},\"children\":[{\"type\":\"row\",\"props\":{\"layout\":\"5-6,1-6|4-5,1-5\"},\"children\":[{\"type\":\"column\",\"props\":{\"image_position\":\"center-center\",\"position_sticky_breakpoint\":\"m\",\"width_medium\":\"5-6\",\"width_small\":\"4-5\"},\"children\":[{\"type\":\"text\",\"props\":{\"column_breakpoint\":\"m\",\"content\":\"\n\n<p><strong>Fakta<\\\/strong><br \\\/>Den elegante Nexus bygning fik lagt gr\\u00f8nt tag p\\u00e5 bare to dage. Byggeriet er DGNB guld certificeret.<\\\/p>\\n\n\n<p><strong>Indviet<\\\/strong><br \\\/>2019<\\\/p>\\n\n\n<p><strong>Arkitekter<\\\/strong><br \\\/><a href=\\\"https:\\\/\\\/www.arkitema.com\\\/dk\\\" target=\\\"_blank\\\" rel=\\\"noopener\\\">Arkitema<\\\/a><\\\/p>\\n\n\n<p><strong>Entreprise<br \\\/><\\\/strong><a href=\\\"https:\\\/\\\/hetagtagdaekning.dk\\\/firmaer\\\/hetag-fyn\\\/\\\" target=\\\"_blank\\\" rel=\\\"noopener\\\">Hetag Byens Tag<\\\/a><\\\/p>\\n\n\n<p><strong>Leveret<\\\/strong><br \\\/>2000 m2 gr\\u00f8nt tag<\\\/p>\\n\n\n<p><strong>Type<\\\/strong><br \\\/><a href=\\\"da\\\/sedumtage\\\/nature-roof\\\/\\\">Nature Roof 60 mm<\\\/a><\\\/p>\",\"margin\":\"default\",\"text_color\":\"emphasis\",\"text_style\":\"large\"}}]},{\"type\":\"column\",\"props\":{\"image_position\":\"center-center\",\"position_sticky_breakpoint\":\"m\",\"width_medium\":\"1-6\",\"width_small\":\"1-5\"}}]}]}]}]}]},{\"type\":\"section\",\"props\":{\"image_position\":\"center-center\",\"padding\":\"large\",\"style\":\"default\",\"title_breakpoint\":\"xl\",\"title_position\":\"top-left\",\"title_rotation\":\"left\",\"vertical_align\":\"\",\"width\":\"\"},\"children\":[{\"type\":\"row\",\"children\":[{\"type\":\"column\",\"props\":{\"image_position\":\"center-center\",\"position_sticky_breakpoint\":\"m\"},\"children\":[{\"type\":\"headline\",\"props\":{\"content\":\"\n\n<h2 style=\\\"text-align: center;\\\">Billede og video af det gr\\u00f8nne tag<br \\\/><br \\\/><\\\/h2>\",\"title_element\":\"h1\"}},{\"type\":\"video\",\"props\":{\"margin\":\"default\",\"text_align\":\"center\",\"video\":\"https:\\\/\\\/www.youtube.com\\\/watch?v=5CFw7GqrVJk\",\"video_box_shadow\":\"large\",\"video_controls\":true,\"video_height\":\"800\",\"video_width\":\"1200\"}},{\"type\":\"image\",\"props\":{\"image\":\"wp-content\\\/uploads\\\/2024\\\/04\\\/Bygningsstyrelsen-gangbroer-1.jpg\",\"image_alt\":\"Sedumtag p\\u00e5 Nexus CPH i K\\u00f8benhavn\",\"image_box_shadow\":\"large\",\"image_height\":800,\"image_svg_color\":\"emphasis\",\"image_width\":1200,\"margin\":\"default\",\"text_align\":\"center\"}},{\"type\":\"text\",\"props\":{\"column_breakpoint\":\"m\",\"content\":\"\n\n<p style=\\\"text-align: center;\\\"><a href=\\\"https:\\\/\\\/natureimpact.com\\\/da\\\/cases\\\/sedumtage\\\/kroeyers-plads\\\/\\\">Se ogs\\u00e5 et andet sedumtag i K\\u00f8benhavn<\\\/a><\\\/p>\",\"margin\":\"default\"}}]}]}]},{\"type\":\"section\",\"props\":{\"id\":\"downloads\",\"image_position\":\"center-center\",\"padding\":\"small\",\"preserve_color\":false,\"style\":\"muted\",\"title_breakpoint\":\"xl\",\"title_position\":\"top-left\",\"title_rotation\":\"left\",\"vertical_align\":\"\",\"width\":\"default\"},\"children\":[{\"type\":\"row\",\"props\":{\"column_gap\":\"large\",\"divider\":true,\"layout\":\"1-2,1-2\"},\"children\":[{\"type\":\"column\",\"props\":{\"image_position\":\"center-center\",\"position_sticky_breakpoint\":\"m\",\"vertical_align\":\"middle\",\"width_medium\":\"1-2\"},\"children\":[{\"type\":\"fragment\",\"props\":{\"margin\":\"default\"},\"children\":[{\"type\":\"row\",\"props\":{\"layout\":\"1-3,1-3,1-3\"},\"children\":[{\"type\":\"column\",\"props\":{\"image_position\":\"center-center\",\"position_sticky_breakpoint\":\"m\",\"width_medium\":\"1-3\"},\"children\":[{\"type\":\"panel\",\"props\":{\"content_column_breakpoint\":\"m\",\"icon_width\":80,\"image\":\"wp-content\\\/uploads\\\/Download-ikoner_Datablad.svg\",\"image_align\":\"top\",\"image_grid_breakpoint\":\"m\",\"image_grid_width\":\"1-2\",\"image_height\":\"50\",\"image_svg_animate\":false,\"image_svg_color\":\"\",\"image_svg_inline\":true,\"image_transition\":\"scale-up\",\"link\":\"\\\/pdf\\\/dk\\\/Datablad_Nature Roof_60 mm_2024.pdf\",\"link_style\":\"default\",\"link_text\":\"\",\"margin\":\"default\",\"meta_align\":\"below-title\",\"meta_element\":\"div\",\"meta_style\":\"text-meta\",\"panel_link\":true,\"text_align\":\"center\",\"title\":\"Datablad\",\"title_align\":\"top\",\"title_element\":\"div\",\"title_grid_breakpoint\":\"m\",\"title_grid_width\":\"1-2\",\"title_hover_style\":\"reset\",\"title_style\":\"h5\"},\"name\":\"Datablad\"}]},{\"type\":\"column\",\"props\":{\"image_position\":\"center-center\",\"position_sticky_breakpoint\":\"m\",\"width_medium\":\"1-3\"},\"children\":[{\"type\":\"panel\",\"props\":{\"content_column_breakpoint\":\"m\",\"icon_width\":80,\"image\":\"wp-content\\\/uploads\\\/Download-ikoner_EPD.svg\",\"image_align\":\"top\",\"image_grid_breakpoint\":\"m\",\"image_grid_width\":\"1-2\",\"image_height\":\"50\",\"image_svg_animate\":false,\"image_svg_color\":\"\",\"image_svg_inline\":true,\"image_transition\":\"scale-up\",\"link\":\"\\\/pdf\\\/dk\\\/EPD_Nature Impact_Green roofs.pdf\",\"link_style\":\"default\",\"link_text\":\"\",\"margin\":\"default\",\"meta_align\":\"below-title\",\"meta_element\":\"div\",\"meta_style\":\"text-meta\",\"panel_link\":true,\"text_align\":\"center\",\"title\":\"EPD\",\"title_align\":\"top\",\"title_element\":\"div\",\"title_grid_breakpoint\":\"m\",\"title_grid_width\":\"1-2\",\"title_hover_style\":\"reset\",\"title_style\":\"h5\"},\"name\":\"EPD\"}]},{\"type\":\"column\",\"props\":{\"image_position\":\"center-center\",\"position_sticky_breakpoint\":\"m\",\"width_medium\":\"1-3\"},\"children\":[{\"type\":\"panel\",\"props\":{\"content_column_breakpoint\":\"m\",\"icon_width\":80,\"image\":\"wp-content\\\/uploads\\\/Download-ikoner_Brand.svg\",\"image_align\":\"top\",\"image_grid_breakpoint\":\"m\",\"image_grid_width\":\"1-2\",\"image_height\":\"50\",\"image_svg_animate\":false,\"image_svg_color\":\"\",\"image_svg_inline\":true,\"image_transition\":\"scale-up\",\"link\":\"\\\/pdf\\\/dk\\\/60 mm Brandgodkendelse Broof(t2).pdf\",\"link_style\":\"default\",\"link_text\":\"\",\"margin\":\"default\",\"meta_align\":\"below-title\",\"meta_element\":\"div\",\"meta_style\":\"text-meta\",\"panel_link\":true,\"text_align\":\"center\",\"title\":\"Brandgodkendelse\",\"title_align\":\"top\",\"title_element\":\"div\",\"title_grid_breakpoint\":\"m\",\"title_grid_width\":\"1-2\",\"title_hover_style\":\"reset\",\"title_style\":\"h5\"},\"name\":\"Brand\"}]}]}]}]},{\"type\":\"column\",\"props\":{\"image_position\":\"center-center\",\"position_sticky_breakpoint\":\"m\",\"vertical_align\":\"middle\",\"width_medium\":\"1-2\"},\"children\":[{\"type\":\"panel\",\"props\":{\"content\":\"\n\n<p><strong>Poul Erik Halkj\\u00e6r<\\\/strong> Key Account<br \\\/><a href=\\\"mailto:peh@natureimpact.com\\\">peh@natureimpact.com<\\\/a><br \\\/><a href=\\\"tel:+4554557699\\\">+45 5455 7699<\\\/a><\\\/p>\",\"content_column_breakpoint\":\"m\",\"content_margin\":\"small\",\"icon_width\":80,\"image\":\"wp-content\\\/uploads\\\/2024\\\/02\\\/Poul-Erik-Halkjaer.jpg\",\"image_align\":\"left\",\"image_box_decoration\":\"shadow\",\"image_box_shadow\":\"xlarge\",\"image_grid_breakpoint\":\"m\",\"image_grid_width\":\"1-3\",\"image_loading\":false,\"image_svg_color\":\"emphasis\",\"image_vertical_align\":true,\"link_style\":\"default\",\"link_text\":\"Read more\",\"margin\":\"default\",\"meta_align\":\"below-title\",\"meta_element\":\"div\",\"meta_style\":\"text-meta\",\"panel_image_no_padding\":false,\"title\":\"Har du sp\\u00f8rgsm\\u00e5l om sedumtag?\",\"title_align\":\"top\",\"title_element\":\"h2\",\"title_grid_breakpoint\":\"m\",\"title_grid_width\":\"1-2\",\"title_hover_style\":\"reset\",\"title_style\":\"h5\"},\"name\":\"SP bund - Poul Erik\"}]}]}],\"name\":\"Download bj\\u00e6lke i bund - Roof 60 mm + Poul Erik\"},{\"type\":\"section\",\"props\":{\"image_position\":\"center-center\",\"padding\":\"xsmall\",\"style\":\"primary\",\"title_breakpoint\":\"xl\",\"title_position\":\"top-left\",\"title_rotation\":\"left\",\"vertical_align\":\"middle\",\"width\":\"default\"},\"children\":[{\"type\":\"row\",\"children\":[{\"type\":\"column\",\"props\":{\"image_position\":\"center-center\",\"position_sticky_breakpoint\":\"m\"},\"children\":[{\"type\":\"html\",\"props\":{\"content\":\"\\n\n\n<div style=\\\"float:right;\\\">\\n[wpseo_breadcrumb]\\n<\\\/div>\"}}]}]},{\"type\":\"row\",\"props\":{\"margin\":\"small\",\"margin_remove_top\":false},\"children\":[{\"type\":\"column\",\"props\":{\"image_position\":\"center-center\",\"position_sticky_breakpoint\":\"m\"},\"children\":[{\"type\":\"divider\",\"props\":{\"divider_element\":\"hr\"}}]}]}],\"name\":\"Yoast br\\u00f8dkrumme over footer\"}],\"version\":\"4.5.33\"} --><\/p>\n","protected":false},"excerpt":{"rendered":"<p>Mere om sedumtaget her G\u00e5 til downloads Gr\u00f8nt tag til Nexus CPH mellem Kalvebod Brygge og midtbyen DGNB Guld &#8211; med moderne bakkel\u00f8sninger Nexus CPH bygningen er blevet et elegant fyrt\u00e5rn p\u00e5 gr\u00e6nsen mellem Kalvebod Brygge og K\u00f8benhavns midtby. Bygningen, som til daglig er arbejdsplads for over 2.000 medarbejdere i Banedanmark, Trafikstyrelsen, Bygningsstyrelsen, Vejdirektoratet og [&hellip;]<\/p>\n","protected":false},"author":1,"featured_media":0,"parent":2282,"menu_order":0,"comment_status":"closed","ping_status":"closed","template":"","meta":{"_acf_changed":false,"footnotes":""},"class_list":["post-2785","page","type-page","status-publish","hentry"],"acf":[],"yoast_head":"<!-- This site is optimized with the Yoast SEO plugin v26.6 - https:\/\/yoast.com\/wordpress\/plugins\/seo\/ -->\n<title>Nexus CPH - DGNB Guld certificeret byggeri med gr\u00f8nt sedumtag<\/title>\n<meta name=\"description\" content=\"Nexus bygningen er DGNB Guld certificeret. De 2000 m2 sedumtag er moderne bakkel\u00f8sninger fra Nature Impact - monteret p\u00e5 2 dage. Se casen her.\" \/>\n<meta name=\"robots\" content=\"index, follow, max-snippet:-1, max-image-preview:large, max-video-preview:-1\" \/>\n<link rel=\"canonical\" href=\"https:\/\/natureimpact.com\/da\/cases\/sedumtage\/nexus-cph\/\" \/>\n<meta property=\"og:locale\" content=\"da_DK\" \/>\n<meta property=\"og:type\" content=\"article\" \/>\n<meta property=\"og:title\" content=\"Nexus CPH - DGNB Guld certificeret byggeri med gr\u00f8nt sedumtag\" \/>\n<meta property=\"og:description\" content=\"Nexus bygningen er DGNB Guld certificeret. De 2000 m2 sedumtag er moderne bakkel\u00f8sninger fra Nature Impact - monteret p\u00e5 2 dage. Se casen her.\" \/>\n<meta property=\"og:url\" content=\"https:\/\/natureimpact.com\/da\/cases\/sedumtage\/nexus-cph\/\" \/>\n<meta property=\"og:site_name\" content=\"Nature Impact\" \/>\n<meta property=\"article:modified_time\" content=\"2026-02-18T09:45:46+00:00\" \/>\n<meta property=\"og:image\" content=\"https:\/\/natureimpact.com\/wp-content\/uploads\/2023\/12\/NI_900px.png\" \/>\n\t<meta property=\"og:image:width\" content=\"929\" \/>\n\t<meta property=\"og:image:height\" content=\"841\" \/>\n\t<meta property=\"og:image:type\" content=\"image\/png\" \/>\n<meta name=\"twitter:card\" content=\"summary_large_image\" \/>\n<meta name=\"twitter:label1\" content=\"Estimeret l\u00e6setid\" \/>\n\t<meta name=\"twitter:data1\" content=\"3 minutter\" \/>\n<script type=\"application\/ld+json\" class=\"yoast-schema-graph\">{\"@context\":\"https:\/\/schema.org\",\"@graph\":[{\"@type\":\"WebPage\",\"@id\":\"https:\/\/natureimpact.com\/da\/cases\/sedumtage\/nexus-cph\/\",\"url\":\"https:\/\/natureimpact.com\/da\/cases\/sedumtage\/nexus-cph\/\",\"name\":\"Nexus CPH - DGNB Guld certificeret byggeri med gr\u00f8nt sedumtag\",\"isPartOf\":{\"@id\":\"https:\/\/natureimpact.com\/da\/#website\"},\"datePublished\":\"2024-03-19T07:28:07+00:00\",\"dateModified\":\"2026-02-18T09:45:46+00:00\",\"description\":\"Nexus bygningen er DGNB Guld certificeret. De 2000 m2 sedumtag er moderne bakkel\u00f8sninger fra Nature Impact - monteret p\u00e5 2 dage. Se casen her.\",\"breadcrumb\":{\"@id\":\"https:\/\/natureimpact.com\/da\/cases\/sedumtage\/nexus-cph\/#breadcrumb\"},\"inLanguage\":\"da-DK\",\"potentialAction\":[{\"@type\":\"ReadAction\",\"target\":[\"https:\/\/natureimpact.com\/da\/cases\/sedumtage\/nexus-cph\/\"]}]},{\"@type\":\"BreadcrumbList\",\"@id\":\"https:\/\/natureimpact.com\/da\/cases\/sedumtage\/nexus-cph\/#breadcrumb\",\"itemListElement\":[{\"@type\":\"ListItem\",\"position\":1,\"name\":\"Forside\",\"item\":\"https:\/\/natureimpact.com\/da\/\"},{\"@type\":\"ListItem\",\"position\":2,\"name\":\"Cases\",\"item\":\"https:\/\/natureimpact.com\/da\/cases\/\"},{\"@type\":\"ListItem\",\"position\":3,\"name\":\"Cases Gr\u00f8nne tage\",\"item\":\"https:\/\/natureimpact.com\/da\/cases\/sedumtage\/\"},{\"@type\":\"ListItem\",\"position\":4,\"name\":\"Nexus CPH\"}]},{\"@type\":\"WebSite\",\"@id\":\"https:\/\/natureimpact.com\/da\/#website\",\"url\":\"https:\/\/natureimpact.com\/da\/\",\"name\":\"Nature Impact\",\"description\":\"\",\"publisher\":{\"@id\":\"https:\/\/natureimpact.com\/da\/#organization\"},\"potentialAction\":[{\"@type\":\"SearchAction\",\"target\":{\"@type\":\"EntryPoint\",\"urlTemplate\":\"https:\/\/natureimpact.com\/da\/?s={search_term_string}\"},\"query-input\":{\"@type\":\"PropertyValueSpecification\",\"valueRequired\":true,\"valueName\":\"search_term_string\"}}],\"inLanguage\":\"da-DK\"},{\"@type\":\"Organization\",\"@id\":\"https:\/\/natureimpact.com\/da\/#organization\",\"name\":\"Nature Impact\",\"url\":\"https:\/\/natureimpact.com\/da\/\",\"logo\":{\"@type\":\"ImageObject\",\"inLanguage\":\"da-DK\",\"@id\":\"https:\/\/natureimpact.com\/da\/#\/schema\/logo\/image\/\",\"url\":\"https:\/\/natureimpact.com\/wp-content\/uploads\/2025\/05\/NI_900px.png\",\"contentUrl\":\"https:\/\/natureimpact.com\/wp-content\/uploads\/2025\/05\/NI_900px.png\",\"width\":929,\"height\":841,\"caption\":\"Nature Impact\"},\"image\":{\"@id\":\"https:\/\/natureimpact.com\/da\/#\/schema\/logo\/image\/\"}}]}<\/script>\n<!-- \/ Yoast SEO plugin. -->","yoast_head_json":{"title":"Nexus CPH - DGNB Guld certificeret byggeri med gr\u00f8nt sedumtag","description":"Nexus bygningen er DGNB Guld certificeret. De 2000 m2 sedumtag er moderne bakkel\u00f8sninger fra Nature Impact - monteret p\u00e5 2 dage. Se casen her.","robots":{"index":"index","follow":"follow","max-snippet":"max-snippet:-1","max-image-preview":"max-image-preview:large","max-video-preview":"max-video-preview:-1"},"canonical":"https:\/\/natureimpact.com\/da\/cases\/sedumtage\/nexus-cph\/","og_locale":"da_DK","og_type":"article","og_title":"Nexus CPH - DGNB Guld certificeret byggeri med gr\u00f8nt sedumtag","og_description":"Nexus bygningen er DGNB Guld certificeret. De 2000 m2 sedumtag er moderne bakkel\u00f8sninger fra Nature Impact - monteret p\u00e5 2 dage. Se casen her.","og_url":"https:\/\/natureimpact.com\/da\/cases\/sedumtage\/nexus-cph\/","og_site_name":"Nature Impact","article_modified_time":"2026-02-18T09:45:46+00:00","og_image":[{"width":929,"height":841,"url":"https:\/\/natureimpact.com\/wp-content\/uploads\/2023\/12\/NI_900px.png","type":"image\/png"}],"twitter_card":"summary_large_image","twitter_misc":{"Estimeret l\u00e6setid":"3 minutter"},"schema":{"@context":"https:\/\/schema.org","@graph":[{"@type":"WebPage","@id":"https:\/\/natureimpact.com\/da\/cases\/sedumtage\/nexus-cph\/","url":"https:\/\/natureimpact.com\/da\/cases\/sedumtage\/nexus-cph\/","name":"Nexus CPH - DGNB Guld certificeret byggeri med gr\u00f8nt sedumtag","isPartOf":{"@id":"https:\/\/natureimpact.com\/da\/#website"},"datePublished":"2024-03-19T07:28:07+00:00","dateModified":"2026-02-18T09:45:46+00:00","description":"Nexus bygningen er DGNB Guld certificeret. De 2000 m2 sedumtag er moderne bakkel\u00f8sninger fra Nature Impact - monteret p\u00e5 2 dage. Se casen her.","breadcrumb":{"@id":"https:\/\/natureimpact.com\/da\/cases\/sedumtage\/nexus-cph\/#breadcrumb"},"inLanguage":"da-DK","potentialAction":[{"@type":"ReadAction","target":["https:\/\/natureimpact.com\/da\/cases\/sedumtage\/nexus-cph\/"]}]},{"@type":"BreadcrumbList","@id":"https:\/\/natureimpact.com\/da\/cases\/sedumtage\/nexus-cph\/#breadcrumb","itemListElement":[{"@type":"ListItem","position":1,"name":"Forside","item":"https:\/\/natureimpact.com\/da\/"},{"@type":"ListItem","position":2,"name":"Cases","item":"https:\/\/natureimpact.com\/da\/cases\/"},{"@type":"ListItem","position":3,"name":"Cases Gr\u00f8nne tage","item":"https:\/\/natureimpact.com\/da\/cases\/sedumtage\/"},{"@type":"ListItem","position":4,"name":"Nexus CPH"}]},{"@type":"WebSite","@id":"https:\/\/natureimpact.com\/da\/#website","url":"https:\/\/natureimpact.com\/da\/","name":"Nature Impact","description":"","publisher":{"@id":"https:\/\/natureimpact.com\/da\/#organization"},"potentialAction":[{"@type":"SearchAction","target":{"@type":"EntryPoint","urlTemplate":"https:\/\/natureimpact.com\/da\/?s={search_term_string}"},"query-input":{"@type":"PropertyValueSpecification","valueRequired":true,"valueName":"search_term_string"}}],"inLanguage":"da-DK"},{"@type":"Organization","@id":"https:\/\/natureimpact.com\/da\/#organization","name":"Nature Impact","url":"https:\/\/natureimpact.com\/da\/","logo":{"@type":"ImageObject","inLanguage":"da-DK","@id":"https:\/\/natureimpact.com\/da\/#\/schema\/logo\/image\/","url":"https:\/\/natureimpact.com\/wp-content\/uploads\/2025\/05\/NI_900px.png","contentUrl":"https:\/\/natureimpact.com\/wp-content\/uploads\/2025\/05\/NI_900px.png","width":929,"height":841,"caption":"Nature Impact"},"image":{"@id":"https:\/\/natureimpact.com\/da\/#\/schema\/logo\/image\/"}}]}},"_links":{"self":[{"href":"https:\/\/natureimpact.com\/da\/wp-json\/wp\/v2\/pages\/2785","targetHints":{"allow":["GET"]}}],"collection":[{"href":"https:\/\/natureimpact.com\/da\/wp-json\/wp\/v2\/pages"}],"about":[{"href":"https:\/\/natureimpact.com\/da\/wp-json\/wp\/v2\/types\/page"}],"author":[{"embeddable":true,"href":"https:\/\/natureimpact.com\/da\/wp-json\/wp\/v2\/users\/1"}],"replies":[{"embeddable":true,"href":"https:\/\/natureimpact.com\/da\/wp-json\/wp\/v2\/comments?post=2785"}],"version-history":[{"count":42,"href":"https:\/\/natureimpact.com\/da\/wp-json\/wp\/v2\/pages\/2785\/revisions"}],"predecessor-version":[{"id":9310,"href":"https:\/\/natureimpact.com\/da\/wp-json\/wp\/v2\/pages\/2785\/revisions\/9310"}],"up":[{"embeddable":true,"href":"https:\/\/natureimpact.com\/da\/wp-json\/wp\/v2\/pages\/2282"}],"wp:attachment":[{"href":"https:\/\/natureimpact.com\/da\/wp-json\/wp\/v2\/media?parent=2785"}],"curies":[{"name":"wp","href":"https:\/\/api.w.org\/{rel}","templated":true}]}}