{"id":2087,"date":"2024-02-07T06:44:53","date_gmt":"2024-02-07T06:44:53","guid":{"rendered":"https:\/\/loving-ardinghelli.77-247-67-170.plesk.page\/?page_id=2087"},"modified":"2025-11-10T14:54:53","modified_gmt":"2025-11-10T14:54:53","slug":"nature-roof","status":"publish","type":"page","link":"https:\/\/natureimpact.com\/da\/sedumtage\/nature-roof\/","title":{"rendered":"Nature roof"},"content":{"rendered":"<h1>Nature roof<\/h1>\n<p><img decoding=\"async\" src=\"\/wp-content\/uploads\/ni-arrow-down.gif\" alt=\"\"><br \/>\n<img decoding=\"async\" src=\"\/wp-content\/uploads\/ikon-animeret.gif\" alt=\"\"><\/p>\n<ul>\n<li>\n        <a href=\"\/pdf\/dk\/Datablad_Nature Roof_60 mm_2024.pdf\">G\u00e5 til downloads<\/a>\n    <\/li>\n<li>\n        <a href=\"\/da\/cases\/sedumtage\/\">Se sedumtag cases<\/a>\n    <\/li>\n<\/ul>\n<h3>I samspil med naturen<\/h3>\n<div>\n<p>Nature Roof har en varierende overflade, hvor farver spiller sammen og skifter med \u00e5rstiden. P\u00e5 vores gartneri h\u00f8stes der p\u00e5 egne moderplanter. Efter h\u00f8st blandes 15 forskellige sedumarter omhyggeligt sammen. Denne plantesammens\u00e6tning udg\u00f8r vores Nature Roof.<\/p>\n<p>De f\u00f8rste par \u00e5r af et Nature Roofs levetid vil man opleve, at alle 15 sorter blomstrer. Efter ca. 2 \u00e5r er de 6-9 st\u00e6rkeste arter tilbage, og taget har nu tilpasset sig omgivelsernes levevilk\u00e5r.<\/p>\n<p>Du kan l\u00e6se meget mere om vores sedumtage, montering og tilbeh\u00f8r <a href=\"https:\/\/natureimpact.com\/da\/sedumtage\/tilbehoer\/\">via linket her<\/a>.<\/p>\n<\/div>\n<h3>Info om Nature Roof<\/h3>\n<div>\n<p><strong>Blomstring<\/strong><br \/>Best\u00e5r af udvalgte sedumarter, der blomstrer p\u00e5 skift fra maj til september<\/p>\n<p><strong>Udseende<\/strong><br \/>Frodig og varieret overflade, der f\u00f8lger \u00e5rstidernes skiften<\/p>\n<p><strong>H\u00f8jde<\/strong><br \/>F\u00e5s i opbygningsh\u00f8jderne 60 og 80 mm<\/p>\n<\/div>\n<ul>\n<li>\n<p>        <img decoding=\"async\" src=\"\/wp-content\/uploads\/2024\/02\/nature-roof2.jpg\" alt=\"\"><\/p>\n<\/li>\n<li>\n<p>        <img decoding=\"async\" src=\"\/wp-content\/uploads\/2024\/02\/nature-roof4.jpg\" alt=\"\"><\/p>\n<\/li>\n<li>\n<p>        <img decoding=\"async\" src=\"\/wp-content\/uploads\/2024\/02\/nature-roof3.jpg\" alt=\"\"><\/p>\n<\/li>\n<\/ul>\n<h5><a href=\"\/da\/sedumtage\/\">L\u00e6s, hvordan vores sedumtage skaber v\u00e6rdi <img decoding=\"async\" src=\"\/wp-content\/uploads\/2023\/12\/Pil.svg\" alt=\"\" width=\"100\" class=\"uk-vertical-align\" \/><\/a><\/h5>\n<div>\n<p>        <img decoding=\"async\" src=\"\/wp-content\/uploads\/Download-ikoner_Datablad.svg\" alt=\"\"><\/p>\n<div>Datablad<\/div>\n<p><a href=\"\/pdf\/dk\/Datablad_Nature Roof_60 mm_2024.pdf\"><\/a><\/p>\n<\/div>\n<div>\n<p>        <img decoding=\"async\" src=\"\/wp-content\/uploads\/Download-ikoner_EPD.svg\" alt=\"\"><\/p>\n<div>EPD<\/div>\n<p><a href=\"\/pdf\/dk\/EPD_Nature Impact_Green roofs.pdf\"><\/a><\/p>\n<\/div>\n<div>\n<p>        <img decoding=\"async\" src=\"\/wp-content\/uploads\/Download-ikoner_Brand.svg\" alt=\"\"><\/p>\n<div>Brandgodkendelse<\/div>\n<p><a href=\"\/pdf\/dk\/60 mm Brandgodkendelse Broof(t2).pdf\"><\/a><\/p>\n<\/div>\n<div>\n<p>        <img decoding=\"async\" src=\"\/wp-content\/uploads\/2024\/02\/Poul-Erik-Halkjaer.jpg\" alt=\"\"><\/p>\n<h2>Har du sp\u00f8rgsm\u00e5l om sedumtag?<\/h2>\n<div>\n<p><strong>Poul Erik Halkj\u00e6r<\/strong> Key Account<br \/><a href=\"mailto:peh@natureimpact.com\">peh@natureimpact.com<\/a><br \/><a href=\"tel:+4554557699\">+45 5455 7699<\/a><\/p>\n<\/div>\n<\/div>\n<div>\n<div style=\"float:right;\">\n<span><span><a href=\"https:\/\/natureimpact.com\/da\/\">Forside<\/a><\/span><\/span>\n<\/div>\n<\/div>\n<hr>\n<p><!--more--><br \/>\n<!-- {\"type\":\"layout\",\"children\":[{\"type\":\"section\",\"props\":{\"image_position\":\"center-center\",\"padding\":\"xlarge\",\"padding_remove_horizontal\":false,\"style\":\"default\",\"title_breakpoint\":\"xl\",\"title_position\":\"top-left\",\"title_rotation\":\"left\",\"vertical_align\":\"\",\"width\":\"default\"},\"children\":[{\"type\":\"row\",\"children\":[{\"type\":\"column\",\"props\":{\"image_position\":\"center-center\",\"position_sticky_breakpoint\":\"m\"},\"children\":[{\"type\":\"headline\",\"props\":{\"content\":\"Nature roof\",\"text_align\":\"center\",\"title_color\":\"warning\",\"title_element\":\"h1\",\"title_style\":\"heading-large\"}},{\"type\":\"image\",\"props\":{\"animation\":\"parallax\",\"image\":\"wp-content\\\/uploads\\\/ni-arrow-down.gif\",\"image_loading\":true,\"image_svg_animate\":false,\"image_svg_color\":\"emphasis\",\"image_svg_inline\":true,\"margin\":\"default\",\"parallax_y\":\"40,40\",\"text_align\":\"center\"}}]}]}]},{\"type\":\"section\",\"props\":{\"image\":\"wp-content\\\/uploads\\\/2024\\\/02\\\/nature-roof.jpg\",\"image_loading\":false,\"image_position\":\"center-center\",\"image_size\":\"cover\",\"padding\":\"large\",\"padding_remove_horizontal\":true,\"style\":\"default\",\"title_breakpoint\":\"xl\",\"title_position\":\"top-left\",\"title_rotation\":\"left\",\"vertical_align\":\"\",\"width\":\"default\"},\"children\":[{\"type\":\"row\",\"children\":[{\"type\":\"column\",\"props\":{\"image_position\":\"center-center\",\"position_sticky_breakpoint\":\"m\",\"vertical_align\":\"bottom\",\"width_medium\":\"1-2\"}},{\"type\":\"column\",\"props\":{\"image_position\":\"center-center\",\"position_sticky_breakpoint\":\"m\",\"width_medium\":\"1-2\"},\"children\":[{\"type\":\"image\",\"props\":{\"animation\":\"parallax\",\"class\":\"uk-visible@s\",\"image\":\"wp-content\\\/uploads\\\/ikon-animeret.gif\",\"image_loading\":false,\"image_svg_color\":\"emphasis\",\"image_width\":\"300\",\"margin\":\"default\",\"parallax_y\":\"600,600\",\"position\":\"relative\",\"position_bottom\":\"-480\",\"position_left\":\"50\",\"position_z_index\":\"1\",\"text_align\":\"right\"}}]}],\"props\":{\"layout\":\"1-2,1-2\"}}]},{\"type\":\"section\",\"props\":{\"image_position\":\"center-center\",\"padding\":\"large\",\"padding_remove_top\":true,\"style\":\"default\",\"title_breakpoint\":\"xl\",\"title_position\":\"top-left\",\"title_rotation\":\"left\",\"vertical_align\":\"\",\"width\":\"default\"},\"children\":[{\"type\":\"row\",\"props\":{\"column_gap\":\"large\",\"layout\":\"3-5,2-5\"},\"children\":[{\"type\":\"column\",\"props\":{\"image_position\":\"center-center\",\"padding\":\"large\",\"position_sticky_breakpoint\":\"m\",\"style\":\"tile-default\",\"width_medium\":\"3-5\"},\"children\":[{\"type\":\"subnav\",\"props\":{\"subnav_style\":\"pill\"},\"children\":[{\"type\":\"subnav_item\",\"props\":{\"content\":\"G\\u00e5 til downloads\",\"link\":\"\\\/pdf\\\/dk\\\/Datablad_Nature Roof_60 mm_2024.pdf\"}},{\"type\":\"subnav_item\",\"props\":{\"content\":\"Se sedumtag cases\",\"link\":\"da\\\/cases\\\/sedumtage\\\/\"}}]},{\"type\":\"headline\",\"props\":{\"content\":\"I samspil med naturen\",\"title_element\":\"h3\",\"title_style\":\"h1\"}},{\"type\":\"text\",\"props\":{\"column_breakpoint\":\"m\",\"content\":\"\n\n<p>Nature Roof har en varierende overflade, hvor farver spiller sammen og skifter med \\u00e5rstiden. P\\u00e5 vores gartneri h\\u00f8stes der p\\u00e5 egne moderplanter. Efter h\\u00f8st blandes 15 forskellige sedumarter omhyggeligt sammen. Denne plantesammens\\u00e6tning udg\\u00f8r vores Nature Roof.<\\\/p>\\n\n\n<p>De f\\u00f8rste par \\u00e5r af et Nature Roofs levetid vil man opleve, at alle 15 sorter blomstrer. Efter ca. 2 \\u00e5r er de 6-9 st\\u00e6rkeste arter tilbage, og taget har nu tilpasset sig omgivelsernes levevilk\\u00e5r.<\\\/p>\\n\n\n<p>Du kan l\\u00e6se meget mere om vores sedumtage, montering og tilbeh\\u00f8r <a href=\\\"https:\\\/\\\/natureimpact.com\\\/da\\\/sedumtage\\\/tilbehoer\\\/\\\">via linket her<\\\/a>.<\\\/p>\",\"margin\":\"default\",\"text_color\":\"emphasis\",\"text_style\":\"large\"}}]},{\"type\":\"column\",\"props\":{\"image_position\":\"center-center\",\"padding\":\"large\",\"position_sticky_breakpoint\":\"m\",\"style\":\"tile-secondary\",\"width_medium\":\"2-5\"},\"children\":[{\"type\":\"fragment\",\"props\":{\"margin\":\"default\"},\"children\":[{\"type\":\"row\",\"props\":{\"layout\":\"5-6,1-6|4-5,1-5\"},\"children\":[{\"type\":\"column\",\"props\":{\"image_position\":\"center-center\",\"position_sticky_breakpoint\":\"m\",\"width_medium\":\"5-6\",\"width_small\":\"4-5\"},\"children\":[{\"type\":\"headline\",\"props\":{\"content\":\"Info om Nature Roof\",\"margin\":\"remove-vertical\",\"title_element\":\"h3\",\"title_style\":\"h3\"}},{\"type\":\"text\",\"props\":{\"column_breakpoint\":\"m\",\"content\":\"\n\n<p><strong>Blomstring<\\\/strong><br \\\/>Best\\u00e5r af udvalgte sedumarter, der blomstrer p\\u00e5 skift fra maj til september<\\\/p>\\n\n\n<p><strong>Udseende<\\\/strong><br \\\/>Frodig og varieret overflade, der f\\u00f8lger \\u00e5rstidernes skiften<\\\/p>\\n\n\n<p><strong>H\\u00f8jde<\\\/strong><br \\\/>F\\u00e5s i opbygningsh\\u00f8jderne 60 og 80 mm<\\\/p>\",\"margin\":\"default\",\"text_color\":\"emphasis\",\"text_style\":\"large\"}}]},{\"type\":\"column\",\"props\":{\"image_position\":\"center-center\",\"position_sticky_breakpoint\":\"m\",\"width_medium\":\"1-6\",\"width_small\":\"1-5\"}}]}]}]}]}]},{\"type\":\"section\",\"props\":{\"image_position\":\"center-center\",\"padding\":\"large\",\"style\":\"default\",\"title_breakpoint\":\"xl\",\"title_position\":\"top-left\",\"title_rotation\":\"left\",\"vertical_align\":\"\",\"width\":\"default\"},\"children\":[{\"type\":\"row\",\"children\":[{\"type\":\"column\",\"props\":{\"image_position\":\"center-center\",\"position_sticky_breakpoint\":\"m\"},\"children\":[{\"type\":\"gallery\",\"props\":{\"content_display\":\"lightbox\",\"filter_align\":\"left\",\"filter_all\":true,\"filter_grid_breakpoint\":\"m\",\"filter_grid_width\":\"auto\",\"filter_position\":\"top\",\"filter_style\":\"tab\",\"grid_default\":\"1\",\"grid_medium\":\"3\",\"image_height\":\"400\",\"image_loading\":false,\"image_transition\":\"scale-up\",\"image_width\":\"400\",\"item_animation\":true,\"lightbox\":true,\"lightbox_bg_close\":true,\"lightbox_image_width\":\"1000\",\"link_style\":\"default\",\"link_text\":\"\",\"margin\":\"default\",\"meta_align\":\"below-title\",\"meta_element\":\"div\",\"meta_style\":\"text-meta\",\"overlay_hover\":true,\"overlay_link\":true,\"overlay_mode\":\"cover\",\"overlay_position\":\"center\",\"overlay_style\":\"\",\"overlay_transition\":\"fade\",\"show_content\":true,\"show_hover_image\":true,\"show_hover_video\":true,\"show_link\":true,\"show_meta\":true,\"show_title\":true,\"text_align\":\"center\",\"text_color\":\"light\",\"title_display\":\"lightbox\",\"title_element\":\"h3\",\"title_hover_style\":\"reset\"},\"children\":[{\"type\":\"gallery_item\",\"props\":{\"image\":\"wp-content\\\/uploads\\\/2024\\\/02\\\/nature-roof2.jpg\"}},{\"type\":\"gallery_item\",\"props\":{\"image\":\"wp-content\\\/uploads\\\/2024\\\/02\\\/nature-roof4.jpg\"}},{\"type\":\"gallery_item\",\"props\":{\"image\":\"wp-content\\\/uploads\\\/2024\\\/02\\\/nature-roof3.jpg\"}}]},{\"type\":\"headline\",\"props\":{\"content\":\"L\\u00e6s, hvordan vores sedumtage skaber v\\u00e6rdi <img src=\\\"\\\/wp-content\\\/uploads\\\/2023\\\/12\\\/Pil.svg\\\" alt=\\\"\\\" width=\\\"100\\\" class=\\\"uk-vertical-align\\\" \\\/>\",\"link\":\"da\\\/sedumtage\\\/\",\"link_style\":true,\"title_color\":\"warning\",\"title_element\":\"h5\",\"title_style\":\"h2\"}}]}]}]},{\"type\":\"section\",\"props\":{\"id\":\"downloads\",\"image_position\":\"center-center\",\"padding\":\"small\",\"preserve_color\":false,\"style\":\"muted\",\"title_breakpoint\":\"xl\",\"title_position\":\"top-left\",\"title_rotation\":\"left\",\"vertical_align\":\"\",\"width\":\"default\"},\"children\":[{\"type\":\"row\",\"props\":{\"column_gap\":\"large\",\"divider\":true,\"layout\":\"1-2,1-2\"},\"children\":[{\"type\":\"column\",\"props\":{\"image_position\":\"center-center\",\"position_sticky_breakpoint\":\"m\",\"vertical_align\":\"middle\",\"width_medium\":\"1-2\"},\"children\":[{\"type\":\"fragment\",\"props\":{\"margin\":\"default\"},\"children\":[{\"type\":\"row\",\"props\":{\"layout\":\"1-3,1-3,1-3\"},\"children\":[{\"type\":\"column\",\"props\":{\"image_position\":\"center-center\",\"position_sticky_breakpoint\":\"m\",\"width_medium\":\"1-3\"},\"children\":[{\"type\":\"panel\",\"props\":{\"content_column_breakpoint\":\"m\",\"icon_width\":80,\"image\":\"wp-content\\\/uploads\\\/Download-ikoner_Datablad.svg\",\"image_align\":\"top\",\"image_grid_breakpoint\":\"m\",\"image_grid_width\":\"1-2\",\"image_height\":\"50\",\"image_svg_animate\":false,\"image_svg_color\":\"\",\"image_svg_inline\":true,\"image_transition\":\"scale-up\",\"link\":\"\\\/pdf\\\/dk\\\/Datablad_Nature Roof_60 mm_2024.pdf\",\"link_style\":\"default\",\"link_text\":\"\",\"margin\":\"default\",\"meta_align\":\"below-title\",\"meta_element\":\"div\",\"meta_style\":\"text-meta\",\"panel_link\":true,\"text_align\":\"center\",\"title\":\"Datablad\",\"title_align\":\"top\",\"title_element\":\"div\",\"title_grid_breakpoint\":\"m\",\"title_grid_width\":\"1-2\",\"title_hover_style\":\"reset\",\"title_style\":\"h5\"},\"name\":\"Datablad\"}]},{\"type\":\"column\",\"props\":{\"image_position\":\"center-center\",\"position_sticky_breakpoint\":\"m\",\"width_medium\":\"1-3\"},\"children\":[{\"type\":\"panel\",\"props\":{\"content_column_breakpoint\":\"m\",\"icon_width\":80,\"image\":\"wp-content\\\/uploads\\\/Download-ikoner_EPD.svg\",\"image_align\":\"top\",\"image_grid_breakpoint\":\"m\",\"image_grid_width\":\"1-2\",\"image_height\":\"50\",\"image_svg_animate\":false,\"image_svg_color\":\"\",\"image_svg_inline\":true,\"image_transition\":\"scale-up\",\"link\":\"\\\/pdf\\\/dk\\\/EPD_Nature Impact_Green roofs.pdf\",\"link_style\":\"default\",\"link_text\":\"\",\"margin\":\"default\",\"meta_align\":\"below-title\",\"meta_element\":\"div\",\"meta_style\":\"text-meta\",\"panel_link\":true,\"text_align\":\"center\",\"title\":\"EPD\",\"title_align\":\"top\",\"title_element\":\"div\",\"title_grid_breakpoint\":\"m\",\"title_grid_width\":\"1-2\",\"title_hover_style\":\"reset\",\"title_style\":\"h5\"},\"name\":\"EPD\"}]},{\"type\":\"column\",\"props\":{\"image_position\":\"center-center\",\"position_sticky_breakpoint\":\"m\",\"width_medium\":\"1-3\"},\"children\":[{\"type\":\"panel\",\"props\":{\"content_column_breakpoint\":\"m\",\"icon_width\":80,\"image\":\"wp-content\\\/uploads\\\/Download-ikoner_Brand.svg\",\"image_align\":\"top\",\"image_grid_breakpoint\":\"m\",\"image_grid_width\":\"1-2\",\"image_height\":\"50\",\"image_svg_animate\":false,\"image_svg_color\":\"\",\"image_svg_inline\":true,\"image_transition\":\"scale-up\",\"link\":\"\\\/pdf\\\/dk\\\/60 mm Brandgodkendelse Broof(t2).pdf\",\"link_style\":\"default\",\"link_text\":\"\",\"margin\":\"default\",\"meta_align\":\"below-title\",\"meta_element\":\"div\",\"meta_style\":\"text-meta\",\"panel_link\":true,\"text_align\":\"center\",\"title\":\"Brandgodkendelse\",\"title_align\":\"top\",\"title_element\":\"div\",\"title_grid_breakpoint\":\"m\",\"title_grid_width\":\"1-2\",\"title_hover_style\":\"reset\",\"title_style\":\"h5\"},\"name\":\"Brand\"}]}]}],\"name\":\"DK - download ikoner Sedumtag\"}]},{\"type\":\"column\",\"props\":{\"image_position\":\"center-center\",\"position_sticky_breakpoint\":\"m\",\"vertical_align\":\"middle\",\"width_medium\":\"1-2\"},\"children\":[{\"type\":\"panel\",\"props\":{\"content\":\"\n\n<p><strong>Poul Erik Halkj\\u00e6r<\\\/strong> Key Account<br \\\/><a href=\\\"mailto:peh@natureimpact.com\\\">peh@natureimpact.com<\\\/a><br \\\/><a href=\\\"tel:+4554557699\\\">+45 5455 7699<\\\/a><\\\/p>\",\"content_column_breakpoint\":\"m\",\"content_margin\":\"small\",\"icon_width\":80,\"image\":\"wp-content\\\/uploads\\\/2024\\\/02\\\/Poul-Erik-Halkjaer.jpg\",\"image_align\":\"left\",\"image_box_decoration\":\"shadow\",\"image_box_shadow\":\"xlarge\",\"image_grid_breakpoint\":\"m\",\"image_grid_width\":\"1-3\",\"image_loading\":false,\"image_svg_color\":\"emphasis\",\"image_vertical_align\":true,\"link_style\":\"default\",\"link_text\":\"Read more\",\"margin\":\"default\",\"meta_align\":\"below-title\",\"meta_element\":\"div\",\"meta_style\":\"text-meta\",\"panel_image_no_padding\":false,\"title\":\"Har du sp\\u00f8rgsm\\u00e5l om sedumtag?\",\"title_align\":\"top\",\"title_element\":\"h2\",\"title_grid_breakpoint\":\"m\",\"title_grid_width\":\"1-2\",\"title_hover_style\":\"reset\",\"title_style\":\"h5\"},\"name\":\"SP bund - Poul Erik\"}]}]}],\"name\":\"Download bj\\u00e6lke i bund\"},{\"type\":\"section\",\"props\":{\"image_position\":\"center-center\",\"padding\":\"xsmall\",\"style\":\"primary\",\"title_breakpoint\":\"xl\",\"title_position\":\"top-left\",\"title_rotation\":\"left\",\"vertical_align\":\"middle\",\"width\":\"default\"},\"children\":[{\"type\":\"row\",\"children\":[{\"type\":\"column\",\"props\":{\"image_position\":\"center-center\",\"position_sticky_breakpoint\":\"m\"},\"children\":[{\"type\":\"html\",\"props\":{\"content\":\"\\n\n\n<div style=\\\"float:right;\\\">\\n[wpseo_breadcrumb]\\n<\\\/div>\"}}]}]},{\"type\":\"row\",\"props\":{\"margin\":\"small\",\"margin_remove_top\":false},\"children\":[{\"type\":\"column\",\"props\":{\"image_position\":\"center-center\",\"position_sticky_breakpoint\":\"m\"},\"children\":[{\"type\":\"divider\",\"props\":{\"divider_element\":\"hr\"}}]}]}],\"name\":\"Yoast br\\u00f8dkrumme over footer\"}],\"version\":\"4.5.27\"} --><\/p>\n","protected":false},"excerpt":{"rendered":"<p>Nature roof G\u00e5 til downloads Se sedumtag cases I samspil med naturen Nature Roof har en varierende overflade, hvor farver spiller sammen og skifter med \u00e5rstiden. P\u00e5 vores gartneri h\u00f8stes der p\u00e5 egne moderplanter. Efter h\u00f8st blandes 15 forskellige sedumarter omhyggeligt sammen. Denne plantesammens\u00e6tning udg\u00f8r vores Nature Roof. De f\u00f8rste par \u00e5r af et Nature [&hellip;]<\/p>\n","protected":false},"author":1,"featured_media":0,"parent":1594,"menu_order":0,"comment_status":"closed","ping_status":"closed","template":"","meta":{"_acf_changed":false,"footnotes":""},"class_list":["post-2087","page","type-page","status-publish","hentry"],"acf":[],"yoast_head":"<!-- This site is optimized with the Yoast SEO plugin v26.6 - https:\/\/yoast.com\/wordpress\/plugins\/seo\/ -->\n<title>Et Nature Roof sedumtag giver naturlig variation og blomstring<\/title>\n<meta name=\"description\" content=\"Et Nature Roof er et sedumtag m. et naturligt udtryk der \u00e6ndrer sig over \u00e5ret. Se plantevalg, opbygning og blomstring. Skab dynamik p\u00e5 dit tag\" \/>\n<meta name=\"robots\" content=\"index, follow, max-snippet:-1, max-image-preview:large, max-video-preview:-1\" \/>\n<link rel=\"canonical\" href=\"https:\/\/natureimpact.com\/da\/sedumtage\/nature-roof\/\" \/>\n<meta property=\"og:locale\" content=\"da_DK\" \/>\n<meta property=\"og:type\" content=\"article\" \/>\n<meta property=\"og:title\" content=\"Et Nature Roof sedumtag giver naturlig variation og blomstring\" \/>\n<meta property=\"og:description\" content=\"Et Nature Roof er et sedumtag m. et naturligt udtryk der \u00e6ndrer sig over \u00e5ret. Se plantevalg, opbygning og blomstring. Skab dynamik p\u00e5 dit tag\" \/>\n<meta property=\"og:url\" content=\"https:\/\/natureimpact.com\/da\/sedumtage\/nature-roof\/\" \/>\n<meta property=\"og:site_name\" content=\"Nature Impact\" \/>\n<meta property=\"article:modified_time\" content=\"2025-11-10T14:54:53+00:00\" \/>\n<meta property=\"og:image\" content=\"https:\/\/natureimpact.com\/wp-content\/uploads\/2023\/12\/NI_900px.png\" \/>\n\t<meta property=\"og:image:width\" content=\"929\" \/>\n\t<meta property=\"og:image:height\" content=\"841\" \/>\n\t<meta property=\"og:image:type\" content=\"image\/png\" \/>\n<meta name=\"twitter:card\" content=\"summary_large_image\" \/>\n<meta name=\"twitter:label1\" content=\"Estimeret l\u00e6setid\" \/>\n\t<meta name=\"twitter:data1\" content=\"3 minutter\" \/>\n<script type=\"application\/ld+json\" class=\"yoast-schema-graph\">{\"@context\":\"https:\/\/schema.org\",\"@graph\":[{\"@type\":\"WebPage\",\"@id\":\"https:\/\/natureimpact.com\/da\/sedumtage\/nature-roof\/\",\"url\":\"https:\/\/natureimpact.com\/da\/sedumtage\/nature-roof\/\",\"name\":\"Et Nature Roof sedumtag giver naturlig variation og blomstring\",\"isPartOf\":{\"@id\":\"https:\/\/natureimpact.com\/da\/#website\"},\"datePublished\":\"2024-02-07T06:44:53+00:00\",\"dateModified\":\"2025-11-10T14:54:53+00:00\",\"description\":\"Et Nature Roof er et sedumtag m. et naturligt udtryk der \u00e6ndrer sig over \u00e5ret. Se plantevalg, opbygning og blomstring. Skab dynamik p\u00e5 dit tag\",\"breadcrumb\":{\"@id\":\"https:\/\/natureimpact.com\/da\/sedumtage\/nature-roof\/#breadcrumb\"},\"inLanguage\":\"da-DK\",\"potentialAction\":[{\"@type\":\"ReadAction\",\"target\":[\"https:\/\/natureimpact.com\/da\/sedumtage\/nature-roof\/\"]}]},{\"@type\":\"BreadcrumbList\",\"@id\":\"https:\/\/natureimpact.com\/da\/sedumtage\/nature-roof\/#breadcrumb\",\"itemListElement\":[{\"@type\":\"ListItem\",\"position\":1,\"name\":\"Forside\",\"item\":\"https:\/\/natureimpact.com\/da\/\"},{\"@type\":\"ListItem\",\"position\":2,\"name\":\"Sedumtag\",\"item\":\"https:\/\/natureimpact.com\/da\/sedumtage\/\"},{\"@type\":\"ListItem\",\"position\":3,\"name\":\"Nature roof\"}]},{\"@type\":\"WebSite\",\"@id\":\"https:\/\/natureimpact.com\/da\/#website\",\"url\":\"https:\/\/natureimpact.com\/da\/\",\"name\":\"Nature Impact\",\"description\":\"\",\"publisher\":{\"@id\":\"https:\/\/natureimpact.com\/da\/#organization\"},\"potentialAction\":[{\"@type\":\"SearchAction\",\"target\":{\"@type\":\"EntryPoint\",\"urlTemplate\":\"https:\/\/natureimpact.com\/da\/?s={search_term_string}\"},\"query-input\":{\"@type\":\"PropertyValueSpecification\",\"valueRequired\":true,\"valueName\":\"search_term_string\"}}],\"inLanguage\":\"da-DK\"},{\"@type\":\"Organization\",\"@id\":\"https:\/\/natureimpact.com\/da\/#organization\",\"name\":\"Nature Impact\",\"url\":\"https:\/\/natureimpact.com\/da\/\",\"logo\":{\"@type\":\"ImageObject\",\"inLanguage\":\"da-DK\",\"@id\":\"https:\/\/natureimpact.com\/da\/#\/schema\/logo\/image\/\",\"url\":\"https:\/\/natureimpact.com\/wp-content\/uploads\/2025\/05\/NI_900px.png\",\"contentUrl\":\"https:\/\/natureimpact.com\/wp-content\/uploads\/2025\/05\/NI_900px.png\",\"width\":929,\"height\":841,\"caption\":\"Nature Impact\"},\"image\":{\"@id\":\"https:\/\/natureimpact.com\/da\/#\/schema\/logo\/image\/\"}}]}<\/script>\n<!-- \/ Yoast SEO plugin. -->","yoast_head_json":{"title":"Et Nature Roof sedumtag giver naturlig variation og blomstring","description":"Et Nature Roof er et sedumtag m. et naturligt udtryk der \u00e6ndrer sig over \u00e5ret. Se plantevalg, opbygning og blomstring. Skab dynamik p\u00e5 dit tag","robots":{"index":"index","follow":"follow","max-snippet":"max-snippet:-1","max-image-preview":"max-image-preview:large","max-video-preview":"max-video-preview:-1"},"canonical":"https:\/\/natureimpact.com\/da\/sedumtage\/nature-roof\/","og_locale":"da_DK","og_type":"article","og_title":"Et Nature Roof sedumtag giver naturlig variation og blomstring","og_description":"Et Nature Roof er et sedumtag m. et naturligt udtryk der \u00e6ndrer sig over \u00e5ret. Se plantevalg, opbygning og blomstring. Skab dynamik p\u00e5 dit tag","og_url":"https:\/\/natureimpact.com\/da\/sedumtage\/nature-roof\/","og_site_name":"Nature Impact","article_modified_time":"2025-11-10T14:54:53+00:00","og_image":[{"width":929,"height":841,"url":"https:\/\/natureimpact.com\/wp-content\/uploads\/2023\/12\/NI_900px.png","type":"image\/png"}],"twitter_card":"summary_large_image","twitter_misc":{"Estimeret l\u00e6setid":"3 minutter"},"schema":{"@context":"https:\/\/schema.org","@graph":[{"@type":"WebPage","@id":"https:\/\/natureimpact.com\/da\/sedumtage\/nature-roof\/","url":"https:\/\/natureimpact.com\/da\/sedumtage\/nature-roof\/","name":"Et Nature Roof sedumtag giver naturlig variation og blomstring","isPartOf":{"@id":"https:\/\/natureimpact.com\/da\/#website"},"datePublished":"2024-02-07T06:44:53+00:00","dateModified":"2025-11-10T14:54:53+00:00","description":"Et Nature Roof er et sedumtag m. et naturligt udtryk der \u00e6ndrer sig over \u00e5ret. Se plantevalg, opbygning og blomstring. Skab dynamik p\u00e5 dit tag","breadcrumb":{"@id":"https:\/\/natureimpact.com\/da\/sedumtage\/nature-roof\/#breadcrumb"},"inLanguage":"da-DK","potentialAction":[{"@type":"ReadAction","target":["https:\/\/natureimpact.com\/da\/sedumtage\/nature-roof\/"]}]},{"@type":"BreadcrumbList","@id":"https:\/\/natureimpact.com\/da\/sedumtage\/nature-roof\/#breadcrumb","itemListElement":[{"@type":"ListItem","position":1,"name":"Forside","item":"https:\/\/natureimpact.com\/da\/"},{"@type":"ListItem","position":2,"name":"Sedumtag","item":"https:\/\/natureimpact.com\/da\/sedumtage\/"},{"@type":"ListItem","position":3,"name":"Nature roof"}]},{"@type":"WebSite","@id":"https:\/\/natureimpact.com\/da\/#website","url":"https:\/\/natureimpact.com\/da\/","name":"Nature Impact","description":"","publisher":{"@id":"https:\/\/natureimpact.com\/da\/#organization"},"potentialAction":[{"@type":"SearchAction","target":{"@type":"EntryPoint","urlTemplate":"https:\/\/natureimpact.com\/da\/?s={search_term_string}"},"query-input":{"@type":"PropertyValueSpecification","valueRequired":true,"valueName":"search_term_string"}}],"inLanguage":"da-DK"},{"@type":"Organization","@id":"https:\/\/natureimpact.com\/da\/#organization","name":"Nature Impact","url":"https:\/\/natureimpact.com\/da\/","logo":{"@type":"ImageObject","inLanguage":"da-DK","@id":"https:\/\/natureimpact.com\/da\/#\/schema\/logo\/image\/","url":"https:\/\/natureimpact.com\/wp-content\/uploads\/2025\/05\/NI_900px.png","contentUrl":"https:\/\/natureimpact.com\/wp-content\/uploads\/2025\/05\/NI_900px.png","width":929,"height":841,"caption":"Nature Impact"},"image":{"@id":"https:\/\/natureimpact.com\/da\/#\/schema\/logo\/image\/"}}]}},"_links":{"self":[{"href":"https:\/\/natureimpact.com\/da\/wp-json\/wp\/v2\/pages\/2087","targetHints":{"allow":["GET"]}}],"collection":[{"href":"https:\/\/natureimpact.com\/da\/wp-json\/wp\/v2\/pages"}],"about":[{"href":"https:\/\/natureimpact.com\/da\/wp-json\/wp\/v2\/types\/page"}],"author":[{"embeddable":true,"href":"https:\/\/natureimpact.com\/da\/wp-json\/wp\/v2\/users\/1"}],"replies":[{"embeddable":true,"href":"https:\/\/natureimpact.com\/da\/wp-json\/wp\/v2\/comments?post=2087"}],"version-history":[{"count":85,"href":"https:\/\/natureimpact.com\/da\/wp-json\/wp\/v2\/pages\/2087\/revisions"}],"predecessor-version":[{"id":9031,"href":"https:\/\/natureimpact.com\/da\/wp-json\/wp\/v2\/pages\/2087\/revisions\/9031"}],"up":[{"embeddable":true,"href":"https:\/\/natureimpact.com\/da\/wp-json\/wp\/v2\/pages\/1594"}],"wp:attachment":[{"href":"https:\/\/natureimpact.com\/da\/wp-json\/wp\/v2\/media?parent=2087"}],"curies":[{"name":"wp","href":"https:\/\/api.w.org\/{rel}","templated":true}]}}